{"id":7535,"date":"2023-07-13T11:50:43","date_gmt":"2023-07-13T14:50:43","guid":{"rendered":"https:\/\/www.fsfx.com.br\/coi\/?page_id=7535"},"modified":"2023-07-13T11:52:21","modified_gmt":"2023-07-13T14:52:21","slug":"sucesso","status":"publish","type":"page","link":"https:\/\/www.fsfx.com.br\/coi\/sucesso\/","title":{"rendered":"Sucesso"},"content":{"rendered":"\t\t<div data-elementor-type=\"wp-page\" data-elementor-id=\"7535\" class=\"elementor elementor-7535\" data-elementor-post-type=\"page\">\n\t\t\t\t<div class=\"elementor-element elementor-element-f4e50f3 e-flex e-con-boxed e-con e-parent\" data-id=\"f4e50f3\" data-element_type=\"container\" data-settings=\"{&quot;jet_parallax_layout_list&quot;:[]}\">\n\t\t\t\t\t<div class=\"e-con-inner\">\n\t\t<div class=\"elementor-element elementor-element-73dfdad e-con-full e-flex e-con e-child\" data-id=\"73dfdad\" data-element_type=\"container\" data-settings=\"{&quot;jet_parallax_layout_list&quot;:[]}\">\n\t\t\t\t<div class=\"elementor-element elementor-element-5a585bb elementor-widget elementor-widget-image\" data-id=\"5a585bb\" data-element_type=\"widget\" data-widget_type=\"image.default\">\n\t\t\t\t<div class=\"elementor-widget-container\">\n\t\t\t\t\t\t\t\t\t\t\t\t\t\t\t<img fetchpriority=\"high\" decoding=\"async\" width=\"550\" height=\"588\" src=\"https:\/\/www.fsfx.com.br\/coi\/wp-content\/uploads\/sites\/4\/2022\/07\/coi.png\" class=\"attachment-large size-large wp-image-6984\" alt=\"\" srcset=\"https:\/\/www.fsfx.com.br\/coi\/wp-content\/uploads\/sites\/4\/2022\/07\/coi.png 550w, https:\/\/www.fsfx.com.br\/coi\/wp-content\/uploads\/sites\/4\/2022\/07\/coi-281x300.png 281w\" sizes=\"(max-width: 550px) 100vw, 550px\" \/>\t\t\t\t\t\t\t\t\t\t\t\t\t\t\t<\/div>\n\t\t\t\t<\/div>\n\t\t\t\t<\/div>\n\t\t<div class=\"elementor-element elementor-element-dcc933e e-con-full e-flex e-con e-child\" data-id=\"dcc933e\" data-element_type=\"container\" data-settings=\"{&quot;jet_parallax_layout_list&quot;:[]}\">\n\t\t\t\t<div class=\"elementor-element elementor-element-13672d2 elementor-vertical-align-top elementor-widget elementor-widget-image-box\" data-id=\"13672d2\" data-element_type=\"widget\" data-widget_type=\"image-box.default\">\n\t\t\t\t<div class=\"elementor-widget-container\">\n\t\t\t\t\t<div class=\"elementor-image-box-wrapper\"><div class=\"elementor-image-box-content\"><h3 class=\"elementor-image-box-title\">Sucesso<\/h3><p class=\"elementor-image-box-description\">Formul\u00e1rio enviado!<\/p><\/div><\/div>\t\t\t\t<\/div>\n\t\t\t\t<\/div>\n\t\t\t\t<\/div>\n\t\t\t\t\t<\/div>\n\t\t\t\t<\/div>\n\t\t\t\t<\/div>\n\t\t","protected":false},"excerpt":{"rendered":"<p>Sucesso Formul\u00e1rio enviado!<\/p>\n","protected":false},"author":2,"featured_media":0,"parent":0,"menu_order":0,"comment_status":"closed","ping_status":"closed","template":"","meta":{"_acf_changed":false,"site-sidebar-layout":"no-sidebar","site-content-layout":"page-builder","ast-site-content-layout":"default","site-content-style":"default","site-sidebar-style":"default","ast-global-header-display":"","ast-banner-title-visibility":"","ast-main-header-display":"","ast-hfb-above-header-display":"","ast-hfb-below-header-display":"","ast-hfb-mobile-header-display":"","site-post-title":"disabled","ast-breadcrumbs-content":"","ast-featured-img":"disabled","footer-sml-layout":"","theme-transparent-header-meta":"default","adv-header-id-meta":"","stick-header-meta":"","header-above-stick-meta":"","header-main-stick-meta":"","header-below-stick-meta":"","astra-migrate-meta-layouts":"default","ast-page-background-enabled":"default","ast-page-background-meta":{"desktop":{"background-color":"var(--ast-global-color-4)","background-image":"","background-repeat":"repeat","background-position":"center center","background-size":"auto","background-attachment":"scroll","background-type":"","background-media":"","overlay-type":"","overlay-color":"","overlay-opacity":"","overlay-gradient":""},"tablet":{"background-color":"","background-image":"","background-repeat":"repeat","background-position":"center center","background-size":"auto","background-attachment":"scroll","background-type":"","background-media":"","overlay-type":"","overlay-color":"","overlay-opacity":"","overlay-gradient":""},"mobile":{"background-color":"","background-image":"","background-repeat":"repeat","background-position":"center center","background-size":"auto","background-attachment":"scroll","background-type":"","background-media":"","overlay-type":"","overlay-color":"","overlay-opacity":"","overlay-gradient":""}},"ast-content-background-meta":{"desktop":{"background-color":"var(--ast-global-color-5)","background-image":"","background-repeat":"repeat","background-position":"center center","background-size":"auto","background-attachment":"scroll","background-type":"","background-media":"","overlay-type":"","overlay-color":"","overlay-opacity":"","overlay-gradient":""},"tablet":{"background-color":"var(--ast-global-color-5)","background-image":"","background-repeat":"repeat","background-position":"center center","background-size":"auto","background-attachment":"scroll","background-type":"","background-media":"","overlay-type":"","overlay-color":"","overlay-opacity":"","overlay-gradient":""},"mobile":{"background-color":"var(--ast-global-color-5)","background-image":"","background-repeat":"repeat","background-position":"center center","background-size":"auto","background-attachment":"scroll","background-type":"","background-media":"","overlay-type":"","overlay-color":"","overlay-opacity":"","overlay-gradient":""}},"footnotes":""},"class_list":["post-7535","page","type-page","status-publish","hentry"],"acf":[],"yoast_head":"<!-- This site is optimized with the Yoast SEO plugin v26.9 - https:\/\/yoast.com\/product\/yoast-seo-wordpress\/ -->\n<title>Sucesso - Centro de Odontologia Integrada<\/title>\n<meta name=\"robots\" content=\"index, follow, max-snippet:-1, max-image-preview:large, max-video-preview:-1\" \/>\n<link rel=\"canonical\" href=\"https:\/\/www.fsfx.com.br\/coi\/sucesso\/\" \/>\n<meta property=\"og:locale\" content=\"pt_BR\" \/>\n<meta property=\"og:type\" content=\"article\" \/>\n<meta property=\"og:title\" content=\"Sucesso - Centro de Odontologia Integrada\" \/>\n<meta property=\"og:description\" content=\"Sucesso Formul\u00e1rio enviado!\" \/>\n<meta property=\"og:url\" content=\"https:\/\/www.fsfx.com.br\/coi\/sucesso\/\" \/>\n<meta property=\"og:site_name\" content=\"Centro de Odontologia Integrada\" \/>\n<meta property=\"article:modified_time\" content=\"2023-07-13T14:52:21+00:00\" \/>\n<meta property=\"og:image\" content=\"https:\/\/www.fsfx.com.br\/coi\/wp-content\/uploads\/sites\/4\/2022\/07\/coi.png\" \/>\n<meta name=\"twitter:card\" content=\"summary_large_image\" \/>\n<meta name=\"twitter:label1\" content=\"Est. tempo de leitura\" \/>\n\t<meta name=\"twitter:data1\" content=\"1 minuto\" \/>\n<script type=\"application\/ld+json\" class=\"yoast-schema-graph\">{\"@context\":\"https:\/\/schema.org\",\"@graph\":[{\"@type\":\"WebPage\",\"@id\":\"https:\/\/www.fsfx.com.br\/coi\/sucesso\/\",\"url\":\"https:\/\/www.fsfx.com.br\/coi\/sucesso\/\",\"name\":\"Sucesso - Centro de Odontologia Integrada\",\"isPartOf\":{\"@id\":\"https:\/\/www.fsfx.com.br\/coi\/#website\"},\"primaryImageOfPage\":{\"@id\":\"https:\/\/www.fsfx.com.br\/coi\/sucesso\/#primaryimage\"},\"image\":{\"@id\":\"https:\/\/www.fsfx.com.br\/coi\/sucesso\/#primaryimage\"},\"thumbnailUrl\":\"https:\/\/www.fsfx.com.br\/coi\/wp-content\/uploads\/sites\/4\/2022\/07\/coi.png\",\"datePublished\":\"2023-07-13T14:50:43+00:00\",\"dateModified\":\"2023-07-13T14:52:21+00:00\",\"breadcrumb\":{\"@id\":\"https:\/\/www.fsfx.com.br\/coi\/sucesso\/#breadcrumb\"},\"inLanguage\":\"pt-BR\",\"potentialAction\":[{\"@type\":\"ReadAction\",\"target\":[\"https:\/\/www.fsfx.com.br\/coi\/sucesso\/\"]}]},{\"@type\":\"ImageObject\",\"inLanguage\":\"pt-BR\",\"@id\":\"https:\/\/www.fsfx.com.br\/coi\/sucesso\/#primaryimage\",\"url\":\"https:\/\/www.fsfx.com.br\/coi\/wp-content\/uploads\/sites\/4\/2022\/07\/coi.png\",\"contentUrl\":\"https:\/\/www.fsfx.com.br\/coi\/wp-content\/uploads\/sites\/4\/2022\/07\/coi.png\",\"width\":550,\"height\":588},{\"@type\":\"BreadcrumbList\",\"@id\":\"https:\/\/www.fsfx.com.br\/coi\/sucesso\/#breadcrumb\",\"itemListElement\":[{\"@type\":\"ListItem\",\"position\":1,\"name\":\"In\u00edcio\",\"item\":\"https:\/\/www.fsfx.com.br\/coi\/\"},{\"@type\":\"ListItem\",\"position\":2,\"name\":\"Sucesso\"}]},{\"@type\":\"WebSite\",\"@id\":\"https:\/\/www.fsfx.com.br\/coi\/#website\",\"url\":\"https:\/\/www.fsfx.com.br\/coi\/\",\"name\":\"Centro de Odontologia Integrada\",\"description\":\"O COI realiza procedimentos para melhoria da sua sa\u00fade bucal desde os mais simples, como a profilaxia (limpeza) bucal, at\u00e9 procedimentos mais completos, como tratamento dos dist\u00farbios do sono, tratamento em implantodontia, reabilita\u00e7\u00e3o oral e ortodontia.\",\"publisher\":{\"@id\":\"https:\/\/www.fsfx.com.br\/coi\/#organization\"},\"potentialAction\":[{\"@type\":\"SearchAction\",\"target\":{\"@type\":\"EntryPoint\",\"urlTemplate\":\"https:\/\/www.fsfx.com.br\/coi\/?s={search_term_string}\"},\"query-input\":{\"@type\":\"PropertyValueSpecification\",\"valueRequired\":true,\"valueName\":\"search_term_string\"}}],\"inLanguage\":\"pt-BR\"},{\"@type\":\"Organization\",\"@id\":\"https:\/\/www.fsfx.com.br\/coi\/#organization\",\"name\":\"COI - Centro de Odontologia Integrada\",\"url\":\"https:\/\/www.fsfx.com.br\/coi\/\",\"logo\":{\"@type\":\"ImageObject\",\"inLanguage\":\"pt-BR\",\"@id\":\"https:\/\/www.fsfx.com.br\/coi\/#\/schema\/logo\/image\/\",\"url\":\"https:\/\/www.fsfx.com.br\/coi\/wp-content\/uploads\/sites\/4\/2022\/03\/logo-2.png\",\"contentUrl\":\"https:\/\/www.fsfx.com.br\/coi\/wp-content\/uploads\/sites\/4\/2022\/03\/logo-2.png\",\"width\":218,\"height\":57,\"caption\":\"COI - Centro de Odontologia Integrada\"},\"image\":{\"@id\":\"https:\/\/www.fsfx.com.br\/coi\/#\/schema\/logo\/image\/\"}}]}<\/script>\n<!-- \/ Yoast SEO plugin. -->","yoast_head_json":{"title":"Sucesso - Centro de Odontologia Integrada","robots":{"index":"index","follow":"follow","max-snippet":"max-snippet:-1","max-image-preview":"max-image-preview:large","max-video-preview":"max-video-preview:-1"},"canonical":"https:\/\/www.fsfx.com.br\/coi\/sucesso\/","og_locale":"pt_BR","og_type":"article","og_title":"Sucesso - Centro de Odontologia Integrada","og_description":"Sucesso Formul\u00e1rio enviado!","og_url":"https:\/\/www.fsfx.com.br\/coi\/sucesso\/","og_site_name":"Centro de Odontologia Integrada","article_modified_time":"2023-07-13T14:52:21+00:00","og_image":[{"url":"https:\/\/www.fsfx.com.br\/coi\/wp-content\/uploads\/sites\/4\/2022\/07\/coi.png","type":"","width":"","height":""}],"twitter_card":"summary_large_image","twitter_misc":{"Est. tempo de leitura":"1 minuto"},"schema":{"@context":"https:\/\/schema.org","@graph":[{"@type":"WebPage","@id":"https:\/\/www.fsfx.com.br\/coi\/sucesso\/","url":"https:\/\/www.fsfx.com.br\/coi\/sucesso\/","name":"Sucesso - Centro de Odontologia Integrada","isPartOf":{"@id":"https:\/\/www.fsfx.com.br\/coi\/#website"},"primaryImageOfPage":{"@id":"https:\/\/www.fsfx.com.br\/coi\/sucesso\/#primaryimage"},"image":{"@id":"https:\/\/www.fsfx.com.br\/coi\/sucesso\/#primaryimage"},"thumbnailUrl":"https:\/\/www.fsfx.com.br\/coi\/wp-content\/uploads\/sites\/4\/2022\/07\/coi.png","datePublished":"2023-07-13T14:50:43+00:00","dateModified":"2023-07-13T14:52:21+00:00","breadcrumb":{"@id":"https:\/\/www.fsfx.com.br\/coi\/sucesso\/#breadcrumb"},"inLanguage":"pt-BR","potentialAction":[{"@type":"ReadAction","target":["https:\/\/www.fsfx.com.br\/coi\/sucesso\/"]}]},{"@type":"ImageObject","inLanguage":"pt-BR","@id":"https:\/\/www.fsfx.com.br\/coi\/sucesso\/#primaryimage","url":"https:\/\/www.fsfx.com.br\/coi\/wp-content\/uploads\/sites\/4\/2022\/07\/coi.png","contentUrl":"https:\/\/www.fsfx.com.br\/coi\/wp-content\/uploads\/sites\/4\/2022\/07\/coi.png","width":550,"height":588},{"@type":"BreadcrumbList","@id":"https:\/\/www.fsfx.com.br\/coi\/sucesso\/#breadcrumb","itemListElement":[{"@type":"ListItem","position":1,"name":"In\u00edcio","item":"https:\/\/www.fsfx.com.br\/coi\/"},{"@type":"ListItem","position":2,"name":"Sucesso"}]},{"@type":"WebSite","@id":"https:\/\/www.fsfx.com.br\/coi\/#website","url":"https:\/\/www.fsfx.com.br\/coi\/","name":"Centro de Odontologia Integrada","description":"O COI realiza procedimentos para melhoria da sua sa\u00fade bucal desde os mais simples, como a profilaxia (limpeza) bucal, at\u00e9 procedimentos mais completos, como tratamento dos dist\u00farbios do sono, tratamento em implantodontia, reabilita\u00e7\u00e3o oral e ortodontia.","publisher":{"@id":"https:\/\/www.fsfx.com.br\/coi\/#organization"},"potentialAction":[{"@type":"SearchAction","target":{"@type":"EntryPoint","urlTemplate":"https:\/\/www.fsfx.com.br\/coi\/?s={search_term_string}"},"query-input":{"@type":"PropertyValueSpecification","valueRequired":true,"valueName":"search_term_string"}}],"inLanguage":"pt-BR"},{"@type":"Organization","@id":"https:\/\/www.fsfx.com.br\/coi\/#organization","name":"COI - Centro de Odontologia Integrada","url":"https:\/\/www.fsfx.com.br\/coi\/","logo":{"@type":"ImageObject","inLanguage":"pt-BR","@id":"https:\/\/www.fsfx.com.br\/coi\/#\/schema\/logo\/image\/","url":"https:\/\/www.fsfx.com.br\/coi\/wp-content\/uploads\/sites\/4\/2022\/03\/logo-2.png","contentUrl":"https:\/\/www.fsfx.com.br\/coi\/wp-content\/uploads\/sites\/4\/2022\/03\/logo-2.png","width":218,"height":57,"caption":"COI - Centro de Odontologia Integrada"},"image":{"@id":"https:\/\/www.fsfx.com.br\/coi\/#\/schema\/logo\/image\/"}}]}},"_links":{"self":[{"href":"https:\/\/www.fsfx.com.br\/coi\/wp-json\/wp\/v2\/pages\/7535","targetHints":{"allow":["GET"]}}],"collection":[{"href":"https:\/\/www.fsfx.com.br\/coi\/wp-json\/wp\/v2\/pages"}],"about":[{"href":"https:\/\/www.fsfx.com.br\/coi\/wp-json\/wp\/v2\/types\/page"}],"author":[{"embeddable":true,"href":"https:\/\/www.fsfx.com.br\/coi\/wp-json\/wp\/v2\/users\/2"}],"replies":[{"embeddable":true,"href":"https:\/\/www.fsfx.com.br\/coi\/wp-json\/wp\/v2\/comments?post=7535"}],"version-history":[{"count":4,"href":"https:\/\/www.fsfx.com.br\/coi\/wp-json\/wp\/v2\/pages\/7535\/revisions"}],"predecessor-version":[{"id":7539,"href":"https:\/\/www.fsfx.com.br\/coi\/wp-json\/wp\/v2\/pages\/7535\/revisions\/7539"}],"wp:attachment":[{"href":"https:\/\/www.fsfx.com.br\/coi\/wp-json\/wp\/v2\/media?parent=7535"}],"curies":[{"name":"wp","href":"https:\/\/api.w.org\/{rel}","templated":true}]}}