{"id":7703,"date":"2024-04-04T14:26:57","date_gmt":"2024-04-04T17:26:57","guid":{"rendered":"https:\/\/www.fsfx.com.br\/coi\/?page_id=7703"},"modified":"2024-04-04T14:33:27","modified_gmt":"2024-04-04T17:33:27","slug":"trabalhe-conosco","status":"publish","type":"page","link":"https:\/\/www.fsfx.com.br\/coi\/trabalhe-conosco\/","title":{"rendered":"Trabalhe Conosco"},"content":{"rendered":"\t\t<div data-elementor-type=\"wp-page\" data-elementor-id=\"7703\" class=\"elementor elementor-7703\" data-elementor-post-type=\"page\">\n\t\t\t\t<div class=\"elementor-element elementor-element-88a6f69 e-flex e-con-boxed e-con e-parent\" data-id=\"88a6f69\" data-element_type=\"container\" data-settings=\"{&quot;jet_parallax_layout_list&quot;:[]}\">\n\t\t\t\t\t<div class=\"e-con-inner\">\n\t\t<div class=\"elementor-element elementor-element-65cc79e e-con-full e-flex e-con e-child\" data-id=\"65cc79e\" data-element_type=\"container\" data-settings=\"{&quot;jet_parallax_layout_list&quot;:[]}\">\n\t\t\t\t<div class=\"elementor-element elementor-element-7a74298 elementor-widget elementor-widget-image\" data-id=\"7a74298\" data-element_type=\"widget\" data-widget_type=\"image.default\">\n\t\t\t\t<div class=\"elementor-widget-container\">\n\t\t\t\t\t\t\t\t\t\t\t\t\t\t\t<img fetchpriority=\"high\" decoding=\"async\" width=\"550\" height=\"588\" src=\"https:\/\/www.fsfx.com.br\/coi\/wp-content\/uploads\/sites\/4\/2022\/07\/coi.png\" class=\"attachment-large size-large wp-image-6984\" alt=\"\" srcset=\"https:\/\/www.fsfx.com.br\/coi\/wp-content\/uploads\/sites\/4\/2022\/07\/coi.png 550w, https:\/\/www.fsfx.com.br\/coi\/wp-content\/uploads\/sites\/4\/2022\/07\/coi-281x300.png 281w\" sizes=\"(max-width: 550px) 100vw, 550px\" \/>\t\t\t\t\t\t\t\t\t\t\t\t\t\t\t<\/div>\n\t\t\t\t<\/div>\n\t\t\t\t<\/div>\n\t\t<div class=\"elementor-element elementor-element-4f3bc80 e-con-full e-flex e-con e-child\" data-id=\"4f3bc80\" data-element_type=\"container\" data-settings=\"{&quot;jet_parallax_layout_list&quot;:[]}\">\n\t\t\t\t<div class=\"elementor-element elementor-element-2f66f23 elementor-vertical-align-top elementor-widget elementor-widget-image-box\" data-id=\"2f66f23\" data-element_type=\"widget\" data-widget_type=\"image-box.default\">\n\t\t\t\t<div class=\"elementor-widget-container\">\n\t\t\t\t\t<div class=\"elementor-image-box-wrapper\"><div class=\"elementor-image-box-content\"><h3 class=\"elementor-image-box-title\">Trabalhe conosco<\/h3><p class=\"elementor-image-box-description\">Somos todos, <span>FSFX.<\/span><\/p><\/div><\/div>\t\t\t\t<\/div>\n\t\t\t\t<\/div>\n\t\t\t\t<div class=\"elementor-element elementor-element-0b847cd elementor-widget elementor-widget-text-editor\" data-id=\"0b847cd\" data-element_type=\"widget\" data-widget_type=\"text-editor.default\">\n\t\t\t\t<div class=\"elementor-widget-container\">\n\t\t\t\t\t\t\t\t\t<p><span style=\"font-weight: 400;\">Voc\u00ea tamb\u00e9m pode fazer parte da nossa equipe contribuindo com seu profissionalismo!\u00a0<\/span><b>Venha trabalhar conosco!<\/b><\/p><p><span style=\"font-weight: 400;\">Envie seu curr\u00edculo para a caixa postal <\/span><a href=\"mailto:odontologia@fsfx.com.br\"><b>odontologia@fsfx.com.br<\/b><\/a><b>.<\/b><span style=\"font-weight: 400;\"> Sempre analisamos todas as candidaturas e quem sabe a pr\u00f3xima oportunidade pode ser sua!<\/span><\/p><p><span style=\"font-weight: 400;\">Boa sorte!<\/span><\/p>\t\t\t\t\t\t\t\t<\/div>\n\t\t\t\t<\/div>\n\t\t\t\t<\/div>\n\t\t\t\t\t<\/div>\n\t\t\t\t<\/div>\n\t\t\t\t<\/div>\n\t\t","protected":false},"excerpt":{"rendered":"<p>Trabalhe conosco Somos todos, FSFX. Voc\u00ea tamb\u00e9m pode fazer parte da nossa equipe contribuindo com seu profissionalismo!\u00a0Venha trabalhar conosco! Envie seu curr\u00edculo para a caixa postal odontologia@fsfx.com.br. Sempre analisamos todas as candidaturas e quem sabe a pr\u00f3xima oportunidade pode ser sua! Boa sorte!<\/p>\n","protected":false},"author":2,"featured_media":0,"parent":0,"menu_order":0,"comment_status":"closed","ping_status":"closed","template":"","meta":{"_acf_changed":false,"site-sidebar-layout":"no-sidebar","site-content-layout":"page-builder","ast-site-content-layout":"full-width-container","site-content-style":"default","site-sidebar-style":"default","ast-global-header-display":"","ast-banner-title-visibility":"","ast-main-header-display":"","ast-hfb-above-header-display":"","ast-hfb-below-header-display":"","ast-hfb-mobile-header-display":"","site-post-title":"disabled","ast-breadcrumbs-content":"","ast-featured-img":"disabled","footer-sml-layout":"","theme-transparent-header-meta":"default","adv-header-id-meta":"","stick-header-meta":"","header-above-stick-meta":"","header-main-stick-meta":"","header-below-stick-meta":"","astra-migrate-meta-layouts":"set","ast-page-background-enabled":"default","ast-page-background-meta":{"desktop":{"background-color":"var(--ast-global-color-4)","background-image":"","background-repeat":"repeat","background-position":"center center","background-size":"auto","background-attachment":"scroll","background-type":"","background-media":"","overlay-type":"","overlay-color":"","overlay-opacity":"","overlay-gradient":""},"tablet":{"background-color":"","background-image":"","background-repeat":"repeat","background-position":"center center","background-size":"auto","background-attachment":"scroll","background-type":"","background-media":"","overlay-type":"","overlay-color":"","overlay-opacity":"","overlay-gradient":""},"mobile":{"background-color":"","background-image":"","background-repeat":"repeat","background-position":"center center","background-size":"auto","background-attachment":"scroll","background-type":"","background-media":"","overlay-type":"","overlay-color":"","overlay-opacity":"","overlay-gradient":""}},"ast-content-background-meta":{"desktop":{"background-color":"var(--ast-global-color-5)","background-image":"","background-repeat":"repeat","background-position":"center center","background-size":"auto","background-attachment":"scroll","background-type":"","background-media":"","overlay-type":"","overlay-color":"","overlay-opacity":"","overlay-gradient":""},"tablet":{"background-color":"var(--ast-global-color-5)","background-image":"","background-repeat":"repeat","background-position":"center center","background-size":"auto","background-attachment":"scroll","background-type":"","background-media":"","overlay-type":"","overlay-color":"","overlay-opacity":"","overlay-gradient":""},"mobile":{"background-color":"var(--ast-global-color-5)","background-image":"","background-repeat":"repeat","background-position":"center center","background-size":"auto","background-attachment":"scroll","background-type":"","background-media":"","overlay-type":"","overlay-color":"","overlay-opacity":"","overlay-gradient":""}},"footnotes":""},"class_list":["post-7703","page","type-page","status-publish","hentry"],"acf":[],"yoast_head":"<!-- This site is optimized with the Yoast SEO plugin v26.9 - https:\/\/yoast.com\/product\/yoast-seo-wordpress\/ -->\n<title>Trabalhe Conosco - Centro de Odontologia Integrada<\/title>\n<meta name=\"robots\" content=\"index, follow, max-snippet:-1, max-image-preview:large, max-video-preview:-1\" \/>\n<link rel=\"canonical\" href=\"https:\/\/www.fsfx.com.br\/coi\/trabalhe-conosco\/\" \/>\n<meta property=\"og:locale\" content=\"pt_BR\" \/>\n<meta property=\"og:type\" content=\"article\" \/>\n<meta property=\"og:title\" content=\"Trabalhe Conosco - Centro de Odontologia Integrada\" \/>\n<meta property=\"og:description\" content=\"Trabalhe conosco Somos todos, FSFX. Voc\u00ea tamb\u00e9m pode fazer parte da nossa equipe contribuindo com seu profissionalismo!\u00a0Venha trabalhar conosco! Envie seu curr\u00edculo para a caixa postal odontologia@fsfx.com.br. Sempre analisamos todas as candidaturas e quem sabe a pr\u00f3xima oportunidade pode ser sua! Boa sorte!\" \/>\n<meta property=\"og:url\" content=\"https:\/\/www.fsfx.com.br\/coi\/trabalhe-conosco\/\" \/>\n<meta property=\"og:site_name\" content=\"Centro de Odontologia Integrada\" \/>\n<meta property=\"article:modified_time\" content=\"2024-04-04T17:33:27+00:00\" \/>\n<meta property=\"og:image\" content=\"https:\/\/www.fsfx.com.br\/coi\/wp-content\/uploads\/sites\/4\/2022\/07\/coi.png\" \/>\n<meta name=\"twitter:card\" content=\"summary_large_image\" \/>\n<meta name=\"twitter:label1\" content=\"Est. tempo de leitura\" \/>\n\t<meta name=\"twitter:data1\" content=\"1 minuto\" \/>\n<script type=\"application\/ld+json\" class=\"yoast-schema-graph\">{\"@context\":\"https:\/\/schema.org\",\"@graph\":[{\"@type\":\"WebPage\",\"@id\":\"https:\/\/www.fsfx.com.br\/coi\/trabalhe-conosco\/\",\"url\":\"https:\/\/www.fsfx.com.br\/coi\/trabalhe-conosco\/\",\"name\":\"Trabalhe Conosco - Centro de Odontologia Integrada\",\"isPartOf\":{\"@id\":\"https:\/\/www.fsfx.com.br\/coi\/#website\"},\"primaryImageOfPage\":{\"@id\":\"https:\/\/www.fsfx.com.br\/coi\/trabalhe-conosco\/#primaryimage\"},\"image\":{\"@id\":\"https:\/\/www.fsfx.com.br\/coi\/trabalhe-conosco\/#primaryimage\"},\"thumbnailUrl\":\"https:\/\/www.fsfx.com.br\/coi\/wp-content\/uploads\/sites\/4\/2022\/07\/coi.png\",\"datePublished\":\"2024-04-04T17:26:57+00:00\",\"dateModified\":\"2024-04-04T17:33:27+00:00\",\"breadcrumb\":{\"@id\":\"https:\/\/www.fsfx.com.br\/coi\/trabalhe-conosco\/#breadcrumb\"},\"inLanguage\":\"pt-BR\",\"potentialAction\":[{\"@type\":\"ReadAction\",\"target\":[\"https:\/\/www.fsfx.com.br\/coi\/trabalhe-conosco\/\"]}]},{\"@type\":\"ImageObject\",\"inLanguage\":\"pt-BR\",\"@id\":\"https:\/\/www.fsfx.com.br\/coi\/trabalhe-conosco\/#primaryimage\",\"url\":\"https:\/\/www.fsfx.com.br\/coi\/wp-content\/uploads\/sites\/4\/2022\/07\/coi.png\",\"contentUrl\":\"https:\/\/www.fsfx.com.br\/coi\/wp-content\/uploads\/sites\/4\/2022\/07\/coi.png\",\"width\":550,\"height\":588},{\"@type\":\"BreadcrumbList\",\"@id\":\"https:\/\/www.fsfx.com.br\/coi\/trabalhe-conosco\/#breadcrumb\",\"itemListElement\":[{\"@type\":\"ListItem\",\"position\":1,\"name\":\"In\u00edcio\",\"item\":\"https:\/\/www.fsfx.com.br\/coi\/\"},{\"@type\":\"ListItem\",\"position\":2,\"name\":\"Trabalhe Conosco\"}]},{\"@type\":\"WebSite\",\"@id\":\"https:\/\/www.fsfx.com.br\/coi\/#website\",\"url\":\"https:\/\/www.fsfx.com.br\/coi\/\",\"name\":\"Centro de Odontologia Integrada\",\"description\":\"O COI realiza procedimentos para melhoria da sua sa\u00fade bucal desde os mais simples, como a profilaxia (limpeza) bucal, at\u00e9 procedimentos mais completos, como tratamento dos dist\u00farbios do sono, tratamento em implantodontia, reabilita\u00e7\u00e3o oral e ortodontia.\",\"publisher\":{\"@id\":\"https:\/\/www.fsfx.com.br\/coi\/#organization\"},\"potentialAction\":[{\"@type\":\"SearchAction\",\"target\":{\"@type\":\"EntryPoint\",\"urlTemplate\":\"https:\/\/www.fsfx.com.br\/coi\/?s={search_term_string}\"},\"query-input\":{\"@type\":\"PropertyValueSpecification\",\"valueRequired\":true,\"valueName\":\"search_term_string\"}}],\"inLanguage\":\"pt-BR\"},{\"@type\":\"Organization\",\"@id\":\"https:\/\/www.fsfx.com.br\/coi\/#organization\",\"name\":\"COI - Centro de Odontologia Integrada\",\"url\":\"https:\/\/www.fsfx.com.br\/coi\/\",\"logo\":{\"@type\":\"ImageObject\",\"inLanguage\":\"pt-BR\",\"@id\":\"https:\/\/www.fsfx.com.br\/coi\/#\/schema\/logo\/image\/\",\"url\":\"https:\/\/www.fsfx.com.br\/coi\/wp-content\/uploads\/sites\/4\/2022\/03\/logo-2.png\",\"contentUrl\":\"https:\/\/www.fsfx.com.br\/coi\/wp-content\/uploads\/sites\/4\/2022\/03\/logo-2.png\",\"width\":218,\"height\":57,\"caption\":\"COI - Centro de Odontologia Integrada\"},\"image\":{\"@id\":\"https:\/\/www.fsfx.com.br\/coi\/#\/schema\/logo\/image\/\"}}]}<\/script>\n<!-- \/ Yoast SEO plugin. -->","yoast_head_json":{"title":"Trabalhe Conosco - Centro de Odontologia Integrada","robots":{"index":"index","follow":"follow","max-snippet":"max-snippet:-1","max-image-preview":"max-image-preview:large","max-video-preview":"max-video-preview:-1"},"canonical":"https:\/\/www.fsfx.com.br\/coi\/trabalhe-conosco\/","og_locale":"pt_BR","og_type":"article","og_title":"Trabalhe Conosco - Centro de Odontologia Integrada","og_description":"Trabalhe conosco Somos todos, FSFX. Voc\u00ea tamb\u00e9m pode fazer parte da nossa equipe contribuindo com seu profissionalismo!\u00a0Venha trabalhar conosco! Envie seu curr\u00edculo para a caixa postal odontologia@fsfx.com.br. Sempre analisamos todas as candidaturas e quem sabe a pr\u00f3xima oportunidade pode ser sua! Boa sorte!","og_url":"https:\/\/www.fsfx.com.br\/coi\/trabalhe-conosco\/","og_site_name":"Centro de Odontologia Integrada","article_modified_time":"2024-04-04T17:33:27+00:00","og_image":[{"url":"https:\/\/www.fsfx.com.br\/coi\/wp-content\/uploads\/sites\/4\/2022\/07\/coi.png","type":"","width":"","height":""}],"twitter_card":"summary_large_image","twitter_misc":{"Est. tempo de leitura":"1 minuto"},"schema":{"@context":"https:\/\/schema.org","@graph":[{"@type":"WebPage","@id":"https:\/\/www.fsfx.com.br\/coi\/trabalhe-conosco\/","url":"https:\/\/www.fsfx.com.br\/coi\/trabalhe-conosco\/","name":"Trabalhe Conosco - Centro de Odontologia Integrada","isPartOf":{"@id":"https:\/\/www.fsfx.com.br\/coi\/#website"},"primaryImageOfPage":{"@id":"https:\/\/www.fsfx.com.br\/coi\/trabalhe-conosco\/#primaryimage"},"image":{"@id":"https:\/\/www.fsfx.com.br\/coi\/trabalhe-conosco\/#primaryimage"},"thumbnailUrl":"https:\/\/www.fsfx.com.br\/coi\/wp-content\/uploads\/sites\/4\/2022\/07\/coi.png","datePublished":"2024-04-04T17:26:57+00:00","dateModified":"2024-04-04T17:33:27+00:00","breadcrumb":{"@id":"https:\/\/www.fsfx.com.br\/coi\/trabalhe-conosco\/#breadcrumb"},"inLanguage":"pt-BR","potentialAction":[{"@type":"ReadAction","target":["https:\/\/www.fsfx.com.br\/coi\/trabalhe-conosco\/"]}]},{"@type":"ImageObject","inLanguage":"pt-BR","@id":"https:\/\/www.fsfx.com.br\/coi\/trabalhe-conosco\/#primaryimage","url":"https:\/\/www.fsfx.com.br\/coi\/wp-content\/uploads\/sites\/4\/2022\/07\/coi.png","contentUrl":"https:\/\/www.fsfx.com.br\/coi\/wp-content\/uploads\/sites\/4\/2022\/07\/coi.png","width":550,"height":588},{"@type":"BreadcrumbList","@id":"https:\/\/www.fsfx.com.br\/coi\/trabalhe-conosco\/#breadcrumb","itemListElement":[{"@type":"ListItem","position":1,"name":"In\u00edcio","item":"https:\/\/www.fsfx.com.br\/coi\/"},{"@type":"ListItem","position":2,"name":"Trabalhe Conosco"}]},{"@type":"WebSite","@id":"https:\/\/www.fsfx.com.br\/coi\/#website","url":"https:\/\/www.fsfx.com.br\/coi\/","name":"Centro de Odontologia Integrada","description":"O COI realiza procedimentos para melhoria da sua sa\u00fade bucal desde os mais simples, como a profilaxia (limpeza) bucal, at\u00e9 procedimentos mais completos, como tratamento dos dist\u00farbios do sono, tratamento em implantodontia, reabilita\u00e7\u00e3o oral e ortodontia.","publisher":{"@id":"https:\/\/www.fsfx.com.br\/coi\/#organization"},"potentialAction":[{"@type":"SearchAction","target":{"@type":"EntryPoint","urlTemplate":"https:\/\/www.fsfx.com.br\/coi\/?s={search_term_string}"},"query-input":{"@type":"PropertyValueSpecification","valueRequired":true,"valueName":"search_term_string"}}],"inLanguage":"pt-BR"},{"@type":"Organization","@id":"https:\/\/www.fsfx.com.br\/coi\/#organization","name":"COI - Centro de Odontologia Integrada","url":"https:\/\/www.fsfx.com.br\/coi\/","logo":{"@type":"ImageObject","inLanguage":"pt-BR","@id":"https:\/\/www.fsfx.com.br\/coi\/#\/schema\/logo\/image\/","url":"https:\/\/www.fsfx.com.br\/coi\/wp-content\/uploads\/sites\/4\/2022\/03\/logo-2.png","contentUrl":"https:\/\/www.fsfx.com.br\/coi\/wp-content\/uploads\/sites\/4\/2022\/03\/logo-2.png","width":218,"height":57,"caption":"COI - Centro de Odontologia Integrada"},"image":{"@id":"https:\/\/www.fsfx.com.br\/coi\/#\/schema\/logo\/image\/"}}]}},"_links":{"self":[{"href":"https:\/\/www.fsfx.com.br\/coi\/wp-json\/wp\/v2\/pages\/7703","targetHints":{"allow":["GET"]}}],"collection":[{"href":"https:\/\/www.fsfx.com.br\/coi\/wp-json\/wp\/v2\/pages"}],"about":[{"href":"https:\/\/www.fsfx.com.br\/coi\/wp-json\/wp\/v2\/types\/page"}],"author":[{"embeddable":true,"href":"https:\/\/www.fsfx.com.br\/coi\/wp-json\/wp\/v2\/users\/2"}],"replies":[{"embeddable":true,"href":"https:\/\/www.fsfx.com.br\/coi\/wp-json\/wp\/v2\/comments?post=7703"}],"version-history":[{"count":7,"href":"https:\/\/www.fsfx.com.br\/coi\/wp-json\/wp\/v2\/pages\/7703\/revisions"}],"predecessor-version":[{"id":7717,"href":"https:\/\/www.fsfx.com.br\/coi\/wp-json\/wp\/v2\/pages\/7703\/revisions\/7717"}],"wp:attachment":[{"href":"https:\/\/www.fsfx.com.br\/coi\/wp-json\/wp\/v2\/media?parent=7703"}],"curies":[{"name":"wp","href":"https:\/\/api.w.org\/{rel}","templated":true}]}}