{"id":2893,"date":"2022-05-19T15:44:39","date_gmt":"2022-05-19T18:44:39","guid":{"rendered":"https:\/\/www.fsfx.com.br\/colegio-sao-francisco\/?page_id=2893"},"modified":"2022-12-06T14:27:42","modified_gmt":"2022-12-06T17:27:42","slug":"proposta-pedagogica","status":"publish","type":"page","link":"https:\/\/www.fsfx.com.br\/colegio-sao-francisco\/proposta-pedagogica\/","title":{"rendered":"Proposta Pedag\u00f3gica"},"content":{"rendered":"\t\t<div data-elementor-type=\"wp-page\" data-elementor-id=\"2893\" class=\"elementor elementor-2893\" data-elementor-post-type=\"page\">\n\t\t\t\t<div class=\"elementor-element elementor-element-3d20ccd e-flex e-con-boxed e-con e-parent\" data-id=\"3d20ccd\" data-element_type=\"container\" data-settings=\"{&quot;background_background&quot;:&quot;classic&quot;,&quot;jet_parallax_layout_list&quot;:[]}\">\n\t\t\t\t\t<div class=\"e-con-inner\">\n\t\t<div class=\"elementor-element elementor-element-e7d13aa e-con-full e-flex e-con e-child\" data-id=\"e7d13aa\" data-element_type=\"container\" data-settings=\"{&quot;jet_parallax_layout_list&quot;:[]}\">\n\t\t\t\t<div class=\"elementor-element elementor-element-45d83a1 elementor-widget elementor-widget-image\" data-id=\"45d83a1\" data-element_type=\"widget\" data-widget_type=\"image.default\">\n\t\t\t\t<div class=\"elementor-widget-container\">\n\t\t\t\t\t\t\t\t\t\t\t\t\t\t\t<img fetchpriority=\"high\" decoding=\"async\" width=\"595\" height=\"574\" src=\"https:\/\/www.fsfx.com.br\/colegio-sao-francisco\/wp-content\/uploads\/sites\/10\/2022\/05\/img11.png\" class=\"attachment-full size-full wp-image-2634\" alt=\"\" srcset=\"https:\/\/www.fsfx.com.br\/colegio-sao-francisco\/wp-content\/uploads\/sites\/10\/2022\/05\/img11.png 595w, https:\/\/www.fsfx.com.br\/colegio-sao-francisco\/wp-content\/uploads\/sites\/10\/2022\/05\/img11-300x289.png 300w\" sizes=\"(max-width: 595px) 100vw, 595px\" \/>\t\t\t\t\t\t\t\t\t\t\t\t\t\t\t<\/div>\n\t\t\t\t<\/div>\n\t\t\t\t<\/div>\n\t\t<div class=\"elementor-element elementor-element-832d1ed e-con-full e-flex e-con e-child\" data-id=\"832d1ed\" data-element_type=\"container\" data-settings=\"{&quot;jet_parallax_layout_list&quot;:[]}\">\n\t\t\t\t<div class=\"elementor-element elementor-element-322235e elementor-vertical-align-top elementor-widget elementor-widget-image-box\" data-id=\"322235e\" data-element_type=\"widget\" data-widget_type=\"image-box.default\">\n\t\t\t\t<div class=\"elementor-widget-container\">\n\t\t\t\t\t<div class=\"elementor-image-box-wrapper\"><div class=\"elementor-image-box-content\"><h3 class=\"elementor-image-box-title\">Educa\u00e7\u00e3o<\/h3><p class=\"elementor-image-box-description\">Proposta Pedag\u00f3gica<\/p><\/div><\/div>\t\t\t\t<\/div>\n\t\t\t\t<\/div>\n\t\t\t\t<div class=\"elementor-element elementor-element-8b37287 elementor-widget elementor-widget-text-editor\" data-id=\"8b37287\" data-element_type=\"widget\" data-widget_type=\"text-editor.default\">\n\t\t\t\t<div class=\"elementor-widget-container\">\n\t\t\t\t\t\t\t\t\t<p>A Proposta Pedag\u00f3gica \u00e9 o documento que especifica as finalidades da escola, sua estrutura organizacional, as rela\u00e7\u00f5es de trabalho, a rela\u00e7\u00e3o entre aluno e professor, os processos de decis\u00e3o, o tempo escolar, a organiza\u00e7\u00e3o curricular, os procedimentos did\u00e1ticos, a linha metodol\u00f3gica da a\u00e7\u00e3o pedag\u00f3gica, as estrat\u00e9gias de trabalho, de avalia\u00e7\u00e3o e de estudos de recupera\u00e7\u00e3o, as atividades culturais, o lazer, as atividades de conv\u00edvio social, entre outros t\u00f3picos.<\/p><p>As orienta\u00e7\u00f5es da LDBEN 9.394\/96 fundamentam a Proposta Pedag\u00f3gica do Col\u00e9gio S\u00e3o Francisco. Sua constru\u00e7\u00e3o contou com a participa\u00e7\u00e3o efetiva de representantes de todos os segmentos da equipe t\u00e9cnico-pedag\u00f3gica da escola, sob a coordena\u00e7\u00e3o da Assessoria de Gest\u00e3o Pedag\u00f3gica, e foi consolidado a partir da realiza\u00e7\u00e3o do curso MBA Educa\u00e7\u00e3o: Gest\u00e3o Estrat\u00e9gica da Qualidade em Educa\u00e7\u00e3o. Alicer\u00e7ada na concep\u00e7\u00e3o filos\u00f3fica, epistemol\u00f3gica e educacional do homem como ser social, a proposta pedag\u00f3gica do Col\u00e9gio S\u00e3o Francisco Xavier tem como miss\u00e3o promover a forma\u00e7\u00e3o do ser humano e a constru\u00e7\u00e3o da cidadania, de acordo com:<\/p><ul><li>Os princ\u00edpios \u00e9ticos da autonomia, da responsabilidade, da solidariedade e do respeito ao bem comum.<\/li><li>Os princ\u00edpios pol\u00edticos dos direitos e deveres de cidadania, do exerc\u00edcio da criticidade e do respeito \u00e0 ordem democr\u00e1tica.<\/li><li>Os princ\u00edpios est\u00e9ticos da sensibilidade, da criatividade e da diversidade de manifesta\u00e7\u00f5es art\u00edsticas e culturais.<\/li><li>Os princ\u00edpios humanos e crist\u00e3os franciscanos, pautados pela paz, pela \u00e9tica, pela moral e pela solidariedade.<\/li><\/ul>\t\t\t\t\t\t\t\t<\/div>\n\t\t\t\t<\/div>\n\t\t\t\t<\/div>\n\t\t\t\t\t<\/div>\n\t\t\t\t<\/div>\n\t\t<div class=\"elementor-element elementor-element-10b61aa e-flex e-con-boxed e-con e-parent\" data-id=\"10b61aa\" data-element_type=\"container\" data-settings=\"{&quot;background_background&quot;:&quot;classic&quot;,&quot;jet_parallax_layout_list&quot;:[]}\">\n\t\t\t\t\t<div class=\"e-con-inner\">\n\t\t<div class=\"elementor-element elementor-element-079317b e-con-full e-flex e-con e-child\" data-id=\"079317b\" data-element_type=\"container\" data-settings=\"{&quot;jet_parallax_layout_list&quot;:[]}\">\n\t\t\t\t<div class=\"elementor-element elementor-element-77df34c elementor-widget elementor-widget-image\" data-id=\"77df34c\" data-element_type=\"widget\" data-widget_type=\"image.default\">\n\t\t\t\t<div class=\"elementor-widget-container\">\n\t\t\t\t\t\t\t\t\t\t\t\t\t\t\t<img decoding=\"async\" width=\"595\" height=\"574\" src=\"https:\/\/www.fsfx.com.br\/colegio-sao-francisco\/wp-content\/uploads\/sites\/10\/2022\/05\/img3.png\" class=\"attachment-large size-large wp-image-2626\" alt=\"\" srcset=\"https:\/\/www.fsfx.com.br\/colegio-sao-francisco\/wp-content\/uploads\/sites\/10\/2022\/05\/img3.png 595w, https:\/\/www.fsfx.com.br\/colegio-sao-francisco\/wp-content\/uploads\/sites\/10\/2022\/05\/img3-300x289.png 300w\" sizes=\"(max-width: 595px) 100vw, 595px\" \/>\t\t\t\t\t\t\t\t\t\t\t\t\t\t\t<\/div>\n\t\t\t\t<\/div>\n\t\t\t\t<\/div>\n\t\t<div class=\"elementor-element elementor-element-e13f7f2 e-con-full e-flex e-con e-child\" data-id=\"e13f7f2\" data-element_type=\"container\" data-settings=\"{&quot;jet_parallax_layout_list&quot;:[]}\">\n\t\t\t\t<div class=\"elementor-element elementor-element-49c913b elementor-vertical-align-top elementor-widget elementor-widget-image-box\" data-id=\"49c913b\" data-element_type=\"widget\" data-widget_type=\"image-box.default\">\n\t\t\t\t<div class=\"elementor-widget-container\">\n\t\t\t\t\t<div class=\"elementor-image-box-wrapper\"><div class=\"elementor-image-box-content\"><p class=\"elementor-image-box-description\">A proposta pedag\u00f3gica do CSFX em tr\u00eas cap\u00edtulos.<\/p><\/div><\/div>\t\t\t\t<\/div>\n\t\t\t\t<\/div>\n\t\t\t\t<div class=\"elementor-element elementor-element-eec3508 elementor-widget elementor-widget-text-editor\" data-id=\"eec3508\" data-element_type=\"widget\" data-widget_type=\"text-editor.default\">\n\t\t\t\t<div class=\"elementor-widget-container\">\n\t\t\t\t\t\t\t\t\t<p>O <strong>primeiro cap\u00edtulo<\/strong> resgata a origem da escola, os objetivos de sua cria\u00e7\u00e3o, a forma como a institui\u00e7\u00e3o foi concebida, destacando a import\u00e2ncia da Usiminas nessa constru\u00e7\u00e3o. Traz ainda a Miss\u00e3o, a Vis\u00e3o, os Objetivos Estrat\u00e9gicos e a Pol\u00edtica de Qualidade da Funda\u00e7\u00e3o S\u00e3o Francisco Xavier, mantenedora dessa institui\u00e7\u00e3o.<\/p><p>O <strong>segundo cap\u00edtulo<\/strong> explicita a cren\u00e7a do CSFX em ser uma casa do saber que prioriza a busca da excel\u00eancia, por meio da forma\u00e7\u00e3o de valores e de conhecimentos capazes de fazer dos nossos alunos aut\u00eanticos cidad\u00e3os, e os fundamentos epistemol\u00f3gicos, que apresentar\u00e3o uma s\u00edntese te\u00f3rica de como o conhecimento \u00e9 constru\u00eddo.<\/p><p>O <strong>terceiro cap\u00edtulo<\/strong>, Dimens\u00e3o Did\u00e1tico-Pedag\u00f3gica, delineia as atividades realizadas na escola (planejamento \u2013 execu\u00e7\u00e3o \u2013 avalia\u00e7\u00e3o), tendo como base os pressupostos te\u00f3ricos apresentados, atribuindo-lhes significado e desdobrando-os em pr\u00e1tica. Explica como fazemos a educa\u00e7\u00e3o, considerando, para esse fim, a escola como uma organiza\u00e7\u00e3o viva e em constante transforma\u00e7\u00e3o. Tudo isso alinhado a um sistema de Qualidade com base que nos auxilia na gest\u00e3o de pessoas, processos e recursos.<\/p><p>O objetivo desta proposta \u00e9 apresentar o CSFX como uma escola que aprende, ou seja, uma institui\u00e7\u00e3o que busca continuamente a discuss\u00e3o de novos conceitos em educa\u00e7\u00e3o e administra\u00e7\u00e3o, que reflete sobre temas contempor\u00e2neos do processo educacional e adota uma vis\u00e3o sist\u00eamica e a busca permanente do aprimoramento de suas habilidades em planejamento, metodologias de ensino e modelo de gest\u00e3o. A Proposta Pedag\u00f3gica do CSFX est\u00e1 dispon\u00edvel para consulta na secretaria principal do CSFX.<\/p>\t\t\t\t\t\t\t\t<\/div>\n\t\t\t\t<\/div>\n\t\t\t\t<\/div>\n\t\t\t\t\t<\/div>\n\t\t\t\t<\/div>\n\t\t\t\t<\/div>\n\t\t","protected":false},"excerpt":{"rendered":"<p>Educa\u00e7\u00e3o Proposta Pedag\u00f3gica A Proposta Pedag\u00f3gica \u00e9 o documento que especifica as finalidades da escola, sua estrutura organizacional, as rela\u00e7\u00f5es de trabalho, a rela\u00e7\u00e3o entre aluno e professor, os processos de decis\u00e3o, o tempo escolar, a organiza\u00e7\u00e3o curricular, os procedimentos did\u00e1ticos, a linha metodol\u00f3gica da a\u00e7\u00e3o pedag\u00f3gica, as estrat\u00e9gias de trabalho, de avalia\u00e7\u00e3o e de [&hellip;]<\/p>\n","protected":false},"author":2,"featured_media":0,"parent":0,"menu_order":0,"comment_status":"closed","ping_status":"closed","template":"","meta":{"_acf_changed":false,"site-sidebar-layout":"no-sidebar","site-content-layout":"page-builder","ast-site-content-layout":"default","site-content-style":"default","site-sidebar-style":"default","ast-global-header-display":"","ast-banner-title-visibility":"","ast-main-header-display":"","ast-hfb-above-header-display":"","ast-hfb-below-header-display":"","ast-hfb-mobile-header-display":"","site-post-title":"disabled","ast-breadcrumbs-content":"","ast-featured-img":"disabled","footer-sml-layout":"","theme-transparent-header-meta":"default","adv-header-id-meta":"","stick-header-meta":"","header-above-stick-meta":"","header-main-stick-meta":"","header-below-stick-meta":"","astra-migrate-meta-layouts":"default","ast-page-background-enabled":"default","ast-page-background-meta":{"desktop":{"background-color":"var(--ast-global-color-4)","background-image":"","background-repeat":"repeat","background-position":"center center","background-size":"auto","background-attachment":"scroll","background-type":"","background-media":"","overlay-type":"","overlay-color":"","overlay-opacity":"","overlay-gradient":""},"tablet":{"background-color":"","background-image":"","background-repeat":"repeat","background-position":"center center","background-size":"auto","background-attachment":"scroll","background-type":"","background-media":"","overlay-type":"","overlay-color":"","overlay-opacity":"","overlay-gradient":""},"mobile":{"background-color":"","background-image":"","background-repeat":"repeat","background-position":"center center","background-size":"auto","background-attachment":"scroll","background-type":"","background-media":"","overlay-type":"","overlay-color":"","overlay-opacity":"","overlay-gradient":""}},"ast-content-background-meta":{"desktop":{"background-color":"var(--ast-global-color-5)","background-image":"","background-repeat":"repeat","background-position":"center center","background-size":"auto","background-attachment":"scroll","background-type":"","background-media":"","overlay-type":"","overlay-color":"","overlay-opacity":"","overlay-gradient":""},"tablet":{"background-color":"var(--ast-global-color-5)","background-image":"","background-repeat":"repeat","background-position":"center center","background-size":"auto","background-attachment":"scroll","background-type":"","background-media":"","overlay-type":"","overlay-color":"","overlay-opacity":"","overlay-gradient":""},"mobile":{"background-color":"var(--ast-global-color-5)","background-image":"","background-repeat":"repeat","background-position":"center center","background-size":"auto","background-attachment":"scroll","background-type":"","background-media":"","overlay-type":"","overlay-color":"","overlay-opacity":"","overlay-gradient":""}},"footnotes":""},"class_list":["post-2893","page","type-page","status-publish","hentry"],"acf":[],"yoast_head":"<!-- This site is optimized with the Yoast SEO plugin v26.9 - https:\/\/yoast.com\/product\/yoast-seo-wordpress\/ -->\n<title>Proposta Pedag\u00f3gica - Col\u00e9gio S\u00e3o Francisco Xavier<\/title>\n<meta name=\"robots\" content=\"index, follow, max-snippet:-1, max-image-preview:large, max-video-preview:-1\" \/>\n<link rel=\"canonical\" href=\"https:\/\/www.fsfx.com.br\/colegio-sao-francisco\/proposta-pedagogica\/\" \/>\n<meta property=\"og:locale\" content=\"pt_BR\" \/>\n<meta property=\"og:type\" content=\"article\" \/>\n<meta property=\"og:title\" content=\"Proposta Pedag\u00f3gica - Col\u00e9gio S\u00e3o Francisco Xavier\" \/>\n<meta property=\"og:description\" content=\"Educa\u00e7\u00e3o Proposta Pedag\u00f3gica A Proposta Pedag\u00f3gica \u00e9 o documento que especifica as finalidades da escola, sua estrutura organizacional, as rela\u00e7\u00f5es de trabalho, a rela\u00e7\u00e3o entre aluno e professor, os processos de decis\u00e3o, o tempo escolar, a organiza\u00e7\u00e3o curricular, os procedimentos did\u00e1ticos, a linha metodol\u00f3gica da a\u00e7\u00e3o pedag\u00f3gica, as estrat\u00e9gias de trabalho, de avalia\u00e7\u00e3o e de [&hellip;]\" \/>\n<meta property=\"og:url\" content=\"https:\/\/www.fsfx.com.br\/colegio-sao-francisco\/proposta-pedagogica\/\" \/>\n<meta property=\"og:site_name\" content=\"Col\u00e9gio S\u00e3o Francisco Xavier\" \/>\n<meta property=\"article:modified_time\" content=\"2022-12-06T17:27:42+00:00\" \/>\n<meta property=\"og:image\" content=\"https:\/\/www.fsfx.com.br\/colegio-sao-francisco\/wp-content\/uploads\/sites\/10\/2022\/05\/img11.png\" \/>\n<meta name=\"twitter:card\" content=\"summary_large_image\" \/>\n<meta name=\"twitter:label1\" content=\"Est. tempo de leitura\" \/>\n\t<meta name=\"twitter:data1\" content=\"4 minutos\" \/>\n<script type=\"application\/ld+json\" class=\"yoast-schema-graph\">{\"@context\":\"https:\/\/schema.org\",\"@graph\":[{\"@type\":\"WebPage\",\"@id\":\"https:\/\/www.fsfx.com.br\/colegio-sao-francisco\/proposta-pedagogica\/\",\"url\":\"https:\/\/www.fsfx.com.br\/colegio-sao-francisco\/proposta-pedagogica\/\",\"name\":\"Proposta Pedag\u00f3gica - Col\u00e9gio S\u00e3o Francisco Xavier\",\"isPartOf\":{\"@id\":\"https:\/\/www.fsfx.com.br\/colegio-sao-francisco\/#website\"},\"primaryImageOfPage\":{\"@id\":\"https:\/\/www.fsfx.com.br\/colegio-sao-francisco\/proposta-pedagogica\/#primaryimage\"},\"image\":{\"@id\":\"https:\/\/www.fsfx.com.br\/colegio-sao-francisco\/proposta-pedagogica\/#primaryimage\"},\"thumbnailUrl\":\"https:\/\/www.fsfx.com.br\/colegio-sao-francisco\/wp-content\/uploads\/sites\/10\/2022\/05\/img11.png\",\"datePublished\":\"2022-05-19T18:44:39+00:00\",\"dateModified\":\"2022-12-06T17:27:42+00:00\",\"breadcrumb\":{\"@id\":\"https:\/\/www.fsfx.com.br\/colegio-sao-francisco\/proposta-pedagogica\/#breadcrumb\"},\"inLanguage\":\"pt-BR\",\"potentialAction\":[{\"@type\":\"ReadAction\",\"target\":[\"https:\/\/www.fsfx.com.br\/colegio-sao-francisco\/proposta-pedagogica\/\"]}]},{\"@type\":\"ImageObject\",\"inLanguage\":\"pt-BR\",\"@id\":\"https:\/\/www.fsfx.com.br\/colegio-sao-francisco\/proposta-pedagogica\/#primaryimage\",\"url\":\"https:\/\/www.fsfx.com.br\/colegio-sao-francisco\/wp-content\/uploads\/sites\/10\/2022\/05\/img11.png\",\"contentUrl\":\"https:\/\/www.fsfx.com.br\/colegio-sao-francisco\/wp-content\/uploads\/sites\/10\/2022\/05\/img11.png\",\"width\":595,\"height\":574},{\"@type\":\"BreadcrumbList\",\"@id\":\"https:\/\/www.fsfx.com.br\/colegio-sao-francisco\/proposta-pedagogica\/#breadcrumb\",\"itemListElement\":[{\"@type\":\"ListItem\",\"position\":1,\"name\":\"In\u00edcio\",\"item\":\"https:\/\/www.fsfx.com.br\/colegio-sao-francisco\/\"},{\"@type\":\"ListItem\",\"position\":2,\"name\":\"Proposta Pedag\u00f3gica\"}]},{\"@type\":\"WebSite\",\"@id\":\"https:\/\/www.fsfx.com.br\/colegio-sao-francisco\/#website\",\"url\":\"https:\/\/www.fsfx.com.br\/colegio-sao-francisco\/\",\"name\":\"Col\u00e9gio S\u00e3o Francisco Xavier\",\"description\":\"\",\"publisher\":{\"@id\":\"https:\/\/www.fsfx.com.br\/colegio-sao-francisco\/#organization\"},\"potentialAction\":[{\"@type\":\"SearchAction\",\"target\":{\"@type\":\"EntryPoint\",\"urlTemplate\":\"https:\/\/www.fsfx.com.br\/colegio-sao-francisco\/?s={search_term_string}\"},\"query-input\":{\"@type\":\"PropertyValueSpecification\",\"valueRequired\":true,\"valueName\":\"search_term_string\"}}],\"inLanguage\":\"pt-BR\"},{\"@type\":\"Organization\",\"@id\":\"https:\/\/www.fsfx.com.br\/colegio-sao-francisco\/#organization\",\"name\":\"CSFX - Col\u00e9gio S\u00e3o Francisco Xavier\",\"url\":\"https:\/\/www.fsfx.com.br\/colegio-sao-francisco\/\",\"logo\":{\"@type\":\"ImageObject\",\"inLanguage\":\"pt-BR\",\"@id\":\"https:\/\/www.fsfx.com.br\/colegio-sao-francisco\/#\/schema\/logo\/image\/\",\"url\":\"https:\/\/www.fsfx.com.br\/colegio-sao-francisco\/wp-content\/uploads\/sites\/10\/2020\/02\/logo.png\",\"contentUrl\":\"https:\/\/www.fsfx.com.br\/colegio-sao-francisco\/wp-content\/uploads\/sites\/10\/2020\/02\/logo.png\",\"width\":175,\"height\":40,\"caption\":\"CSFX - Col\u00e9gio S\u00e3o Francisco Xavier\"},\"image\":{\"@id\":\"https:\/\/www.fsfx.com.br\/colegio-sao-francisco\/#\/schema\/logo\/image\/\"}}]}<\/script>\n<!-- \/ Yoast SEO plugin. -->","yoast_head_json":{"title":"Proposta Pedag\u00f3gica - Col\u00e9gio S\u00e3o Francisco Xavier","robots":{"index":"index","follow":"follow","max-snippet":"max-snippet:-1","max-image-preview":"max-image-preview:large","max-video-preview":"max-video-preview:-1"},"canonical":"https:\/\/www.fsfx.com.br\/colegio-sao-francisco\/proposta-pedagogica\/","og_locale":"pt_BR","og_type":"article","og_title":"Proposta Pedag\u00f3gica - Col\u00e9gio S\u00e3o Francisco Xavier","og_description":"Educa\u00e7\u00e3o Proposta Pedag\u00f3gica A Proposta Pedag\u00f3gica \u00e9 o documento que especifica as finalidades da escola, sua estrutura organizacional, as rela\u00e7\u00f5es de trabalho, a rela\u00e7\u00e3o entre aluno e professor, os processos de decis\u00e3o, o tempo escolar, a organiza\u00e7\u00e3o curricular, os procedimentos did\u00e1ticos, a linha metodol\u00f3gica da a\u00e7\u00e3o pedag\u00f3gica, as estrat\u00e9gias de trabalho, de avalia\u00e7\u00e3o e de [&hellip;]","og_url":"https:\/\/www.fsfx.com.br\/colegio-sao-francisco\/proposta-pedagogica\/","og_site_name":"Col\u00e9gio S\u00e3o Francisco Xavier","article_modified_time":"2022-12-06T17:27:42+00:00","og_image":[{"url":"https:\/\/www.fsfx.com.br\/colegio-sao-francisco\/wp-content\/uploads\/sites\/10\/2022\/05\/img11.png","type":"","width":"","height":""}],"twitter_card":"summary_large_image","twitter_misc":{"Est. tempo de leitura":"4 minutos"},"schema":{"@context":"https:\/\/schema.org","@graph":[{"@type":"WebPage","@id":"https:\/\/www.fsfx.com.br\/colegio-sao-francisco\/proposta-pedagogica\/","url":"https:\/\/www.fsfx.com.br\/colegio-sao-francisco\/proposta-pedagogica\/","name":"Proposta Pedag\u00f3gica - Col\u00e9gio S\u00e3o Francisco Xavier","isPartOf":{"@id":"https:\/\/www.fsfx.com.br\/colegio-sao-francisco\/#website"},"primaryImageOfPage":{"@id":"https:\/\/www.fsfx.com.br\/colegio-sao-francisco\/proposta-pedagogica\/#primaryimage"},"image":{"@id":"https:\/\/www.fsfx.com.br\/colegio-sao-francisco\/proposta-pedagogica\/#primaryimage"},"thumbnailUrl":"https:\/\/www.fsfx.com.br\/colegio-sao-francisco\/wp-content\/uploads\/sites\/10\/2022\/05\/img11.png","datePublished":"2022-05-19T18:44:39+00:00","dateModified":"2022-12-06T17:27:42+00:00","breadcrumb":{"@id":"https:\/\/www.fsfx.com.br\/colegio-sao-francisco\/proposta-pedagogica\/#breadcrumb"},"inLanguage":"pt-BR","potentialAction":[{"@type":"ReadAction","target":["https:\/\/www.fsfx.com.br\/colegio-sao-francisco\/proposta-pedagogica\/"]}]},{"@type":"ImageObject","inLanguage":"pt-BR","@id":"https:\/\/www.fsfx.com.br\/colegio-sao-francisco\/proposta-pedagogica\/#primaryimage","url":"https:\/\/www.fsfx.com.br\/colegio-sao-francisco\/wp-content\/uploads\/sites\/10\/2022\/05\/img11.png","contentUrl":"https:\/\/www.fsfx.com.br\/colegio-sao-francisco\/wp-content\/uploads\/sites\/10\/2022\/05\/img11.png","width":595,"height":574},{"@type":"BreadcrumbList","@id":"https:\/\/www.fsfx.com.br\/colegio-sao-francisco\/proposta-pedagogica\/#breadcrumb","itemListElement":[{"@type":"ListItem","position":1,"name":"In\u00edcio","item":"https:\/\/www.fsfx.com.br\/colegio-sao-francisco\/"},{"@type":"ListItem","position":2,"name":"Proposta Pedag\u00f3gica"}]},{"@type":"WebSite","@id":"https:\/\/www.fsfx.com.br\/colegio-sao-francisco\/#website","url":"https:\/\/www.fsfx.com.br\/colegio-sao-francisco\/","name":"Col\u00e9gio S\u00e3o Francisco Xavier","description":"","publisher":{"@id":"https:\/\/www.fsfx.com.br\/colegio-sao-francisco\/#organization"},"potentialAction":[{"@type":"SearchAction","target":{"@type":"EntryPoint","urlTemplate":"https:\/\/www.fsfx.com.br\/colegio-sao-francisco\/?s={search_term_string}"},"query-input":{"@type":"PropertyValueSpecification","valueRequired":true,"valueName":"search_term_string"}}],"inLanguage":"pt-BR"},{"@type":"Organization","@id":"https:\/\/www.fsfx.com.br\/colegio-sao-francisco\/#organization","name":"CSFX - Col\u00e9gio S\u00e3o Francisco Xavier","url":"https:\/\/www.fsfx.com.br\/colegio-sao-francisco\/","logo":{"@type":"ImageObject","inLanguage":"pt-BR","@id":"https:\/\/www.fsfx.com.br\/colegio-sao-francisco\/#\/schema\/logo\/image\/","url":"https:\/\/www.fsfx.com.br\/colegio-sao-francisco\/wp-content\/uploads\/sites\/10\/2020\/02\/logo.png","contentUrl":"https:\/\/www.fsfx.com.br\/colegio-sao-francisco\/wp-content\/uploads\/sites\/10\/2020\/02\/logo.png","width":175,"height":40,"caption":"CSFX - Col\u00e9gio S\u00e3o Francisco Xavier"},"image":{"@id":"https:\/\/www.fsfx.com.br\/colegio-sao-francisco\/#\/schema\/logo\/image\/"}}]}},"_links":{"self":[{"href":"https:\/\/www.fsfx.com.br\/colegio-sao-francisco\/wp-json\/wp\/v2\/pages\/2893","targetHints":{"allow":["GET"]}}],"collection":[{"href":"https:\/\/www.fsfx.com.br\/colegio-sao-francisco\/wp-json\/wp\/v2\/pages"}],"about":[{"href":"https:\/\/www.fsfx.com.br\/colegio-sao-francisco\/wp-json\/wp\/v2\/types\/page"}],"author":[{"embeddable":true,"href":"https:\/\/www.fsfx.com.br\/colegio-sao-francisco\/wp-json\/wp\/v2\/users\/2"}],"replies":[{"embeddable":true,"href":"https:\/\/www.fsfx.com.br\/colegio-sao-francisco\/wp-json\/wp\/v2\/comments?post=2893"}],"version-history":[{"count":0,"href":"https:\/\/www.fsfx.com.br\/colegio-sao-francisco\/wp-json\/wp\/v2\/pages\/2893\/revisions"}],"wp:attachment":[{"href":"https:\/\/www.fsfx.com.br\/colegio-sao-francisco\/wp-json\/wp\/v2\/media?parent=2893"}],"curies":[{"name":"wp","href":"https:\/\/api.w.org\/{rel}","templated":true}]}}