{"id":7069,"date":"2022-07-19T13:38:50","date_gmt":"2022-07-19T16:38:50","guid":{"rendered":"https:\/\/www.fsfx.com.br\/colegio-sao-francisco\/?page_id=7069"},"modified":"2022-07-19T13:43:04","modified_gmt":"2022-07-19T16:43:04","slug":"trabalhe-na-fesfx","status":"publish","type":"page","link":"https:\/\/www.fsfx.com.br\/colegio-sao-francisco\/trabalhe-na-fesfx\/","title":{"rendered":"Trabalhe na FESFX"},"content":{"rendered":"\t\t<div data-elementor-type=\"wp-page\" data-elementor-id=\"7069\" class=\"elementor elementor-7069\" data-elementor-post-type=\"page\">\n\t\t\t\t<div class=\"elementor-element elementor-element-f7ed444 e-flex e-con-boxed e-con e-parent\" data-id=\"f7ed444\" data-element_type=\"container\" data-settings=\"{&quot;background_background&quot;:&quot;classic&quot;,&quot;jet_parallax_layout_list&quot;:[]}\">\n\t\t\t\t\t<div class=\"e-con-inner\">\n\t\t<div class=\"elementor-element elementor-element-d6b023e e-con-full e-flex e-con e-child\" data-id=\"d6b023e\" data-element_type=\"container\" data-settings=\"{&quot;jet_parallax_layout_list&quot;:[]}\">\n\t\t\t\t<div class=\"elementor-element elementor-element-90d2156 elementor-widget elementor-widget-image\" data-id=\"90d2156\" data-element_type=\"widget\" data-widget_type=\"image.default\">\n\t\t\t\t<div class=\"elementor-widget-container\">\n\t\t\t\t\t\t\t\t\t\t\t\t\t\t\t<img fetchpriority=\"high\" decoding=\"async\" width=\"595\" height=\"574\" src=\"https:\/\/www.fsfx.com.br\/colegio-sao-francisco\/wp-content\/uploads\/sites\/10\/2022\/07\/trabalhe-na-fesfx.png\" class=\"attachment-full size-full wp-image-7073\" alt=\"\" srcset=\"https:\/\/www.fsfx.com.br\/colegio-sao-francisco\/wp-content\/uploads\/sites\/10\/2022\/07\/trabalhe-na-fesfx.png 595w, https:\/\/www.fsfx.com.br\/colegio-sao-francisco\/wp-content\/uploads\/sites\/10\/2022\/07\/trabalhe-na-fesfx-300x289.png 300w\" sizes=\"(max-width: 595px) 100vw, 595px\" \/>\t\t\t\t\t\t\t\t\t\t\t\t\t\t\t<\/div>\n\t\t\t\t<\/div>\n\t\t\t\t<\/div>\n\t\t<div class=\"elementor-element elementor-element-5453442 e-con-full e-flex e-con e-child\" data-id=\"5453442\" data-element_type=\"container\" data-settings=\"{&quot;jet_parallax_layout_list&quot;:[]}\">\n\t\t\t\t<div class=\"elementor-element elementor-element-a076ecc elementor-vertical-align-top elementor-widget elementor-widget-image-box\" data-id=\"a076ecc\" data-element_type=\"widget\" data-widget_type=\"image-box.default\">\n\t\t\t\t<div class=\"elementor-widget-container\">\n\t\t\t\t\t<div class=\"elementor-image-box-wrapper\"><div class=\"elementor-image-box-content\"><h3 class=\"elementor-image-box-title\">Contrato<\/h3><p class=\"elementor-image-box-description\">Trabalhe na FESFX<\/p><\/div><\/div>\t\t\t\t<\/div>\n\t\t\t\t<\/div>\n\t\t\t\t<div class=\"elementor-element elementor-element-8e7fb4f elementor-widget elementor-widget-text-editor\" data-id=\"8e7fb4f\" data-element_type=\"widget\" data-widget_type=\"text-editor.default\">\n\t\t\t\t<div class=\"elementor-widget-container\">\n\t\t\t\t\t\t\t\t\t<p>A Funda\u00e7\u00e3o S\u00e3o Francisco Xavier pode ter a oportunidade que voc\u00ea procura em uma de suas unidades de neg\u00f3cio, seja no Hospital M\u00e1rcio Cunha, na Usisa\u00fade, no Centro de Odontologia Integrada, no Col\u00e9gio S\u00e3o Francisco Xavier, nos Servi\u00e7os de Seguran\u00e7a do Trabalho e Sa\u00fade Ocupacional ou em processos administrativos de sua \u00e1rea de Gest\u00e3o. A FSFX confia no trabalho em equipe, ao mesmo tempo em que acredita no potencial individual das pessoas e respeita as diferen\u00e7as e as opini\u00f5es de cada um, como base da Miss\u00e3o e dos Valores cultivados pela institui\u00e7\u00e3o.<\/p><p>Se voc\u00ea tamb\u00e9m acredita nessa proposta e quer fazer parte dessa equipe,\u00a0<strong><a href=\"http:\/\/site.vagas.com.br\/fsfx\" target=\"_blank\" rel=\"noreferrer noopener\">cadastre seu curr\u00edculo\u00a0aqui<\/a><\/strong>.<\/p><p>Ou participe de nossos processos seletivos. Veja como \u00e9 f\u00e1cil.<\/p><ol><li>Cadastre seu\u00a0<strong><a href=\"http:\/\/site.vagas.com.br\/fsfx\" target=\"_blank\" rel=\"noreferrer noopener\">curr\u00edculo aqui<\/a><\/strong>, entrando no campo\u00a0<em>Deixe seu curr\u00edculo conosco.<\/em><\/li><li>Ap\u00f3s se cadastrar, nessa mesma p\u00e1gina, clique em\u00a0<em>Conhe\u00e7a nossas vagas.<\/em><\/li><li>Caso queira concorrer a uma das vagas dispon\u00edveis, clique sobre o nome da vaga.<\/li><li>Ap\u00f3s ler todas as informa\u00e7\u00f5es referentes \u00e0 vaga, no final da p\u00e1gina, clique em\u00a0<em>Candidatura.<\/em><\/li><li>Entre com seu\u00a0<em>login<\/em>\u00a0e\u00a0<em>senha<\/em>. Caso n\u00e3o tenha ainda, fa\u00e7a seu cadastro de curr\u00edculo e clique em\u00a0<em>Continua.<\/em><\/li><li>Uma vez na p\u00e1gina da vaga, clique em\u00a0<em>Candidatar<\/em>.<\/li><\/ol><p>Pronto! Voc\u00ea j\u00e1 se candidatou para esta oportunidade.<\/p><p>A Funda\u00e7\u00e3o agradece seu interesse em trabalhar aqui.<\/p>\t\t\t\t\t\t\t\t<\/div>\n\t\t\t\t<\/div>\n\t\t\t\t<\/div>\n\t\t\t\t\t<\/div>\n\t\t\t\t<\/div>\n\t\t\t\t<\/div>\n\t\t","protected":false},"excerpt":{"rendered":"<p>Contrato Trabalhe na FESFX A Funda\u00e7\u00e3o S\u00e3o Francisco Xavier pode ter a oportunidade que voc\u00ea procura em uma de suas unidades de neg\u00f3cio, seja no Hospital M\u00e1rcio Cunha, na Usisa\u00fade, no Centro de Odontologia Integrada, no Col\u00e9gio S\u00e3o Francisco Xavier, nos Servi\u00e7os de Seguran\u00e7a do Trabalho e Sa\u00fade Ocupacional ou em processos administrativos de sua [&hellip;]<\/p>\n","protected":false},"author":2,"featured_media":0,"parent":0,"menu_order":0,"comment_status":"closed","ping_status":"closed","template":"","meta":{"_acf_changed":false,"site-sidebar-layout":"no-sidebar","site-content-layout":"page-builder","ast-site-content-layout":"default","site-content-style":"default","site-sidebar-style":"default","ast-global-header-display":"","ast-banner-title-visibility":"","ast-main-header-display":"","ast-hfb-above-header-display":"","ast-hfb-below-header-display":"","ast-hfb-mobile-header-display":"","site-post-title":"disabled","ast-breadcrumbs-content":"","ast-featured-img":"disabled","footer-sml-layout":"","theme-transparent-header-meta":"default","adv-header-id-meta":"","stick-header-meta":"","header-above-stick-meta":"","header-main-stick-meta":"","header-below-stick-meta":"","astra-migrate-meta-layouts":"default","ast-page-background-enabled":"default","ast-page-background-meta":{"desktop":{"background-color":"var(--ast-global-color-4)","background-image":"","background-repeat":"repeat","background-position":"center center","background-size":"auto","background-attachment":"scroll","background-type":"","background-media":"","overlay-type":"","overlay-color":"","overlay-opacity":"","overlay-gradient":""},"tablet":{"background-color":"","background-image":"","background-repeat":"repeat","background-position":"center center","background-size":"auto","background-attachment":"scroll","background-type":"","background-media":"","overlay-type":"","overlay-color":"","overlay-opacity":"","overlay-gradient":""},"mobile":{"background-color":"","background-image":"","background-repeat":"repeat","background-position":"center center","background-size":"auto","background-attachment":"scroll","background-type":"","background-media":"","overlay-type":"","overlay-color":"","overlay-opacity":"","overlay-gradient":""}},"ast-content-background-meta":{"desktop":{"background-color":"var(--ast-global-color-5)","background-image":"","background-repeat":"repeat","background-position":"center center","background-size":"auto","background-attachment":"scroll","background-type":"","background-media":"","overlay-type":"","overlay-color":"","overlay-opacity":"","overlay-gradient":""},"tablet":{"background-color":"var(--ast-global-color-5)","background-image":"","background-repeat":"repeat","background-position":"center center","background-size":"auto","background-attachment":"scroll","background-type":"","background-media":"","overlay-type":"","overlay-color":"","overlay-opacity":"","overlay-gradient":""},"mobile":{"background-color":"var(--ast-global-color-5)","background-image":"","background-repeat":"repeat","background-position":"center center","background-size":"auto","background-attachment":"scroll","background-type":"","background-media":"","overlay-type":"","overlay-color":"","overlay-opacity":"","overlay-gradient":""}},"footnotes":""},"class_list":["post-7069","page","type-page","status-publish","hentry"],"acf":[],"yoast_head":"<!-- This site is optimized with the Yoast SEO plugin v26.9 - https:\/\/yoast.com\/product\/yoast-seo-wordpress\/ -->\n<title>Trabalhe na FESFX - Col\u00e9gio S\u00e3o Francisco Xavier<\/title>\n<meta name=\"robots\" content=\"index, follow, max-snippet:-1, max-image-preview:large, max-video-preview:-1\" \/>\n<link rel=\"canonical\" href=\"https:\/\/www.fsfx.com.br\/colegio-sao-francisco\/trabalhe-na-fesfx\/\" \/>\n<meta property=\"og:locale\" content=\"pt_BR\" \/>\n<meta property=\"og:type\" content=\"article\" \/>\n<meta property=\"og:title\" content=\"Trabalhe na FESFX - Col\u00e9gio S\u00e3o Francisco Xavier\" \/>\n<meta property=\"og:description\" content=\"Contrato Trabalhe na FESFX A Funda\u00e7\u00e3o S\u00e3o Francisco Xavier pode ter a oportunidade que voc\u00ea procura em uma de suas unidades de neg\u00f3cio, seja no Hospital M\u00e1rcio Cunha, na Usisa\u00fade, no Centro de Odontologia Integrada, no Col\u00e9gio S\u00e3o Francisco Xavier, nos Servi\u00e7os de Seguran\u00e7a do Trabalho e Sa\u00fade Ocupacional ou em processos administrativos de sua [&hellip;]\" \/>\n<meta property=\"og:url\" content=\"https:\/\/www.fsfx.com.br\/colegio-sao-francisco\/trabalhe-na-fesfx\/\" \/>\n<meta property=\"og:site_name\" content=\"Col\u00e9gio S\u00e3o Francisco Xavier\" \/>\n<meta property=\"article:modified_time\" content=\"2022-07-19T16:43:04+00:00\" \/>\n<meta property=\"og:image\" content=\"https:\/\/www.fsfx.com.br\/colegio-sao-francisco\/wp-content\/uploads\/sites\/10\/2022\/07\/trabalhe-na-fesfx.png\" \/>\n<meta name=\"twitter:card\" content=\"summary_large_image\" \/>\n<meta name=\"twitter:label1\" content=\"Est. tempo de leitura\" \/>\n\t<meta name=\"twitter:data1\" content=\"2 minutos\" \/>\n<script type=\"application\/ld+json\" class=\"yoast-schema-graph\">{\"@context\":\"https:\/\/schema.org\",\"@graph\":[{\"@type\":\"WebPage\",\"@id\":\"https:\/\/www.fsfx.com.br\/colegio-sao-francisco\/trabalhe-na-fesfx\/\",\"url\":\"https:\/\/www.fsfx.com.br\/colegio-sao-francisco\/trabalhe-na-fesfx\/\",\"name\":\"Trabalhe na FESFX - Col\u00e9gio S\u00e3o Francisco Xavier\",\"isPartOf\":{\"@id\":\"https:\/\/www.fsfx.com.br\/colegio-sao-francisco\/#website\"},\"primaryImageOfPage\":{\"@id\":\"https:\/\/www.fsfx.com.br\/colegio-sao-francisco\/trabalhe-na-fesfx\/#primaryimage\"},\"image\":{\"@id\":\"https:\/\/www.fsfx.com.br\/colegio-sao-francisco\/trabalhe-na-fesfx\/#primaryimage\"},\"thumbnailUrl\":\"https:\/\/www.fsfx.com.br\/colegio-sao-francisco\/wp-content\/uploads\/sites\/10\/2022\/07\/trabalhe-na-fesfx.png\",\"datePublished\":\"2022-07-19T16:38:50+00:00\",\"dateModified\":\"2022-07-19T16:43:04+00:00\",\"breadcrumb\":{\"@id\":\"https:\/\/www.fsfx.com.br\/colegio-sao-francisco\/trabalhe-na-fesfx\/#breadcrumb\"},\"inLanguage\":\"pt-BR\",\"potentialAction\":[{\"@type\":\"ReadAction\",\"target\":[\"https:\/\/www.fsfx.com.br\/colegio-sao-francisco\/trabalhe-na-fesfx\/\"]}]},{\"@type\":\"ImageObject\",\"inLanguage\":\"pt-BR\",\"@id\":\"https:\/\/www.fsfx.com.br\/colegio-sao-francisco\/trabalhe-na-fesfx\/#primaryimage\",\"url\":\"https:\/\/www.fsfx.com.br\/colegio-sao-francisco\/wp-content\/uploads\/sites\/10\/2022\/07\/trabalhe-na-fesfx.png\",\"contentUrl\":\"https:\/\/www.fsfx.com.br\/colegio-sao-francisco\/wp-content\/uploads\/sites\/10\/2022\/07\/trabalhe-na-fesfx.png\",\"width\":595,\"height\":574},{\"@type\":\"BreadcrumbList\",\"@id\":\"https:\/\/www.fsfx.com.br\/colegio-sao-francisco\/trabalhe-na-fesfx\/#breadcrumb\",\"itemListElement\":[{\"@type\":\"ListItem\",\"position\":1,\"name\":\"In\u00edcio\",\"item\":\"https:\/\/www.fsfx.com.br\/colegio-sao-francisco\/\"},{\"@type\":\"ListItem\",\"position\":2,\"name\":\"Trabalhe na FESFX\"}]},{\"@type\":\"WebSite\",\"@id\":\"https:\/\/www.fsfx.com.br\/colegio-sao-francisco\/#website\",\"url\":\"https:\/\/www.fsfx.com.br\/colegio-sao-francisco\/\",\"name\":\"Col\u00e9gio S\u00e3o Francisco Xavier\",\"description\":\"\",\"publisher\":{\"@id\":\"https:\/\/www.fsfx.com.br\/colegio-sao-francisco\/#organization\"},\"potentialAction\":[{\"@type\":\"SearchAction\",\"target\":{\"@type\":\"EntryPoint\",\"urlTemplate\":\"https:\/\/www.fsfx.com.br\/colegio-sao-francisco\/?s={search_term_string}\"},\"query-input\":{\"@type\":\"PropertyValueSpecification\",\"valueRequired\":true,\"valueName\":\"search_term_string\"}}],\"inLanguage\":\"pt-BR\"},{\"@type\":\"Organization\",\"@id\":\"https:\/\/www.fsfx.com.br\/colegio-sao-francisco\/#organization\",\"name\":\"CSFX - Col\u00e9gio S\u00e3o Francisco Xavier\",\"url\":\"https:\/\/www.fsfx.com.br\/colegio-sao-francisco\/\",\"logo\":{\"@type\":\"ImageObject\",\"inLanguage\":\"pt-BR\",\"@id\":\"https:\/\/www.fsfx.com.br\/colegio-sao-francisco\/#\/schema\/logo\/image\/\",\"url\":\"https:\/\/www.fsfx.com.br\/colegio-sao-francisco\/wp-content\/uploads\/sites\/10\/2020\/02\/logo.png\",\"contentUrl\":\"https:\/\/www.fsfx.com.br\/colegio-sao-francisco\/wp-content\/uploads\/sites\/10\/2020\/02\/logo.png\",\"width\":175,\"height\":40,\"caption\":\"CSFX - Col\u00e9gio S\u00e3o Francisco Xavier\"},\"image\":{\"@id\":\"https:\/\/www.fsfx.com.br\/colegio-sao-francisco\/#\/schema\/logo\/image\/\"}}]}<\/script>\n<!-- \/ Yoast SEO plugin. -->","yoast_head_json":{"title":"Trabalhe na FESFX - Col\u00e9gio S\u00e3o Francisco Xavier","robots":{"index":"index","follow":"follow","max-snippet":"max-snippet:-1","max-image-preview":"max-image-preview:large","max-video-preview":"max-video-preview:-1"},"canonical":"https:\/\/www.fsfx.com.br\/colegio-sao-francisco\/trabalhe-na-fesfx\/","og_locale":"pt_BR","og_type":"article","og_title":"Trabalhe na FESFX - Col\u00e9gio S\u00e3o Francisco Xavier","og_description":"Contrato Trabalhe na FESFX A Funda\u00e7\u00e3o S\u00e3o Francisco Xavier pode ter a oportunidade que voc\u00ea procura em uma de suas unidades de neg\u00f3cio, seja no Hospital M\u00e1rcio Cunha, na Usisa\u00fade, no Centro de Odontologia Integrada, no Col\u00e9gio S\u00e3o Francisco Xavier, nos Servi\u00e7os de Seguran\u00e7a do Trabalho e Sa\u00fade Ocupacional ou em processos administrativos de sua [&hellip;]","og_url":"https:\/\/www.fsfx.com.br\/colegio-sao-francisco\/trabalhe-na-fesfx\/","og_site_name":"Col\u00e9gio S\u00e3o Francisco Xavier","article_modified_time":"2022-07-19T16:43:04+00:00","og_image":[{"url":"https:\/\/www.fsfx.com.br\/colegio-sao-francisco\/wp-content\/uploads\/sites\/10\/2022\/07\/trabalhe-na-fesfx.png","type":"","width":"","height":""}],"twitter_card":"summary_large_image","twitter_misc":{"Est. tempo de leitura":"2 minutos"},"schema":{"@context":"https:\/\/schema.org","@graph":[{"@type":"WebPage","@id":"https:\/\/www.fsfx.com.br\/colegio-sao-francisco\/trabalhe-na-fesfx\/","url":"https:\/\/www.fsfx.com.br\/colegio-sao-francisco\/trabalhe-na-fesfx\/","name":"Trabalhe na FESFX - Col\u00e9gio S\u00e3o Francisco Xavier","isPartOf":{"@id":"https:\/\/www.fsfx.com.br\/colegio-sao-francisco\/#website"},"primaryImageOfPage":{"@id":"https:\/\/www.fsfx.com.br\/colegio-sao-francisco\/trabalhe-na-fesfx\/#primaryimage"},"image":{"@id":"https:\/\/www.fsfx.com.br\/colegio-sao-francisco\/trabalhe-na-fesfx\/#primaryimage"},"thumbnailUrl":"https:\/\/www.fsfx.com.br\/colegio-sao-francisco\/wp-content\/uploads\/sites\/10\/2022\/07\/trabalhe-na-fesfx.png","datePublished":"2022-07-19T16:38:50+00:00","dateModified":"2022-07-19T16:43:04+00:00","breadcrumb":{"@id":"https:\/\/www.fsfx.com.br\/colegio-sao-francisco\/trabalhe-na-fesfx\/#breadcrumb"},"inLanguage":"pt-BR","potentialAction":[{"@type":"ReadAction","target":["https:\/\/www.fsfx.com.br\/colegio-sao-francisco\/trabalhe-na-fesfx\/"]}]},{"@type":"ImageObject","inLanguage":"pt-BR","@id":"https:\/\/www.fsfx.com.br\/colegio-sao-francisco\/trabalhe-na-fesfx\/#primaryimage","url":"https:\/\/www.fsfx.com.br\/colegio-sao-francisco\/wp-content\/uploads\/sites\/10\/2022\/07\/trabalhe-na-fesfx.png","contentUrl":"https:\/\/www.fsfx.com.br\/colegio-sao-francisco\/wp-content\/uploads\/sites\/10\/2022\/07\/trabalhe-na-fesfx.png","width":595,"height":574},{"@type":"BreadcrumbList","@id":"https:\/\/www.fsfx.com.br\/colegio-sao-francisco\/trabalhe-na-fesfx\/#breadcrumb","itemListElement":[{"@type":"ListItem","position":1,"name":"In\u00edcio","item":"https:\/\/www.fsfx.com.br\/colegio-sao-francisco\/"},{"@type":"ListItem","position":2,"name":"Trabalhe na FESFX"}]},{"@type":"WebSite","@id":"https:\/\/www.fsfx.com.br\/colegio-sao-francisco\/#website","url":"https:\/\/www.fsfx.com.br\/colegio-sao-francisco\/","name":"Col\u00e9gio S\u00e3o Francisco Xavier","description":"","publisher":{"@id":"https:\/\/www.fsfx.com.br\/colegio-sao-francisco\/#organization"},"potentialAction":[{"@type":"SearchAction","target":{"@type":"EntryPoint","urlTemplate":"https:\/\/www.fsfx.com.br\/colegio-sao-francisco\/?s={search_term_string}"},"query-input":{"@type":"PropertyValueSpecification","valueRequired":true,"valueName":"search_term_string"}}],"inLanguage":"pt-BR"},{"@type":"Organization","@id":"https:\/\/www.fsfx.com.br\/colegio-sao-francisco\/#organization","name":"CSFX - Col\u00e9gio S\u00e3o Francisco Xavier","url":"https:\/\/www.fsfx.com.br\/colegio-sao-francisco\/","logo":{"@type":"ImageObject","inLanguage":"pt-BR","@id":"https:\/\/www.fsfx.com.br\/colegio-sao-francisco\/#\/schema\/logo\/image\/","url":"https:\/\/www.fsfx.com.br\/colegio-sao-francisco\/wp-content\/uploads\/sites\/10\/2020\/02\/logo.png","contentUrl":"https:\/\/www.fsfx.com.br\/colegio-sao-francisco\/wp-content\/uploads\/sites\/10\/2020\/02\/logo.png","width":175,"height":40,"caption":"CSFX - Col\u00e9gio S\u00e3o Francisco Xavier"},"image":{"@id":"https:\/\/www.fsfx.com.br\/colegio-sao-francisco\/#\/schema\/logo\/image\/"}}]}},"_links":{"self":[{"href":"https:\/\/www.fsfx.com.br\/colegio-sao-francisco\/wp-json\/wp\/v2\/pages\/7069","targetHints":{"allow":["GET"]}}],"collection":[{"href":"https:\/\/www.fsfx.com.br\/colegio-sao-francisco\/wp-json\/wp\/v2\/pages"}],"about":[{"href":"https:\/\/www.fsfx.com.br\/colegio-sao-francisco\/wp-json\/wp\/v2\/types\/page"}],"author":[{"embeddable":true,"href":"https:\/\/www.fsfx.com.br\/colegio-sao-francisco\/wp-json\/wp\/v2\/users\/2"}],"replies":[{"embeddable":true,"href":"https:\/\/www.fsfx.com.br\/colegio-sao-francisco\/wp-json\/wp\/v2\/comments?post=7069"}],"version-history":[{"count":0,"href":"https:\/\/www.fsfx.com.br\/colegio-sao-francisco\/wp-json\/wp\/v2\/pages\/7069\/revisions"}],"wp:attachment":[{"href":"https:\/\/www.fsfx.com.br\/colegio-sao-francisco\/wp-json\/wp\/v2\/media?parent=7069"}],"curies":[{"name":"wp","href":"https:\/\/api.w.org\/{rel}","templated":true}]}}