{"id":8107,"date":"2022-11-11T15:05:11","date_gmt":"2022-11-11T18:05:11","guid":{"rendered":"https:\/\/www.fsfx.com.br\/colegio-sao-francisco\/?page_id=8107"},"modified":"2022-12-26T10:18:28","modified_gmt":"2022-12-26T13:18:28","slug":"bolsas-sociais-novas-vagas","status":"publish","type":"page","link":"https:\/\/www.fsfx.com.br\/colegio-sao-francisco\/bolsas-sociais-novas-vagas\/","title":{"rendered":"Bolsas Sociais &#8211; 2023"},"content":{"rendered":"\t\t<div data-elementor-type=\"wp-page\" data-elementor-id=\"8107\" class=\"elementor elementor-8107\" data-elementor-post-type=\"page\">\n\t\t\t\t<div class=\"elementor-element elementor-element-fd41cf3 e-flex e-con-boxed e-con e-parent\" data-id=\"fd41cf3\" data-element_type=\"container\" data-settings=\"{&quot;jet_parallax_layout_list&quot;:[]}\">\n\t\t\t\t\t<div class=\"e-con-inner\">\n\t\t\t\t<div class=\"elementor-element elementor-element-123559b elementor-widget elementor-widget-spacer\" data-id=\"123559b\" data-element_type=\"widget\" data-widget_type=\"spacer.default\">\n\t\t\t\t<div class=\"elementor-widget-container\">\n\t\t\t\t\t\t\t<div class=\"elementor-spacer\">\n\t\t\t<div class=\"elementor-spacer-inner\"><\/div>\n\t\t<\/div>\n\t\t\t\t\t\t<\/div>\n\t\t\t\t<\/div>\n\t\t\t\t\t<\/div>\n\t\t\t\t<\/div>\n\t\t\t\t<section class=\"elementor-section elementor-top-section elementor-element elementor-element-784a8960 elementor-section-boxed elementor-section-height-default elementor-section-height-default\" data-id=\"784a8960\" data-element_type=\"section\" data-settings=\"{&quot;jet_parallax_layout_list&quot;:[]}\">\n\t\t\t\t\t\t<div class=\"elementor-container elementor-column-gap-default\">\n\t\t\t\t\t<div class=\"elementor-column elementor-col-100 elementor-top-column elementor-element elementor-element-7bedb638\" data-id=\"7bedb638\" data-element_type=\"column\">\n\t\t\t<div class=\"elementor-widget-wrap elementor-element-populated\">\n\t\t\t\t\t\t<div class=\"elementor-element elementor-element-64ca5d19 elementor-widget elementor-widget-text-editor\" data-id=\"64ca5d19\" data-element_type=\"widget\" data-widget_type=\"text-editor.default\">\n\t\t\t\t<div class=\"elementor-widget-container\">\n\t\t\t\t\t\t\t\t\t<h3 style=\"text-align: center\"><b>Programa de Bolsas Sociais 2023<\/b><\/h3>\n<br>\n<br>\n<h4 style=\"color: #ff0000\"><a style=\"color: #000080\" href=\"https:\/\/www.fsfx.com.br\/colegio-sao-francisco\/wp-content\/uploads\/sites\/10\/2022\/12\/Lista-de-Convocados-e-Excedentes-Processo-de-Bolsa-Social-2023.pdf\"><b><span style=\"color: #ff0000\">RESULTADO\n<br><span style=\"color: #000080\">\nPROGRAMA DE BOLSAS SOCIAIS 2023<\/span><\/span><\/b><\/a><\/h4>\n<br><span style=\"color: #ff0000\"><a style=\"color: #ff0000\" href=\"https:\/\/www.fsfx.com.br\/colegio-sao-francisco\/wp-content\/uploads\/sites\/10\/2022\/11\/Edital-006-2023-Proceso-Seletivo-Bolsa-Social-Vagas-2023.pdf\"><b>EDITAL 06-2023<\/b><\/a><\/span>\n<br>\n<a href=\"https:\/\/www.fsfx.com.br\/colegio-sao-francisco\/wp-content\/uploads\/sites\/10\/2022\/11\/Errata-ao-Edital-006-2023-Processo-Seletivo-para-Bolsa-Social-CSFX.pdf\"><b><span style=\"color: #ff0000\">ERRATA &#8211; EDITAL 06-2023<\/span><\/b><\/a>\n<br>\n<br>\n<b>FORMUL\u00c1RIO E MODELO DE DOCUMENTOS<\/b>\n<ul>\n \t<li><a href=\"https:\/\/www.fsfx.com.br\/colegio-sao-francisco\/wp-content\/uploads\/sites\/10\/2022\/12\/Questionario-Socioeconomico-Ensino-Regular-2023-Novatos.pdf\" target=\"_blank\" rel=\"noreferrer noopener\">Question\u00e1rio Socioecon\u00f4mico 2023<\/a><\/li>\n \t<li><a href=\"https:\/\/www.fsfx.com.br\/colegio-sao-francisco\/wp-content\/uploads\/sites\/10\/2022\/10\/TERMO-DE-CONCESSAO-DE-BENEFICIOS-BOLSA-FILANTROPIA-2023.pdf\" target=\"_blank\" rel=\"noreferrer noopener\">Termo de Concess\u00e3o de Benef\u00edcios \u2013 Bolsa Filantropia \u2013 2023<\/a><\/li>\n \t<li><a href=\"https:\/\/www.fsfx.com.br\/colegio-sao-francisco\/wp-content\/uploads\/sites\/10\/2022\/10\/Declaracao-de-Ajuda-Financeira.pdf\" target=\"_blank\" rel=\"noreferrer noopener\">Declara\u00e7\u00e3o de Ajuda Financeira<\/a><\/li>\n \t<li><a href=\"https:\/\/www.fsfx.com.br\/colegio-sao-francisco\/wp-content\/uploads\/sites\/10\/2022\/10\/Declaracao-de-Atividade-Remunerada.pdf\" target=\"_blank\" rel=\"noreferrer noopener\">Declara\u00e7\u00e3o de Atividade Remunerada<\/a><\/li>\n \t<li><a href=\"https:\/\/fsfx.com.br\/colegio-sao-francisco\/wp-content\/uploads\/sites\/2\/2021\/09\/Declarac%CC%A7a%CC%83o-de-Estado-Civil.pdf\" target=\"_blank\" rel=\"noreferrer noopener\">Declara\u00e7\u00e3o de Estado Civil<\/a><\/li>\n \t<li><a href=\"https:\/\/www.fsfx.com.br\/colegio-sao-francisco\/wp-content\/uploads\/sites\/10\/2022\/10\/Declaracao-de-Guarda.pdf\" target=\"_blank\" rel=\"noreferrer noopener\">Declara\u00e7\u00e3o de Guarda<\/a><\/li>\n \t<li><a href=\"https:\/\/www.fsfx.com.br\/colegio-sao-francisco\/wp-content\/uploads\/sites\/10\/2022\/10\/Declaracao-de-Inexistencia-de-Atividade-Remunerada.pdf\" target=\"_blank\" rel=\"noreferrer noopener\">Declara\u00e7\u00e3o de Inexist\u00eancia de Atividade Remunerada<\/a><\/li>\n \t<li><a href=\"https:\/\/www.fsfx.com.br\/colegio-sao-francisco\/wp-content\/uploads\/sites\/10\/2022\/10\/Declaracao-de-Nao-Possuir-Comprovante-de-Conta-de-Agua.pdf\" target=\"_blank\" rel=\"noreferrer noopener\">Declara\u00e7\u00e3o de N\u00e3o Possuir Comprovante de Conta de \u00c1gua<\/a><\/li>\n \t<li><a href=\"https:\/\/www.fsfx.com.br\/colegio-sao-francisco\/wp-content\/uploads\/sites\/10\/2022\/10\/Declaracao-de-Nao-Recebimento-de-Pensao-Alimenticia-e-Ajuda-Financeira.pdf\" target=\"_blank\" rel=\"noreferrer noopener\">Declara\u00e7\u00e3o de N\u00e3o Recebimento de Pens\u00e3o Aliment\u00edcia e Ajuda Financeira<\/a><\/li>\n \t<li><a href=\"https:\/\/www.fsfx.com.br\/colegio-sao-francisco\/wp-content\/uploads\/sites\/10\/2022\/10\/Declaracao-de-Recebimento-de-Pensao-Alimenticia.pdf\" target=\"_blank\" rel=\"noreferrer noopener\">Declara\u00e7\u00e3o de Recebimento de Pens\u00e3o Aliment\u00edcia<\/a><\/li>\n \t<li><a href=\"https:\/\/fsfx.com.br\/colegio-sao-francisco\/wp-content\/uploads\/sites\/2\/2021\/09\/Declarac%CC%A7a%CC%83o-de-Rece%CC%81m-Contratado-pela-Empresa.pdf\" target=\"_blank\" rel=\"noreferrer noopener\">Declara\u00e7\u00e3o de Rec\u00e9m Contratado pela Empresa<\/a><\/li>\n \t<li><a href=\"https:\/\/www.fsfx.com.br\/colegio-sao-francisco\/wp-content\/uploads\/sites\/10\/2022\/10\/Declaracao-de-Residencia.pdf\" target=\"_blank\" rel=\"noreferrer noopener\">Declara\u00e7\u00e3o de Resid\u00eancia<\/a><\/li>\n \t<li><a href=\"https:\/\/www.fsfx.com.br\/colegio-sao-francisco\/wp-content\/uploads\/sites\/10\/2022\/10\/Declaracao-de-Separacao-de-Corpos.pdf\" target=\"_blank\" rel=\"noreferrer noopener\">Declara\u00e7\u00e3o de Separa\u00e7\u00e3o de Corpos<\/a><\/li>\n \t<li><a href=\"https:\/\/www.fsfx.com.br\/colegio-sao-francisco\/wp-content\/uploads\/sites\/10\/2022\/10\/Declaracao-de-Uniao-Estavel.pdf\" target=\"_blank\" rel=\"noreferrer noopener\">Declara\u00e7\u00e3o de Uni\u00e3o Est\u00e1vel<\/a><\/li>\n<\/ul>\nD\u00favidas referente ao Edital 006-2023 \u2013 <strong>Processo Bolsa Social CSFX<\/strong>\n<ul>\n \t<li>Central de Atendimento por WhatsApp: (31) 98309-4856<\/li>\n<\/ul>\n<div><strong>\u00a0<\/strong><\/div>\t\t\t\t\t\t\t\t<\/div>\n\t\t\t\t<\/div>\n\t\t\t\t\t<\/div>\n\t\t<\/div>\n\t\t\t\t\t<\/div>\n\t\t<\/section>\n\t\t\t\t<\/div>\n\t\t","protected":false},"excerpt":{"rendered":"<p>Programa de Bolsas Sociais 2023 RESULTADO PROGRAMA DE BOLSAS SOCIAIS 2023 EDITAL 06-2023 ERRATA &#8211; EDITAL 06-2023 FORMUL\u00c1RIO E MODELO DE DOCUMENTOS Question\u00e1rio Socioecon\u00f4mico 2023 Termo de Concess\u00e3o de Benef\u00edcios \u2013 Bolsa Filantropia \u2013 2023 Declara\u00e7\u00e3o de Ajuda Financeira Declara\u00e7\u00e3o de Atividade Remunerada Declara\u00e7\u00e3o de Estado Civil Declara\u00e7\u00e3o de Guarda Declara\u00e7\u00e3o de Inexist\u00eancia de Atividade [&hellip;]<\/p>\n","protected":false},"author":2,"featured_media":0,"parent":0,"menu_order":0,"comment_status":"closed","ping_status":"closed","template":"","meta":{"_acf_changed":false,"site-sidebar-layout":"no-sidebar","site-content-layout":"page-builder","ast-site-content-layout":"default","site-content-style":"default","site-sidebar-style":"default","ast-global-header-display":"","ast-banner-title-visibility":"","ast-main-header-display":"","ast-hfb-above-header-display":"","ast-hfb-below-header-display":"","ast-hfb-mobile-header-display":"","site-post-title":"disabled","ast-breadcrumbs-content":"","ast-featured-img":"disabled","footer-sml-layout":"","theme-transparent-header-meta":"default","adv-header-id-meta":"","stick-header-meta":"","header-above-stick-meta":"","header-main-stick-meta":"","header-below-stick-meta":"","astra-migrate-meta-layouts":"default","ast-page-background-enabled":"default","ast-page-background-meta":{"desktop":{"background-color":"var(--ast-global-color-4)","background-image":"","background-repeat":"repeat","background-position":"center center","background-size":"auto","background-attachment":"scroll","background-type":"","background-media":"","overlay-type":"","overlay-color":"","overlay-opacity":"","overlay-gradient":""},"tablet":{"background-color":"","background-image":"","background-repeat":"repeat","background-position":"center center","background-size":"auto","background-attachment":"scroll","background-type":"","background-media":"","overlay-type":"","overlay-color":"","overlay-opacity":"","overlay-gradient":""},"mobile":{"background-color":"","background-image":"","background-repeat":"repeat","background-position":"center center","background-size":"auto","background-attachment":"scroll","background-type":"","background-media":"","overlay-type":"","overlay-color":"","overlay-opacity":"","overlay-gradient":""}},"ast-content-background-meta":{"desktop":{"background-color":"var(--ast-global-color-5)","background-image":"","background-repeat":"repeat","background-position":"center center","background-size":"auto","background-attachment":"scroll","background-type":"","background-media":"","overlay-type":"","overlay-color":"","overlay-opacity":"","overlay-gradient":""},"tablet":{"background-color":"var(--ast-global-color-5)","background-image":"","background-repeat":"repeat","background-position":"center center","background-size":"auto","background-attachment":"scroll","background-type":"","background-media":"","overlay-type":"","overlay-color":"","overlay-opacity":"","overlay-gradient":""},"mobile":{"background-color":"var(--ast-global-color-5)","background-image":"","background-repeat":"repeat","background-position":"center center","background-size":"auto","background-attachment":"scroll","background-type":"","background-media":"","overlay-type":"","overlay-color":"","overlay-opacity":"","overlay-gradient":""}},"footnotes":""},"class_list":["post-8107","page","type-page","status-publish","hentry"],"acf":[],"yoast_head":"<!-- This site is optimized with the Yoast SEO plugin v26.9 - https:\/\/yoast.com\/product\/yoast-seo-wordpress\/ -->\n<title>Bolsas Sociais - 2023 - Col\u00e9gio S\u00e3o Francisco Xavier<\/title>\n<meta name=\"robots\" content=\"index, follow, max-snippet:-1, max-image-preview:large, max-video-preview:-1\" \/>\n<link rel=\"canonical\" href=\"https:\/\/www.fsfx.com.br\/colegio-sao-francisco\/bolsas-sociais-novas-vagas\/\" \/>\n<meta property=\"og:locale\" content=\"pt_BR\" \/>\n<meta property=\"og:type\" content=\"article\" \/>\n<meta property=\"og:title\" content=\"Bolsas Sociais - 2023 - Col\u00e9gio S\u00e3o Francisco Xavier\" \/>\n<meta property=\"og:description\" content=\"Programa de Bolsas Sociais 2023 RESULTADO PROGRAMA DE BOLSAS SOCIAIS 2023 EDITAL 06-2023 ERRATA &#8211; EDITAL 06-2023 FORMUL\u00c1RIO E MODELO DE DOCUMENTOS Question\u00e1rio Socioecon\u00f4mico 2023 Termo de Concess\u00e3o de Benef\u00edcios \u2013 Bolsa Filantropia \u2013 2023 Declara\u00e7\u00e3o de Ajuda Financeira Declara\u00e7\u00e3o de Atividade Remunerada Declara\u00e7\u00e3o de Estado Civil Declara\u00e7\u00e3o de Guarda Declara\u00e7\u00e3o de Inexist\u00eancia de Atividade [&hellip;]\" \/>\n<meta property=\"og:url\" content=\"https:\/\/www.fsfx.com.br\/colegio-sao-francisco\/bolsas-sociais-novas-vagas\/\" \/>\n<meta property=\"og:site_name\" content=\"Col\u00e9gio S\u00e3o Francisco Xavier\" \/>\n<meta property=\"article:modified_time\" content=\"2022-12-26T13:18:28+00:00\" \/>\n<meta name=\"twitter:card\" content=\"summary_large_image\" \/>\n<meta name=\"twitter:label1\" content=\"Est. tempo de leitura\" \/>\n\t<meta name=\"twitter:data1\" content=\"1 minuto\" \/>\n<script type=\"application\/ld+json\" class=\"yoast-schema-graph\">{\"@context\":\"https:\/\/schema.org\",\"@graph\":[{\"@type\":\"WebPage\",\"@id\":\"https:\/\/www.fsfx.com.br\/colegio-sao-francisco\/bolsas-sociais-novas-vagas\/\",\"url\":\"https:\/\/www.fsfx.com.br\/colegio-sao-francisco\/bolsas-sociais-novas-vagas\/\",\"name\":\"Bolsas Sociais - 2023 - Col\u00e9gio S\u00e3o Francisco Xavier\",\"isPartOf\":{\"@id\":\"https:\/\/www.fsfx.com.br\/colegio-sao-francisco\/#website\"},\"datePublished\":\"2022-11-11T18:05:11+00:00\",\"dateModified\":\"2022-12-26T13:18:28+00:00\",\"breadcrumb\":{\"@id\":\"https:\/\/www.fsfx.com.br\/colegio-sao-francisco\/bolsas-sociais-novas-vagas\/#breadcrumb\"},\"inLanguage\":\"pt-BR\",\"potentialAction\":[{\"@type\":\"ReadAction\",\"target\":[\"https:\/\/www.fsfx.com.br\/colegio-sao-francisco\/bolsas-sociais-novas-vagas\/\"]}]},{\"@type\":\"BreadcrumbList\",\"@id\":\"https:\/\/www.fsfx.com.br\/colegio-sao-francisco\/bolsas-sociais-novas-vagas\/#breadcrumb\",\"itemListElement\":[{\"@type\":\"ListItem\",\"position\":1,\"name\":\"In\u00edcio\",\"item\":\"https:\/\/www.fsfx.com.br\/colegio-sao-francisco\/\"},{\"@type\":\"ListItem\",\"position\":2,\"name\":\"Bolsas Sociais &#8211; 2023\"}]},{\"@type\":\"WebSite\",\"@id\":\"https:\/\/www.fsfx.com.br\/colegio-sao-francisco\/#website\",\"url\":\"https:\/\/www.fsfx.com.br\/colegio-sao-francisco\/\",\"name\":\"Col\u00e9gio S\u00e3o Francisco Xavier\",\"description\":\"\",\"publisher\":{\"@id\":\"https:\/\/www.fsfx.com.br\/colegio-sao-francisco\/#organization\"},\"potentialAction\":[{\"@type\":\"SearchAction\",\"target\":{\"@type\":\"EntryPoint\",\"urlTemplate\":\"https:\/\/www.fsfx.com.br\/colegio-sao-francisco\/?s={search_term_string}\"},\"query-input\":{\"@type\":\"PropertyValueSpecification\",\"valueRequired\":true,\"valueName\":\"search_term_string\"}}],\"inLanguage\":\"pt-BR\"},{\"@type\":\"Organization\",\"@id\":\"https:\/\/www.fsfx.com.br\/colegio-sao-francisco\/#organization\",\"name\":\"CSFX - Col\u00e9gio S\u00e3o Francisco Xavier\",\"url\":\"https:\/\/www.fsfx.com.br\/colegio-sao-francisco\/\",\"logo\":{\"@type\":\"ImageObject\",\"inLanguage\":\"pt-BR\",\"@id\":\"https:\/\/www.fsfx.com.br\/colegio-sao-francisco\/#\/schema\/logo\/image\/\",\"url\":\"https:\/\/www.fsfx.com.br\/colegio-sao-francisco\/wp-content\/uploads\/sites\/10\/2020\/02\/logo.png\",\"contentUrl\":\"https:\/\/www.fsfx.com.br\/colegio-sao-francisco\/wp-content\/uploads\/sites\/10\/2020\/02\/logo.png\",\"width\":175,\"height\":40,\"caption\":\"CSFX - Col\u00e9gio S\u00e3o Francisco Xavier\"},\"image\":{\"@id\":\"https:\/\/www.fsfx.com.br\/colegio-sao-francisco\/#\/schema\/logo\/image\/\"}}]}<\/script>\n<!-- \/ Yoast SEO plugin. -->","yoast_head_json":{"title":"Bolsas Sociais - 2023 - Col\u00e9gio S\u00e3o Francisco Xavier","robots":{"index":"index","follow":"follow","max-snippet":"max-snippet:-1","max-image-preview":"max-image-preview:large","max-video-preview":"max-video-preview:-1"},"canonical":"https:\/\/www.fsfx.com.br\/colegio-sao-francisco\/bolsas-sociais-novas-vagas\/","og_locale":"pt_BR","og_type":"article","og_title":"Bolsas Sociais - 2023 - Col\u00e9gio S\u00e3o Francisco Xavier","og_description":"Programa de Bolsas Sociais 2023 RESULTADO PROGRAMA DE BOLSAS SOCIAIS 2023 EDITAL 06-2023 ERRATA &#8211; EDITAL 06-2023 FORMUL\u00c1RIO E MODELO DE DOCUMENTOS Question\u00e1rio Socioecon\u00f4mico 2023 Termo de Concess\u00e3o de Benef\u00edcios \u2013 Bolsa Filantropia \u2013 2023 Declara\u00e7\u00e3o de Ajuda Financeira Declara\u00e7\u00e3o de Atividade Remunerada Declara\u00e7\u00e3o de Estado Civil Declara\u00e7\u00e3o de Guarda Declara\u00e7\u00e3o de Inexist\u00eancia de Atividade [&hellip;]","og_url":"https:\/\/www.fsfx.com.br\/colegio-sao-francisco\/bolsas-sociais-novas-vagas\/","og_site_name":"Col\u00e9gio S\u00e3o Francisco Xavier","article_modified_time":"2022-12-26T13:18:28+00:00","twitter_card":"summary_large_image","twitter_misc":{"Est. tempo de leitura":"1 minuto"},"schema":{"@context":"https:\/\/schema.org","@graph":[{"@type":"WebPage","@id":"https:\/\/www.fsfx.com.br\/colegio-sao-francisco\/bolsas-sociais-novas-vagas\/","url":"https:\/\/www.fsfx.com.br\/colegio-sao-francisco\/bolsas-sociais-novas-vagas\/","name":"Bolsas Sociais - 2023 - Col\u00e9gio S\u00e3o Francisco Xavier","isPartOf":{"@id":"https:\/\/www.fsfx.com.br\/colegio-sao-francisco\/#website"},"datePublished":"2022-11-11T18:05:11+00:00","dateModified":"2022-12-26T13:18:28+00:00","breadcrumb":{"@id":"https:\/\/www.fsfx.com.br\/colegio-sao-francisco\/bolsas-sociais-novas-vagas\/#breadcrumb"},"inLanguage":"pt-BR","potentialAction":[{"@type":"ReadAction","target":["https:\/\/www.fsfx.com.br\/colegio-sao-francisco\/bolsas-sociais-novas-vagas\/"]}]},{"@type":"BreadcrumbList","@id":"https:\/\/www.fsfx.com.br\/colegio-sao-francisco\/bolsas-sociais-novas-vagas\/#breadcrumb","itemListElement":[{"@type":"ListItem","position":1,"name":"In\u00edcio","item":"https:\/\/www.fsfx.com.br\/colegio-sao-francisco\/"},{"@type":"ListItem","position":2,"name":"Bolsas Sociais &#8211; 2023"}]},{"@type":"WebSite","@id":"https:\/\/www.fsfx.com.br\/colegio-sao-francisco\/#website","url":"https:\/\/www.fsfx.com.br\/colegio-sao-francisco\/","name":"Col\u00e9gio S\u00e3o Francisco Xavier","description":"","publisher":{"@id":"https:\/\/www.fsfx.com.br\/colegio-sao-francisco\/#organization"},"potentialAction":[{"@type":"SearchAction","target":{"@type":"EntryPoint","urlTemplate":"https:\/\/www.fsfx.com.br\/colegio-sao-francisco\/?s={search_term_string}"},"query-input":{"@type":"PropertyValueSpecification","valueRequired":true,"valueName":"search_term_string"}}],"inLanguage":"pt-BR"},{"@type":"Organization","@id":"https:\/\/www.fsfx.com.br\/colegio-sao-francisco\/#organization","name":"CSFX - Col\u00e9gio S\u00e3o Francisco Xavier","url":"https:\/\/www.fsfx.com.br\/colegio-sao-francisco\/","logo":{"@type":"ImageObject","inLanguage":"pt-BR","@id":"https:\/\/www.fsfx.com.br\/colegio-sao-francisco\/#\/schema\/logo\/image\/","url":"https:\/\/www.fsfx.com.br\/colegio-sao-francisco\/wp-content\/uploads\/sites\/10\/2020\/02\/logo.png","contentUrl":"https:\/\/www.fsfx.com.br\/colegio-sao-francisco\/wp-content\/uploads\/sites\/10\/2020\/02\/logo.png","width":175,"height":40,"caption":"CSFX - Col\u00e9gio S\u00e3o Francisco Xavier"},"image":{"@id":"https:\/\/www.fsfx.com.br\/colegio-sao-francisco\/#\/schema\/logo\/image\/"}}]}},"_links":{"self":[{"href":"https:\/\/www.fsfx.com.br\/colegio-sao-francisco\/wp-json\/wp\/v2\/pages\/8107","targetHints":{"allow":["GET"]}}],"collection":[{"href":"https:\/\/www.fsfx.com.br\/colegio-sao-francisco\/wp-json\/wp\/v2\/pages"}],"about":[{"href":"https:\/\/www.fsfx.com.br\/colegio-sao-francisco\/wp-json\/wp\/v2\/types\/page"}],"author":[{"embeddable":true,"href":"https:\/\/www.fsfx.com.br\/colegio-sao-francisco\/wp-json\/wp\/v2\/users\/2"}],"replies":[{"embeddable":true,"href":"https:\/\/www.fsfx.com.br\/colegio-sao-francisco\/wp-json\/wp\/v2\/comments?post=8107"}],"version-history":[{"count":0,"href":"https:\/\/www.fsfx.com.br\/colegio-sao-francisco\/wp-json\/wp\/v2\/pages\/8107\/revisions"}],"wp:attachment":[{"href":"https:\/\/www.fsfx.com.br\/colegio-sao-francisco\/wp-json\/wp\/v2\/media?parent=8107"}],"curies":[{"name":"wp","href":"https:\/\/api.w.org\/{rel}","templated":true}]}}