{"id":848,"date":"2022-04-08T09:09:32","date_gmt":"2022-04-08T12:09:32","guid":{"rendered":"https:\/\/www.fsfx.com.br\/colegio-sao-francisco\/?page_id=848"},"modified":"2022-08-03T11:20:50","modified_gmt":"2022-08-03T14:20:50","slug":"contato","status":"publish","type":"page","link":"https:\/\/www.fsfx.com.br\/colegio-sao-francisco\/contato\/","title":{"rendered":"Fale Conosco"},"content":{"rendered":"\t\t<div data-elementor-type=\"wp-page\" data-elementor-id=\"848\" class=\"elementor elementor-848\" data-elementor-post-type=\"page\">\n\t\t\t\t<div class=\"elementor-element elementor-element-a4106af e-con-full e-flex e-con e-parent\" data-id=\"a4106af\" data-element_type=\"container\" data-settings=\"{&quot;jet_parallax_layout_list&quot;:[]}\">\n\t\t<div class=\"elementor-element elementor-element-109e8f0 e-con-full e-flex e-con e-child\" data-id=\"109e8f0\" data-element_type=\"container\" data-settings=\"{&quot;background_background&quot;:&quot;classic&quot;,&quot;jet_parallax_layout_list&quot;:[]}\">\n\t\t<div class=\"elementor-element elementor-element-daeb66d e-flex e-con-boxed e-con e-child\" data-id=\"daeb66d\" data-element_type=\"container\" data-settings=\"{&quot;background_background&quot;:&quot;gradient&quot;,&quot;jet_parallax_layout_list&quot;:[]}\">\n\t\t\t\t\t<div class=\"e-con-inner\">\n\t\t\t\t<div class=\"elementor-element elementor-element-684c8f4 elementor-widget elementor-widget-image\" data-id=\"684c8f4\" data-element_type=\"widget\" data-widget_type=\"image.default\">\n\t\t\t\t<div class=\"elementor-widget-container\">\n\t\t\t\t\t\t\t\t\t\t\t\t\t\t\t<img fetchpriority=\"high\" decoding=\"async\" width=\"420\" height=\"676\" src=\"https:\/\/www.fsfx.com.br\/colegio-sao-francisco\/wp-content\/uploads\/sites\/10\/2022\/05\/aluno.png\" class=\"attachment-large size-large wp-image-2619\" alt=\"\" srcset=\"https:\/\/www.fsfx.com.br\/colegio-sao-francisco\/wp-content\/uploads\/sites\/10\/2022\/05\/aluno.png 420w, https:\/\/www.fsfx.com.br\/colegio-sao-francisco\/wp-content\/uploads\/sites\/10\/2022\/05\/aluno-186x300.png 186w\" sizes=\"(max-width: 420px) 100vw, 420px\" \/>\t\t\t\t\t\t\t\t\t\t\t\t\t\t\t<\/div>\n\t\t\t\t<\/div>\n\t\t\t\t\t<\/div>\n\t\t\t\t<\/div>\n\t\t\t\t<\/div>\n\t\t<div class=\"elementor-element elementor-element-7b178f9 e-con-full e-flex e-con e-child\" data-id=\"7b178f9\" data-element_type=\"container\" data-settings=\"{&quot;background_background&quot;:&quot;classic&quot;,&quot;jet_parallax_layout_list&quot;:[]}\">\n\t\t<div class=\"elementor-element elementor-element-bbe41d5 e-flex e-con-boxed e-con e-child\" data-id=\"bbe41d5\" data-element_type=\"container\" data-settings=\"{&quot;jet_parallax_layout_list&quot;:[]}\">\n\t\t\t\t\t<div class=\"e-con-inner\">\n\t\t\t\t<div class=\"elementor-element elementor-element-4737bf0 elementor-vertical-align-top elementor-widget elementor-widget-image-box\" data-id=\"4737bf0\" data-element_type=\"widget\" data-widget_type=\"image-box.default\">\n\t\t\t\t<div class=\"elementor-widget-container\">\n\t\t\t\t\t<div class=\"elementor-image-box-wrapper\"><div class=\"elementor-image-box-content\"><h3 class=\"elementor-image-box-title\">Entre em contato<\/h3><p class=\"elementor-image-box-description\">Fale conosco<\/p><\/div><\/div>\t\t\t\t<\/div>\n\t\t\t\t<\/div>\n\t\t\t\t<div class=\"elementor-element elementor-element-844ae94 elementor-widget elementor-widget-text-editor\" data-id=\"844ae94\" data-element_type=\"widget\" data-widget_type=\"text-editor.default\">\n\t\t\t\t<div class=\"elementor-widget-container\">\n\t\t\t\t\t\t\t\t\t<p>D\u00favidas, sugest\u00f5es, reclama\u00e7\u00f5es ou elogios? Preencha o formul\u00e1rio e entre em contato com a gente.<\/p>\t\t\t\t\t\t\t\t<\/div>\n\t\t\t\t<\/div>\n\t\t\t\t<div class=\"elementor-element elementor-element-7cc600a elementor-widget elementor-widget-html\" data-id=\"7cc600a\" data-element_type=\"widget\" data-widget_type=\"html.default\">\n\t\t\t\t<div class=\"elementor-widget-container\">\n\t\t\t\t\t<div class=\"sales-form\"><form action=\"https:\/\/webto.salesforce.com\/servlet\/servlet.WebToCase?encoding=UTF-8\" method=\"POST\" class=\"form-fale-conosco-validate\">\r\n\r\n    <input type=hidden name=\"orgid\" value=\"00D1I000003J0mR\">\r\n    <input type=\"hidden\" name=\"00N1I00000OwdOm\" value=\"1\" \/>\r\n    <input type=hidden name=\"retURL\" value=\"https:\/\/www.fsfx.com.br\/usisaude\/sucesso\">\r\n    <input type=\"hidden\" valign=\"Usisa\u00fade\" class=\"\">\r\n\r\n    <div class=\"tres-linhas-div\">\r\n\r\n\r\n        <div>\r\n            <select name=\"identificacao\" class=\"form-control\">\r\n                <option disabled selected>VOC\u00ca \u00c9<\/option>\r\n                <option value=\"Paciente\">Paciente<\/option>\r\n                <option value=\"Acompanhante\">Acompanhante<\/option>\r\n                <option value=\"Visitante\">Visitante<\/option>\r\n                <option value=\"Aluno\">Aluno (a)<\/option>\r\n                <option value=\"Cliente em geral\">Cliente em geral<\/option>\r\n                <option value=\"Outros\">Outros<\/option>\r\n            <\/select>\r\n        <\/div>\r\n    <\/div>\r\n\r\n    <div class=\"tres-linhas-input\">\r\n\r\n        <input placeholder=\"Nome completo\" class=\"form-control\" id=\"name\" maxlength=\"80\" name=\"name\" size=\"20\" type=\"text\" \/>\r\n        <input placeholder=\"E-mail\" class=\"form-control\" id=\"email\" maxlength=\"80\" name=\"email\" size=\"20\" type=\"text\" \/>\r\n        <input placeholder=\"Data de nascimento\" class=\"form-control mask-tel-celular\" id=\"data\" maxlength=\"40\" name=\"date\" size=\"20\" type=\"text\" \/>\r\n\r\n    <\/div>\r\n    <div class=\"tres-linhas-input\">\r\n        <input placeholder=\"Telefone\" class=\"form-control mask-tel-celular\" id=\"phone\" maxlength=\"40\" name=\"phone\" size=\"20\" type=\"text\" \/>\r\n        <input placeholder=\"Conv\u00eanio\" class=\"form-control mask-tel-celular\" id=\"phone\" maxlength=\"40\" name=\"convenio\" size=\"20\" type=\"text\" \/>\r\n        <input placeholder=\"Assunto\" class=\"form-control\" id=\"subject\" maxlength=\"80\" name=\"subject\" size=\"20\" type=\"text\" \/>\r\n\r\n    <\/div>\r\n\r\n    <div class=\"tres-linhas-div\">\r\n\r\n        <select name=\"deseja_fazer\" class=\"form-control\">\r\n            <option disabled selected>Deseja fazer<\/option>\r\n            <option value=\"Elogio\">Elogio<\/option>\r\n            <option value=\"Sugest\u00e3o\">Sugest\u00e3o<\/option>\r\n            <option value=\"Reclama\u00e7\u00e3o\">Reclama\u00e7\u00e3o<\/option>\r\n            <option value=\"Solicita\u00e7\u00e3o\">Solicita\u00e7\u00e3o<\/option>\r\n            <option value=\"D\u00favidas\">D\u00favidas<\/option>\r\n        <\/select>\r\n\r\n    <\/div>\r\n\r\n    <textarea placeholder=\"Mensagem\" class=\"form-control\" name=\"description\"><\/textarea>\r\n    <input class=\"btn-submit-form\" type=\"submit\" name=\"submit\" id=\"\" value=\"Enviar\">\r\n<\/form>\r\n<\/div>\r\n<style>\r\n    .sales-form {\r\n        color: #fff;\r\n        font-size: 13px;\r\n    }\r\n\r\n    .sales-form option {\r\n        color: #333;\r\n        font-size: 13px;\r\n    }\r\n\r\n    .sales-form textarea {\r\n        background: transparent;\r\n        margin-top: 10px;\r\n        font-size: 13px;\r\n    }\r\n\r\n    .sales-form input[type=\"submit\"] {\r\n        margin-top: 10px;\r\n    }\r\n\r\n    .sales-form input[type=\"submit\"]:hover {\r\n        background: #fff;\r\n        color: #333;\r\n    }\r\n\r\n    .sales-form ::placeholder {\r\n        color: #fff;\r\n        font-size: 13px;\r\n    }\r\n\r\n    .tres-linhas-input,\r\n    .tres-linhas-div>div,\r\n    .tres-linhas-div {\r\n        display: flex;\r\n        align-content: center;\r\n        align-items: center;\r\n        flex-direction: row;\r\n        gap: 10px;\r\n        justify-content: space-between;\r\n        flex-wrap: wrap;\r\n        width: 100%;\r\n        padding: 10px 0 0;\r\n        font-size: 13px;\r\n    }\r\n\r\n    .tres-linhas-input input,\r\n    .tres-linhas-div input,\r\n    .tres-linhas-div select,\r\n    textarea {\r\n        width: 100%;\r\n        background: transparent !important;\r\n        color: #fff !important;\r\n        outline: none;\r\n        font-size: 13px;\r\n    }\r\n\r\n    @media only screen and (max-width: 767px) {\r\n\r\n        .tres-linhas-input,\r\n        .tres-linhas-div>div,\r\n        .tres-linhas-div {\r\n            flex-wrap: wrap;\r\n        }\r\n    }\r\n\r\n<\/style>\r\n\t\t\t\t<\/div>\n\t\t\t\t<\/div>\n\t\t\t\t\t<\/div>\n\t\t\t\t<\/div>\n\t\t\t\t<\/div>\n\t\t\t\t<\/div>\n\t\t\t\t<\/div>\n\t\t","protected":false},"excerpt":{"rendered":"<p>Entre em contato Fale conosco D\u00favidas, sugest\u00f5es, reclama\u00e7\u00f5es ou elogios? Preencha o formul\u00e1rio e entre em contato com a gente. VOC\u00ca \u00c9PacienteAcompanhanteVisitanteAluno (a)Cliente em geralOutros Deseja fazerElogioSugest\u00e3oReclama\u00e7\u00e3oSolicita\u00e7\u00e3oD\u00favidas<\/p>\n","protected":false},"author":1,"featured_media":0,"parent":0,"menu_order":0,"comment_status":"closed","ping_status":"closed","template":"","meta":{"_acf_changed":false,"site-sidebar-layout":"no-sidebar","site-content-layout":"page-builder","ast-site-content-layout":"default","site-content-style":"default","site-sidebar-style":"default","ast-global-header-display":"","ast-banner-title-visibility":"","ast-main-header-display":"","ast-hfb-above-header-display":"","ast-hfb-below-header-display":"","ast-hfb-mobile-header-display":"","site-post-title":"disabled","ast-breadcrumbs-content":"","ast-featured-img":"disabled","footer-sml-layout":"","theme-transparent-header-meta":"default","adv-header-id-meta":"","stick-header-meta":"","header-above-stick-meta":"","header-main-stick-meta":"","header-below-stick-meta":"","astra-migrate-meta-layouts":"default","ast-page-background-enabled":"default","ast-page-background-meta":{"desktop":{"background-color":"var(--ast-global-color-4)","background-image":"","background-repeat":"repeat","background-position":"center center","background-size":"auto","background-attachment":"scroll","background-type":"","background-media":"","overlay-type":"","overlay-color":"","overlay-opacity":"","overlay-gradient":""},"tablet":{"background-color":"","background-image":"","background-repeat":"repeat","background-position":"center center","background-size":"auto","background-attachment":"scroll","background-type":"","background-media":"","overlay-type":"","overlay-color":"","overlay-opacity":"","overlay-gradient":""},"mobile":{"background-color":"","background-image":"","background-repeat":"repeat","background-position":"center center","background-size":"auto","background-attachment":"scroll","background-type":"","background-media":"","overlay-type":"","overlay-color":"","overlay-opacity":"","overlay-gradient":""}},"ast-content-background-meta":{"desktop":{"background-color":"var(--ast-global-color-5)","background-image":"","background-repeat":"repeat","background-position":"center center","background-size":"auto","background-attachment":"scroll","background-type":"","background-media":"","overlay-type":"","overlay-color":"","overlay-opacity":"","overlay-gradient":""},"tablet":{"background-color":"var(--ast-global-color-5)","background-image":"","background-repeat":"repeat","background-position":"center center","background-size":"auto","background-attachment":"scroll","background-type":"","background-media":"","overlay-type":"","overlay-color":"","overlay-opacity":"","overlay-gradient":""},"mobile":{"background-color":"var(--ast-global-color-5)","background-image":"","background-repeat":"repeat","background-position":"center center","background-size":"auto","background-attachment":"scroll","background-type":"","background-media":"","overlay-type":"","overlay-color":"","overlay-opacity":"","overlay-gradient":""}},"footnotes":""},"class_list":["post-848","page","type-page","status-publish","hentry"],"acf":[],"yoast_head":"<!-- This site is optimized with the Yoast SEO plugin v26.9 - https:\/\/yoast.com\/product\/yoast-seo-wordpress\/ -->\n<title>Fale Conosco - Col\u00e9gio S\u00e3o Francisco Xavier<\/title>\n<meta name=\"robots\" content=\"index, follow, max-snippet:-1, max-image-preview:large, max-video-preview:-1\" \/>\n<link rel=\"canonical\" href=\"https:\/\/www.fsfx.com.br\/colegio-sao-francisco\/contato\/\" \/>\n<meta property=\"og:locale\" content=\"pt_BR\" \/>\n<meta property=\"og:type\" content=\"article\" \/>\n<meta property=\"og:title\" content=\"Fale Conosco - Col\u00e9gio S\u00e3o Francisco Xavier\" \/>\n<meta property=\"og:description\" content=\"Entre em contato Fale conosco D\u00favidas, sugest\u00f5es, reclama\u00e7\u00f5es ou elogios? Preencha o formul\u00e1rio e entre em contato com a gente. VOC\u00ca \u00c9PacienteAcompanhanteVisitanteAluno (a)Cliente em geralOutros Deseja fazerElogioSugest\u00e3oReclama\u00e7\u00e3oSolicita\u00e7\u00e3oD\u00favidas\" \/>\n<meta property=\"og:url\" content=\"https:\/\/www.fsfx.com.br\/colegio-sao-francisco\/contato\/\" \/>\n<meta property=\"og:site_name\" content=\"Col\u00e9gio S\u00e3o Francisco Xavier\" \/>\n<meta property=\"article:modified_time\" content=\"2022-08-03T14:20:50+00:00\" \/>\n<meta property=\"og:image\" content=\"https:\/\/www.fsfx.com.br\/colegio-sao-francisco\/wp-content\/uploads\/sites\/10\/2022\/05\/aluno.png\" \/>\n<meta name=\"twitter:card\" content=\"summary_large_image\" \/>\n<meta name=\"twitter:label1\" content=\"Est. tempo de leitura\" \/>\n\t<meta name=\"twitter:data1\" content=\"1 minuto\" \/>\n<script type=\"application\/ld+json\" class=\"yoast-schema-graph\">{\"@context\":\"https:\/\/schema.org\",\"@graph\":[{\"@type\":\"WebPage\",\"@id\":\"https:\/\/www.fsfx.com.br\/colegio-sao-francisco\/contato\/\",\"url\":\"https:\/\/www.fsfx.com.br\/colegio-sao-francisco\/contato\/\",\"name\":\"Fale Conosco - Col\u00e9gio S\u00e3o Francisco Xavier\",\"isPartOf\":{\"@id\":\"https:\/\/www.fsfx.com.br\/colegio-sao-francisco\/#website\"},\"primaryImageOfPage\":{\"@id\":\"https:\/\/www.fsfx.com.br\/colegio-sao-francisco\/contato\/#primaryimage\"},\"image\":{\"@id\":\"https:\/\/www.fsfx.com.br\/colegio-sao-francisco\/contato\/#primaryimage\"},\"thumbnailUrl\":\"https:\/\/www.fsfx.com.br\/colegio-sao-francisco\/wp-content\/uploads\/sites\/10\/2022\/05\/aluno.png\",\"datePublished\":\"2022-04-08T12:09:32+00:00\",\"dateModified\":\"2022-08-03T14:20:50+00:00\",\"breadcrumb\":{\"@id\":\"https:\/\/www.fsfx.com.br\/colegio-sao-francisco\/contato\/#breadcrumb\"},\"inLanguage\":\"pt-BR\",\"potentialAction\":[{\"@type\":\"ReadAction\",\"target\":[\"https:\/\/www.fsfx.com.br\/colegio-sao-francisco\/contato\/\"]}]},{\"@type\":\"ImageObject\",\"inLanguage\":\"pt-BR\",\"@id\":\"https:\/\/www.fsfx.com.br\/colegio-sao-francisco\/contato\/#primaryimage\",\"url\":\"https:\/\/www.fsfx.com.br\/colegio-sao-francisco\/wp-content\/uploads\/sites\/10\/2022\/05\/aluno.png\",\"contentUrl\":\"https:\/\/www.fsfx.com.br\/colegio-sao-francisco\/wp-content\/uploads\/sites\/10\/2022\/05\/aluno.png\",\"width\":420,\"height\":676},{\"@type\":\"BreadcrumbList\",\"@id\":\"https:\/\/www.fsfx.com.br\/colegio-sao-francisco\/contato\/#breadcrumb\",\"itemListElement\":[{\"@type\":\"ListItem\",\"position\":1,\"name\":\"In\u00edcio\",\"item\":\"https:\/\/www.fsfx.com.br\/colegio-sao-francisco\/\"},{\"@type\":\"ListItem\",\"position\":2,\"name\":\"Fale Conosco\"}]},{\"@type\":\"WebSite\",\"@id\":\"https:\/\/www.fsfx.com.br\/colegio-sao-francisco\/#website\",\"url\":\"https:\/\/www.fsfx.com.br\/colegio-sao-francisco\/\",\"name\":\"Col\u00e9gio S\u00e3o Francisco Xavier\",\"description\":\"\",\"publisher\":{\"@id\":\"https:\/\/www.fsfx.com.br\/colegio-sao-francisco\/#organization\"},\"potentialAction\":[{\"@type\":\"SearchAction\",\"target\":{\"@type\":\"EntryPoint\",\"urlTemplate\":\"https:\/\/www.fsfx.com.br\/colegio-sao-francisco\/?s={search_term_string}\"},\"query-input\":{\"@type\":\"PropertyValueSpecification\",\"valueRequired\":true,\"valueName\":\"search_term_string\"}}],\"inLanguage\":\"pt-BR\"},{\"@type\":\"Organization\",\"@id\":\"https:\/\/www.fsfx.com.br\/colegio-sao-francisco\/#organization\",\"name\":\"CSFX - Col\u00e9gio S\u00e3o Francisco Xavier\",\"url\":\"https:\/\/www.fsfx.com.br\/colegio-sao-francisco\/\",\"logo\":{\"@type\":\"ImageObject\",\"inLanguage\":\"pt-BR\",\"@id\":\"https:\/\/www.fsfx.com.br\/colegio-sao-francisco\/#\/schema\/logo\/image\/\",\"url\":\"https:\/\/www.fsfx.com.br\/colegio-sao-francisco\/wp-content\/uploads\/sites\/10\/2020\/02\/logo.png\",\"contentUrl\":\"https:\/\/www.fsfx.com.br\/colegio-sao-francisco\/wp-content\/uploads\/sites\/10\/2020\/02\/logo.png\",\"width\":175,\"height\":40,\"caption\":\"CSFX - Col\u00e9gio S\u00e3o Francisco Xavier\"},\"image\":{\"@id\":\"https:\/\/www.fsfx.com.br\/colegio-sao-francisco\/#\/schema\/logo\/image\/\"}}]}<\/script>\n<!-- \/ Yoast SEO plugin. -->","yoast_head_json":{"title":"Fale Conosco - Col\u00e9gio S\u00e3o Francisco Xavier","robots":{"index":"index","follow":"follow","max-snippet":"max-snippet:-1","max-image-preview":"max-image-preview:large","max-video-preview":"max-video-preview:-1"},"canonical":"https:\/\/www.fsfx.com.br\/colegio-sao-francisco\/contato\/","og_locale":"pt_BR","og_type":"article","og_title":"Fale Conosco - Col\u00e9gio S\u00e3o Francisco Xavier","og_description":"Entre em contato Fale conosco D\u00favidas, sugest\u00f5es, reclama\u00e7\u00f5es ou elogios? Preencha o formul\u00e1rio e entre em contato com a gente. VOC\u00ca \u00c9PacienteAcompanhanteVisitanteAluno (a)Cliente em geralOutros Deseja fazerElogioSugest\u00e3oReclama\u00e7\u00e3oSolicita\u00e7\u00e3oD\u00favidas","og_url":"https:\/\/www.fsfx.com.br\/colegio-sao-francisco\/contato\/","og_site_name":"Col\u00e9gio S\u00e3o Francisco Xavier","article_modified_time":"2022-08-03T14:20:50+00:00","og_image":[{"url":"https:\/\/www.fsfx.com.br\/colegio-sao-francisco\/wp-content\/uploads\/sites\/10\/2022\/05\/aluno.png","type":"","width":"","height":""}],"twitter_card":"summary_large_image","twitter_misc":{"Est. tempo de leitura":"1 minuto"},"schema":{"@context":"https:\/\/schema.org","@graph":[{"@type":"WebPage","@id":"https:\/\/www.fsfx.com.br\/colegio-sao-francisco\/contato\/","url":"https:\/\/www.fsfx.com.br\/colegio-sao-francisco\/contato\/","name":"Fale Conosco - Col\u00e9gio S\u00e3o Francisco Xavier","isPartOf":{"@id":"https:\/\/www.fsfx.com.br\/colegio-sao-francisco\/#website"},"primaryImageOfPage":{"@id":"https:\/\/www.fsfx.com.br\/colegio-sao-francisco\/contato\/#primaryimage"},"image":{"@id":"https:\/\/www.fsfx.com.br\/colegio-sao-francisco\/contato\/#primaryimage"},"thumbnailUrl":"https:\/\/www.fsfx.com.br\/colegio-sao-francisco\/wp-content\/uploads\/sites\/10\/2022\/05\/aluno.png","datePublished":"2022-04-08T12:09:32+00:00","dateModified":"2022-08-03T14:20:50+00:00","breadcrumb":{"@id":"https:\/\/www.fsfx.com.br\/colegio-sao-francisco\/contato\/#breadcrumb"},"inLanguage":"pt-BR","potentialAction":[{"@type":"ReadAction","target":["https:\/\/www.fsfx.com.br\/colegio-sao-francisco\/contato\/"]}]},{"@type":"ImageObject","inLanguage":"pt-BR","@id":"https:\/\/www.fsfx.com.br\/colegio-sao-francisco\/contato\/#primaryimage","url":"https:\/\/www.fsfx.com.br\/colegio-sao-francisco\/wp-content\/uploads\/sites\/10\/2022\/05\/aluno.png","contentUrl":"https:\/\/www.fsfx.com.br\/colegio-sao-francisco\/wp-content\/uploads\/sites\/10\/2022\/05\/aluno.png","width":420,"height":676},{"@type":"BreadcrumbList","@id":"https:\/\/www.fsfx.com.br\/colegio-sao-francisco\/contato\/#breadcrumb","itemListElement":[{"@type":"ListItem","position":1,"name":"In\u00edcio","item":"https:\/\/www.fsfx.com.br\/colegio-sao-francisco\/"},{"@type":"ListItem","position":2,"name":"Fale Conosco"}]},{"@type":"WebSite","@id":"https:\/\/www.fsfx.com.br\/colegio-sao-francisco\/#website","url":"https:\/\/www.fsfx.com.br\/colegio-sao-francisco\/","name":"Col\u00e9gio S\u00e3o Francisco Xavier","description":"","publisher":{"@id":"https:\/\/www.fsfx.com.br\/colegio-sao-francisco\/#organization"},"potentialAction":[{"@type":"SearchAction","target":{"@type":"EntryPoint","urlTemplate":"https:\/\/www.fsfx.com.br\/colegio-sao-francisco\/?s={search_term_string}"},"query-input":{"@type":"PropertyValueSpecification","valueRequired":true,"valueName":"search_term_string"}}],"inLanguage":"pt-BR"},{"@type":"Organization","@id":"https:\/\/www.fsfx.com.br\/colegio-sao-francisco\/#organization","name":"CSFX - Col\u00e9gio S\u00e3o Francisco Xavier","url":"https:\/\/www.fsfx.com.br\/colegio-sao-francisco\/","logo":{"@type":"ImageObject","inLanguage":"pt-BR","@id":"https:\/\/www.fsfx.com.br\/colegio-sao-francisco\/#\/schema\/logo\/image\/","url":"https:\/\/www.fsfx.com.br\/colegio-sao-francisco\/wp-content\/uploads\/sites\/10\/2020\/02\/logo.png","contentUrl":"https:\/\/www.fsfx.com.br\/colegio-sao-francisco\/wp-content\/uploads\/sites\/10\/2020\/02\/logo.png","width":175,"height":40,"caption":"CSFX - Col\u00e9gio S\u00e3o Francisco Xavier"},"image":{"@id":"https:\/\/www.fsfx.com.br\/colegio-sao-francisco\/#\/schema\/logo\/image\/"}}]}},"_links":{"self":[{"href":"https:\/\/www.fsfx.com.br\/colegio-sao-francisco\/wp-json\/wp\/v2\/pages\/848","targetHints":{"allow":["GET"]}}],"collection":[{"href":"https:\/\/www.fsfx.com.br\/colegio-sao-francisco\/wp-json\/wp\/v2\/pages"}],"about":[{"href":"https:\/\/www.fsfx.com.br\/colegio-sao-francisco\/wp-json\/wp\/v2\/types\/page"}],"author":[{"embeddable":true,"href":"https:\/\/www.fsfx.com.br\/colegio-sao-francisco\/wp-json\/wp\/v2\/users\/1"}],"replies":[{"embeddable":true,"href":"https:\/\/www.fsfx.com.br\/colegio-sao-francisco\/wp-json\/wp\/v2\/comments?post=848"}],"version-history":[{"count":0,"href":"https:\/\/www.fsfx.com.br\/colegio-sao-francisco\/wp-json\/wp\/v2\/pages\/848\/revisions"}],"wp:attachment":[{"href":"https:\/\/www.fsfx.com.br\/colegio-sao-francisco\/wp-json\/wp\/v2\/media?parent=848"}],"curies":[{"name":"wp","href":"https:\/\/api.w.org\/{rel}","templated":true}]}}