{"id":8887,"date":"2023-01-11T14:36:35","date_gmt":"2023-01-11T17:36:35","guid":{"rendered":"https:\/\/www.fsfx.com.br\/colegio-sao-francisco\/?page_id=8887"},"modified":"2023-01-11T15:08:30","modified_gmt":"2023-01-11T18:08:30","slug":"listademateriais","status":"publish","type":"page","link":"https:\/\/www.fsfx.com.br\/colegio-sao-francisco\/listademateriais\/","title":{"rendered":"Listas de Materiais 2023"},"content":{"rendered":"\t\t<div data-elementor-type=\"wp-page\" data-elementor-id=\"8887\" class=\"elementor elementor-8887\" data-elementor-post-type=\"page\">\n\t\t\t\t\t\t<section class=\"elementor-section elementor-top-section elementor-element elementor-element-ce1565b elementor-section-boxed elementor-section-height-default elementor-section-height-default\" data-id=\"ce1565b\" data-element_type=\"section\" data-settings=\"{&quot;jet_parallax_layout_list&quot;:[]}\">\n\t\t\t\t\t\t<div class=\"elementor-container elementor-column-gap-custom\">\n\t\t\t\t\t<div class=\"elementor-column elementor-col-100 elementor-top-column elementor-element elementor-element-2cc14a4d\" data-id=\"2cc14a4d\" data-element_type=\"column\">\n\t\t\t<div class=\"elementor-widget-wrap elementor-element-populated\">\n\t\t\t\t<div class=\"elementor-element elementor-element-6d05c1a e-flex e-con-boxed e-con e-parent\" data-id=\"6d05c1a\" data-element_type=\"container\" data-settings=\"{&quot;jet_parallax_layout_list&quot;:[]}\">\n\t\t\t\t\t<div class=\"e-con-inner\">\n\t\t\t\t<div class=\"elementor-element elementor-element-78d8f230 elementor-widget elementor-widget-text-editor\" data-id=\"78d8f230\" data-element_type=\"widget\" data-widget_type=\"text-editor.default\">\n\t\t\t\t<div class=\"elementor-widget-container\">\n\t\t\t\t\t\t\t\t\t<p><img fetchpriority=\"high\" decoding=\"async\" src=\"https:\/\/www.fsfx.com.br\/colegio-sao-francisco\/wp-content\/uploads\/sites\/10\/2022\/05\/img16.png\" alt=\"\" width=\"595\" height=\"574\" \/><\/p><h3>\u00a0<\/h3><h3>\u00a0<\/h3><h3>\u00a0<\/h3><h2><strong>Listas de Materiais<\/strong><\/h2><h6 style=\"text-align: left\"><strong>Ensino Regular<\/strong><\/h6><h6>\u00a0<\/h6><ul><li style=\"text-align: left\"><h6><strong><a href=\"https:\/\/www.fsfx.com.br\/colegio-sao-francisco\/wp-content\/uploads\/sites\/10\/2023\/01\/01-Lista-de-Material-Maternal-I-EI-2023.pdf\">Educa\u00e7\u00e3o Infantil &#8211; Maternal I<\/a><\/strong><\/h6><\/li><li style=\"text-align: left\"><h6><strong><a href=\"https:\/\/www.fsfx.com.br\/colegio-sao-francisco\/wp-content\/uploads\/sites\/10\/2023\/01\/02-Lista-de-Material-Maternal-II-EI-2023.pdf\">Educa\u00e7\u00e3o Infantil &#8211; Maternal II<\/a><\/strong><\/h6><\/li><li style=\"text-align: left\"><h6><strong><a href=\"https:\/\/www.fsfx.com.br\/colegio-sao-francisco\/wp-content\/uploads\/sites\/10\/2023\/01\/03-Lista-de-Material-Maternal-III-EI-2023.pdf\" target=\"_blank\" rel=\"noreferrer noopener\">Educa\u00e7\u00e3o Infantil &#8211; Maternal III<\/a><\/strong><\/h6><\/li><li style=\"text-align: left\"><h6><strong><a href=\"https:\/\/www.fsfx.com.br\/colegio-sao-francisco\/wp-content\/uploads\/sites\/10\/2023\/01\/04-Lista-de-Material-1o-periodo-EI-2023.pdf\">Educa\u00e7\u00e3o Infantil &#8211; 1\u00ba Per\u00edodo<\/a><\/strong><\/h6><\/li><li style=\"text-align: left\"><h6><strong><a href=\"https:\/\/www.fsfx.com.br\/colegio-sao-francisco\/wp-content\/uploads\/sites\/10\/2023\/01\/05-Lista-de-Material-2o-periodo-EI-2023.pdf\">Educa\u00e7\u00e3o Infantil &#8211; 2\u00ba Per\u00edodo<\/a><\/strong><\/h6><\/li><\/ul><ul><li><h6><strong><a href=\"https:\/\/www.fsfx.com.br\/colegio-sao-francisco\/wp-content\/uploads\/sites\/10\/2023\/01\/06-Lista-de-Material-1o-ano-EFI-2023.pdf\">Ensino Fundamental I &#8211; 1\u00ba Ano<\/a><\/strong><\/h6><\/li><li><h6><strong><a href=\"https:\/\/www.fsfx.com.br\/colegio-sao-francisco\/wp-content\/uploads\/sites\/10\/2023\/01\/07-Lista-de-Material-2o-ano-EFI-2023.pdf\">Ensino Fundamental I &#8211; 2\u00ba Ano<\/a><\/strong><\/h6><\/li><li><h6><strong><a href=\"https:\/\/www.fsfx.com.br\/colegio-sao-francisco\/wp-content\/uploads\/sites\/10\/2023\/01\/08-Lista-de-Material-3o-ano-EFI-2023.pdf\">Ensino Fundamental I &#8211; 3\u00ba Ano<\/a><\/strong><\/h6><\/li><li><h6><strong><a href=\"https:\/\/www.fsfx.com.br\/colegio-sao-francisco\/wp-content\/uploads\/sites\/10\/2023\/01\/09-Lista-de-Material-4o-ano-EFI-2023.pdf\">Ensino Fundamental I &#8211; 4\u00ba Ano<\/a><\/strong><\/h6><\/li><li><h6><strong><a href=\"https:\/\/www.fsfx.com.br\/colegio-sao-francisco\/wp-content\/uploads\/sites\/10\/2023\/01\/10-Lista-de-Material-5o-ano-EFI-2023.pdf\">Ensino Fundamental I &#8211; 5\u00ba Ano<\/a><\/strong><\/h6><\/li><\/ul><ul><li><h6><strong><a href=\"https:\/\/www.fsfx.com.br\/colegio-sao-francisco\/wp-content\/uploads\/sites\/10\/2023\/01\/11-Lista-de-Material-6o-ano-EF-2023.pdf\">Ensino Fundamental II &#8211; 6\u00ba Ano<\/a><\/strong><\/h6><\/li><li><h6><strong><a href=\"https:\/\/www.fsfx.com.br\/colegio-sao-francisco\/wp-content\/uploads\/sites\/10\/2023\/01\/12-Lista-de-Material-7o-ano-EF-2023.pdf\">Ensino Fundamental II &#8211; 7\u00ba Ano<\/a><\/strong><\/h6><\/li><li><h6><strong><a href=\"https:\/\/www.fsfx.com.br\/colegio-sao-francisco\/wp-content\/uploads\/sites\/10\/2023\/01\/13-Lista-de-Material-8o-ano-EF-2023.pdf\">Ensino Fundamental II &#8211; 8\u00ba Ano<\/a><\/strong><\/h6><\/li><li><h6><strong><a href=\"https:\/\/www.fsfx.com.br\/colegio-sao-francisco\/wp-content\/uploads\/sites\/10\/2023\/01\/14-Lista-de-Material-9o-ano-EF-2023.pdf\">Ensino Fundamental II &#8211; 9\u00ba Ano<\/a><\/strong><\/h6><\/li><\/ul><ul><li><h6><strong><a href=\"https:\/\/www.fsfx.com.br\/colegio-sao-francisco\/wp-content\/uploads\/sites\/10\/2023\/01\/15-Lista-de-Material-1a-Serie-EM-2023.pdf\">Ensino M\u00e9dio &#8211; 1\u00aa S\u00e9rie<\/a><\/strong><\/h6><\/li><li><h6><strong><a href=\"https:\/\/www.fsfx.com.br\/colegio-sao-francisco\/wp-content\/uploads\/sites\/10\/2023\/01\/16-Lista-de-Material-2a-Serie-EM-2023.pdf\">Ensino M\u00e9dio &#8211; 2\u00aa S\u00e9rie<\/a><\/strong><\/h6><\/li><li><h6><strong><a href=\"https:\/\/www.fsfx.com.br\/colegio-sao-francisco\/wp-content\/uploads\/sites\/10\/2023\/01\/17-Lista-de-Material-3a-Serie-EM-2023.pdf\">Ensino M\u00e9dio &#8211; 3\u00aa S\u00e9rie<\/a><\/strong><\/h6><\/li><\/ul>\t\t\t\t\t\t\t\t<\/div>\n\t\t\t\t<\/div>\n\t\t\t\t\t<\/div>\n\t\t\t\t<\/div>\n\t\t\t\t\t<\/div>\n\t\t<\/div>\n\t\t\t\t\t<\/div>\n\t\t<\/section>\n\t\t\t\t<\/div>\n\t\t","protected":false},"excerpt":{"rendered":"<p>\u00a0 \u00a0 \u00a0 Listas de Materiais Ensino Regular \u00a0 Educa\u00e7\u00e3o Infantil &#8211; Maternal I Educa\u00e7\u00e3o Infantil &#8211; Maternal II Educa\u00e7\u00e3o Infantil &#8211; Maternal III Educa\u00e7\u00e3o Infantil &#8211; 1\u00ba Per\u00edodo Educa\u00e7\u00e3o Infantil &#8211; 2\u00ba Per\u00edodo Ensino Fundamental I &#8211; 1\u00ba Ano Ensino Fundamental I &#8211; 2\u00ba Ano Ensino Fundamental I &#8211; 3\u00ba Ano Ensino Fundamental I [&hellip;]<\/p>\n","protected":false},"author":2,"featured_media":0,"parent":0,"menu_order":0,"comment_status":"closed","ping_status":"closed","template":"","meta":{"_acf_changed":false,"site-sidebar-layout":"no-sidebar","site-content-layout":"page-builder","ast-site-content-layout":"default","site-content-style":"default","site-sidebar-style":"default","ast-global-header-display":"","ast-banner-title-visibility":"","ast-main-header-display":"","ast-hfb-above-header-display":"","ast-hfb-below-header-display":"","ast-hfb-mobile-header-display":"","site-post-title":"disabled","ast-breadcrumbs-content":"","ast-featured-img":"disabled","footer-sml-layout":"","theme-transparent-header-meta":"default","adv-header-id-meta":"","stick-header-meta":"","header-above-stick-meta":"","header-main-stick-meta":"","header-below-stick-meta":"","astra-migrate-meta-layouts":"default","ast-page-background-enabled":"default","ast-page-background-meta":{"desktop":{"background-color":"var(--ast-global-color-4)","background-image":"","background-repeat":"repeat","background-position":"center center","background-size":"auto","background-attachment":"scroll","background-type":"","background-media":"","overlay-type":"","overlay-color":"","overlay-opacity":"","overlay-gradient":""},"tablet":{"background-color":"","background-image":"","background-repeat":"repeat","background-position":"center center","background-size":"auto","background-attachment":"scroll","background-type":"","background-media":"","overlay-type":"","overlay-color":"","overlay-opacity":"","overlay-gradient":""},"mobile":{"background-color":"","background-image":"","background-repeat":"repeat","background-position":"center center","background-size":"auto","background-attachment":"scroll","background-type":"","background-media":"","overlay-type":"","overlay-color":"","overlay-opacity":"","overlay-gradient":""}},"ast-content-background-meta":{"desktop":{"background-color":"var(--ast-global-color-5)","background-image":"","background-repeat":"repeat","background-position":"center center","background-size":"auto","background-attachment":"scroll","background-type":"","background-media":"","overlay-type":"","overlay-color":"","overlay-opacity":"","overlay-gradient":""},"tablet":{"background-color":"var(--ast-global-color-5)","background-image":"","background-repeat":"repeat","background-position":"center center","background-size":"auto","background-attachment":"scroll","background-type":"","background-media":"","overlay-type":"","overlay-color":"","overlay-opacity":"","overlay-gradient":""},"mobile":{"background-color":"var(--ast-global-color-5)","background-image":"","background-repeat":"repeat","background-position":"center center","background-size":"auto","background-attachment":"scroll","background-type":"","background-media":"","overlay-type":"","overlay-color":"","overlay-opacity":"","overlay-gradient":""}},"footnotes":""},"class_list":["post-8887","page","type-page","status-publish","hentry"],"acf":[],"yoast_head":"<!-- This site is optimized with the Yoast SEO plugin v26.9 - https:\/\/yoast.com\/product\/yoast-seo-wordpress\/ -->\n<title>Listas de Materiais 2023 - Col\u00e9gio S\u00e3o Francisco Xavier<\/title>\n<meta name=\"robots\" content=\"index, follow, max-snippet:-1, max-image-preview:large, max-video-preview:-1\" \/>\n<link rel=\"canonical\" href=\"https:\/\/www.fsfx.com.br\/colegio-sao-francisco\/listademateriais\/\" \/>\n<meta property=\"og:locale\" content=\"pt_BR\" \/>\n<meta property=\"og:type\" content=\"article\" \/>\n<meta property=\"og:title\" content=\"Listas de Materiais 2023 - Col\u00e9gio S\u00e3o Francisco Xavier\" \/>\n<meta property=\"og:description\" content=\"\u00a0 \u00a0 \u00a0 Listas de Materiais Ensino Regular \u00a0 Educa\u00e7\u00e3o Infantil &#8211; Maternal I Educa\u00e7\u00e3o Infantil &#8211; Maternal II Educa\u00e7\u00e3o Infantil &#8211; Maternal III Educa\u00e7\u00e3o Infantil &#8211; 1\u00ba Per\u00edodo Educa\u00e7\u00e3o Infantil &#8211; 2\u00ba Per\u00edodo Ensino Fundamental I &#8211; 1\u00ba Ano Ensino Fundamental I &#8211; 2\u00ba Ano Ensino Fundamental I &#8211; 3\u00ba Ano Ensino Fundamental I [&hellip;]\" \/>\n<meta property=\"og:url\" content=\"https:\/\/www.fsfx.com.br\/colegio-sao-francisco\/listademateriais\/\" \/>\n<meta property=\"og:site_name\" content=\"Col\u00e9gio S\u00e3o Francisco Xavier\" \/>\n<meta property=\"article:modified_time\" content=\"2023-01-11T18:08:30+00:00\" \/>\n<meta property=\"og:image\" content=\"https:\/\/www.fsfx.com.br\/colegio-sao-francisco\/wp-content\/uploads\/sites\/10\/2022\/05\/img16.png\" \/>\n<meta name=\"twitter:card\" content=\"summary_large_image\" \/>\n<meta name=\"twitter:label1\" content=\"Est. tempo de leitura\" \/>\n\t<meta name=\"twitter:data1\" content=\"1 minuto\" \/>\n<script type=\"application\/ld+json\" class=\"yoast-schema-graph\">{\"@context\":\"https:\/\/schema.org\",\"@graph\":[{\"@type\":\"WebPage\",\"@id\":\"https:\/\/www.fsfx.com.br\/colegio-sao-francisco\/listademateriais\/\",\"url\":\"https:\/\/www.fsfx.com.br\/colegio-sao-francisco\/listademateriais\/\",\"name\":\"Listas de Materiais 2023 - Col\u00e9gio S\u00e3o Francisco Xavier\",\"isPartOf\":{\"@id\":\"https:\/\/www.fsfx.com.br\/colegio-sao-francisco\/#website\"},\"primaryImageOfPage\":{\"@id\":\"https:\/\/www.fsfx.com.br\/colegio-sao-francisco\/listademateriais\/#primaryimage\"},\"image\":{\"@id\":\"https:\/\/www.fsfx.com.br\/colegio-sao-francisco\/listademateriais\/#primaryimage\"},\"thumbnailUrl\":\"https:\/\/www.fsfx.com.br\/colegio-sao-francisco\/wp-content\/uploads\/sites\/10\/2022\/05\/img16.png\",\"datePublished\":\"2023-01-11T17:36:35+00:00\",\"dateModified\":\"2023-01-11T18:08:30+00:00\",\"breadcrumb\":{\"@id\":\"https:\/\/www.fsfx.com.br\/colegio-sao-francisco\/listademateriais\/#breadcrumb\"},\"inLanguage\":\"pt-BR\",\"potentialAction\":[{\"@type\":\"ReadAction\",\"target\":[\"https:\/\/www.fsfx.com.br\/colegio-sao-francisco\/listademateriais\/\"]}]},{\"@type\":\"ImageObject\",\"inLanguage\":\"pt-BR\",\"@id\":\"https:\/\/www.fsfx.com.br\/colegio-sao-francisco\/listademateriais\/#primaryimage\",\"url\":\"https:\/\/www.fsfx.com.br\/colegio-sao-francisco\/wp-content\/uploads\/sites\/10\/2022\/05\/img16.png\",\"contentUrl\":\"https:\/\/www.fsfx.com.br\/colegio-sao-francisco\/wp-content\/uploads\/sites\/10\/2022\/05\/img16.png\",\"width\":595,\"height\":574},{\"@type\":\"BreadcrumbList\",\"@id\":\"https:\/\/www.fsfx.com.br\/colegio-sao-francisco\/listademateriais\/#breadcrumb\",\"itemListElement\":[{\"@type\":\"ListItem\",\"position\":1,\"name\":\"In\u00edcio\",\"item\":\"https:\/\/www.fsfx.com.br\/colegio-sao-francisco\/\"},{\"@type\":\"ListItem\",\"position\":2,\"name\":\"Listas de Materiais 2023\"}]},{\"@type\":\"WebSite\",\"@id\":\"https:\/\/www.fsfx.com.br\/colegio-sao-francisco\/#website\",\"url\":\"https:\/\/www.fsfx.com.br\/colegio-sao-francisco\/\",\"name\":\"Col\u00e9gio S\u00e3o Francisco Xavier\",\"description\":\"\",\"publisher\":{\"@id\":\"https:\/\/www.fsfx.com.br\/colegio-sao-francisco\/#organization\"},\"potentialAction\":[{\"@type\":\"SearchAction\",\"target\":{\"@type\":\"EntryPoint\",\"urlTemplate\":\"https:\/\/www.fsfx.com.br\/colegio-sao-francisco\/?s={search_term_string}\"},\"query-input\":{\"@type\":\"PropertyValueSpecification\",\"valueRequired\":true,\"valueName\":\"search_term_string\"}}],\"inLanguage\":\"pt-BR\"},{\"@type\":\"Organization\",\"@id\":\"https:\/\/www.fsfx.com.br\/colegio-sao-francisco\/#organization\",\"name\":\"CSFX - Col\u00e9gio S\u00e3o Francisco Xavier\",\"url\":\"https:\/\/www.fsfx.com.br\/colegio-sao-francisco\/\",\"logo\":{\"@type\":\"ImageObject\",\"inLanguage\":\"pt-BR\",\"@id\":\"https:\/\/www.fsfx.com.br\/colegio-sao-francisco\/#\/schema\/logo\/image\/\",\"url\":\"https:\/\/www.fsfx.com.br\/colegio-sao-francisco\/wp-content\/uploads\/sites\/10\/2020\/02\/logo.png\",\"contentUrl\":\"https:\/\/www.fsfx.com.br\/colegio-sao-francisco\/wp-content\/uploads\/sites\/10\/2020\/02\/logo.png\",\"width\":175,\"height\":40,\"caption\":\"CSFX - Col\u00e9gio S\u00e3o Francisco Xavier\"},\"image\":{\"@id\":\"https:\/\/www.fsfx.com.br\/colegio-sao-francisco\/#\/schema\/logo\/image\/\"}}]}<\/script>\n<!-- \/ Yoast SEO plugin. -->","yoast_head_json":{"title":"Listas de Materiais 2023 - Col\u00e9gio S\u00e3o Francisco Xavier","robots":{"index":"index","follow":"follow","max-snippet":"max-snippet:-1","max-image-preview":"max-image-preview:large","max-video-preview":"max-video-preview:-1"},"canonical":"https:\/\/www.fsfx.com.br\/colegio-sao-francisco\/listademateriais\/","og_locale":"pt_BR","og_type":"article","og_title":"Listas de Materiais 2023 - Col\u00e9gio S\u00e3o Francisco Xavier","og_description":"\u00a0 \u00a0 \u00a0 Listas de Materiais Ensino Regular \u00a0 Educa\u00e7\u00e3o Infantil &#8211; Maternal I Educa\u00e7\u00e3o Infantil &#8211; Maternal II Educa\u00e7\u00e3o Infantil &#8211; Maternal III Educa\u00e7\u00e3o Infantil &#8211; 1\u00ba Per\u00edodo Educa\u00e7\u00e3o Infantil &#8211; 2\u00ba Per\u00edodo Ensino Fundamental I &#8211; 1\u00ba Ano Ensino Fundamental I &#8211; 2\u00ba Ano Ensino Fundamental I &#8211; 3\u00ba Ano Ensino Fundamental I [&hellip;]","og_url":"https:\/\/www.fsfx.com.br\/colegio-sao-francisco\/listademateriais\/","og_site_name":"Col\u00e9gio S\u00e3o Francisco Xavier","article_modified_time":"2023-01-11T18:08:30+00:00","og_image":[{"url":"https:\/\/www.fsfx.com.br\/colegio-sao-francisco\/wp-content\/uploads\/sites\/10\/2022\/05\/img16.png","type":"","width":"","height":""}],"twitter_card":"summary_large_image","twitter_misc":{"Est. tempo de leitura":"1 minuto"},"schema":{"@context":"https:\/\/schema.org","@graph":[{"@type":"WebPage","@id":"https:\/\/www.fsfx.com.br\/colegio-sao-francisco\/listademateriais\/","url":"https:\/\/www.fsfx.com.br\/colegio-sao-francisco\/listademateriais\/","name":"Listas de Materiais 2023 - Col\u00e9gio S\u00e3o Francisco Xavier","isPartOf":{"@id":"https:\/\/www.fsfx.com.br\/colegio-sao-francisco\/#website"},"primaryImageOfPage":{"@id":"https:\/\/www.fsfx.com.br\/colegio-sao-francisco\/listademateriais\/#primaryimage"},"image":{"@id":"https:\/\/www.fsfx.com.br\/colegio-sao-francisco\/listademateriais\/#primaryimage"},"thumbnailUrl":"https:\/\/www.fsfx.com.br\/colegio-sao-francisco\/wp-content\/uploads\/sites\/10\/2022\/05\/img16.png","datePublished":"2023-01-11T17:36:35+00:00","dateModified":"2023-01-11T18:08:30+00:00","breadcrumb":{"@id":"https:\/\/www.fsfx.com.br\/colegio-sao-francisco\/listademateriais\/#breadcrumb"},"inLanguage":"pt-BR","potentialAction":[{"@type":"ReadAction","target":["https:\/\/www.fsfx.com.br\/colegio-sao-francisco\/listademateriais\/"]}]},{"@type":"ImageObject","inLanguage":"pt-BR","@id":"https:\/\/www.fsfx.com.br\/colegio-sao-francisco\/listademateriais\/#primaryimage","url":"https:\/\/www.fsfx.com.br\/colegio-sao-francisco\/wp-content\/uploads\/sites\/10\/2022\/05\/img16.png","contentUrl":"https:\/\/www.fsfx.com.br\/colegio-sao-francisco\/wp-content\/uploads\/sites\/10\/2022\/05\/img16.png","width":595,"height":574},{"@type":"BreadcrumbList","@id":"https:\/\/www.fsfx.com.br\/colegio-sao-francisco\/listademateriais\/#breadcrumb","itemListElement":[{"@type":"ListItem","position":1,"name":"In\u00edcio","item":"https:\/\/www.fsfx.com.br\/colegio-sao-francisco\/"},{"@type":"ListItem","position":2,"name":"Listas de Materiais 2023"}]},{"@type":"WebSite","@id":"https:\/\/www.fsfx.com.br\/colegio-sao-francisco\/#website","url":"https:\/\/www.fsfx.com.br\/colegio-sao-francisco\/","name":"Col\u00e9gio S\u00e3o Francisco Xavier","description":"","publisher":{"@id":"https:\/\/www.fsfx.com.br\/colegio-sao-francisco\/#organization"},"potentialAction":[{"@type":"SearchAction","target":{"@type":"EntryPoint","urlTemplate":"https:\/\/www.fsfx.com.br\/colegio-sao-francisco\/?s={search_term_string}"},"query-input":{"@type":"PropertyValueSpecification","valueRequired":true,"valueName":"search_term_string"}}],"inLanguage":"pt-BR"},{"@type":"Organization","@id":"https:\/\/www.fsfx.com.br\/colegio-sao-francisco\/#organization","name":"CSFX - Col\u00e9gio S\u00e3o Francisco Xavier","url":"https:\/\/www.fsfx.com.br\/colegio-sao-francisco\/","logo":{"@type":"ImageObject","inLanguage":"pt-BR","@id":"https:\/\/www.fsfx.com.br\/colegio-sao-francisco\/#\/schema\/logo\/image\/","url":"https:\/\/www.fsfx.com.br\/colegio-sao-francisco\/wp-content\/uploads\/sites\/10\/2020\/02\/logo.png","contentUrl":"https:\/\/www.fsfx.com.br\/colegio-sao-francisco\/wp-content\/uploads\/sites\/10\/2020\/02\/logo.png","width":175,"height":40,"caption":"CSFX - Col\u00e9gio S\u00e3o Francisco Xavier"},"image":{"@id":"https:\/\/www.fsfx.com.br\/colegio-sao-francisco\/#\/schema\/logo\/image\/"}}]}},"_links":{"self":[{"href":"https:\/\/www.fsfx.com.br\/colegio-sao-francisco\/wp-json\/wp\/v2\/pages\/8887","targetHints":{"allow":["GET"]}}],"collection":[{"href":"https:\/\/www.fsfx.com.br\/colegio-sao-francisco\/wp-json\/wp\/v2\/pages"}],"about":[{"href":"https:\/\/www.fsfx.com.br\/colegio-sao-francisco\/wp-json\/wp\/v2\/types\/page"}],"author":[{"embeddable":true,"href":"https:\/\/www.fsfx.com.br\/colegio-sao-francisco\/wp-json\/wp\/v2\/users\/2"}],"replies":[{"embeddable":true,"href":"https:\/\/www.fsfx.com.br\/colegio-sao-francisco\/wp-json\/wp\/v2\/comments?post=8887"}],"version-history":[{"count":0,"href":"https:\/\/www.fsfx.com.br\/colegio-sao-francisco\/wp-json\/wp\/v2\/pages\/8887\/revisions"}],"wp:attachment":[{"href":"https:\/\/www.fsfx.com.br\/colegio-sao-francisco\/wp-json\/wp\/v2\/media?parent=8887"}],"curies":[{"name":"wp","href":"https:\/\/api.w.org\/{rel}","templated":true}]}}