{"id":7790,"date":"2024-06-10T13:56:14","date_gmt":"2024-06-10T16:56:14","guid":{"rendered":"https:\/\/www.fsfx.com.br\/hmcc\/?page_id=7790"},"modified":"2024-06-10T15:17:16","modified_gmt":"2024-06-10T18:17:16","slug":"doacao-de-sangue-posto-avancado-de-coleta-externa","status":"publish","type":"page","link":"https:\/\/www.fsfx.com.br\/hmcc\/doacao-de-sangue-posto-avancado-de-coleta-externa\/","title":{"rendered":"Doa\u00e7\u00e3o de Sangue &#8211; Posto Avan\u00e7ado de Coleta Externa"},"content":{"rendered":"\t\t<div data-elementor-type=\"wp-page\" data-elementor-id=\"7790\" class=\"elementor elementor-7790\" data-elementor-post-type=\"page\">\n\t\t\t\t<div class=\"elementor-element elementor-element-dded48d e-flex e-con-boxed e-con e-parent\" data-id=\"dded48d\" data-element_type=\"container\" data-settings=\"{&quot;jet_parallax_layout_list&quot;:[]}\">\n\t\t\t\t\t<div class=\"e-con-inner\">\n\t\t<div class=\"elementor-element elementor-element-59e4b03 e-con-full e-flex e-con e-child\" data-id=\"59e4b03\" data-element_type=\"container\" data-settings=\"{&quot;jet_parallax_layout_list&quot;:[]}\">\n\t\t\t\t<div class=\"elementor-element elementor-element-14d1792 elementor-widget elementor-widget-image\" data-id=\"14d1792\" data-element_type=\"widget\" data-widget_type=\"image.default\">\n\t\t\t\t<div class=\"elementor-widget-container\">\n\t\t\t\t\t\t\t\t\t\t\t\t\t\t\t<img fetchpriority=\"high\" decoding=\"async\" width=\"633\" height=\"666\" src=\"https:\/\/www.fsfx.com.br\/hmcc\/wp-content\/uploads\/sites\/5\/2024\/06\/doe.png\" class=\"attachment-large size-large wp-image-7796\" alt=\"\" srcset=\"https:\/\/www.fsfx.com.br\/hmcc\/wp-content\/uploads\/sites\/5\/2024\/06\/doe.png 633w, https:\/\/www.fsfx.com.br\/hmcc\/wp-content\/uploads\/sites\/5\/2024\/06\/doe-285x300.png 285w\" sizes=\"(max-width: 633px) 100vw, 633px\" \/>\t\t\t\t\t\t\t\t\t\t\t\t\t\t\t<\/div>\n\t\t\t\t<\/div>\n\t\t\t\t<\/div>\n\t\t<div class=\"elementor-element elementor-element-1cfba0a e-con-full e-flex e-con e-child\" data-id=\"1cfba0a\" data-element_type=\"container\" data-settings=\"{&quot;jet_parallax_layout_list&quot;:[]}\">\n\t\t\t\t<div class=\"elementor-element elementor-element-c65f3a1 elementor-vertical-align-top elementor-widget elementor-widget-image-box\" data-id=\"c65f3a1\" data-element_type=\"widget\" data-widget_type=\"image-box.default\">\n\t\t\t\t<div class=\"elementor-widget-container\">\n\t\t\t\t\t<div class=\"elementor-image-box-wrapper\"><div class=\"elementor-image-box-content\"><h3 class=\"elementor-image-box-title\">Estrutura<\/h3><p class=\"elementor-image-box-description\">Doe Sangue.<br><span>Doe Vida.<\/span><\/p><\/div><\/div>\t\t\t\t<\/div>\n\t\t\t\t<\/div>\n\t\t\t\t<div class=\"elementor-element elementor-element-a8c2d41 elementor-widget elementor-widget-text-editor\" data-id=\"a8c2d41\" data-element_type=\"widget\" data-widget_type=\"text-editor.default\">\n\t\t\t\t<div class=\"elementor-widget-container\">\n\t\t\t\t\t\t\t\t\t<p>Voc\u00ea sabe o qu\u00e3o importante o sangue \u00e9 para o funcionamento do corpo humano? O sangue tem papel fundamental, \u00e9 ele quem leva oxig\u00eanio para os tecidos, defende nosso organismo contra infec\u00e7\u00f5es e \u00e9 respons\u00e1vel pela coagula\u00e7\u00e3o.<\/p><p><strong>Por isso \u00e9 t\u00e3o importante contar com a ajuda de doadores volunt\u00e1rios.<\/strong><\/p><p>Ele \u00e9 um componente fundamental para muitas pessoas em tratamento ou em situa\u00e7\u00f5es de risco, al\u00e9m de dar apoio em procedimentos m\u00e9dicos e cir\u00fargicos.\u00a0<\/p><p>O Hospital Municipal Carlos Chagas, em parceria com a Prefeitura Municipal de Itabira e a Funda\u00e7\u00e3o Hemominas, possui o Posto Avan\u00e7ado de Coleta Externa (PACE) Dr. Jos\u00e9 Pinto.<\/p><p>\u00a0<\/p><p><strong>Confira os hor\u00e1rios e contatos de agendamento:<\/strong><\/p><p><strong>POSTO AVAN\u00c7ADO DE COLETA EXTERNO &#8211; PACE &#8211; HMCC:<\/strong>\u00a0<\/p><p><strong>Coletas de Sangue<\/strong><\/p><ul><li><span style=\"font-size: 16px\">quinta-feira, das 7h30 \u00e0s 13h.<\/span><\/li><\/ul><p><strong>Agendamentos<\/strong><\/p><ul><li>Segunda a Sexta-feira:<ul><li>Telefone (31) 3067-2790<\/li><li>WhatsApp (31) 9 8383-3620.<\/li><\/ul><\/li><\/ul>\t\t\t\t\t\t\t\t<\/div>\n\t\t\t\t<\/div>\n\t\t\t\t<\/div>\n\t\t\t\t\t<\/div>\n\t\t\t\t<\/div>\n\t\t<div class=\"elementor-element elementor-element-42053f0 e-flex e-con-boxed e-con e-parent\" data-id=\"42053f0\" data-element_type=\"container\" data-settings=\"{&quot;jet_parallax_layout_list&quot;:[]}\">\n\t\t\t\t\t<div class=\"e-con-inner\">\n\t\t\t\t<div class=\"elementor-element elementor-element-005b4c9 elementor-vertical-align-top elementor-widget elementor-widget-image-box\" data-id=\"005b4c9\" data-element_type=\"widget\" data-widget_type=\"image-box.default\">\n\t\t\t\t<div class=\"elementor-widget-container\">\n\t\t\t\t\t<div class=\"elementor-image-box-wrapper\"><div class=\"elementor-image-box-content\"><h3 class=\"elementor-image-box-title\">Mais informa\u00e7\u00f5es<\/h3><p class=\"elementor-image-box-description\">D\u00favidas sobre a doa\u00e7\u00e3o<\/p><\/div><\/div>\t\t\t\t<\/div>\n\t\t\t\t<\/div>\n\t\t\t\t<div class=\"elementor-element elementor-element-d98cc93 elementor-widget elementor-widget-accordion\" data-id=\"d98cc93\" data-element_type=\"widget\" data-widget_type=\"accordion.default\">\n\t\t\t\t<div class=\"elementor-widget-container\">\n\t\t\t\t\t\t\t<div class=\"elementor-accordion\">\n\t\t\t\t\t\t\t<div class=\"elementor-accordion-item\">\n\t\t\t\t\t<div id=\"elementor-tab-title-2281\" class=\"elementor-tab-title\" data-tab=\"1\" role=\"button\" aria-controls=\"elementor-tab-content-2281\" aria-expanded=\"false\">\n\t\t\t\t\t\t\t\t\t\t\t\t\t<span class=\"elementor-accordion-icon elementor-accordion-icon-left\" aria-hidden=\"true\">\n\t\t\t\t\t\t\t\t\t\t\t\t\t\t\t<span class=\"elementor-accordion-icon-closed\"><i class=\"fas fa-chevron-down\"><\/i><\/span>\n\t\t\t\t\t\t\t\t<span class=\"elementor-accordion-icon-opened\"><i class=\"fas fa-chevron-up\"><\/i><\/span>\n\t\t\t\t\t\t\t\t\t\t\t\t\t\t<\/span>\n\t\t\t\t\t\t\t\t\t\t\t\t<a class=\"elementor-accordion-title\" tabindex=\"0\">Quais cuidados voc\u00ea precisa ter ap\u00f3s a doa\u00e7\u00e3o de sangue? <\/a>\n\t\t\t\t\t<\/div>\n\t\t\t\t\t<div id=\"elementor-tab-content-2281\" class=\"elementor-tab-content elementor-clearfix\" data-tab=\"1\" role=\"region\" aria-labelledby=\"elementor-tab-title-2281\"><p>Ap\u00f3s a doa\u00e7\u00e3o de sangue \u00e9 necess\u00e1rio ter alguns cuidados, como:<\/p><ul><li>Evite esfor\u00e7os f\u00edsicos exagerados por pelo menos 1\/2 hora;<\/li><li>Aumente a ingest\u00e3o de l\u00edquidos (principalmente \u00e1gua);<\/li><li>N\u00e3o fume por 2 horas;<\/li><li>Evite bebidas alco\u00f3licas por 12 horas;<\/li><li>Mantenha o curativo no local da pun\u00e7\u00e3o por, pelo menos, quatro horas.<\/li><li>N\u00e3o dirija ve\u00edculos de grande porte, n\u00e3o trabalhe em andaimes e n\u00e3o pratique paraquedismo ou mergulho;<\/li><li>Fa\u00e7a um pequeno lanche e hidrate-se. \u00c9 importante que o doador continue se sentindo bem durante o dia em que efetuou a doa\u00e7\u00e3o de sangue;<\/li><\/ul><\/div>\n\t\t\t\t<\/div>\n\t\t\t\t\t\t\t<div class=\"elementor-accordion-item\">\n\t\t\t\t\t<div id=\"elementor-tab-title-2282\" class=\"elementor-tab-title\" data-tab=\"2\" role=\"button\" aria-controls=\"elementor-tab-content-2282\" aria-expanded=\"false\">\n\t\t\t\t\t\t\t\t\t\t\t\t\t<span class=\"elementor-accordion-icon elementor-accordion-icon-left\" aria-hidden=\"true\">\n\t\t\t\t\t\t\t\t\t\t\t\t\t\t\t<span class=\"elementor-accordion-icon-closed\"><i class=\"fas fa-chevron-down\"><\/i><\/span>\n\t\t\t\t\t\t\t\t<span class=\"elementor-accordion-icon-opened\"><i class=\"fas fa-chevron-up\"><\/i><\/span>\n\t\t\t\t\t\t\t\t\t\t\t\t\t\t<\/span>\n\t\t\t\t\t\t\t\t\t\t\t\t<a class=\"elementor-accordion-title\" tabindex=\"0\">Quais s\u00e3o os casos de impedimentos de doar sangue<\/a>\n\t\t\t\t\t<\/div>\n\t\t\t\t\t<div id=\"elementor-tab-content-2282\" class=\"elementor-tab-content elementor-clearfix\" data-tab=\"2\" role=\"region\" aria-labelledby=\"elementor-tab-title-2282\"><p>N\u00e3o podem doar pessoas que tenham tido doen\u00e7as como:<\/p><ul><li>Hepatite;<\/li><li>Doen\u00e7a de chagas;<\/li><li>S\u00edfilis ou HIV positivo.<\/li><\/ul><p>Tamb\u00e9m est\u00e3o na lista de n\u00e3o doadores quem tenha feito <strong>tatuagem, maquiagem definitiva<\/strong> ou mesmo <strong>colocado um <em>piercing <\/em>h\u00e1 menos de um ano<\/strong>.<\/p><p>N\u00e3o podem doar pessoas que sejam usu\u00e1rias de drogas e pessoas que tenham tido rela\u00e7\u00f5es sexuais com parceiros desconhecidos.\u00a0<\/p><\/div>\n\t\t\t\t<\/div>\n\t\t\t\t\t\t\t<div class=\"elementor-accordion-item\">\n\t\t\t\t\t<div id=\"elementor-tab-title-2283\" class=\"elementor-tab-title\" data-tab=\"3\" role=\"button\" aria-controls=\"elementor-tab-content-2283\" aria-expanded=\"false\">\n\t\t\t\t\t\t\t\t\t\t\t\t\t<span class=\"elementor-accordion-icon elementor-accordion-icon-left\" aria-hidden=\"true\">\n\t\t\t\t\t\t\t\t\t\t\t\t\t\t\t<span class=\"elementor-accordion-icon-closed\"><i class=\"fas fa-chevron-down\"><\/i><\/span>\n\t\t\t\t\t\t\t\t<span class=\"elementor-accordion-icon-opened\"><i class=\"fas fa-chevron-up\"><\/i><\/span>\n\t\t\t\t\t\t\t\t\t\t\t\t\t\t<\/span>\n\t\t\t\t\t\t\t\t\t\t\t\t<a class=\"elementor-accordion-title\" tabindex=\"0\">Em quanto tempo posso doar sangue novamente? Qual o intervalo para doa\u00e7\u00e3o? <\/a>\n\t\t\t\t\t<\/div>\n\t\t\t\t\t<div id=\"elementor-tab-content-2283\" class=\"elementor-tab-content elementor-clearfix\" data-tab=\"3\" role=\"region\" aria-labelledby=\"elementor-tab-title-2283\"><p>O intervalo entre as doa\u00e7\u00f5es \u00e9 de dois meses para os homens e tr\u00eas meses para as mulheres.<\/p><\/div>\n\t\t\t\t<\/div>\n\t\t\t\t\t\t\t<div class=\"elementor-accordion-item\">\n\t\t\t\t\t<div id=\"elementor-tab-title-2284\" class=\"elementor-tab-title\" data-tab=\"4\" role=\"button\" aria-controls=\"elementor-tab-content-2284\" aria-expanded=\"false\">\n\t\t\t\t\t\t\t\t\t\t\t\t\t<span class=\"elementor-accordion-icon elementor-accordion-icon-left\" aria-hidden=\"true\">\n\t\t\t\t\t\t\t\t\t\t\t\t\t\t\t<span class=\"elementor-accordion-icon-closed\"><i class=\"fas fa-chevron-down\"><\/i><\/span>\n\t\t\t\t\t\t\t\t<span class=\"elementor-accordion-icon-opened\"><i class=\"fas fa-chevron-up\"><\/i><\/span>\n\t\t\t\t\t\t\t\t\t\t\t\t\t\t<\/span>\n\t\t\t\t\t\t\t\t\t\t\t\t<a class=\"elementor-accordion-title\" tabindex=\"0\">Qual o prazo para doa\u00e7\u00e3o de sangue ap\u00f3s vacina\u00e7\u00e3o ou para quem teve covid-19?<\/a>\n\t\t\t\t\t<\/div>\n\t\t\t\t\t<div id=\"elementor-tab-content-2284\" class=\"elementor-tab-content elementor-clearfix\" data-tab=\"4\" role=\"region\" aria-labelledby=\"elementor-tab-title-2284\"><p>Quem se vacinou contra a covid-19 precisa aguardar uma semana para poder doar.<\/p><p>E para quem j\u00e1 teve a covid-19 e quer ser um doador volunt\u00e1rio, \u00e9 preciso somente aguardar um m\u00eas ap\u00f3s a melhora dos sintomas.\u202f<\/p><\/div>\n\t\t\t\t<\/div>\n\t\t\t\t\t\t\t<div class=\"elementor-accordion-item\">\n\t\t\t\t\t<div id=\"elementor-tab-title-2285\" class=\"elementor-tab-title\" data-tab=\"5\" role=\"button\" aria-controls=\"elementor-tab-content-2285\" aria-expanded=\"false\">\n\t\t\t\t\t\t\t\t\t\t\t\t\t<span class=\"elementor-accordion-icon elementor-accordion-icon-left\" aria-hidden=\"true\">\n\t\t\t\t\t\t\t\t\t\t\t\t\t\t\t<span class=\"elementor-accordion-icon-closed\"><i class=\"fas fa-chevron-down\"><\/i><\/span>\n\t\t\t\t\t\t\t\t<span class=\"elementor-accordion-icon-opened\"><i class=\"fas fa-chevron-up\"><\/i><\/span>\n\t\t\t\t\t\t\t\t\t\t\t\t\t\t<\/span>\n\t\t\t\t\t\t\t\t\t\t\t\t<a class=\"elementor-accordion-title\" tabindex=\"0\">H\u00e1 uma quantidade m\u00e1xima de sangue que pode ser retirada na doa\u00e7\u00e3o?<\/a>\n\t\t\t\t\t<\/div>\n\t\t\t\t\t<div id=\"elementor-tab-content-2285\" class=\"elementor-tab-content elementor-clearfix\" data-tab=\"5\" role=\"region\" aria-labelledby=\"elementor-tab-title-2285\"><p>Uma pessoa tem cerca de cinco litros de sangue no corpo e em uma doa\u00e7\u00e3o ela chega a doar at\u00e9 450 ml. <strong>N\u00e3o existe preju\u00edzo para o doador, <\/strong>pois o corpo humano rep\u00f5e esse volume em cerca de 24 horas.<\/p><\/div>\n\t\t\t\t<\/div>\n\t\t\t\t\t\t\t\t<\/div>\n\t\t\t\t\t\t<\/div>\n\t\t\t\t<\/div>\n\t\t\t\t\t<\/div>\n\t\t\t\t<\/div>\n\t\t\t\t<\/div>\n\t\t","protected":false},"excerpt":{"rendered":"<p>Estrutura Doe Sangue.Doe Vida. Voc\u00ea sabe o qu\u00e3o importante o sangue \u00e9 para o funcionamento do corpo humano? O sangue tem papel fundamental, \u00e9 ele quem leva oxig\u00eanio para os tecidos, defende nosso organismo contra infec\u00e7\u00f5es e \u00e9 respons\u00e1vel pela coagula\u00e7\u00e3o. Por isso \u00e9 t\u00e3o importante contar com a ajuda de doadores volunt\u00e1rios. Ele \u00e9 [&hellip;]<\/p>\n","protected":false},"author":6,"featured_media":0,"parent":0,"menu_order":0,"comment_status":"closed","ping_status":"closed","template":"","meta":{"_acf_changed":false,"site-sidebar-layout":"no-sidebar","site-content-layout":"page-builder","ast-site-content-layout":"full-width-container","site-content-style":"default","site-sidebar-style":"default","ast-global-header-display":"","ast-banner-title-visibility":"","ast-main-header-display":"","ast-hfb-above-header-display":"","ast-hfb-below-header-display":"","ast-hfb-mobile-header-display":"","site-post-title":"disabled","ast-breadcrumbs-content":"","ast-featured-img":"disabled","footer-sml-layout":"","theme-transparent-header-meta":"","adv-header-id-meta":"","stick-header-meta":"","header-above-stick-meta":"","header-main-stick-meta":"","header-below-stick-meta":"","astra-migrate-meta-layouts":"default","ast-page-background-enabled":"default","ast-page-background-meta":{"desktop":{"background-color":"var(--ast-global-color-4)","background-image":"","background-repeat":"repeat","background-position":"center center","background-size":"auto","background-attachment":"scroll","background-type":"","background-media":"","overlay-type":"","overlay-color":"","overlay-opacity":"","overlay-gradient":""},"tablet":{"background-color":"","background-image":"","background-repeat":"repeat","background-position":"center center","background-size":"auto","background-attachment":"scroll","background-type":"","background-media":"","overlay-type":"","overlay-color":"","overlay-opacity":"","overlay-gradient":""},"mobile":{"background-color":"","background-image":"","background-repeat":"repeat","background-position":"center center","background-size":"auto","background-attachment":"scroll","background-type":"","background-media":"","overlay-type":"","overlay-color":"","overlay-opacity":"","overlay-gradient":""}},"ast-content-background-meta":{"desktop":{"background-color":"var(--ast-global-color-5)","background-image":"","background-repeat":"repeat","background-position":"center center","background-size":"auto","background-attachment":"scroll","background-type":"","background-media":"","overlay-type":"","overlay-color":"","overlay-opacity":"","overlay-gradient":""},"tablet":{"background-color":"var(--ast-global-color-5)","background-image":"","background-repeat":"repeat","background-position":"center center","background-size":"auto","background-attachment":"scroll","background-type":"","background-media":"","overlay-type":"","overlay-color":"","overlay-opacity":"","overlay-gradient":""},"mobile":{"background-color":"var(--ast-global-color-5)","background-image":"","background-repeat":"repeat","background-position":"center center","background-size":"auto","background-attachment":"scroll","background-type":"","background-media":"","overlay-type":"","overlay-color":"","overlay-opacity":"","overlay-gradient":""}},"footnotes":""},"class_list":["post-7790","page","type-page","status-publish","hentry"],"acf":[],"yoast_head":"<!-- This site is optimized with the Yoast SEO plugin v26.9 - https:\/\/yoast.com\/product\/yoast-seo-wordpress\/ -->\n<title>Doa\u00e7\u00e3o de Sangue - Posto Avan\u00e7ado de Coleta Externa - Hospital Municipal Carlos Chagas<\/title>\n<meta name=\"robots\" content=\"index, follow, max-snippet:-1, max-image-preview:large, max-video-preview:-1\" \/>\n<link rel=\"canonical\" href=\"https:\/\/www.fsfx.com.br\/hmcc\/doacao-de-sangue-posto-avancado-de-coleta-externa\/\" \/>\n<meta property=\"og:locale\" content=\"pt_BR\" \/>\n<meta property=\"og:type\" content=\"article\" \/>\n<meta property=\"og:title\" content=\"Doa\u00e7\u00e3o de Sangue - Posto Avan\u00e7ado de Coleta Externa - Hospital Municipal Carlos Chagas\" \/>\n<meta property=\"og:description\" content=\"Estrutura Doe Sangue.Doe Vida. Voc\u00ea sabe o qu\u00e3o importante o sangue \u00e9 para o funcionamento do corpo humano? O sangue tem papel fundamental, \u00e9 ele quem leva oxig\u00eanio para os tecidos, defende nosso organismo contra infec\u00e7\u00f5es e \u00e9 respons\u00e1vel pela coagula\u00e7\u00e3o. Por isso \u00e9 t\u00e3o importante contar com a ajuda de doadores volunt\u00e1rios. Ele \u00e9 [&hellip;]\" \/>\n<meta property=\"og:url\" content=\"https:\/\/www.fsfx.com.br\/hmcc\/doacao-de-sangue-posto-avancado-de-coleta-externa\/\" \/>\n<meta property=\"og:site_name\" content=\"Hospital Municipal Carlos Chagas\" \/>\n<meta property=\"article:modified_time\" content=\"2024-06-10T18:17:16+00:00\" \/>\n<meta property=\"og:image\" content=\"https:\/\/www.fsfx.com.br\/hmcc\/wp-content\/uploads\/sites\/5\/2024\/06\/doe.png\" \/>\n<meta name=\"twitter:card\" content=\"summary_large_image\" \/>\n<meta name=\"twitter:label1\" content=\"Est. tempo de leitura\" \/>\n\t<meta name=\"twitter:data1\" content=\"3 minutos\" \/>\n<script type=\"application\/ld+json\" class=\"yoast-schema-graph\">{\"@context\":\"https:\/\/schema.org\",\"@graph\":[{\"@type\":\"WebPage\",\"@id\":\"https:\/\/www.fsfx.com.br\/hmcc\/doacao-de-sangue-posto-avancado-de-coleta-externa\/\",\"url\":\"https:\/\/www.fsfx.com.br\/hmcc\/doacao-de-sangue-posto-avancado-de-coleta-externa\/\",\"name\":\"Doa\u00e7\u00e3o de Sangue - Posto Avan\u00e7ado de Coleta Externa - Hospital Municipal Carlos Chagas\",\"isPartOf\":{\"@id\":\"https:\/\/www.fsfx.com.br\/hmcc\/#website\"},\"primaryImageOfPage\":{\"@id\":\"https:\/\/www.fsfx.com.br\/hmcc\/doacao-de-sangue-posto-avancado-de-coleta-externa\/#primaryimage\"},\"image\":{\"@id\":\"https:\/\/www.fsfx.com.br\/hmcc\/doacao-de-sangue-posto-avancado-de-coleta-externa\/#primaryimage\"},\"thumbnailUrl\":\"https:\/\/www.fsfx.com.br\/hmcc\/wp-content\/uploads\/sites\/5\/2024\/06\/doe.png\",\"datePublished\":\"2024-06-10T16:56:14+00:00\",\"dateModified\":\"2024-06-10T18:17:16+00:00\",\"breadcrumb\":{\"@id\":\"https:\/\/www.fsfx.com.br\/hmcc\/doacao-de-sangue-posto-avancado-de-coleta-externa\/#breadcrumb\"},\"inLanguage\":\"pt-BR\",\"potentialAction\":[{\"@type\":\"ReadAction\",\"target\":[\"https:\/\/www.fsfx.com.br\/hmcc\/doacao-de-sangue-posto-avancado-de-coleta-externa\/\"]}]},{\"@type\":\"ImageObject\",\"inLanguage\":\"pt-BR\",\"@id\":\"https:\/\/www.fsfx.com.br\/hmcc\/doacao-de-sangue-posto-avancado-de-coleta-externa\/#primaryimage\",\"url\":\"https:\/\/www.fsfx.com.br\/hmcc\/wp-content\/uploads\/sites\/5\/2024\/06\/doe.png\",\"contentUrl\":\"https:\/\/www.fsfx.com.br\/hmcc\/wp-content\/uploads\/sites\/5\/2024\/06\/doe.png\",\"width\":633,\"height\":666},{\"@type\":\"BreadcrumbList\",\"@id\":\"https:\/\/www.fsfx.com.br\/hmcc\/doacao-de-sangue-posto-avancado-de-coleta-externa\/#breadcrumb\",\"itemListElement\":[{\"@type\":\"ListItem\",\"position\":1,\"name\":\"In\u00edcio\",\"item\":\"https:\/\/www.fsfx.com.br\/hmcc\/\"},{\"@type\":\"ListItem\",\"position\":2,\"name\":\"Doa\u00e7\u00e3o de Sangue &#8211; Posto Avan\u00e7ado de Coleta Externa\"}]},{\"@type\":\"WebSite\",\"@id\":\"https:\/\/www.fsfx.com.br\/hmcc\/#website\",\"url\":\"https:\/\/www.fsfx.com.br\/hmcc\/\",\"name\":\"Hospital Municipal Carlos Chagas\",\"description\":\"Hospital geral, administrado pela Funda\u00e7\u00e3o S\u00e3o Francisco Xavier, com atendimento 100% por meio do Sistema \u00danico de Sa\u00fade.\",\"publisher\":{\"@id\":\"https:\/\/www.fsfx.com.br\/hmcc\/#organization\"},\"potentialAction\":[{\"@type\":\"SearchAction\",\"target\":{\"@type\":\"EntryPoint\",\"urlTemplate\":\"https:\/\/www.fsfx.com.br\/hmcc\/?s={search_term_string}\"},\"query-input\":{\"@type\":\"PropertyValueSpecification\",\"valueRequired\":true,\"valueName\":\"search_term_string\"}}],\"inLanguage\":\"pt-BR\"},{\"@type\":\"Organization\",\"@id\":\"https:\/\/www.fsfx.com.br\/hmcc\/#organization\",\"name\":\"HMCC - Hospital Municipal Carlos Chagas\",\"url\":\"https:\/\/www.fsfx.com.br\/hmcc\/\",\"logo\":{\"@type\":\"ImageObject\",\"inLanguage\":\"pt-BR\",\"@id\":\"https:\/\/www.fsfx.com.br\/hmcc\/#\/schema\/logo\/image\/\",\"url\":\"https:\/\/www.fsfx.com.br\/hmcc\/wp-content\/uploads\/sites\/5\/2022\/03\/logo-hmcc-sticky-header.png\",\"contentUrl\":\"https:\/\/www.fsfx.com.br\/hmcc\/wp-content\/uploads\/sites\/5\/2022\/03\/logo-hmcc-sticky-header.png\",\"width\":261,\"height\":47,\"caption\":\"HMCC - Hospital Municipal Carlos Chagas\"},\"image\":{\"@id\":\"https:\/\/www.fsfx.com.br\/hmcc\/#\/schema\/logo\/image\/\"}}]}<\/script>\n<!-- \/ Yoast SEO plugin. -->","yoast_head_json":{"title":"Doa\u00e7\u00e3o de Sangue - Posto Avan\u00e7ado de Coleta Externa - Hospital Municipal Carlos Chagas","robots":{"index":"index","follow":"follow","max-snippet":"max-snippet:-1","max-image-preview":"max-image-preview:large","max-video-preview":"max-video-preview:-1"},"canonical":"https:\/\/www.fsfx.com.br\/hmcc\/doacao-de-sangue-posto-avancado-de-coleta-externa\/","og_locale":"pt_BR","og_type":"article","og_title":"Doa\u00e7\u00e3o de Sangue - Posto Avan\u00e7ado de Coleta Externa - Hospital Municipal Carlos Chagas","og_description":"Estrutura Doe Sangue.Doe Vida. Voc\u00ea sabe o qu\u00e3o importante o sangue \u00e9 para o funcionamento do corpo humano? O sangue tem papel fundamental, \u00e9 ele quem leva oxig\u00eanio para os tecidos, defende nosso organismo contra infec\u00e7\u00f5es e \u00e9 respons\u00e1vel pela coagula\u00e7\u00e3o. Por isso \u00e9 t\u00e3o importante contar com a ajuda de doadores volunt\u00e1rios. Ele \u00e9 [&hellip;]","og_url":"https:\/\/www.fsfx.com.br\/hmcc\/doacao-de-sangue-posto-avancado-de-coleta-externa\/","og_site_name":"Hospital Municipal Carlos Chagas","article_modified_time":"2024-06-10T18:17:16+00:00","og_image":[{"url":"https:\/\/www.fsfx.com.br\/hmcc\/wp-content\/uploads\/sites\/5\/2024\/06\/doe.png","type":"","width":"","height":""}],"twitter_card":"summary_large_image","twitter_misc":{"Est. tempo de leitura":"3 minutos"},"schema":{"@context":"https:\/\/schema.org","@graph":[{"@type":"WebPage","@id":"https:\/\/www.fsfx.com.br\/hmcc\/doacao-de-sangue-posto-avancado-de-coleta-externa\/","url":"https:\/\/www.fsfx.com.br\/hmcc\/doacao-de-sangue-posto-avancado-de-coleta-externa\/","name":"Doa\u00e7\u00e3o de Sangue - Posto Avan\u00e7ado de Coleta Externa - Hospital Municipal Carlos Chagas","isPartOf":{"@id":"https:\/\/www.fsfx.com.br\/hmcc\/#website"},"primaryImageOfPage":{"@id":"https:\/\/www.fsfx.com.br\/hmcc\/doacao-de-sangue-posto-avancado-de-coleta-externa\/#primaryimage"},"image":{"@id":"https:\/\/www.fsfx.com.br\/hmcc\/doacao-de-sangue-posto-avancado-de-coleta-externa\/#primaryimage"},"thumbnailUrl":"https:\/\/www.fsfx.com.br\/hmcc\/wp-content\/uploads\/sites\/5\/2024\/06\/doe.png","datePublished":"2024-06-10T16:56:14+00:00","dateModified":"2024-06-10T18:17:16+00:00","breadcrumb":{"@id":"https:\/\/www.fsfx.com.br\/hmcc\/doacao-de-sangue-posto-avancado-de-coleta-externa\/#breadcrumb"},"inLanguage":"pt-BR","potentialAction":[{"@type":"ReadAction","target":["https:\/\/www.fsfx.com.br\/hmcc\/doacao-de-sangue-posto-avancado-de-coleta-externa\/"]}]},{"@type":"ImageObject","inLanguage":"pt-BR","@id":"https:\/\/www.fsfx.com.br\/hmcc\/doacao-de-sangue-posto-avancado-de-coleta-externa\/#primaryimage","url":"https:\/\/www.fsfx.com.br\/hmcc\/wp-content\/uploads\/sites\/5\/2024\/06\/doe.png","contentUrl":"https:\/\/www.fsfx.com.br\/hmcc\/wp-content\/uploads\/sites\/5\/2024\/06\/doe.png","width":633,"height":666},{"@type":"BreadcrumbList","@id":"https:\/\/www.fsfx.com.br\/hmcc\/doacao-de-sangue-posto-avancado-de-coleta-externa\/#breadcrumb","itemListElement":[{"@type":"ListItem","position":1,"name":"In\u00edcio","item":"https:\/\/www.fsfx.com.br\/hmcc\/"},{"@type":"ListItem","position":2,"name":"Doa\u00e7\u00e3o de Sangue &#8211; Posto Avan\u00e7ado de Coleta Externa"}]},{"@type":"WebSite","@id":"https:\/\/www.fsfx.com.br\/hmcc\/#website","url":"https:\/\/www.fsfx.com.br\/hmcc\/","name":"Hospital Municipal Carlos Chagas","description":"Hospital geral, administrado pela Funda\u00e7\u00e3o S\u00e3o Francisco Xavier, com atendimento 100% por meio do Sistema \u00danico de Sa\u00fade.","publisher":{"@id":"https:\/\/www.fsfx.com.br\/hmcc\/#organization"},"potentialAction":[{"@type":"SearchAction","target":{"@type":"EntryPoint","urlTemplate":"https:\/\/www.fsfx.com.br\/hmcc\/?s={search_term_string}"},"query-input":{"@type":"PropertyValueSpecification","valueRequired":true,"valueName":"search_term_string"}}],"inLanguage":"pt-BR"},{"@type":"Organization","@id":"https:\/\/www.fsfx.com.br\/hmcc\/#organization","name":"HMCC - Hospital Municipal Carlos Chagas","url":"https:\/\/www.fsfx.com.br\/hmcc\/","logo":{"@type":"ImageObject","inLanguage":"pt-BR","@id":"https:\/\/www.fsfx.com.br\/hmcc\/#\/schema\/logo\/image\/","url":"https:\/\/www.fsfx.com.br\/hmcc\/wp-content\/uploads\/sites\/5\/2022\/03\/logo-hmcc-sticky-header.png","contentUrl":"https:\/\/www.fsfx.com.br\/hmcc\/wp-content\/uploads\/sites\/5\/2022\/03\/logo-hmcc-sticky-header.png","width":261,"height":47,"caption":"HMCC - Hospital Municipal Carlos Chagas"},"image":{"@id":"https:\/\/www.fsfx.com.br\/hmcc\/#\/schema\/logo\/image\/"}}]}},"_links":{"self":[{"href":"https:\/\/www.fsfx.com.br\/hmcc\/wp-json\/wp\/v2\/pages\/7790","targetHints":{"allow":["GET"]}}],"collection":[{"href":"https:\/\/www.fsfx.com.br\/hmcc\/wp-json\/wp\/v2\/pages"}],"about":[{"href":"https:\/\/www.fsfx.com.br\/hmcc\/wp-json\/wp\/v2\/types\/page"}],"author":[{"embeddable":true,"href":"https:\/\/www.fsfx.com.br\/hmcc\/wp-json\/wp\/v2\/users\/6"}],"replies":[{"embeddable":true,"href":"https:\/\/www.fsfx.com.br\/hmcc\/wp-json\/wp\/v2\/comments?post=7790"}],"version-history":[{"count":7,"href":"https:\/\/www.fsfx.com.br\/hmcc\/wp-json\/wp\/v2\/pages\/7790\/revisions"}],"predecessor-version":[{"id":7799,"href":"https:\/\/www.fsfx.com.br\/hmcc\/wp-json\/wp\/v2\/pages\/7790\/revisions\/7799"}],"wp:attachment":[{"href":"https:\/\/www.fsfx.com.br\/hmcc\/wp-json\/wp\/v2\/media?parent=7790"}],"curies":[{"name":"wp","href":"https:\/\/api.w.org\/{rel}","templated":true}]}}