{"id":2344,"date":"2022-04-26T10:47:46","date_gmt":"2022-04-26T13:47:46","guid":{"rendered":"https:\/\/www.fsfx.com.br\/hospital-marcio-cunha\/?page_id=2344"},"modified":"2023-02-17T11:19:09","modified_gmt":"2023-02-17T14:19:09","slug":"hmc-unidade-i","status":"publish","type":"page","link":"https:\/\/www.fsfx.com.br\/hospital-marcio-cunha\/hmc-unidade-i\/","title":{"rendered":"HMC Unidade I"},"content":{"rendered":"\t\t<div data-elementor-type=\"wp-page\" data-elementor-id=\"2344\" class=\"elementor elementor-2344\" data-elementor-post-type=\"page\">\n\t\t\t\t<div class=\"elementor-element elementor-element-604b064 e-flex e-con-boxed e-con e-parent\" data-id=\"604b064\" data-element_type=\"container\" data-settings=\"{&quot;jet_parallax_layout_list&quot;:[]}\">\n\t\t\t\t\t<div class=\"e-con-inner\">\n\t\t<div class=\"elementor-element elementor-element-63cfd0a e-con-full e-flex e-con e-child\" data-id=\"63cfd0a\" data-element_type=\"container\" data-settings=\"{&quot;jet_parallax_layout_list&quot;:[]}\">\n\t\t\t\t<div class=\"elementor-element elementor-element-d592c1a elementor-widget elementor-widget-image\" data-id=\"d592c1a\" data-element_type=\"widget\" data-widget_type=\"image.default\">\n\t\t\t\t<div class=\"elementor-widget-container\">\n\t\t\t\t\t\t\t\t\t\t\t\t\t\t\t<img fetchpriority=\"high\" decoding=\"async\" width=\"633\" height=\"666\" src=\"https:\/\/www.fsfx.com.br\/hospital-marcio-cunha\/wp-content\/uploads\/sites\/9\/2022\/06\/hmc1-1.png\" class=\"attachment-large size-large wp-image-7318\" alt=\"\" srcset=\"https:\/\/www.fsfx.com.br\/hospital-marcio-cunha\/wp-content\/uploads\/sites\/9\/2022\/06\/hmc1-1.png 633w, https:\/\/www.fsfx.com.br\/hospital-marcio-cunha\/wp-content\/uploads\/sites\/9\/2022\/06\/hmc1-1-285x300.png 285w\" sizes=\"(max-width: 633px) 100vw, 633px\" \/>\t\t\t\t\t\t\t\t\t\t\t\t\t\t\t<\/div>\n\t\t\t\t<\/div>\n\t\t\t\t<\/div>\n\t\t<div class=\"elementor-element elementor-element-09a12b7 e-con-full e-flex e-con e-child\" data-id=\"09a12b7\" data-element_type=\"container\" data-settings=\"{&quot;jet_parallax_layout_list&quot;:[]}\">\n\t\t\t\t<div class=\"elementor-element elementor-element-fb2fa44 elementor-vertical-align-top elementor-widget elementor-widget-image-box\" data-id=\"fb2fa44\" data-element_type=\"widget\" data-widget_type=\"image-box.default\">\n\t\t\t\t<div class=\"elementor-widget-container\">\n\t\t\t\t\t<div class=\"elementor-image-box-wrapper\"><div class=\"elementor-image-box-content\"><h3 class=\"elementor-image-box-title\">Unidades<\/h3><p class=\"elementor-image-box-description\">Unidade I<\/p><\/div><\/div>\t\t\t\t<\/div>\n\t\t\t\t<\/div>\n\t\t\t\t<div class=\"elementor-element elementor-element-6b3e113 elementor-widget elementor-widget-text-editor\" data-id=\"6b3e113\" data-element_type=\"widget\" data-widget_type=\"text-editor.default\">\n\t\t\t\t<div class=\"elementor-widget-container\">\n\t\t\t\t\t\t\t\t\t<p>A unidade I do Hospital M\u00e1rcio Cunha, possui 426 leitos em 7 andares de interna\u00e7\u00e3o, al\u00e9m de uma estrutura completa de \u00e1reas de apoio e atendimento, como Pronto-Socorro, UTI Adulto, UTI Neonatal e Pedi\u00e1trica, Centro Obst\u00e9trico, Centro de Terapia Renal Substitutiva, Unidade de Apoio Diagn\u00f3stico e Ambulat\u00f3rio.<\/p><ul><li><strong>Endere\u00e7o: <\/strong> Kiyoshi Tsunawaki, 41, Bairro das \u00c1guas, Ipatinga \u2013 MG<\/li><li><strong style=\"font-size: 16px;\">Telefone: <\/strong><span style=\"font-size: 16px;\">(31) 3829-9000<\/span><\/li><\/ul>\t\t\t\t\t\t\t\t<\/div>\n\t\t\t\t<\/div>\n\t\t\t\t<\/div>\n\t\t\t\t\t<\/div>\n\t\t\t\t<\/div>\n\t\t<div class=\"elementor-element elementor-element-52b3e03 e-con-full e-flex e-con e-parent\" data-id=\"52b3e03\" data-element_type=\"container\" data-settings=\"{&quot;jet_parallax_layout_list&quot;:[]}\">\n\t\t<div class=\"elementor-element elementor-element-e9aa3da e-con-full e-flex e-con e-child\" data-id=\"e9aa3da\" data-element_type=\"container\" data-settings=\"{&quot;background_background&quot;:&quot;classic&quot;,&quot;jet_parallax_layout_list&quot;:[]}\">\n\t\t<div class=\"elementor-element elementor-element-0693e97 e-flex e-con-boxed e-con e-child\" data-id=\"0693e97\" data-element_type=\"container\" data-settings=\"{&quot;jet_parallax_layout_list&quot;:[]}\">\n\t\t\t\t\t<div class=\"e-con-inner\">\n\t\t\t\t<div class=\"elementor-element elementor-element-368729b elementor-widget elementor-widget-image\" data-id=\"368729b\" data-element_type=\"widget\" data-widget_type=\"image.default\">\n\t\t\t\t<div class=\"elementor-widget-container\">\n\t\t\t\t\t\t\t\t\t\t\t\t\t\t\t<img decoding=\"async\" width=\"487\" height=\"581\" src=\"https:\/\/www.fsfx.com.br\/hospital-marcio-cunha\/wp-content\/uploads\/sites\/9\/2022\/04\/couple-1.png\" class=\"attachment-large size-large wp-image-2857\" alt=\"\" srcset=\"https:\/\/www.fsfx.com.br\/hospital-marcio-cunha\/wp-content\/uploads\/sites\/9\/2022\/04\/couple-1.png 487w, https:\/\/www.fsfx.com.br\/hospital-marcio-cunha\/wp-content\/uploads\/sites\/9\/2022\/04\/couple-1-251x300.png 251w\" sizes=\"(max-width: 487px) 100vw, 487px\" \/>\t\t\t\t\t\t\t\t\t\t\t\t\t\t\t<\/div>\n\t\t\t\t<\/div>\n\t\t\t\t\t<\/div>\n\t\t\t\t<\/div>\n\t\t\t\t<\/div>\n\t\t<div class=\"elementor-element elementor-element-ebdd2db e-con-full e-flex e-con e-child\" data-id=\"ebdd2db\" data-element_type=\"container\" data-settings=\"{&quot;background_background&quot;:&quot;classic&quot;,&quot;jet_parallax_layout_list&quot;:[]}\">\n\t\t<div class=\"elementor-element elementor-element-edca946 e-flex e-con-boxed e-con e-child\" data-id=\"edca946\" data-element_type=\"container\" data-settings=\"{&quot;jet_parallax_layout_list&quot;:[]}\">\n\t\t\t\t\t<div class=\"e-con-inner\">\n\t\t\t\t<div class=\"elementor-element elementor-element-35ae1a6 elementor-vertical-align-top elementor-widget elementor-widget-image-box\" data-id=\"35ae1a6\" data-element_type=\"widget\" data-widget_type=\"image-box.default\">\n\t\t\t\t<div class=\"elementor-widget-container\">\n\t\t\t\t\t<div class=\"elementor-image-box-wrapper\"><div class=\"elementor-image-box-content\"><h3 class=\"elementor-image-box-title\">Fale Conosco<\/h3><p class=\"elementor-image-box-description\">Entre em Contato<\/p><\/div><\/div>\t\t\t\t<\/div>\n\t\t\t\t<\/div>\n\t\t\t\t<div class=\"elementor-element elementor-element-b2b1928 elementor-widget elementor-widget-shortcode\" data-id=\"b2b1928\" data-element_type=\"widget\" data-widget_type=\"shortcode.default\">\n\t\t\t\t<div class=\"elementor-widget-container\">\n\t\t\t\t\t\t\t<div class=\"elementor-shortcode\">\n<div class=\"wpcf7 no-js\" id=\"wpcf7-f10606-o1\" lang=\"pt-BR\" dir=\"ltr\" data-wpcf7-id=\"10606\">\n<div class=\"screen-reader-response\"><p role=\"status\" aria-live=\"polite\" aria-atomic=\"true\"><\/p> <ul><\/ul><\/div>\n<form action=\"\/hospital-marcio-cunha\/wp-json\/wp\/v2\/pages\/2344#wpcf7-f10606-o1\" method=\"post\" class=\"wpcf7-form init\" aria-label=\"Formul\u00e1rios de contato\" novalidate=\"novalidate\" data-status=\"init\">\n<fieldset class=\"hidden-fields-container\"><input type=\"hidden\" name=\"_wpcf7\" value=\"10606\" \/><input type=\"hidden\" name=\"_wpcf7_version\" value=\"6.1.4\" \/><input type=\"hidden\" name=\"_wpcf7_locale\" value=\"pt_BR\" \/><input type=\"hidden\" name=\"_wpcf7_unit_tag\" value=\"wpcf7-f10606-o1\" \/><input type=\"hidden\" name=\"_wpcf7_container_post\" value=\"0\" \/><input type=\"hidden\" name=\"_wpcf7_posted_data_hash\" value=\"\" \/>\n<\/fieldset>\n<div class=\"formularios\">\n<div class=\"lado-a-lado\">\n<span class=\"wpcf7-form-control-wrap\" data-name=\"nome\"><input size=\"40\" maxlength=\"400\" class=\"wpcf7-form-control wpcf7-text wpcf7-validates-as-required\" aria-required=\"true\" aria-invalid=\"false\" placeholder=\"Nome\" value=\"\" type=\"text\" name=\"nome\" \/><\/span> <span class=\"wpcf7-form-control-wrap\" data-name=\"email\"><input size=\"40\" maxlength=\"400\" class=\"wpcf7-form-control wpcf7-email wpcf7-validates-as-required wpcf7-text wpcf7-validates-as-email\" aria-required=\"true\" aria-invalid=\"false\" placeholder=\"Email\" value=\"\" type=\"email\" name=\"email\" \/><\/span> \n<span class=\"wpcf7-form-control-wrap\" data-name=\"telefone\"><input size=\"40\" maxlength=\"400\" class=\"wpcf7-form-control wpcf7-tel wpcf7-validates-as-required wpcf7-text wpcf7-validates-as-tel\" aria-required=\"true\" aria-invalid=\"false\" placeholder=\"Telefone\" value=\"\" type=\"tel\" name=\"telefone\" \/><\/span> <span class=\"wpcf7-form-control-wrap\" data-name=\"assunto\"><input size=\"40\" maxlength=\"400\" class=\"wpcf7-form-control wpcf7-text wpcf7-validates-as-required\" aria-required=\"true\" aria-invalid=\"false\" placeholder=\"Assunto\" value=\"\" type=\"text\" name=\"assunto\" \/><\/span>\n<\/div>\n<div class=\"uma-linha\">\n<span class=\"wpcf7-form-control-wrap\" data-name=\"mensagem\"><textarea cols=\"10\" rows=\"4\" maxlength=\"2000\" class=\"wpcf7-form-control wpcf7-textarea wpcf7-validates-as-required\" aria-required=\"true\" aria-invalid=\"false\" placeholder=\"Mensagem:\" name=\"mensagem\"><\/textarea><\/span>\n<\/div>\n<input class=\"wpcf7-form-control wpcf7-submit has-spinner\" type=\"submit\" value=\"Enviar\" \/>\n<\/div><div class=\"wpcf7-response-output\" aria-hidden=\"true\"><\/div>\n<\/form>\n<\/div>\n<\/div>\n\t\t\t\t\t\t<\/div>\n\t\t\t\t<\/div>\n\t\t\t\t\t<\/div>\n\t\t\t\t<\/div>\n\t\t\t\t<\/div>\n\t\t\t\t<\/div>\n\t\t\t\t<\/div>\n\t\t","protected":false},"excerpt":{"rendered":"<p>Unidades Unidade I A unidade I do Hospital M\u00e1rcio Cunha, possui 426 leitos em 7 andares de interna\u00e7\u00e3o, al\u00e9m de uma estrutura completa de \u00e1reas de apoio e atendimento, como Pronto-Socorro, UTI Adulto, UTI Neonatal e Pedi\u00e1trica, Centro Obst\u00e9trico, Centro de Terapia Renal Substitutiva, Unidade de Apoio Diagn\u00f3stico e Ambulat\u00f3rio. Endere\u00e7o: Kiyoshi Tsunawaki, 41, Bairro [&hellip;]<\/p>\n","protected":false},"author":2,"featured_media":0,"parent":0,"menu_order":0,"comment_status":"closed","ping_status":"closed","template":"","meta":{"_acf_changed":false,"site-sidebar-layout":"no-sidebar","site-content-layout":"page-builder","ast-site-content-layout":"default","site-content-style":"default","site-sidebar-style":"default","ast-global-header-display":"","ast-banner-title-visibility":"","ast-main-header-display":"","ast-hfb-above-header-display":"","ast-hfb-below-header-display":"","ast-hfb-mobile-header-display":"","site-post-title":"disabled","ast-breadcrumbs-content":"","ast-featured-img":"disabled","footer-sml-layout":"","theme-transparent-header-meta":"default","adv-header-id-meta":"","stick-header-meta":"","header-above-stick-meta":"","header-main-stick-meta":"","header-below-stick-meta":"","astra-migrate-meta-layouts":"default","ast-page-background-enabled":"default","ast-page-background-meta":{"desktop":{"background-color":"var(--ast-global-color-4)","background-image":"","background-repeat":"repeat","background-position":"center center","background-size":"auto","background-attachment":"scroll","background-type":"","background-media":"","overlay-type":"","overlay-color":"","overlay-opacity":"","overlay-gradient":""},"tablet":{"background-color":"","background-image":"","background-repeat":"repeat","background-position":"center center","background-size":"auto","background-attachment":"scroll","background-type":"","background-media":"","overlay-type":"","overlay-color":"","overlay-opacity":"","overlay-gradient":""},"mobile":{"background-color":"","background-image":"","background-repeat":"repeat","background-position":"center center","background-size":"auto","background-attachment":"scroll","background-type":"","background-media":"","overlay-type":"","overlay-color":"","overlay-opacity":"","overlay-gradient":""}},"ast-content-background-meta":{"desktop":{"background-color":"var(--ast-global-color-5)","background-image":"","background-repeat":"repeat","background-position":"center center","background-size":"auto","background-attachment":"scroll","background-type":"","background-media":"","overlay-type":"","overlay-color":"","overlay-opacity":"","overlay-gradient":""},"tablet":{"background-color":"var(--ast-global-color-5)","background-image":"","background-repeat":"repeat","background-position":"center center","background-size":"auto","background-attachment":"scroll","background-type":"","background-media":"","overlay-type":"","overlay-color":"","overlay-opacity":"","overlay-gradient":""},"mobile":{"background-color":"var(--ast-global-color-5)","background-image":"","background-repeat":"repeat","background-position":"center center","background-size":"auto","background-attachment":"scroll","background-type":"","background-media":"","overlay-type":"","overlay-color":"","overlay-opacity":"","overlay-gradient":""}},"footnotes":""},"class_list":["post-2344","page","type-page","status-publish","hentry"],"acf":[],"yoast_head":"<!-- This site is optimized with the Yoast SEO plugin v26.9 - https:\/\/yoast.com\/product\/yoast-seo-wordpress\/ -->\n<title>HMC Unidade I - Hospital M\u00e1rcio Cunha<\/title>\n<meta name=\"robots\" content=\"index, follow, max-snippet:-1, max-image-preview:large, max-video-preview:-1\" \/>\n<link rel=\"canonical\" href=\"https:\/\/www.fsfx.com.br\/hospital-marcio-cunha\/hmc-unidade-i\/\" \/>\n<meta property=\"og:locale\" content=\"pt_BR\" \/>\n<meta property=\"og:type\" content=\"article\" \/>\n<meta property=\"og:title\" content=\"HMC Unidade I - Hospital M\u00e1rcio Cunha\" \/>\n<meta property=\"og:description\" content=\"Unidades Unidade I A unidade I do Hospital M\u00e1rcio Cunha, possui 426 leitos em 7 andares de interna\u00e7\u00e3o, al\u00e9m de uma estrutura completa de \u00e1reas de apoio e atendimento, como Pronto-Socorro, UTI Adulto, UTI Neonatal e Pedi\u00e1trica, Centro Obst\u00e9trico, Centro de Terapia Renal Substitutiva, Unidade de Apoio Diagn\u00f3stico e Ambulat\u00f3rio. Endere\u00e7o: Kiyoshi Tsunawaki, 41, Bairro [&hellip;]\" \/>\n<meta property=\"og:url\" content=\"https:\/\/www.fsfx.com.br\/hospital-marcio-cunha\/hmc-unidade-i\/\" \/>\n<meta property=\"og:site_name\" content=\"Hospital M\u00e1rcio Cunha\" \/>\n<meta property=\"article:modified_time\" content=\"2023-02-17T14:19:09+00:00\" \/>\n<meta property=\"og:image\" content=\"https:\/\/www.fsfx.com.br\/hospital-marcio-cunha\/wp-content\/uploads\/sites\/9\/2022\/06\/hmc1-1.png\" \/>\n<meta name=\"twitter:card\" content=\"summary_large_image\" \/>\n<meta name=\"twitter:label1\" content=\"Est. tempo de leitura\" \/>\n\t<meta name=\"twitter:data1\" content=\"1 minuto\" \/>\n<script type=\"application\/ld+json\" class=\"yoast-schema-graph\">{\"@context\":\"https:\/\/schema.org\",\"@graph\":[{\"@type\":\"WebPage\",\"@id\":\"https:\/\/www.fsfx.com.br\/hospital-marcio-cunha\/hmc-unidade-i\/\",\"url\":\"https:\/\/www.fsfx.com.br\/hospital-marcio-cunha\/hmc-unidade-i\/\",\"name\":\"HMC Unidade I - Hospital M\u00e1rcio Cunha\",\"isPartOf\":{\"@id\":\"https:\/\/www.fsfx.com.br\/hospital-marcio-cunha\/#website\"},\"primaryImageOfPage\":{\"@id\":\"https:\/\/www.fsfx.com.br\/hospital-marcio-cunha\/hmc-unidade-i\/#primaryimage\"},\"image\":{\"@id\":\"https:\/\/www.fsfx.com.br\/hospital-marcio-cunha\/hmc-unidade-i\/#primaryimage\"},\"thumbnailUrl\":\"https:\/\/www.fsfx.com.br\/hospital-marcio-cunha\/wp-content\/uploads\/sites\/9\/2022\/06\/hmc1-1.png\",\"datePublished\":\"2022-04-26T13:47:46+00:00\",\"dateModified\":\"2023-02-17T14:19:09+00:00\",\"breadcrumb\":{\"@id\":\"https:\/\/www.fsfx.com.br\/hospital-marcio-cunha\/hmc-unidade-i\/#breadcrumb\"},\"inLanguage\":\"pt-BR\",\"potentialAction\":[{\"@type\":\"ReadAction\",\"target\":[\"https:\/\/www.fsfx.com.br\/hospital-marcio-cunha\/hmc-unidade-i\/\"]}]},{\"@type\":\"ImageObject\",\"inLanguage\":\"pt-BR\",\"@id\":\"https:\/\/www.fsfx.com.br\/hospital-marcio-cunha\/hmc-unidade-i\/#primaryimage\",\"url\":\"https:\/\/www.fsfx.com.br\/hospital-marcio-cunha\/wp-content\/uploads\/sites\/9\/2022\/06\/hmc1-1.png\",\"contentUrl\":\"https:\/\/www.fsfx.com.br\/hospital-marcio-cunha\/wp-content\/uploads\/sites\/9\/2022\/06\/hmc1-1.png\",\"width\":633,\"height\":666},{\"@type\":\"BreadcrumbList\",\"@id\":\"https:\/\/www.fsfx.com.br\/hospital-marcio-cunha\/hmc-unidade-i\/#breadcrumb\",\"itemListElement\":[{\"@type\":\"ListItem\",\"position\":1,\"name\":\"In\u00edcio\",\"item\":\"https:\/\/www.fsfx.com.br\/hospital-marcio-cunha\/\"},{\"@type\":\"ListItem\",\"position\":2,\"name\":\"HMC Unidade I\"}]},{\"@type\":\"WebSite\",\"@id\":\"https:\/\/www.fsfx.com.br\/hospital-marcio-cunha\/#website\",\"url\":\"https:\/\/www.fsfx.com.br\/hospital-marcio-cunha\/\",\"name\":\"Hospital M\u00e1rcio Cunha\",\"description\":\"O Hospital M\u00e1rcio Cunha (HMC) \u00e9 um hospital geral de alta complexidade, com 558 leitos e tr\u00eas unidades, sendo uma unidade exclusiva para o tratamento oncol\u00f3gico.\",\"publisher\":{\"@id\":\"https:\/\/www.fsfx.com.br\/hospital-marcio-cunha\/#organization\"},\"potentialAction\":[{\"@type\":\"SearchAction\",\"target\":{\"@type\":\"EntryPoint\",\"urlTemplate\":\"https:\/\/www.fsfx.com.br\/hospital-marcio-cunha\/?s={search_term_string}\"},\"query-input\":{\"@type\":\"PropertyValueSpecification\",\"valueRequired\":true,\"valueName\":\"search_term_string\"}}],\"inLanguage\":\"pt-BR\"},{\"@type\":\"Organization\",\"@id\":\"https:\/\/www.fsfx.com.br\/hospital-marcio-cunha\/#organization\",\"name\":\"HMC - Hospital M\u00e1rcio Cunha\",\"url\":\"https:\/\/www.fsfx.com.br\/hospital-marcio-cunha\/\",\"logo\":{\"@type\":\"ImageObject\",\"inLanguage\":\"pt-BR\",\"@id\":\"https:\/\/www.fsfx.com.br\/hospital-marcio-cunha\/#\/schema\/logo\/image\/\",\"url\":\"https:\/\/www.fsfx.com.br\/hospital-marcio-cunha\/wp-content\/uploads\/sites\/9\/2022\/04\/logo-hmc-color.png\",\"contentUrl\":\"https:\/\/www.fsfx.com.br\/hospital-marcio-cunha\/wp-content\/uploads\/sites\/9\/2022\/04\/logo-hmc-color.png\",\"width\":264,\"height\":59,\"caption\":\"HMC - Hospital M\u00e1rcio Cunha\"},\"image\":{\"@id\":\"https:\/\/www.fsfx.com.br\/hospital-marcio-cunha\/#\/schema\/logo\/image\/\"}}]}<\/script>\n<!-- \/ Yoast SEO plugin. -->","yoast_head_json":{"title":"HMC Unidade I - Hospital M\u00e1rcio Cunha","robots":{"index":"index","follow":"follow","max-snippet":"max-snippet:-1","max-image-preview":"max-image-preview:large","max-video-preview":"max-video-preview:-1"},"canonical":"https:\/\/www.fsfx.com.br\/hospital-marcio-cunha\/hmc-unidade-i\/","og_locale":"pt_BR","og_type":"article","og_title":"HMC Unidade I - Hospital M\u00e1rcio Cunha","og_description":"Unidades Unidade I A unidade I do Hospital M\u00e1rcio Cunha, possui 426 leitos em 7 andares de interna\u00e7\u00e3o, al\u00e9m de uma estrutura completa de \u00e1reas de apoio e atendimento, como Pronto-Socorro, UTI Adulto, UTI Neonatal e Pedi\u00e1trica, Centro Obst\u00e9trico, Centro de Terapia Renal Substitutiva, Unidade de Apoio Diagn\u00f3stico e Ambulat\u00f3rio. Endere\u00e7o: Kiyoshi Tsunawaki, 41, Bairro [&hellip;]","og_url":"https:\/\/www.fsfx.com.br\/hospital-marcio-cunha\/hmc-unidade-i\/","og_site_name":"Hospital M\u00e1rcio Cunha","article_modified_time":"2023-02-17T14:19:09+00:00","og_image":[{"url":"https:\/\/www.fsfx.com.br\/hospital-marcio-cunha\/wp-content\/uploads\/sites\/9\/2022\/06\/hmc1-1.png","type":"","width":"","height":""}],"twitter_card":"summary_large_image","twitter_misc":{"Est. tempo de leitura":"1 minuto"},"schema":{"@context":"https:\/\/schema.org","@graph":[{"@type":"WebPage","@id":"https:\/\/www.fsfx.com.br\/hospital-marcio-cunha\/hmc-unidade-i\/","url":"https:\/\/www.fsfx.com.br\/hospital-marcio-cunha\/hmc-unidade-i\/","name":"HMC Unidade I - Hospital M\u00e1rcio Cunha","isPartOf":{"@id":"https:\/\/www.fsfx.com.br\/hospital-marcio-cunha\/#website"},"primaryImageOfPage":{"@id":"https:\/\/www.fsfx.com.br\/hospital-marcio-cunha\/hmc-unidade-i\/#primaryimage"},"image":{"@id":"https:\/\/www.fsfx.com.br\/hospital-marcio-cunha\/hmc-unidade-i\/#primaryimage"},"thumbnailUrl":"https:\/\/www.fsfx.com.br\/hospital-marcio-cunha\/wp-content\/uploads\/sites\/9\/2022\/06\/hmc1-1.png","datePublished":"2022-04-26T13:47:46+00:00","dateModified":"2023-02-17T14:19:09+00:00","breadcrumb":{"@id":"https:\/\/www.fsfx.com.br\/hospital-marcio-cunha\/hmc-unidade-i\/#breadcrumb"},"inLanguage":"pt-BR","potentialAction":[{"@type":"ReadAction","target":["https:\/\/www.fsfx.com.br\/hospital-marcio-cunha\/hmc-unidade-i\/"]}]},{"@type":"ImageObject","inLanguage":"pt-BR","@id":"https:\/\/www.fsfx.com.br\/hospital-marcio-cunha\/hmc-unidade-i\/#primaryimage","url":"https:\/\/www.fsfx.com.br\/hospital-marcio-cunha\/wp-content\/uploads\/sites\/9\/2022\/06\/hmc1-1.png","contentUrl":"https:\/\/www.fsfx.com.br\/hospital-marcio-cunha\/wp-content\/uploads\/sites\/9\/2022\/06\/hmc1-1.png","width":633,"height":666},{"@type":"BreadcrumbList","@id":"https:\/\/www.fsfx.com.br\/hospital-marcio-cunha\/hmc-unidade-i\/#breadcrumb","itemListElement":[{"@type":"ListItem","position":1,"name":"In\u00edcio","item":"https:\/\/www.fsfx.com.br\/hospital-marcio-cunha\/"},{"@type":"ListItem","position":2,"name":"HMC Unidade I"}]},{"@type":"WebSite","@id":"https:\/\/www.fsfx.com.br\/hospital-marcio-cunha\/#website","url":"https:\/\/www.fsfx.com.br\/hospital-marcio-cunha\/","name":"Hospital M\u00e1rcio Cunha","description":"O Hospital M\u00e1rcio Cunha (HMC) \u00e9 um hospital geral de alta complexidade, com 558 leitos e tr\u00eas unidades, sendo uma unidade exclusiva para o tratamento oncol\u00f3gico.","publisher":{"@id":"https:\/\/www.fsfx.com.br\/hospital-marcio-cunha\/#organization"},"potentialAction":[{"@type":"SearchAction","target":{"@type":"EntryPoint","urlTemplate":"https:\/\/www.fsfx.com.br\/hospital-marcio-cunha\/?s={search_term_string}"},"query-input":{"@type":"PropertyValueSpecification","valueRequired":true,"valueName":"search_term_string"}}],"inLanguage":"pt-BR"},{"@type":"Organization","@id":"https:\/\/www.fsfx.com.br\/hospital-marcio-cunha\/#organization","name":"HMC - Hospital M\u00e1rcio Cunha","url":"https:\/\/www.fsfx.com.br\/hospital-marcio-cunha\/","logo":{"@type":"ImageObject","inLanguage":"pt-BR","@id":"https:\/\/www.fsfx.com.br\/hospital-marcio-cunha\/#\/schema\/logo\/image\/","url":"https:\/\/www.fsfx.com.br\/hospital-marcio-cunha\/wp-content\/uploads\/sites\/9\/2022\/04\/logo-hmc-color.png","contentUrl":"https:\/\/www.fsfx.com.br\/hospital-marcio-cunha\/wp-content\/uploads\/sites\/9\/2022\/04\/logo-hmc-color.png","width":264,"height":59,"caption":"HMC - Hospital M\u00e1rcio Cunha"},"image":{"@id":"https:\/\/www.fsfx.com.br\/hospital-marcio-cunha\/#\/schema\/logo\/image\/"}}]}},"_links":{"self":[{"href":"https:\/\/www.fsfx.com.br\/hospital-marcio-cunha\/wp-json\/wp\/v2\/pages\/2344","targetHints":{"allow":["GET"]}}],"collection":[{"href":"https:\/\/www.fsfx.com.br\/hospital-marcio-cunha\/wp-json\/wp\/v2\/pages"}],"about":[{"href":"https:\/\/www.fsfx.com.br\/hospital-marcio-cunha\/wp-json\/wp\/v2\/types\/page"}],"author":[{"embeddable":true,"href":"https:\/\/www.fsfx.com.br\/hospital-marcio-cunha\/wp-json\/wp\/v2\/users\/2"}],"replies":[{"embeddable":true,"href":"https:\/\/www.fsfx.com.br\/hospital-marcio-cunha\/wp-json\/wp\/v2\/comments?post=2344"}],"version-history":[{"count":3,"href":"https:\/\/www.fsfx.com.br\/hospital-marcio-cunha\/wp-json\/wp\/v2\/pages\/2344\/revisions"}],"predecessor-version":[{"id":10610,"href":"https:\/\/www.fsfx.com.br\/hospital-marcio-cunha\/wp-json\/wp\/v2\/pages\/2344\/revisions\/10610"}],"wp:attachment":[{"href":"https:\/\/www.fsfx.com.br\/hospital-marcio-cunha\/wp-json\/wp\/v2\/media?parent=2344"}],"curies":[{"name":"wp","href":"https:\/\/api.w.org\/{rel}","templated":true}]}}