{"id":10606,"date":"2024-08-29T16:52:37","date_gmt":"2024-08-29T19:52:37","guid":{"rendered":"https:\/\/www.fsfx.com.br\/usisaude\/?page_id=10606"},"modified":"2025-03-24T13:54:13","modified_gmt":"2025-03-24T16:54:13","slug":"convenios-farmacia","status":"publish","type":"page","link":"https:\/\/www.fsfx.com.br\/usisaude\/convenios-farmacia\/","title":{"rendered":"Conv\u00eanios Farm\u00e1cia"},"content":{"rendered":"\t\t<div data-elementor-type=\"wp-page\" data-elementor-id=\"10606\" class=\"elementor elementor-10606\" data-elementor-post-type=\"page\">\n\t\t\t\t<div class=\"elementor-element elementor-element-1a6e19c0 e-flex e-con-boxed e-con e-parent\" data-id=\"1a6e19c0\" data-element_type=\"container\" data-settings=\"{&quot;jet_parallax_layout_list&quot;:[]}\">\n\t\t\t\t\t<div class=\"e-con-inner\">\n\t\t<div class=\"elementor-element elementor-element-28bcfeb e-flex e-con-boxed e-con e-child\" data-id=\"28bcfeb\" data-element_type=\"container\" data-settings=\"{&quot;jet_parallax_layout_list&quot;:[]}\">\n\t\t\t\t\t<div class=\"e-con-inner\">\n\t\t\t\t<div class=\"elementor-element elementor-element-a8799e5 elementor-vertical-align-top elementor-widget elementor-widget-image-box\" data-id=\"a8799e5\" data-element_type=\"widget\" data-widget_type=\"image-box.default\">\n\t\t\t\t<div class=\"elementor-widget-container\">\n\t\t\t\t\t<div class=\"elementor-image-box-wrapper\"><div class=\"elementor-image-box-content\"><h3 class=\"elementor-image-box-title\">Benef\u00edcios<\/h3><p class=\"elementor-image-box-description\">Conv\u00eanios Farm\u00e1cia<\/p><\/div><\/div>\t\t\t\t<\/div>\n\t\t\t\t<\/div>\n\t\t\t\t<div class=\"elementor-element elementor-element-9e87403 elementor-widget elementor-widget-text-editor\" data-id=\"9e87403\" data-element_type=\"widget\" data-widget_type=\"text-editor.default\">\n\t\t\t\t<div class=\"elementor-widget-container\">\n\t\t\t\t\t\t\t\t\t<p>A Usisa\u00fade possui conv\u00eanio com v\u00e1rios grupos de drogarias, que prev\u00ea descontos apenas para benefici\u00e1rios do plano, vari\u00e1veis de acordo com cada grupo.\u00a0<\/p><p style=\"font-style: inherit;font-weight: inherit\"><strong>\u2013 Observa\u00e7\u00e3o: Os descontos acordados s\u00e3o aplicados sobre o PMC (Pre\u00e7o m\u00e1ximo ao consumidor) e poder\u00e3o ser alterados, sem aviso pr\u00e9vio.\u00a0<\/strong><\/p><p style=\"font-style: inherit;font-weight: inherit\"><strong>\u2013 Identifica\u00e7\u00e3o\u00a0<\/strong><\/p><p style=\"font-style: inherit;font-weight: inherit\">Para identifica\u00e7\u00e3o, o benefici\u00e1rio deve apresentar o CPF e um documento com foto.<\/p>\t\t\t\t\t\t\t\t<\/div>\n\t\t\t\t<\/div>\n\t\t\t\t<div class=\"elementor-element elementor-element-0630886 elementor-widget elementor-widget-accordion\" data-id=\"0630886\" data-element_type=\"widget\" data-widget_type=\"accordion.default\">\n\t\t\t\t<div class=\"elementor-widget-container\">\n\t\t\t\t\t\t\t<div class=\"elementor-accordion\">\n\t\t\t\t\t\t\t<div class=\"elementor-accordion-item\">\n\t\t\t\t\t<div id=\"elementor-tab-title-6491\" class=\"elementor-tab-title\" data-tab=\"1\" role=\"button\" aria-controls=\"elementor-tab-content-6491\" aria-expanded=\"false\">\n\t\t\t\t\t\t\t\t\t\t\t\t\t<span class=\"elementor-accordion-icon elementor-accordion-icon-left\" aria-hidden=\"true\">\n\t\t\t\t\t\t\t\t\t\t\t\t\t\t\t<span class=\"elementor-accordion-icon-closed\"><i class=\"fas fa-chevron-down\"><\/i><\/span>\n\t\t\t\t\t\t\t\t<span class=\"elementor-accordion-icon-opened\"><i class=\"fas fa-chevron-up\"><\/i><\/span>\n\t\t\t\t\t\t\t\t\t\t\t\t\t\t<\/span>\n\t\t\t\t\t\t\t\t\t\t\t\t<a class=\"elementor-accordion-title\" tabindex=\"0\">Drogaria Pacheco\/S\u00e3o Paulo<\/a>\n\t\t\t\t\t<\/div>\n\t\t\t\t\t<div id=\"elementor-tab-content-6491\" class=\"elementor-tab-content elementor-clearfix\" data-tab=\"1\" role=\"region\" aria-labelledby=\"elementor-tab-title-6491\"><div class=\"elementor-element elementor-element-9eb29be elementor-widget elementor-widget-theme-post-excerpt\" data-id=\"9eb29be\" data-element_type=\"widget\" data-widget_type=\"theme-post-excerpt.default\"><div class=\"elementor-widget-container\"><ul><li>A partir de <b>30% de desconto<\/b> em medicamentos gen\u00e9ricos.<\/li><li>A partir de <b>20% de desconto<\/b> em medicamentos de marca.<\/li><\/ul><p>Acesso ao desconto mediante solicita\u00e7\u00e3o no balc\u00e3o informando conv\u00eanio com a Usisa\u00fade e apresenta\u00e7\u00e3o do CPF.<\/p><\/div><\/div><\/div>\n\t\t\t\t<\/div>\n\t\t\t\t\t\t\t<div class=\"elementor-accordion-item\">\n\t\t\t\t\t<div id=\"elementor-tab-title-6492\" class=\"elementor-tab-title\" data-tab=\"2\" role=\"button\" aria-controls=\"elementor-tab-content-6492\" aria-expanded=\"false\">\n\t\t\t\t\t\t\t\t\t\t\t\t\t<span class=\"elementor-accordion-icon elementor-accordion-icon-left\" aria-hidden=\"true\">\n\t\t\t\t\t\t\t\t\t\t\t\t\t\t\t<span class=\"elementor-accordion-icon-closed\"><i class=\"fas fa-chevron-down\"><\/i><\/span>\n\t\t\t\t\t\t\t\t<span class=\"elementor-accordion-icon-opened\"><i class=\"fas fa-chevron-up\"><\/i><\/span>\n\t\t\t\t\t\t\t\t\t\t\t\t\t\t<\/span>\n\t\t\t\t\t\t\t\t\t\t\t\t<a class=\"elementor-accordion-title\" tabindex=\"0\">Farm\u00e1cias Pague Menos<\/a>\n\t\t\t\t\t<\/div>\n\t\t\t\t\t<div id=\"elementor-tab-content-6492\" class=\"elementor-tab-content elementor-clearfix\" data-tab=\"2\" role=\"region\" aria-labelledby=\"elementor-tab-title-6492\"><div class=\"elementor-element elementor-element-9eb29be elementor-widget elementor-widget-theme-post-excerpt\" data-id=\"9eb29be\" data-element_type=\"widget\" data-widget_type=\"theme-post-excerpt.default\"><div class=\"elementor-widget-container\"><ul><li><b>35% de desconto<\/b> em medicamentos gen\u00e9ricos tarjados.<\/li><li><b>20% de desconto<\/b> em medicamento de marca tarjados.<\/li><\/ul><p>Acesso ao desconto mediante solicita\u00e7\u00e3o no balc\u00e3o informando conv\u00eanio com a Usisa\u00fade e apresenta\u00e7\u00e3o do CPF.<\/p><\/div><\/div><\/div>\n\t\t\t\t<\/div>\n\t\t\t\t\t\t\t<div class=\"elementor-accordion-item\">\n\t\t\t\t\t<div id=\"elementor-tab-title-6493\" class=\"elementor-tab-title\" data-tab=\"3\" role=\"button\" aria-controls=\"elementor-tab-content-6493\" aria-expanded=\"false\">\n\t\t\t\t\t\t\t\t\t\t\t\t\t<span class=\"elementor-accordion-icon elementor-accordion-icon-left\" aria-hidden=\"true\">\n\t\t\t\t\t\t\t\t\t\t\t\t\t\t\t<span class=\"elementor-accordion-icon-closed\"><i class=\"fas fa-chevron-down\"><\/i><\/span>\n\t\t\t\t\t\t\t\t<span class=\"elementor-accordion-icon-opened\"><i class=\"fas fa-chevron-up\"><\/i><\/span>\n\t\t\t\t\t\t\t\t\t\t\t\t\t\t<\/span>\n\t\t\t\t\t\t\t\t\t\t\t\t<a class=\"elementor-accordion-title\" tabindex=\"0\">Droga Raia \/ Drogasil<\/a>\n\t\t\t\t\t<\/div>\n\t\t\t\t\t<div id=\"elementor-tab-content-6493\" class=\"elementor-tab-content elementor-clearfix\" data-tab=\"3\" role=\"region\" aria-labelledby=\"elementor-tab-title-6493\"><div class=\"elementor-element elementor-element-9eb29be elementor-widget elementor-widget-theme-post-excerpt\" data-id=\"9eb29be\" data-element_type=\"widget\" data-widget_type=\"theme-post-excerpt.default\"><div class=\"elementor-widget-container\"><ul><li>At\u00e9 <b>20% de desconto<\/b> em medicamentos tarjados<\/li><li>At\u00e9 <b>30% de desconto<\/b> em medicamentos gen\u00e9ricos.<\/li><\/ul><p>Acesso ao desconto mediante solicita\u00e7\u00e3o no balc\u00e3o informando conv\u00eanio com a Usisa\u00fade e apresenta\u00e7\u00e3o do CPF.<\/p><\/div><\/div><\/div>\n\t\t\t\t<\/div>\n\t\t\t\t\t\t\t<div class=\"elementor-accordion-item\">\n\t\t\t\t\t<div id=\"elementor-tab-title-6494\" class=\"elementor-tab-title\" data-tab=\"4\" role=\"button\" aria-controls=\"elementor-tab-content-6494\" aria-expanded=\"false\">\n\t\t\t\t\t\t\t\t\t\t\t\t\t<span class=\"elementor-accordion-icon elementor-accordion-icon-left\" aria-hidden=\"true\">\n\t\t\t\t\t\t\t\t\t\t\t\t\t\t\t<span class=\"elementor-accordion-icon-closed\"><i class=\"fas fa-chevron-down\"><\/i><\/span>\n\t\t\t\t\t\t\t\t<span class=\"elementor-accordion-icon-opened\"><i class=\"fas fa-chevron-up\"><\/i><\/span>\n\t\t\t\t\t\t\t\t\t\t\t\t\t\t<\/span>\n\t\t\t\t\t\t\t\t\t\t\t\t<a class=\"elementor-accordion-title\" tabindex=\"0\">Drogaria Araujo<\/a>\n\t\t\t\t\t<\/div>\n\t\t\t\t\t<div id=\"elementor-tab-content-6494\" class=\"elementor-tab-content elementor-clearfix\" data-tab=\"4\" role=\"region\" aria-labelledby=\"elementor-tab-title-6494\"><div class=\"elementor-element elementor-element-9eb29be elementor-widget elementor-widget-theme-post-excerpt\" data-id=\"9eb29be\" data-element_type=\"widget\" data-widget_type=\"theme-post-excerpt.default\"><div class=\"elementor-widget-container\"><ul><li><b>At\u00e9<\/b>\u00a0<b>40% de desconto <\/b>em medicamentos gen\u00e9ricos.<\/li><li><b>15% de desconto<\/b>\u00a0em toda a linha\u00a0<b>Mi\u00f3<\/b>,\u00a0marca pr\u00f3pria da Araujo.\u00a0<\/li><li><b>5%<\/b><b> de desconto<\/b>\u00a0em servi\u00e7os farmac\u00eauticos.<\/li><li><b>10% de desconto<\/b>\u00a0em medicamentos e produtos\u00a0manipulados.<\/li><\/ul><p>Acesso ao desconto mediante solicita\u00e7\u00e3o no balc\u00e3o informando conv\u00eanio com a Usisa\u00fade e apresenta\u00e7\u00e3o do CPF.<\/p><\/div><\/div><\/div>\n\t\t\t\t<\/div>\n\t\t\t\t\t\t\t\t<\/div>\n\t\t\t\t\t\t<\/div>\n\t\t\t\t<\/div>\n\t\t\t\t\t<\/div>\n\t\t\t\t<\/div>\n\t\t\t\t\t<\/div>\n\t\t\t\t<\/div>\n\t\t\t\t<\/div>\n\t\t","protected":false},"excerpt":{"rendered":"<p>Benef\u00edcios Conv\u00eanios Farm\u00e1cia A Usisa\u00fade possui conv\u00eanio com v\u00e1rios grupos de drogarias, que prev\u00ea descontos apenas para benefici\u00e1rios do plano, vari\u00e1veis de acordo com cada grupo.\u00a0 \u2013 Observa\u00e7\u00e3o: Os descontos acordados s\u00e3o aplicados sobre o PMC (Pre\u00e7o m\u00e1ximo ao consumidor) e poder\u00e3o ser alterados, sem aviso pr\u00e9vio.\u00a0 \u2013 Identifica\u00e7\u00e3o\u00a0 Para identifica\u00e7\u00e3o, o benefici\u00e1rio deve apresentar [&hellip;]<\/p>\n","protected":false},"author":1,"featured_media":0,"parent":0,"menu_order":0,"comment_status":"closed","ping_status":"closed","template":"","meta":{"_acf_changed":false,"site-sidebar-layout":"no-sidebar","site-content-layout":"page-builder","ast-site-content-layout":"full-width-container","site-content-style":"unboxed","site-sidebar-style":"unboxed","ast-global-header-display":"","ast-banner-title-visibility":"","ast-main-header-display":"","ast-hfb-above-header-display":"","ast-hfb-below-header-display":"","ast-hfb-mobile-header-display":"","site-post-title":"disabled","ast-breadcrumbs-content":"","ast-featured-img":"disabled","footer-sml-layout":"","theme-transparent-header-meta":"default","adv-header-id-meta":"","stick-header-meta":"","header-above-stick-meta":"","header-main-stick-meta":"","header-below-stick-meta":"","astra-migrate-meta-layouts":"set","ast-page-background-enabled":"default","ast-page-background-meta":{"desktop":{"background-color":"var(--ast-global-color-4)","background-image":"","background-repeat":"repeat","background-position":"center center","background-size":"auto","background-attachment":"scroll","background-type":"","background-media":"","overlay-type":"","overlay-color":"","overlay-opacity":"","overlay-gradient":""},"tablet":{"background-color":"","background-image":"","background-repeat":"repeat","background-position":"center center","background-size":"auto","background-attachment":"scroll","background-type":"","background-media":"","overlay-type":"","overlay-color":"","overlay-opacity":"","overlay-gradient":""},"mobile":{"background-color":"","background-image":"","background-repeat":"repeat","background-position":"center center","background-size":"auto","background-attachment":"scroll","background-type":"","background-media":"","overlay-type":"","overlay-color":"","overlay-opacity":"","overlay-gradient":""}},"ast-content-background-meta":{"desktop":{"background-color":"var(--ast-global-color-5)","background-image":"","background-repeat":"repeat","background-position":"center center","background-size":"auto","background-attachment":"scroll","background-type":"","background-media":"","overlay-type":"","overlay-color":"","overlay-opacity":"","overlay-gradient":""},"tablet":{"background-color":"var(--ast-global-color-5)","background-image":"","background-repeat":"repeat","background-position":"center center","background-size":"auto","background-attachment":"scroll","background-type":"","background-media":"","overlay-type":"","overlay-color":"","overlay-opacity":"","overlay-gradient":""},"mobile":{"background-color":"var(--ast-global-color-5)","background-image":"","background-repeat":"repeat","background-position":"center center","background-size":"auto","background-attachment":"scroll","background-type":"","background-media":"","overlay-type":"","overlay-color":"","overlay-opacity":"","overlay-gradient":""}},"footnotes":""},"class_list":["post-10606","page","type-page","status-publish","hentry"],"acf":[],"yoast_head":"<!-- This site is optimized with the Yoast SEO plugin v26.9 - https:\/\/yoast.com\/product\/yoast-seo-wordpress\/ -->\n<title>Conv\u00eanios Farm\u00e1cia - Usisa\u00fade<\/title>\n<meta name=\"robots\" content=\"index, follow, max-snippet:-1, max-image-preview:large, max-video-preview:-1\" \/>\n<link rel=\"canonical\" href=\"https:\/\/www.fsfx.com.br\/usisaude\/convenios-farmacia\/\" \/>\n<meta property=\"og:locale\" content=\"pt_BR\" \/>\n<meta property=\"og:type\" content=\"article\" \/>\n<meta property=\"og:title\" content=\"Conv\u00eanios Farm\u00e1cia - Usisa\u00fade\" \/>\n<meta property=\"og:description\" content=\"Benef\u00edcios Conv\u00eanios Farm\u00e1cia A Usisa\u00fade possui conv\u00eanio com v\u00e1rios grupos de drogarias, que prev\u00ea descontos apenas para benefici\u00e1rios do plano, vari\u00e1veis de acordo com cada grupo.\u00a0 \u2013 Observa\u00e7\u00e3o: Os descontos acordados s\u00e3o aplicados sobre o PMC (Pre\u00e7o m\u00e1ximo ao consumidor) e poder\u00e3o ser alterados, sem aviso pr\u00e9vio.\u00a0 \u2013 Identifica\u00e7\u00e3o\u00a0 Para identifica\u00e7\u00e3o, o benefici\u00e1rio deve apresentar [&hellip;]\" \/>\n<meta property=\"og:url\" content=\"https:\/\/www.fsfx.com.br\/usisaude\/convenios-farmacia\/\" \/>\n<meta property=\"og:site_name\" content=\"Usisa\u00fade\" \/>\n<meta property=\"article:modified_time\" content=\"2025-03-24T16:54:13+00:00\" \/>\n<meta name=\"twitter:card\" content=\"summary_large_image\" \/>\n<meta name=\"twitter:label1\" content=\"Est. tempo de leitura\" \/>\n\t<meta name=\"twitter:data1\" content=\"2 minutos\" \/>\n<script type=\"application\/ld+json\" class=\"yoast-schema-graph\">{\"@context\":\"https:\/\/schema.org\",\"@graph\":[{\"@type\":\"WebPage\",\"@id\":\"https:\/\/www.fsfx.com.br\/usisaude\/convenios-farmacia\/\",\"url\":\"https:\/\/www.fsfx.com.br\/usisaude\/convenios-farmacia\/\",\"name\":\"Conv\u00eanios Farm\u00e1cia - Usisa\u00fade\",\"isPartOf\":{\"@id\":\"https:\/\/www.fsfx.com.br\/usisaude\/#website\"},\"datePublished\":\"2024-08-29T19:52:37+00:00\",\"dateModified\":\"2025-03-24T16:54:13+00:00\",\"breadcrumb\":{\"@id\":\"https:\/\/www.fsfx.com.br\/usisaude\/convenios-farmacia\/#breadcrumb\"},\"inLanguage\":\"pt-BR\",\"potentialAction\":[{\"@type\":\"ReadAction\",\"target\":[\"https:\/\/www.fsfx.com.br\/usisaude\/convenios-farmacia\/\"]}]},{\"@type\":\"BreadcrumbList\",\"@id\":\"https:\/\/www.fsfx.com.br\/usisaude\/convenios-farmacia\/#breadcrumb\",\"itemListElement\":[{\"@type\":\"ListItem\",\"position\":1,\"name\":\"In\u00edcio\",\"item\":\"https:\/\/www.fsfx.com.br\/usisaude\/\"},{\"@type\":\"ListItem\",\"position\":2,\"name\":\"Conv\u00eanios Farm\u00e1cia\"}]},{\"@type\":\"WebSite\",\"@id\":\"https:\/\/www.fsfx.com.br\/usisaude\/#website\",\"url\":\"https:\/\/www.fsfx.com.br\/usisaude\/\",\"name\":\"Usisa\u00fade\",\"description\":\"Somos a Usisa\u00fade, uma operadora de planos de sa\u00fade da Funda\u00e7\u00e3o S\u00e3o Francisco Xavier (FSFX), a maior em modalidade filantr\u00f3pica do pa\u00eds.\",\"publisher\":{\"@id\":\"https:\/\/www.fsfx.com.br\/usisaude\/#organization\"},\"potentialAction\":[{\"@type\":\"SearchAction\",\"target\":{\"@type\":\"EntryPoint\",\"urlTemplate\":\"https:\/\/www.fsfx.com.br\/usisaude\/?s={search_term_string}\"},\"query-input\":{\"@type\":\"PropertyValueSpecification\",\"valueRequired\":true,\"valueName\":\"search_term_string\"}}],\"inLanguage\":\"pt-BR\"},{\"@type\":\"Organization\",\"@id\":\"https:\/\/www.fsfx.com.br\/usisaude\/#organization\",\"name\":\"Usisa\u00fade\",\"url\":\"https:\/\/www.fsfx.com.br\/usisaude\/\",\"logo\":{\"@type\":\"ImageObject\",\"inLanguage\":\"pt-BR\",\"@id\":\"https:\/\/www.fsfx.com.br\/usisaude\/#\/schema\/logo\/image\/\",\"url\":\"https:\/\/www.fsfx.com.br\/usisaude\/wp-content\/uploads\/sites\/6\/2022\/03\/logo-ususaude-1.svg\",\"contentUrl\":\"https:\/\/www.fsfx.com.br\/usisaude\/wp-content\/uploads\/sites\/6\/2022\/03\/logo-ususaude-1.svg\",\"width\":445,\"height\":196,\"caption\":\"Usisa\u00fade\"},\"image\":{\"@id\":\"https:\/\/www.fsfx.com.br\/usisaude\/#\/schema\/logo\/image\/\"}}]}<\/script>\n<!-- \/ Yoast SEO plugin. -->","yoast_head_json":{"title":"Conv\u00eanios Farm\u00e1cia - Usisa\u00fade","robots":{"index":"index","follow":"follow","max-snippet":"max-snippet:-1","max-image-preview":"max-image-preview:large","max-video-preview":"max-video-preview:-1"},"canonical":"https:\/\/www.fsfx.com.br\/usisaude\/convenios-farmacia\/","og_locale":"pt_BR","og_type":"article","og_title":"Conv\u00eanios Farm\u00e1cia - Usisa\u00fade","og_description":"Benef\u00edcios Conv\u00eanios Farm\u00e1cia A Usisa\u00fade possui conv\u00eanio com v\u00e1rios grupos de drogarias, que prev\u00ea descontos apenas para benefici\u00e1rios do plano, vari\u00e1veis de acordo com cada grupo.\u00a0 \u2013 Observa\u00e7\u00e3o: Os descontos acordados s\u00e3o aplicados sobre o PMC (Pre\u00e7o m\u00e1ximo ao consumidor) e poder\u00e3o ser alterados, sem aviso pr\u00e9vio.\u00a0 \u2013 Identifica\u00e7\u00e3o\u00a0 Para identifica\u00e7\u00e3o, o benefici\u00e1rio deve apresentar [&hellip;]","og_url":"https:\/\/www.fsfx.com.br\/usisaude\/convenios-farmacia\/","og_site_name":"Usisa\u00fade","article_modified_time":"2025-03-24T16:54:13+00:00","twitter_card":"summary_large_image","twitter_misc":{"Est. tempo de leitura":"2 minutos"},"schema":{"@context":"https:\/\/schema.org","@graph":[{"@type":"WebPage","@id":"https:\/\/www.fsfx.com.br\/usisaude\/convenios-farmacia\/","url":"https:\/\/www.fsfx.com.br\/usisaude\/convenios-farmacia\/","name":"Conv\u00eanios Farm\u00e1cia - Usisa\u00fade","isPartOf":{"@id":"https:\/\/www.fsfx.com.br\/usisaude\/#website"},"datePublished":"2024-08-29T19:52:37+00:00","dateModified":"2025-03-24T16:54:13+00:00","breadcrumb":{"@id":"https:\/\/www.fsfx.com.br\/usisaude\/convenios-farmacia\/#breadcrumb"},"inLanguage":"pt-BR","potentialAction":[{"@type":"ReadAction","target":["https:\/\/www.fsfx.com.br\/usisaude\/convenios-farmacia\/"]}]},{"@type":"BreadcrumbList","@id":"https:\/\/www.fsfx.com.br\/usisaude\/convenios-farmacia\/#breadcrumb","itemListElement":[{"@type":"ListItem","position":1,"name":"In\u00edcio","item":"https:\/\/www.fsfx.com.br\/usisaude\/"},{"@type":"ListItem","position":2,"name":"Conv\u00eanios Farm\u00e1cia"}]},{"@type":"WebSite","@id":"https:\/\/www.fsfx.com.br\/usisaude\/#website","url":"https:\/\/www.fsfx.com.br\/usisaude\/","name":"Usisa\u00fade","description":"Somos a Usisa\u00fade, uma operadora de planos de sa\u00fade da Funda\u00e7\u00e3o S\u00e3o Francisco Xavier (FSFX), a maior em modalidade filantr\u00f3pica do pa\u00eds.","publisher":{"@id":"https:\/\/www.fsfx.com.br\/usisaude\/#organization"},"potentialAction":[{"@type":"SearchAction","target":{"@type":"EntryPoint","urlTemplate":"https:\/\/www.fsfx.com.br\/usisaude\/?s={search_term_string}"},"query-input":{"@type":"PropertyValueSpecification","valueRequired":true,"valueName":"search_term_string"}}],"inLanguage":"pt-BR"},{"@type":"Organization","@id":"https:\/\/www.fsfx.com.br\/usisaude\/#organization","name":"Usisa\u00fade","url":"https:\/\/www.fsfx.com.br\/usisaude\/","logo":{"@type":"ImageObject","inLanguage":"pt-BR","@id":"https:\/\/www.fsfx.com.br\/usisaude\/#\/schema\/logo\/image\/","url":"https:\/\/www.fsfx.com.br\/usisaude\/wp-content\/uploads\/sites\/6\/2022\/03\/logo-ususaude-1.svg","contentUrl":"https:\/\/www.fsfx.com.br\/usisaude\/wp-content\/uploads\/sites\/6\/2022\/03\/logo-ususaude-1.svg","width":445,"height":196,"caption":"Usisa\u00fade"},"image":{"@id":"https:\/\/www.fsfx.com.br\/usisaude\/#\/schema\/logo\/image\/"}}]}},"_links":{"self":[{"href":"https:\/\/www.fsfx.com.br\/usisaude\/wp-json\/wp\/v2\/pages\/10606","targetHints":{"allow":["GET"]}}],"collection":[{"href":"https:\/\/www.fsfx.com.br\/usisaude\/wp-json\/wp\/v2\/pages"}],"about":[{"href":"https:\/\/www.fsfx.com.br\/usisaude\/wp-json\/wp\/v2\/types\/page"}],"author":[{"embeddable":true,"href":"https:\/\/www.fsfx.com.br\/usisaude\/wp-json\/wp\/v2\/users\/1"}],"replies":[{"embeddable":true,"href":"https:\/\/www.fsfx.com.br\/usisaude\/wp-json\/wp\/v2\/comments?post=10606"}],"version-history":[{"count":13,"href":"https:\/\/www.fsfx.com.br\/usisaude\/wp-json\/wp\/v2\/pages\/10606\/revisions"}],"predecessor-version":[{"id":11709,"href":"https:\/\/www.fsfx.com.br\/usisaude\/wp-json\/wp\/v2\/pages\/10606\/revisions\/11709"}],"wp:attachment":[{"href":"https:\/\/www.fsfx.com.br\/usisaude\/wp-json\/wp\/v2\/media?parent=10606"}],"curies":[{"name":"wp","href":"https:\/\/api.w.org\/{rel}","templated":true}]}}