{"id":2687,"date":"2022-06-13T11:57:42","date_gmt":"2022-06-13T14:57:42","guid":{"rendered":"https:\/\/www.fsfx.com.br\/usisaude\/?page_id=2687"},"modified":"2022-08-02T11:06:50","modified_gmt":"2022-08-02T14:06:50","slug":"rol-de-procedimentos","status":"publish","type":"page","link":"https:\/\/www.fsfx.com.br\/usisaude\/rol-de-procedimentos\/","title":{"rendered":"Rol de Procedimentos"},"content":{"rendered":"\t\t<div data-elementor-type=\"wp-page\" data-elementor-id=\"2687\" class=\"elementor elementor-2687\" data-elementor-post-type=\"page\">\n\t\t\t\t<div class=\"elementor-element elementor-element-fdbbb8e e-flex e-con-boxed e-con e-parent\" data-id=\"fdbbb8e\" data-element_type=\"container\" data-settings=\"{&quot;background_background&quot;:&quot;classic&quot;,&quot;jet_parallax_layout_list&quot;:[]}\">\n\t\t\t\t\t<div class=\"e-con-inner\">\n\t\t<div class=\"elementor-element elementor-element-a6db5ff e-con-full e-flex e-con e-child\" data-id=\"a6db5ff\" data-element_type=\"container\" data-settings=\"{&quot;jet_parallax_layout_list&quot;:[]}\">\n\t\t\t\t<div class=\"elementor-element elementor-element-79fa824 elementor-widget elementor-widget-image\" data-id=\"79fa824\" data-element_type=\"widget\" data-widget_type=\"image.default\">\n\t\t\t\t<div class=\"elementor-widget-container\">\n\t\t\t\t\t\t\t\t\t\t\t\t\t\t\t<img fetchpriority=\"high\" decoding=\"async\" width=\"599\" height=\"589\" src=\"https:\/\/www.fsfx.com.br\/usisaude\/wp-content\/uploads\/sites\/6\/2022\/06\/rol-de-procedimentos.png\" class=\"attachment-large size-large wp-image-4773\" alt=\"\" srcset=\"https:\/\/www.fsfx.com.br\/usisaude\/wp-content\/uploads\/sites\/6\/2022\/06\/rol-de-procedimentos.png 599w, https:\/\/www.fsfx.com.br\/usisaude\/wp-content\/uploads\/sites\/6\/2022\/06\/rol-de-procedimentos-300x295.png 300w\" sizes=\"(max-width: 599px) 100vw, 599px\" \/>\t\t\t\t\t\t\t\t\t\t\t\t\t\t\t<\/div>\n\t\t\t\t<\/div>\n\t\t\t\t<\/div>\n\t\t<div class=\"elementor-element elementor-element-f191f05 e-con-full e-flex e-con e-child\" data-id=\"f191f05\" data-element_type=\"container\" data-settings=\"{&quot;jet_parallax_layout_list&quot;:[]}\">\n\t\t\t\t<div class=\"elementor-element elementor-element-e3fb46d elementor-vertical-align-top elementor-widget elementor-widget-image-box\" data-id=\"e3fb46d\" data-element_type=\"widget\" data-widget_type=\"image-box.default\">\n\t\t\t\t<div class=\"elementor-widget-container\">\n\t\t\t\t\t<div class=\"elementor-image-box-wrapper\"><div class=\"elementor-image-box-content\"><p class=\"elementor-image-box-description\">Rol de procedimentos<\/p><\/div><\/div>\t\t\t\t<\/div>\n\t\t\t\t<\/div>\n\t\t\t\t<div class=\"elementor-element elementor-element-103ec40 elementor-widget elementor-widget-text-editor\" data-id=\"103ec40\" data-element_type=\"widget\" data-widget_type=\"text-editor.default\">\n\t\t\t\t<div class=\"elementor-widget-container\">\n\t\t\t\t\t\t\t\t\t<p>Para fazer o download das resolu\u00e7\u00f5es de refer\u00eancia b\u00e1sica para cobertura assistencial nos planos privados de assist\u00eancia \u00e0 sa\u00fade, clique nos links abaixo.<\/p><p><strong>Resolu\u00e7\u00e3o Normativa \u2013 RN N\u00ba 162, de 17 de outubro de 2007<\/strong><\/p><p>Estabelece normas para a ado\u00e7\u00e3o de cl\u00e1usula de cobertura parcial tempor\u00e1ria e disp\u00f5e sobre as Doen\u00e7as ou Les\u00f5es Preexistentes (DLP).<\/p><p><a href=\"http:\/\/www.fsfx.com.br\/usisaude\/wp-content\/uploads\/sites\/4\/2020\/03\/Resolucao162Integra.pdf\" target=\"_blank\" rel=\"noopener\"><strong>Clique aqui para fazer o download do arquivo.<\/strong><\/a><\/p>\t\t\t\t\t\t\t\t<\/div>\n\t\t\t\t<\/div>\n\t\t\t\t<\/div>\n\t\t\t\t\t<\/div>\n\t\t\t\t<\/div>\n\t\t<div class=\"elementor-element elementor-element-df50ffd e-flex e-con-boxed e-con e-parent\" data-id=\"df50ffd\" data-element_type=\"container\" data-settings=\"{&quot;background_background&quot;:&quot;classic&quot;,&quot;jet_parallax_layout_list&quot;:[]}\">\n\t\t\t\t\t<div class=\"e-con-inner\">\n\t\t<div class=\"elementor-element elementor-element-1be749c e-con-full e-flex e-con e-child\" data-id=\"1be749c\" data-element_type=\"container\" data-settings=\"{&quot;jet_parallax_layout_list&quot;:[]}\">\n\t\t\t\t<div class=\"elementor-element elementor-element-0f7f059 elementor-widget elementor-widget-image\" data-id=\"0f7f059\" data-element_type=\"widget\" data-widget_type=\"image.default\">\n\t\t\t\t<div class=\"elementor-widget-container\">\n\t\t\t\t\t\t\t\t\t\t\t\t\t\t\t<img decoding=\"async\" width=\"623\" height=\"761\" src=\"https:\/\/www.fsfx.com.br\/usisaude\/wp-content\/uploads\/sites\/6\/2022\/06\/isa-2.png\" class=\"attachment-large size-large wp-image-4651\" alt=\"\" srcset=\"https:\/\/www.fsfx.com.br\/usisaude\/wp-content\/uploads\/sites\/6\/2022\/06\/isa-2.png 623w, https:\/\/www.fsfx.com.br\/usisaude\/wp-content\/uploads\/sites\/6\/2022\/06\/isa-2-246x300.png 246w\" sizes=\"(max-width: 623px) 100vw, 623px\" \/>\t\t\t\t\t\t\t\t\t\t\t\t\t\t\t<\/div>\n\t\t\t\t<\/div>\n\t\t\t\t<\/div>\n\t\t<div class=\"elementor-element elementor-element-9c715f1 e-con-full e-flex e-con e-child\" data-id=\"9c715f1\" data-element_type=\"container\" data-settings=\"{&quot;jet_parallax_layout_list&quot;:[]}\">\n\t\t\t\t<div class=\"elementor-element elementor-element-d584b03 elementor-widget elementor-widget-text-editor\" data-id=\"d584b03\" data-element_type=\"widget\" data-widget_type=\"text-editor.default\">\n\t\t\t\t<div class=\"elementor-widget-container\">\n\t\t\t\t\t\t\t\t\t<p><strong>Resolu\u00e7\u00e3o Normativa \u2013 RN N\u00ba 262, de 1\u00ba de agosto de 2011<\/strong><\/p><p>Estabelece o Rol de Procedimentos que constitui a refer\u00eancia b\u00e1sica para cobertura assistencial nos planos privados de assist\u00eancia \u00e0 sa\u00fade, contratados a partir de 1\u00ba de janeiro de 1999.<\/p><p><strong><a href=\"http:\/\/www.ans.gov.br\/component\/legislacao\/?view=legislacao&amp;task=TextoLei&amp;format=raw&amp;id=MTc4Ng==&amp;highlight=WyJybiIsMjYyLCJybiAyNjIiXQ==\" target=\"_blank\" rel=\"noopener\">Veja aqui o arquivo da RN N\u00ba 262 na \u00edntegra.<\/a>\u00a0<\/strong><\/p><p><strong>Resolu\u00e7\u00e3o Normativa \u2013 RN N\u00ba 338, de 21 de outubro de 2013<\/strong><\/p><p>Estabelece o Rol de Procedimentos que constitui a refer\u00eancia b\u00e1sica para cobertura assistencial nos planos privados de assist\u00eancia \u00e0 sa\u00fade, contratados a partir de 1\u00ba de janeiro de 1999.<\/p><p><a href=\"http:\/\/www.ans.gov.br\/component\/legislacao\/?view=legislacao&amp;task=TextoLei&amp;format=raw&amp;id=MjU5MQ==&amp;highlight=WyJybiIsMzM4XQ==\" target=\"_blank\" rel=\"noopener\"><strong>Veja aqui o arquivo da RN N\u00ba 338 na \u00edntegra.<\/strong><\/a><strong>\u00a0<\/strong><\/p><p>Acesse tamb\u00e9m:<\/p><p><a href=\"http:\/\/www.fsfx.com.br\/usisaude\/wp-content\/uploads\/sites\/4\/2020\/03\/anexo-i-rol-2016.pdf\" target=\"_blank\" rel=\"noopener\"><strong>Rol de Procedimentos<\/strong><\/a><\/p><p><strong><a href=\"http:\/\/www.fsfx.com.br\/usisaude\/wp-content\/uploads\/sites\/4\/2020\/03\/anexo-ii-dut-rol-2016.pdf\" target=\"_blank\" rel=\"noopener\">DUTs \u2013 Diretrizes de Utiliza\u00e7\u00e3o<\/a>\u00a0<\/strong><\/p>\t\t\t\t\t\t\t\t<\/div>\n\t\t\t\t<\/div>\n\t\t\t\t<\/div>\n\t\t\t\t\t<\/div>\n\t\t\t\t<\/div>\n\t\t\t\t<\/div>\n\t\t","protected":false},"excerpt":{"rendered":"<p>Rol de procedimentos Para fazer o download das resolu\u00e7\u00f5es de refer\u00eancia b\u00e1sica para cobertura assistencial nos planos privados de assist\u00eancia \u00e0 sa\u00fade, clique nos links abaixo. Resolu\u00e7\u00e3o Normativa \u2013 RN N\u00ba 162, de 17 de outubro de 2007 Estabelece normas para a ado\u00e7\u00e3o de cl\u00e1usula de cobertura parcial tempor\u00e1ria e disp\u00f5e sobre as Doen\u00e7as ou [&hellip;]<\/p>\n","protected":false},"author":2,"featured_media":0,"parent":0,"menu_order":0,"comment_status":"closed","ping_status":"closed","template":"","meta":{"_acf_changed":false,"site-sidebar-layout":"no-sidebar","site-content-layout":"page-builder","ast-site-content-layout":"default","site-content-style":"default","site-sidebar-style":"default","ast-global-header-display":"","ast-banner-title-visibility":"","ast-main-header-display":"","ast-hfb-above-header-display":"","ast-hfb-below-header-display":"","ast-hfb-mobile-header-display":"","site-post-title":"disabled","ast-breadcrumbs-content":"","ast-featured-img":"disabled","footer-sml-layout":"","theme-transparent-header-meta":"default","adv-header-id-meta":"","stick-header-meta":"","header-above-stick-meta":"","header-main-stick-meta":"","header-below-stick-meta":"","astra-migrate-meta-layouts":"default","ast-page-background-enabled":"default","ast-page-background-meta":{"desktop":{"background-color":"var(--ast-global-color-4)","background-image":"","background-repeat":"repeat","background-position":"center center","background-size":"auto","background-attachment":"scroll","background-type":"","background-media":"","overlay-type":"","overlay-color":"","overlay-opacity":"","overlay-gradient":""},"tablet":{"background-color":"","background-image":"","background-repeat":"repeat","background-position":"center center","background-size":"auto","background-attachment":"scroll","background-type":"","background-media":"","overlay-type":"","overlay-color":"","overlay-opacity":"","overlay-gradient":""},"mobile":{"background-color":"","background-image":"","background-repeat":"repeat","background-position":"center center","background-size":"auto","background-attachment":"scroll","background-type":"","background-media":"","overlay-type":"","overlay-color":"","overlay-opacity":"","overlay-gradient":""}},"ast-content-background-meta":{"desktop":{"background-color":"var(--ast-global-color-5)","background-image":"","background-repeat":"repeat","background-position":"center center","background-size":"auto","background-attachment":"scroll","background-type":"","background-media":"","overlay-type":"","overlay-color":"","overlay-opacity":"","overlay-gradient":""},"tablet":{"background-color":"var(--ast-global-color-5)","background-image":"","background-repeat":"repeat","background-position":"center center","background-size":"auto","background-attachment":"scroll","background-type":"","background-media":"","overlay-type":"","overlay-color":"","overlay-opacity":"","overlay-gradient":""},"mobile":{"background-color":"var(--ast-global-color-5)","background-image":"","background-repeat":"repeat","background-position":"center center","background-size":"auto","background-attachment":"scroll","background-type":"","background-media":"","overlay-type":"","overlay-color":"","overlay-opacity":"","overlay-gradient":""}},"footnotes":""},"class_list":["post-2687","page","type-page","status-publish","hentry"],"acf":[],"yoast_head":"<!-- This site is optimized with the Yoast SEO plugin v26.9 - https:\/\/yoast.com\/product\/yoast-seo-wordpress\/ -->\n<title>Rol de Procedimentos - Usisa\u00fade<\/title>\n<meta name=\"robots\" content=\"index, follow, max-snippet:-1, max-image-preview:large, max-video-preview:-1\" \/>\n<link rel=\"canonical\" href=\"https:\/\/www.fsfx.com.br\/usisaude\/rol-de-procedimentos\/\" \/>\n<meta property=\"og:locale\" content=\"pt_BR\" \/>\n<meta property=\"og:type\" content=\"article\" \/>\n<meta property=\"og:title\" content=\"Rol de Procedimentos - Usisa\u00fade\" \/>\n<meta property=\"og:description\" content=\"Rol de procedimentos Para fazer o download das resolu\u00e7\u00f5es de refer\u00eancia b\u00e1sica para cobertura assistencial nos planos privados de assist\u00eancia \u00e0 sa\u00fade, clique nos links abaixo. Resolu\u00e7\u00e3o Normativa \u2013 RN N\u00ba 162, de 17 de outubro de 2007 Estabelece normas para a ado\u00e7\u00e3o de cl\u00e1usula de cobertura parcial tempor\u00e1ria e disp\u00f5e sobre as Doen\u00e7as ou [&hellip;]\" \/>\n<meta property=\"og:url\" content=\"https:\/\/www.fsfx.com.br\/usisaude\/rol-de-procedimentos\/\" \/>\n<meta property=\"og:site_name\" content=\"Usisa\u00fade\" \/>\n<meta property=\"article:modified_time\" content=\"2022-08-02T14:06:50+00:00\" \/>\n<meta property=\"og:image\" content=\"https:\/\/www.fsfx.com.br\/usisaude\/wp-content\/uploads\/sites\/6\/2022\/06\/rol-de-procedimentos.png\" \/>\n<meta name=\"twitter:card\" content=\"summary_large_image\" \/>\n<meta name=\"twitter:label1\" content=\"Est. tempo de leitura\" \/>\n\t<meta name=\"twitter:data1\" content=\"2 minutos\" \/>\n<script type=\"application\/ld+json\" class=\"yoast-schema-graph\">{\"@context\":\"https:\/\/schema.org\",\"@graph\":[{\"@type\":\"WebPage\",\"@id\":\"https:\/\/www.fsfx.com.br\/usisaude\/rol-de-procedimentos\/\",\"url\":\"https:\/\/www.fsfx.com.br\/usisaude\/rol-de-procedimentos\/\",\"name\":\"Rol de Procedimentos - Usisa\u00fade\",\"isPartOf\":{\"@id\":\"https:\/\/www.fsfx.com.br\/usisaude\/#website\"},\"primaryImageOfPage\":{\"@id\":\"https:\/\/www.fsfx.com.br\/usisaude\/rol-de-procedimentos\/#primaryimage\"},\"image\":{\"@id\":\"https:\/\/www.fsfx.com.br\/usisaude\/rol-de-procedimentos\/#primaryimage\"},\"thumbnailUrl\":\"https:\/\/www.fsfx.com.br\/usisaude\/wp-content\/uploads\/sites\/6\/2022\/06\/rol-de-procedimentos.png\",\"datePublished\":\"2022-06-13T14:57:42+00:00\",\"dateModified\":\"2022-08-02T14:06:50+00:00\",\"breadcrumb\":{\"@id\":\"https:\/\/www.fsfx.com.br\/usisaude\/rol-de-procedimentos\/#breadcrumb\"},\"inLanguage\":\"pt-BR\",\"potentialAction\":[{\"@type\":\"ReadAction\",\"target\":[\"https:\/\/www.fsfx.com.br\/usisaude\/rol-de-procedimentos\/\"]}]},{\"@type\":\"ImageObject\",\"inLanguage\":\"pt-BR\",\"@id\":\"https:\/\/www.fsfx.com.br\/usisaude\/rol-de-procedimentos\/#primaryimage\",\"url\":\"https:\/\/www.fsfx.com.br\/usisaude\/wp-content\/uploads\/sites\/6\/2022\/06\/rol-de-procedimentos.png\",\"contentUrl\":\"https:\/\/www.fsfx.com.br\/usisaude\/wp-content\/uploads\/sites\/6\/2022\/06\/rol-de-procedimentos.png\",\"width\":599,\"height\":589},{\"@type\":\"BreadcrumbList\",\"@id\":\"https:\/\/www.fsfx.com.br\/usisaude\/rol-de-procedimentos\/#breadcrumb\",\"itemListElement\":[{\"@type\":\"ListItem\",\"position\":1,\"name\":\"In\u00edcio\",\"item\":\"https:\/\/www.fsfx.com.br\/usisaude\/\"},{\"@type\":\"ListItem\",\"position\":2,\"name\":\"Rol de Procedimentos\"}]},{\"@type\":\"WebSite\",\"@id\":\"https:\/\/www.fsfx.com.br\/usisaude\/#website\",\"url\":\"https:\/\/www.fsfx.com.br\/usisaude\/\",\"name\":\"Usisa\u00fade\",\"description\":\"Somos a Usisa\u00fade, uma operadora de planos de sa\u00fade da Funda\u00e7\u00e3o S\u00e3o Francisco Xavier (FSFX), a maior em modalidade filantr\u00f3pica do pa\u00eds.\",\"publisher\":{\"@id\":\"https:\/\/www.fsfx.com.br\/usisaude\/#organization\"},\"potentialAction\":[{\"@type\":\"SearchAction\",\"target\":{\"@type\":\"EntryPoint\",\"urlTemplate\":\"https:\/\/www.fsfx.com.br\/usisaude\/?s={search_term_string}\"},\"query-input\":{\"@type\":\"PropertyValueSpecification\",\"valueRequired\":true,\"valueName\":\"search_term_string\"}}],\"inLanguage\":\"pt-BR\"},{\"@type\":\"Organization\",\"@id\":\"https:\/\/www.fsfx.com.br\/usisaude\/#organization\",\"name\":\"Usisa\u00fade\",\"url\":\"https:\/\/www.fsfx.com.br\/usisaude\/\",\"logo\":{\"@type\":\"ImageObject\",\"inLanguage\":\"pt-BR\",\"@id\":\"https:\/\/www.fsfx.com.br\/usisaude\/#\/schema\/logo\/image\/\",\"url\":\"https:\/\/www.fsfx.com.br\/usisaude\/wp-content\/uploads\/sites\/6\/2022\/03\/logo-ususaude-1.svg\",\"contentUrl\":\"https:\/\/www.fsfx.com.br\/usisaude\/wp-content\/uploads\/sites\/6\/2022\/03\/logo-ususaude-1.svg\",\"width\":445,\"height\":196,\"caption\":\"Usisa\u00fade\"},\"image\":{\"@id\":\"https:\/\/www.fsfx.com.br\/usisaude\/#\/schema\/logo\/image\/\"}}]}<\/script>\n<!-- \/ Yoast SEO plugin. -->","yoast_head_json":{"title":"Rol de Procedimentos - Usisa\u00fade","robots":{"index":"index","follow":"follow","max-snippet":"max-snippet:-1","max-image-preview":"max-image-preview:large","max-video-preview":"max-video-preview:-1"},"canonical":"https:\/\/www.fsfx.com.br\/usisaude\/rol-de-procedimentos\/","og_locale":"pt_BR","og_type":"article","og_title":"Rol de Procedimentos - Usisa\u00fade","og_description":"Rol de procedimentos Para fazer o download das resolu\u00e7\u00f5es de refer\u00eancia b\u00e1sica para cobertura assistencial nos planos privados de assist\u00eancia \u00e0 sa\u00fade, clique nos links abaixo. Resolu\u00e7\u00e3o Normativa \u2013 RN N\u00ba 162, de 17 de outubro de 2007 Estabelece normas para a ado\u00e7\u00e3o de cl\u00e1usula de cobertura parcial tempor\u00e1ria e disp\u00f5e sobre as Doen\u00e7as ou [&hellip;]","og_url":"https:\/\/www.fsfx.com.br\/usisaude\/rol-de-procedimentos\/","og_site_name":"Usisa\u00fade","article_modified_time":"2022-08-02T14:06:50+00:00","og_image":[{"url":"https:\/\/www.fsfx.com.br\/usisaude\/wp-content\/uploads\/sites\/6\/2022\/06\/rol-de-procedimentos.png","type":"","width":"","height":""}],"twitter_card":"summary_large_image","twitter_misc":{"Est. tempo de leitura":"2 minutos"},"schema":{"@context":"https:\/\/schema.org","@graph":[{"@type":"WebPage","@id":"https:\/\/www.fsfx.com.br\/usisaude\/rol-de-procedimentos\/","url":"https:\/\/www.fsfx.com.br\/usisaude\/rol-de-procedimentos\/","name":"Rol de Procedimentos - Usisa\u00fade","isPartOf":{"@id":"https:\/\/www.fsfx.com.br\/usisaude\/#website"},"primaryImageOfPage":{"@id":"https:\/\/www.fsfx.com.br\/usisaude\/rol-de-procedimentos\/#primaryimage"},"image":{"@id":"https:\/\/www.fsfx.com.br\/usisaude\/rol-de-procedimentos\/#primaryimage"},"thumbnailUrl":"https:\/\/www.fsfx.com.br\/usisaude\/wp-content\/uploads\/sites\/6\/2022\/06\/rol-de-procedimentos.png","datePublished":"2022-06-13T14:57:42+00:00","dateModified":"2022-08-02T14:06:50+00:00","breadcrumb":{"@id":"https:\/\/www.fsfx.com.br\/usisaude\/rol-de-procedimentos\/#breadcrumb"},"inLanguage":"pt-BR","potentialAction":[{"@type":"ReadAction","target":["https:\/\/www.fsfx.com.br\/usisaude\/rol-de-procedimentos\/"]}]},{"@type":"ImageObject","inLanguage":"pt-BR","@id":"https:\/\/www.fsfx.com.br\/usisaude\/rol-de-procedimentos\/#primaryimage","url":"https:\/\/www.fsfx.com.br\/usisaude\/wp-content\/uploads\/sites\/6\/2022\/06\/rol-de-procedimentos.png","contentUrl":"https:\/\/www.fsfx.com.br\/usisaude\/wp-content\/uploads\/sites\/6\/2022\/06\/rol-de-procedimentos.png","width":599,"height":589},{"@type":"BreadcrumbList","@id":"https:\/\/www.fsfx.com.br\/usisaude\/rol-de-procedimentos\/#breadcrumb","itemListElement":[{"@type":"ListItem","position":1,"name":"In\u00edcio","item":"https:\/\/www.fsfx.com.br\/usisaude\/"},{"@type":"ListItem","position":2,"name":"Rol de Procedimentos"}]},{"@type":"WebSite","@id":"https:\/\/www.fsfx.com.br\/usisaude\/#website","url":"https:\/\/www.fsfx.com.br\/usisaude\/","name":"Usisa\u00fade","description":"Somos a Usisa\u00fade, uma operadora de planos de sa\u00fade da Funda\u00e7\u00e3o S\u00e3o Francisco Xavier (FSFX), a maior em modalidade filantr\u00f3pica do pa\u00eds.","publisher":{"@id":"https:\/\/www.fsfx.com.br\/usisaude\/#organization"},"potentialAction":[{"@type":"SearchAction","target":{"@type":"EntryPoint","urlTemplate":"https:\/\/www.fsfx.com.br\/usisaude\/?s={search_term_string}"},"query-input":{"@type":"PropertyValueSpecification","valueRequired":true,"valueName":"search_term_string"}}],"inLanguage":"pt-BR"},{"@type":"Organization","@id":"https:\/\/www.fsfx.com.br\/usisaude\/#organization","name":"Usisa\u00fade","url":"https:\/\/www.fsfx.com.br\/usisaude\/","logo":{"@type":"ImageObject","inLanguage":"pt-BR","@id":"https:\/\/www.fsfx.com.br\/usisaude\/#\/schema\/logo\/image\/","url":"https:\/\/www.fsfx.com.br\/usisaude\/wp-content\/uploads\/sites\/6\/2022\/03\/logo-ususaude-1.svg","contentUrl":"https:\/\/www.fsfx.com.br\/usisaude\/wp-content\/uploads\/sites\/6\/2022\/03\/logo-ususaude-1.svg","width":445,"height":196,"caption":"Usisa\u00fade"},"image":{"@id":"https:\/\/www.fsfx.com.br\/usisaude\/#\/schema\/logo\/image\/"}}]}},"_links":{"self":[{"href":"https:\/\/www.fsfx.com.br\/usisaude\/wp-json\/wp\/v2\/pages\/2687","targetHints":{"allow":["GET"]}}],"collection":[{"href":"https:\/\/www.fsfx.com.br\/usisaude\/wp-json\/wp\/v2\/pages"}],"about":[{"href":"https:\/\/www.fsfx.com.br\/usisaude\/wp-json\/wp\/v2\/types\/page"}],"author":[{"embeddable":true,"href":"https:\/\/www.fsfx.com.br\/usisaude\/wp-json\/wp\/v2\/users\/2"}],"replies":[{"embeddable":true,"href":"https:\/\/www.fsfx.com.br\/usisaude\/wp-json\/wp\/v2\/comments?post=2687"}],"version-history":[{"count":0,"href":"https:\/\/www.fsfx.com.br\/usisaude\/wp-json\/wp\/v2\/pages\/2687\/revisions"}],"wp:attachment":[{"href":"https:\/\/www.fsfx.com.br\/usisaude\/wp-json\/wp\/v2\/media?parent=2687"}],"curies":[{"name":"wp","href":"https:\/\/api.w.org\/{rel}","templated":true}]}}