{"id":2726,"date":"2022-06-13T13:24:16","date_gmt":"2022-06-13T16:24:16","guid":{"rendered":"https:\/\/www.fsfx.com.br\/usisaude\/?page_id=2726"},"modified":"2025-10-23T13:33:03","modified_gmt":"2025-10-23T16:33:03","slug":"rede-medica-de-atendimento","status":"publish","type":"page","link":"https:\/\/www.fsfx.com.br\/usisaude\/rede-medica-de-atendimento\/","title":{"rendered":"Rede Credenciada"},"content":{"rendered":"\t\t<div data-elementor-type=\"wp-page\" data-elementor-id=\"2726\" class=\"elementor elementor-2726\" data-elementor-post-type=\"page\">\n\t\t\t\t<div class=\"elementor-element elementor-element-5d0f41c e-flex e-con-boxed e-con e-parent\" data-id=\"5d0f41c\" data-element_type=\"container\" data-settings=\"{&quot;background_background&quot;:&quot;classic&quot;,&quot;jet_parallax_layout_list&quot;:[]}\">\n\t\t\t\t\t<div class=\"e-con-inner\">\n\t\t<div class=\"elementor-element elementor-element-7ad2049 e-con-full e-flex e-con e-child\" data-id=\"7ad2049\" data-element_type=\"container\" data-settings=\"{&quot;jet_parallax_layout_list&quot;:[]}\">\n\t\t\t\t<div class=\"elementor-element elementor-element-d3e7f5e elementor-widget elementor-widget-image\" data-id=\"d3e7f5e\" data-element_type=\"widget\" data-widget_type=\"image.default\">\n\t\t\t\t<div class=\"elementor-widget-container\">\n\t\t\t\t\t\t\t\t\t\t\t\t\t\t\t<img fetchpriority=\"high\" decoding=\"async\" width=\"599\" height=\"589\" src=\"https:\/\/www.fsfx.com.br\/usisaude\/wp-content\/uploads\/sites\/6\/2022\/06\/rede-propria.png\" class=\"attachment-large size-large wp-image-4670\" alt=\"\" srcset=\"https:\/\/www.fsfx.com.br\/usisaude\/wp-content\/uploads\/sites\/6\/2022\/06\/rede-propria.png 599w, https:\/\/www.fsfx.com.br\/usisaude\/wp-content\/uploads\/sites\/6\/2022\/06\/rede-propria-300x295.png 300w\" sizes=\"(max-width: 599px) 100vw, 599px\" \/>\t\t\t\t\t\t\t\t\t\t\t\t\t\t\t<\/div>\n\t\t\t\t<\/div>\n\t\t\t\t<\/div>\n\t\t<div class=\"elementor-element elementor-element-7c7125a e-con-full e-flex e-con e-child\" data-id=\"7c7125a\" data-element_type=\"container\" data-settings=\"{&quot;jet_parallax_layout_list&quot;:[]}\">\n\t\t\t\t<div class=\"elementor-element elementor-element-7182a5b elementor-vertical-align-top elementor-widget elementor-widget-image-box\" data-id=\"7182a5b\" data-element_type=\"widget\" data-widget_type=\"image-box.default\">\n\t\t\t\t<div class=\"elementor-widget-container\">\n\t\t\t\t\t<div class=\"elementor-image-box-wrapper\"><div class=\"elementor-image-box-content\"><h3 class=\"elementor-image-box-title\">Rede usisa\u00fade<\/h3><p class=\"elementor-image-box-description\">Rede Credenciada<\/p><\/div><\/div>\t\t\t\t<\/div>\n\t\t\t\t<\/div>\n\t\t\t\t<div class=\"elementor-element elementor-element-64baccd elementor-widget elementor-widget-text-editor\" data-id=\"64baccd\" data-element_type=\"widget\" data-widget_type=\"text-editor.default\">\n\t\t\t\t<div class=\"elementor-widget-container\">\n\t\t\t\t\t\t\t\t\t<p>Al\u00e9m da rede pr\u00f3pria administrada pela FSFX, n\u00f3s da Usisa\u00fade contamos com uma <strong>rede de atendimento ampla e qualificada,<\/strong> que conta com aproximadamente 3 mil credenciados diretos, entre m\u00e9dicos, cl\u00ednicas e laborat\u00f3rios, e 225 hospitais.<\/p>\t\t\t\t\t\t\t\t<\/div>\n\t\t\t\t<\/div>\n\t\t\t\t<div class=\"elementor-element elementor-element-bb1e298 elementor-widget elementor-widget-button\" data-id=\"bb1e298\" data-element_type=\"widget\" data-widget_type=\"button.default\">\n\t\t\t\t<div class=\"elementor-widget-container\">\n\t\t\t\t\t\t\t\t\t<div class=\"elementor-button-wrapper\">\n\t\t\t\t\t<a class=\"elementor-button elementor-button-link elementor-size-sm\" href=\"https:\/\/portalservicos.fsfx.com.br\/rede-medica\" target=\"_blank\">\n\t\t\t\t\t\t<span class=\"elementor-button-content-wrapper\">\n\t\t\t\t\t\t\t\t\t<span class=\"elementor-button-text\">Consulte nossa rede<\/span>\n\t\t\t\t\t<\/span>\n\t\t\t\t\t<\/a>\n\t\t\t\t<\/div>\n\t\t\t\t\t\t\t\t<\/div>\n\t\t\t\t<\/div>\n\t\t\t\t<\/div>\n\t\t\t\t\t<\/div>\n\t\t\t\t<\/div>\n\t\t<div class=\"elementor-element elementor-element-5eafa28 e-flex e-con-boxed e-con e-parent\" data-id=\"5eafa28\" data-element_type=\"container\" data-settings=\"{&quot;background_background&quot;:&quot;classic&quot;,&quot;jet_parallax_layout_list&quot;:[]}\">\n\t\t\t\t\t<div class=\"e-con-inner\">\n\t\t\t\t<div class=\"elementor-element elementor-element-1056b5c elementor-vertical-align-top elementor-widget elementor-widget-image-box\" data-id=\"1056b5c\" data-element_type=\"widget\" data-widget_type=\"image-box.default\">\n\t\t\t\t<div class=\"elementor-widget-container\">\n\t\t\t\t\t<div class=\"elementor-image-box-wrapper\"><div class=\"elementor-image-box-content\"><h3 class=\"elementor-image-box-title\">Rede usisa\u00fade<\/h3><p class=\"elementor-image-box-description\">Comunicado Importante<\/p><\/div><\/div>\t\t\t\t<\/div>\n\t\t\t\t<\/div>\n\t\t\t\t<div class=\"elementor-element elementor-element-6e2cbc9 elementor-widget elementor-widget-text-editor\" data-id=\"6e2cbc9\" data-element_type=\"widget\" data-widget_type=\"text-editor.default\">\n\t\t\t\t<div class=\"elementor-widget-container\">\n\t\t\t\t\t\t\t\t\t<h4 data-olk-copy-source=\"MessageBody\"><span style=\"color: #ffffff;\"><strong>Hospital Nossa Senhora das Dores &#8211; Itabira\u00a0<\/strong><\/span><\/h4><div>O Hospital Nossa Senhora das Dores, localizado na Avenida Jo\u00e3o Soares da Silva\u00a0n.\u00ba 135 Bairro: Penha &#8211; Itabira\/MG \u2013 CEP. 35900-062, comunicou a todas as operadoras de planos de sa\u00fade o encerramento definitivo do seu servi\u00e7o de obstetr\u00edcia a partir de 7 de novembro de 2025.<\/div><div>\u00a0<\/div><div>Os benefici\u00e1rios poder\u00e3o utilizar o servi\u00e7o de Obstetr\u00edcia nos demais hospitais credenciados, conforme as condi\u00e7\u00f5es e a cobertura do seu produto contratado.<\/div><div>\u00a0<\/div><div><i>Comunicado realizado pelo prestador em 17\/10\/2025.<\/i><\/div><div>\u00a0<\/div><h4><span style=\"color: #ffffff;\"><strong>HOSPITAL EVANG\u00c9LICO &#8211; BELO HORIZONTE<\/strong><\/span><\/h4><p>A Associa\u00e7\u00e3o Beneficente Evang\u00e9lica de Minas Gerais &#8211; Hospital Evang\u00e9lico, localizada na Rua Dr. Al\u00edpio Goulart n.\u00ba 25 Bairro: Serra &#8211; Belo Horizonte\/MG \u2013 CEP. 30220-330, comunicou a todas as operadoras de planos de sa\u00fade o encerramento definitivo do seu servi\u00e7o de Pronto Atendimento a partir de 30 de outubro de 2025.<\/p><p>Os benefici\u00e1rios poder\u00e3o utilizar o servi\u00e7o de Pronto Atendimento nos demais hospitais credenciados, conforme as condi\u00e7\u00f5es e a cobertura do seu produto contratado.\u00a0<\/p><p><em>Comunicado realizado pelo prestador em 01\/10\/2025.<\/em><\/p><p>Para mais orienta\u00e7\u00f5es, entre em contato com nossa equipe de Relacionamento com o Cliente pelo 0800 283 0040.<\/p><h4><span style=\"color: #ffffff;\"><strong>Hospital da Baleia \u2013 Belo Horizonte<\/strong><\/span><\/h4><p>A Funda\u00e7\u00e3o Benjamin Guimar\u00e3es \u2013 Hospital da Baleia, localizada na Rua Juramento, n\u00ba 1.464, Saudade \u2013 Belo Horizonte\/MG, comunicou \u00e0 todas as operadoras de Planos de Sa\u00fade, o encerramento definitivo de todos os seus servi\u00e7os.<\/p><p>Os atendimentos ser\u00e3o mantidos at\u00e9 o dia 30 de abril de 2024 e, ap\u00f3s essa data, os benefici\u00e1rios dever\u00e3o utilizar os atendimentos e servi\u00e7os do Hospital Belo Horizonte, localizado na Avenida Ant\u00f4nio Carlos, n\u00ba 1.694, Cachoeirinha \u2013 Belo Horizonte\/MG, telefone 31 3449 7000.<\/p><p>Para mais orienta\u00e7\u00f5es, entre em contato com nossa equipe de Relacionamento com o Cliente pelo 0800 283 0040.<\/p><h4><span style=\"color: #ffffff;\"><strong>Cl\u00ednica de Oncologia Vit\u00f3ria \u2013 Santos<\/strong><\/span><\/h4><p>A Cl\u00ednica de Oncologia Vit\u00f3ria Santos, localizada na Rua Monsenhor de Paula Rodrigues n.\u00ba 193 \u2013 Bairro: Vila Belmiro \u2013 Santos\/SP, comunicou a todas as operadoras de planos de sa\u00fade o encerramento definitivo de suas atividades a partir de 3 de junho de 2024.<\/p><p>Os atendimentos ser\u00e3o direcionados para a unidade do Hospital Ana Costa \u2013 Centro de Diagn\u00f3stico\/Ambulatorial, localizado na Rua Amazonas n.\u00ba 143 \u2013 6\u00ba andar \u2013 Bairro: Campo Grande \u2013 Santos\/SP.<\/p><h4><span style=\"color: #ffffff;\"><strong>Centro de Imagem Martins e Godoy &#8211; Belo Horizonte<\/strong><\/span><\/h4><p class=\"xmsonormal\">O Centro de Imagem Martins e Godoy, localizado na Rua Padre Pedro Pinto, \u00a0n.\u00ba 382 \u2013 Bairro: Venda Nova \u2013 Belo Horizonte\/MG, \u00a0comunicou a Usisa\u00fade o encerramento de suas atividades a partir 1\u00ba de dezembro de 2024.<\/p><p class=\"xmsonormal\">Os atendimentos aos benefici\u00e1rios ser\u00e3o direcionados para os demais prestadores da rede de atendimento da Usisa\u00fade.<\/p><p class=\"xmsonormal\">\u00a0<\/p>\t\t\t\t\t\t\t\t<\/div>\n\t\t\t\t<\/div>\n\t\t\t\t\t<\/div>\n\t\t\t\t<\/div>\n\t\t\t\t<\/div>\n\t\t","protected":false},"excerpt":{"rendered":"<p>Rede usisa\u00fade Rede Credenciada Al\u00e9m da rede pr\u00f3pria administrada pela FSFX, n\u00f3s da Usisa\u00fade contamos com uma rede de atendimento ampla e qualificada, que conta com aproximadamente 3 mil credenciados diretos, entre m\u00e9dicos, cl\u00ednicas e laborat\u00f3rios, e 225 hospitais. Consulte nossa rede Rede usisa\u00fade Comunicado Importante Hospital Nossa Senhora das Dores &#8211; Itabira\u00a0 O Hospital [&hellip;]<\/p>\n","protected":false},"author":2,"featured_media":0,"parent":0,"menu_order":0,"comment_status":"closed","ping_status":"closed","template":"","meta":{"_acf_changed":false,"site-sidebar-layout":"no-sidebar","site-content-layout":"page-builder","ast-site-content-layout":"default","site-content-style":"default","site-sidebar-style":"default","ast-global-header-display":"","ast-banner-title-visibility":"","ast-main-header-display":"","ast-hfb-above-header-display":"","ast-hfb-below-header-display":"","ast-hfb-mobile-header-display":"","site-post-title":"disabled","ast-breadcrumbs-content":"","ast-featured-img":"disabled","footer-sml-layout":"","theme-transparent-header-meta":"default","adv-header-id-meta":"","stick-header-meta":"","header-above-stick-meta":"","header-main-stick-meta":"","header-below-stick-meta":"","astra-migrate-meta-layouts":"default","ast-page-background-enabled":"default","ast-page-background-meta":{"desktop":{"background-color":"var(--ast-global-color-4)","background-image":"","background-repeat":"repeat","background-position":"center center","background-size":"auto","background-attachment":"scroll","background-type":"","background-media":"","overlay-type":"","overlay-color":"","overlay-opacity":"","overlay-gradient":""},"tablet":{"background-color":"","background-image":"","background-repeat":"repeat","background-position":"center center","background-size":"auto","background-attachment":"scroll","background-type":"","background-media":"","overlay-type":"","overlay-color":"","overlay-opacity":"","overlay-gradient":""},"mobile":{"background-color":"","background-image":"","background-repeat":"repeat","background-position":"center center","background-size":"auto","background-attachment":"scroll","background-type":"","background-media":"","overlay-type":"","overlay-color":"","overlay-opacity":"","overlay-gradient":""}},"ast-content-background-meta":{"desktop":{"background-color":"var(--ast-global-color-5)","background-image":"","background-repeat":"repeat","background-position":"center center","background-size":"auto","background-attachment":"scroll","background-type":"","background-media":"","overlay-type":"","overlay-color":"","overlay-opacity":"","overlay-gradient":""},"tablet":{"background-color":"var(--ast-global-color-5)","background-image":"","background-repeat":"repeat","background-position":"center center","background-size":"auto","background-attachment":"scroll","background-type":"","background-media":"","overlay-type":"","overlay-color":"","overlay-opacity":"","overlay-gradient":""},"mobile":{"background-color":"var(--ast-global-color-5)","background-image":"","background-repeat":"repeat","background-position":"center center","background-size":"auto","background-attachment":"scroll","background-type":"","background-media":"","overlay-type":"","overlay-color":"","overlay-opacity":"","overlay-gradient":""}},"footnotes":""},"class_list":["post-2726","page","type-page","status-publish","hentry"],"acf":[],"yoast_head":"<!-- This site is optimized with the Yoast SEO plugin v26.9 - https:\/\/yoast.com\/product\/yoast-seo-wordpress\/ -->\n<title>Rede Credenciada - Usisa\u00fade<\/title>\n<meta name=\"robots\" content=\"index, follow, max-snippet:-1, max-image-preview:large, max-video-preview:-1\" \/>\n<link rel=\"canonical\" href=\"https:\/\/www.fsfx.com.br\/usisaude\/rede-medica-de-atendimento\/\" \/>\n<meta property=\"og:locale\" content=\"pt_BR\" \/>\n<meta property=\"og:type\" content=\"article\" \/>\n<meta property=\"og:title\" content=\"Rede Credenciada - Usisa\u00fade\" \/>\n<meta property=\"og:description\" content=\"Rede usisa\u00fade Rede Credenciada Al\u00e9m da rede pr\u00f3pria administrada pela FSFX, n\u00f3s da Usisa\u00fade contamos com uma rede de atendimento ampla e qualificada, que conta com aproximadamente 3 mil credenciados diretos, entre m\u00e9dicos, cl\u00ednicas e laborat\u00f3rios, e 225 hospitais. Consulte nossa rede Rede usisa\u00fade Comunicado Importante Hospital Nossa Senhora das Dores &#8211; Itabira\u00a0 O Hospital [&hellip;]\" \/>\n<meta property=\"og:url\" content=\"https:\/\/www.fsfx.com.br\/usisaude\/rede-medica-de-atendimento\/\" \/>\n<meta property=\"og:site_name\" content=\"Usisa\u00fade\" \/>\n<meta property=\"article:modified_time\" content=\"2025-10-23T16:33:03+00:00\" \/>\n<meta property=\"og:image\" content=\"https:\/\/www.fsfx.com.br\/usisaude\/wp-content\/uploads\/sites\/6\/2022\/06\/rede-propria.png\" \/>\n\t<meta property=\"og:image:width\" content=\"599\" \/>\n\t<meta property=\"og:image:height\" content=\"589\" \/>\n\t<meta property=\"og:image:type\" content=\"image\/png\" \/>\n<meta name=\"twitter:card\" content=\"summary_large_image\" \/>\n<meta name=\"twitter:label1\" content=\"Est. tempo de leitura\" \/>\n\t<meta name=\"twitter:data1\" content=\"3 minutos\" \/>\n<script type=\"application\/ld+json\" class=\"yoast-schema-graph\">{\"@context\":\"https:\/\/schema.org\",\"@graph\":[{\"@type\":\"WebPage\",\"@id\":\"https:\/\/www.fsfx.com.br\/usisaude\/rede-medica-de-atendimento\/\",\"url\":\"https:\/\/www.fsfx.com.br\/usisaude\/rede-medica-de-atendimento\/\",\"name\":\"Rede Credenciada - Usisa\u00fade\",\"isPartOf\":{\"@id\":\"https:\/\/www.fsfx.com.br\/usisaude\/#website\"},\"primaryImageOfPage\":{\"@id\":\"https:\/\/www.fsfx.com.br\/usisaude\/rede-medica-de-atendimento\/#primaryimage\"},\"image\":{\"@id\":\"https:\/\/www.fsfx.com.br\/usisaude\/rede-medica-de-atendimento\/#primaryimage\"},\"thumbnailUrl\":\"https:\/\/www.fsfx.com.br\/usisaude\/wp-content\/uploads\/sites\/6\/2022\/06\/rede-propria.png\",\"datePublished\":\"2022-06-13T16:24:16+00:00\",\"dateModified\":\"2025-10-23T16:33:03+00:00\",\"breadcrumb\":{\"@id\":\"https:\/\/www.fsfx.com.br\/usisaude\/rede-medica-de-atendimento\/#breadcrumb\"},\"inLanguage\":\"pt-BR\",\"potentialAction\":[{\"@type\":\"ReadAction\",\"target\":[\"https:\/\/www.fsfx.com.br\/usisaude\/rede-medica-de-atendimento\/\"]}]},{\"@type\":\"ImageObject\",\"inLanguage\":\"pt-BR\",\"@id\":\"https:\/\/www.fsfx.com.br\/usisaude\/rede-medica-de-atendimento\/#primaryimage\",\"url\":\"https:\/\/www.fsfx.com.br\/usisaude\/wp-content\/uploads\/sites\/6\/2022\/06\/rede-propria.png\",\"contentUrl\":\"https:\/\/www.fsfx.com.br\/usisaude\/wp-content\/uploads\/sites\/6\/2022\/06\/rede-propria.png\",\"width\":599,\"height\":589},{\"@type\":\"BreadcrumbList\",\"@id\":\"https:\/\/www.fsfx.com.br\/usisaude\/rede-medica-de-atendimento\/#breadcrumb\",\"itemListElement\":[{\"@type\":\"ListItem\",\"position\":1,\"name\":\"In\u00edcio\",\"item\":\"https:\/\/www.fsfx.com.br\/usisaude\/\"},{\"@type\":\"ListItem\",\"position\":2,\"name\":\"Rede Credenciada\"}]},{\"@type\":\"WebSite\",\"@id\":\"https:\/\/www.fsfx.com.br\/usisaude\/#website\",\"url\":\"https:\/\/www.fsfx.com.br\/usisaude\/\",\"name\":\"Usisa\u00fade\",\"description\":\"Somos a Usisa\u00fade, uma operadora de planos de sa\u00fade da Funda\u00e7\u00e3o S\u00e3o Francisco Xavier (FSFX), a maior em modalidade filantr\u00f3pica do pa\u00eds.\",\"publisher\":{\"@id\":\"https:\/\/www.fsfx.com.br\/usisaude\/#organization\"},\"potentialAction\":[{\"@type\":\"SearchAction\",\"target\":{\"@type\":\"EntryPoint\",\"urlTemplate\":\"https:\/\/www.fsfx.com.br\/usisaude\/?s={search_term_string}\"},\"query-input\":{\"@type\":\"PropertyValueSpecification\",\"valueRequired\":true,\"valueName\":\"search_term_string\"}}],\"inLanguage\":\"pt-BR\"},{\"@type\":\"Organization\",\"@id\":\"https:\/\/www.fsfx.com.br\/usisaude\/#organization\",\"name\":\"Usisa\u00fade\",\"url\":\"https:\/\/www.fsfx.com.br\/usisaude\/\",\"logo\":{\"@type\":\"ImageObject\",\"inLanguage\":\"pt-BR\",\"@id\":\"https:\/\/www.fsfx.com.br\/usisaude\/#\/schema\/logo\/image\/\",\"url\":\"https:\/\/www.fsfx.com.br\/usisaude\/wp-content\/uploads\/sites\/6\/2022\/03\/logo-ususaude-1.svg\",\"contentUrl\":\"https:\/\/www.fsfx.com.br\/usisaude\/wp-content\/uploads\/sites\/6\/2022\/03\/logo-ususaude-1.svg\",\"width\":445,\"height\":196,\"caption\":\"Usisa\u00fade\"},\"image\":{\"@id\":\"https:\/\/www.fsfx.com.br\/usisaude\/#\/schema\/logo\/image\/\"}}]}<\/script>\n<!-- \/ Yoast SEO plugin. -->","yoast_head_json":{"title":"Rede Credenciada - Usisa\u00fade","robots":{"index":"index","follow":"follow","max-snippet":"max-snippet:-1","max-image-preview":"max-image-preview:large","max-video-preview":"max-video-preview:-1"},"canonical":"https:\/\/www.fsfx.com.br\/usisaude\/rede-medica-de-atendimento\/","og_locale":"pt_BR","og_type":"article","og_title":"Rede Credenciada - Usisa\u00fade","og_description":"Rede usisa\u00fade Rede Credenciada Al\u00e9m da rede pr\u00f3pria administrada pela FSFX, n\u00f3s da Usisa\u00fade contamos com uma rede de atendimento ampla e qualificada, que conta com aproximadamente 3 mil credenciados diretos, entre m\u00e9dicos, cl\u00ednicas e laborat\u00f3rios, e 225 hospitais. Consulte nossa rede Rede usisa\u00fade Comunicado Importante Hospital Nossa Senhora das Dores &#8211; Itabira\u00a0 O Hospital [&hellip;]","og_url":"https:\/\/www.fsfx.com.br\/usisaude\/rede-medica-de-atendimento\/","og_site_name":"Usisa\u00fade","article_modified_time":"2025-10-23T16:33:03+00:00","og_image":[{"width":599,"height":589,"url":"https:\/\/www.fsfx.com.br\/usisaude\/wp-content\/uploads\/sites\/6\/2022\/06\/rede-propria.png","type":"image\/png"}],"twitter_card":"summary_large_image","twitter_misc":{"Est. tempo de leitura":"3 minutos"},"schema":{"@context":"https:\/\/schema.org","@graph":[{"@type":"WebPage","@id":"https:\/\/www.fsfx.com.br\/usisaude\/rede-medica-de-atendimento\/","url":"https:\/\/www.fsfx.com.br\/usisaude\/rede-medica-de-atendimento\/","name":"Rede Credenciada - Usisa\u00fade","isPartOf":{"@id":"https:\/\/www.fsfx.com.br\/usisaude\/#website"},"primaryImageOfPage":{"@id":"https:\/\/www.fsfx.com.br\/usisaude\/rede-medica-de-atendimento\/#primaryimage"},"image":{"@id":"https:\/\/www.fsfx.com.br\/usisaude\/rede-medica-de-atendimento\/#primaryimage"},"thumbnailUrl":"https:\/\/www.fsfx.com.br\/usisaude\/wp-content\/uploads\/sites\/6\/2022\/06\/rede-propria.png","datePublished":"2022-06-13T16:24:16+00:00","dateModified":"2025-10-23T16:33:03+00:00","breadcrumb":{"@id":"https:\/\/www.fsfx.com.br\/usisaude\/rede-medica-de-atendimento\/#breadcrumb"},"inLanguage":"pt-BR","potentialAction":[{"@type":"ReadAction","target":["https:\/\/www.fsfx.com.br\/usisaude\/rede-medica-de-atendimento\/"]}]},{"@type":"ImageObject","inLanguage":"pt-BR","@id":"https:\/\/www.fsfx.com.br\/usisaude\/rede-medica-de-atendimento\/#primaryimage","url":"https:\/\/www.fsfx.com.br\/usisaude\/wp-content\/uploads\/sites\/6\/2022\/06\/rede-propria.png","contentUrl":"https:\/\/www.fsfx.com.br\/usisaude\/wp-content\/uploads\/sites\/6\/2022\/06\/rede-propria.png","width":599,"height":589},{"@type":"BreadcrumbList","@id":"https:\/\/www.fsfx.com.br\/usisaude\/rede-medica-de-atendimento\/#breadcrumb","itemListElement":[{"@type":"ListItem","position":1,"name":"In\u00edcio","item":"https:\/\/www.fsfx.com.br\/usisaude\/"},{"@type":"ListItem","position":2,"name":"Rede Credenciada"}]},{"@type":"WebSite","@id":"https:\/\/www.fsfx.com.br\/usisaude\/#website","url":"https:\/\/www.fsfx.com.br\/usisaude\/","name":"Usisa\u00fade","description":"Somos a Usisa\u00fade, uma operadora de planos de sa\u00fade da Funda\u00e7\u00e3o S\u00e3o Francisco Xavier (FSFX), a maior em modalidade filantr\u00f3pica do pa\u00eds.","publisher":{"@id":"https:\/\/www.fsfx.com.br\/usisaude\/#organization"},"potentialAction":[{"@type":"SearchAction","target":{"@type":"EntryPoint","urlTemplate":"https:\/\/www.fsfx.com.br\/usisaude\/?s={search_term_string}"},"query-input":{"@type":"PropertyValueSpecification","valueRequired":true,"valueName":"search_term_string"}}],"inLanguage":"pt-BR"},{"@type":"Organization","@id":"https:\/\/www.fsfx.com.br\/usisaude\/#organization","name":"Usisa\u00fade","url":"https:\/\/www.fsfx.com.br\/usisaude\/","logo":{"@type":"ImageObject","inLanguage":"pt-BR","@id":"https:\/\/www.fsfx.com.br\/usisaude\/#\/schema\/logo\/image\/","url":"https:\/\/www.fsfx.com.br\/usisaude\/wp-content\/uploads\/sites\/6\/2022\/03\/logo-ususaude-1.svg","contentUrl":"https:\/\/www.fsfx.com.br\/usisaude\/wp-content\/uploads\/sites\/6\/2022\/03\/logo-ususaude-1.svg","width":445,"height":196,"caption":"Usisa\u00fade"},"image":{"@id":"https:\/\/www.fsfx.com.br\/usisaude\/#\/schema\/logo\/image\/"}}]}},"_links":{"self":[{"href":"https:\/\/www.fsfx.com.br\/usisaude\/wp-json\/wp\/v2\/pages\/2726","targetHints":{"allow":["GET"]}}],"collection":[{"href":"https:\/\/www.fsfx.com.br\/usisaude\/wp-json\/wp\/v2\/pages"}],"about":[{"href":"https:\/\/www.fsfx.com.br\/usisaude\/wp-json\/wp\/v2\/types\/page"}],"author":[{"embeddable":true,"href":"https:\/\/www.fsfx.com.br\/usisaude\/wp-json\/wp\/v2\/users\/2"}],"replies":[{"embeddable":true,"href":"https:\/\/www.fsfx.com.br\/usisaude\/wp-json\/wp\/v2\/comments?post=2726"}],"version-history":[{"count":51,"href":"https:\/\/www.fsfx.com.br\/usisaude\/wp-json\/wp\/v2\/pages\/2726\/revisions"}],"predecessor-version":[{"id":12195,"href":"https:\/\/www.fsfx.com.br\/usisaude\/wp-json\/wp\/v2\/pages\/2726\/revisions\/12195"}],"wp:attachment":[{"href":"https:\/\/www.fsfx.com.br\/usisaude\/wp-json\/wp\/v2\/media?parent=2726"}],"curies":[{"name":"wp","href":"https:\/\/api.w.org\/{rel}","templated":true}]}}