{"id":2743,"date":"2022-06-13T13:31:51","date_gmt":"2022-06-13T16:31:51","guid":{"rendered":"https:\/\/www.fsfx.com.br\/usisaude\/?page_id=2743"},"modified":"2024-09-04T09:38:38","modified_gmt":"2024-09-04T12:38:38","slug":"urgencia-e-emergencia-nacional","status":"publish","type":"page","link":"https:\/\/www.fsfx.com.br\/usisaude\/urgencia-e-emergencia-nacional\/","title":{"rendered":"Urg\u00eancia e Emerg\u00eancia Nacional"},"content":{"rendered":"\t\t<div data-elementor-type=\"wp-page\" data-elementor-id=\"2743\" class=\"elementor elementor-2743\" data-elementor-post-type=\"page\">\n\t\t\t\t<div class=\"elementor-element elementor-element-51ae96e e-flex e-con-boxed e-con e-parent\" data-id=\"51ae96e\" data-element_type=\"container\" data-settings=\"{&quot;background_background&quot;:&quot;classic&quot;,&quot;jet_parallax_layout_list&quot;:[]}\">\n\t\t\t\t\t<div class=\"e-con-inner\">\n\t\t<div class=\"elementor-element elementor-element-abbcebb e-con-full e-flex e-con e-child\" data-id=\"abbcebb\" data-element_type=\"container\" data-settings=\"{&quot;jet_parallax_layout_list&quot;:[]}\">\n\t\t\t\t<div class=\"elementor-element elementor-element-a4d782b elementor-widget elementor-widget-image\" data-id=\"a4d782b\" data-element_type=\"widget\" data-widget_type=\"image.default\">\n\t\t\t\t<div class=\"elementor-widget-container\">\n\t\t\t\t\t\t\t\t\t\t\t\t\t\t\t<img fetchpriority=\"high\" decoding=\"async\" width=\"600\" height=\"589\" src=\"https:\/\/www.fsfx.com.br\/usisaude\/wp-content\/uploads\/sites\/6\/2022\/04\/imagem-home-1.png\" class=\"attachment-large size-large wp-image-1849\" alt=\"\" srcset=\"https:\/\/www.fsfx.com.br\/usisaude\/wp-content\/uploads\/sites\/6\/2022\/04\/imagem-home-1.png 600w, https:\/\/www.fsfx.com.br\/usisaude\/wp-content\/uploads\/sites\/6\/2022\/04\/imagem-home-1-300x295.png 300w\" sizes=\"(max-width: 600px) 100vw, 600px\" \/>\t\t\t\t\t\t\t\t\t\t\t\t\t\t\t<\/div>\n\t\t\t\t<\/div>\n\t\t\t\t<\/div>\n\t\t<div class=\"elementor-element elementor-element-ddb78ba e-con-full e-flex e-con e-child\" data-id=\"ddb78ba\" data-element_type=\"container\" data-settings=\"{&quot;jet_parallax_layout_list&quot;:[]}\">\n\t\t\t\t<div class=\"elementor-element elementor-element-1e2b84c elementor-vertical-align-top elementor-widget elementor-widget-image-box\" data-id=\"1e2b84c\" data-element_type=\"widget\" data-widget_type=\"image-box.default\">\n\t\t\t\t<div class=\"elementor-widget-container\">\n\t\t\t\t\t<div class=\"elementor-image-box-wrapper\"><div class=\"elementor-image-box-content\"><h3 class=\"elementor-image-box-title\">Urg\u00eancia e Emerg\u00eancia Nacional<\/h3><p class=\"elementor-image-box-description\">Sobre<\/p><\/div><\/div>\t\t\t\t<\/div>\n\t\t\t\t<\/div>\n\t\t\t\t<div class=\"elementor-element elementor-element-b98a62f elementor-widget elementor-widget-text-editor\" data-id=\"b98a62f\" data-element_type=\"widget\" data-widget_type=\"text-editor.default\">\n\t\t\t\t<div class=\"elementor-widget-container\">\n\t\t\t\t\t\t\t\t\t<p>Para uma maior seguran\u00e7a e comodidade dos seus clientes,\u00a0<strong>a operadora Usisa\u00fade conta com uma cobertura de atendimento nacional<\/strong>, por meio da\u00a0<em>Rede Abramge \u2013\u00a0<\/em>Associa\u00e7\u00e3o Brasileira de Medicina de Grupo, para\u00a0<u>situa\u00e7\u00f5es de urg\u00eancia e emerg\u00eancia fora do domic\u00edlio do benefici\u00e1rio<\/u>.<\/p><p>A associa\u00e7\u00e3o permite o atendimento de benefici\u00e1rios da Usisa\u00fade, atrav\u00e9s da rede credenciada das operadoras de planos de sa\u00fade filiadas \u00e0 institui\u00e7\u00e3o, em\u00a0<strong>situa\u00e7\u00f5es que caracterizem urg\u00eancia e emerg\u00eancia, quando em tr\u00e2nsito fora do seu domic\u00edlio.<\/strong><\/p><p>Ser\u00e3o consideradas\u00a0<strong>situa\u00e7\u00f5es de urg\u00eancia<\/strong>\u00a0aquelas resultantes de acidentes pessoais ou de complica\u00e7\u00f5es no processo gestacional.\u00a0<strong>Situa\u00e7\u00f5es de emerg\u00eancia<\/strong>\u00a0s\u00e3o aquelas que implicam risco imediato de vida ou les\u00f5es irrepar\u00e1veis para o paciente.<\/p>\t\t\t\t\t\t\t\t<\/div>\n\t\t\t\t<\/div>\n\t\t\t\t<div class=\"elementor-element elementor-element-9949c0a elementor-widget elementor-widget-button\" data-id=\"9949c0a\" data-element_type=\"widget\" data-widget_type=\"button.default\">\n\t\t\t\t<div class=\"elementor-widget-container\">\n\t\t\t\t\t\t\t\t\t<div class=\"elementor-button-wrapper\">\n\t\t\t\t\t<a class=\"elementor-button elementor-button-link elementor-size-sm\" href=\"https:\/\/atendimentoabramge.com.br\/#\/home\">\n\t\t\t\t\t\t<span class=\"elementor-button-content-wrapper\">\n\t\t\t\t\t\t\t\t\t<span class=\"elementor-button-text\">Clique aqui e acesse<\/span>\n\t\t\t\t\t<\/span>\n\t\t\t\t\t<\/a>\n\t\t\t\t<\/div>\n\t\t\t\t\t\t\t\t<\/div>\n\t\t\t\t<\/div>\n\t\t\t\t<\/div>\n\t\t\t\t\t<\/div>\n\t\t\t\t<\/div>\n\t\t<div class=\"elementor-element elementor-element-bc4eee8 e-flex e-con-boxed e-con e-parent\" data-id=\"bc4eee8\" data-element_type=\"container\" data-settings=\"{&quot;background_background&quot;:&quot;classic&quot;,&quot;jet_parallax_layout_list&quot;:[]}\">\n\t\t\t\t\t<div class=\"e-con-inner\">\n\t\t<div class=\"elementor-element elementor-element-20e5841 e-con-full e-flex e-con e-child\" data-id=\"20e5841\" data-element_type=\"container\" data-settings=\"{&quot;jet_parallax_layout_list&quot;:[]}\">\n\t\t\t\t<div class=\"elementor-element elementor-element-e00afcf elementor-widget elementor-widget-image\" data-id=\"e00afcf\" data-element_type=\"widget\" data-widget_type=\"image.default\">\n\t\t\t\t<div class=\"elementor-widget-container\">\n\t\t\t\t\t\t\t\t\t\t\t\t\t\t\t<img decoding=\"async\" width=\"599\" height=\"589\" src=\"https:\/\/www.fsfx.com.br\/usisaude\/wp-content\/uploads\/sites\/6\/2022\/06\/plano-medico.png\" class=\"attachment-large size-large wp-image-4729\" alt=\"\" srcset=\"https:\/\/www.fsfx.com.br\/usisaude\/wp-content\/uploads\/sites\/6\/2022\/06\/plano-medico.png 599w, https:\/\/www.fsfx.com.br\/usisaude\/wp-content\/uploads\/sites\/6\/2022\/06\/plano-medico-300x295.png 300w\" sizes=\"(max-width: 599px) 100vw, 599px\" \/>\t\t\t\t\t\t\t\t\t\t\t\t\t\t\t<\/div>\n\t\t\t\t<\/div>\n\t\t\t\t<\/div>\n\t\t<div class=\"elementor-element elementor-element-bd3f36f e-con-full e-flex e-con e-child\" data-id=\"bd3f36f\" data-element_type=\"container\" data-settings=\"{&quot;jet_parallax_layout_list&quot;:[]}\">\n\t\t\t\t<div class=\"elementor-element elementor-element-b16a59d elementor-vertical-align-top elementor-widget elementor-widget-image-box\" data-id=\"b16a59d\" data-element_type=\"widget\" data-widget_type=\"image-box.default\">\n\t\t\t\t<div class=\"elementor-widget-container\">\n\t\t\t\t\t<div class=\"elementor-image-box-wrapper\"><div class=\"elementor-image-box-content\"><p class=\"elementor-image-box-description\">Atendimento<\/p><\/div><\/div>\t\t\t\t<\/div>\n\t\t\t\t<\/div>\n\t\t\t\t<div class=\"elementor-element elementor-element-22d2b85 elementor-widget elementor-widget-text-editor\" data-id=\"22d2b85\" data-element_type=\"widget\" data-widget_type=\"text-editor.default\">\n\t\t\t\t<div class=\"elementor-widget-container\">\n\t\t\t\t\t\t\t\t\t<p><strong>\u2192 <\/strong><strong>Para o atendimento, \u00e9 necess\u00e1ria a apresenta\u00e7\u00e3o dos seguintes documentos:<\/strong><\/p><ul><li>Cart\u00e3o de Identifica\u00e7\u00e3o do benefici\u00e1rio da Usisa\u00fade<\/li><li>Documento de Identidade<\/li><\/ul><p><strong>\u2192 <\/strong><strong>Como utilizar os Servi\u00e7os da Abramge:<\/strong><\/p><ul><li>Para se informar sobre o hospital mais pr\u00f3ximo, consulte orienta\u00e7\u00f5es pelo Call Center da Operadora: 0800 283 0040.<\/li><li>Tamb\u00e9m se encontra dispon\u00edvel o Servi\u00e7o de Atendimento 24h da Abramge, ligando gratuitamente para o telefone 0800 722 7511, ou pelo site <a href=\"https:\/\/atendimentoabramge.com.br\/\">https:\/\/atendimentoabramge.com.br\/<\/a>, em Atendimento Nacional\/ Locais de Atendimento.<\/li><\/ul>\t\t\t\t\t\t\t\t<\/div>\n\t\t\t\t<\/div>\n\t\t\t\t<\/div>\n\t\t\t\t\t<\/div>\n\t\t\t\t<\/div>\n\t\t\t\t<\/div>\n\t\t","protected":false},"excerpt":{"rendered":"<p>Urg\u00eancia e Emerg\u00eancia Nacional Sobre Para uma maior seguran\u00e7a e comodidade dos seus clientes,\u00a0a operadora Usisa\u00fade conta com uma cobertura de atendimento nacional, por meio da\u00a0Rede Abramge \u2013\u00a0Associa\u00e7\u00e3o Brasileira de Medicina de Grupo, para\u00a0situa\u00e7\u00f5es de urg\u00eancia e emerg\u00eancia fora do domic\u00edlio do benefici\u00e1rio. A associa\u00e7\u00e3o permite o atendimento de benefici\u00e1rios da Usisa\u00fade, atrav\u00e9s da rede [&hellip;]<\/p>\n","protected":false},"author":2,"featured_media":0,"parent":0,"menu_order":0,"comment_status":"closed","ping_status":"closed","template":"","meta":{"_acf_changed":false,"site-sidebar-layout":"no-sidebar","site-content-layout":"page-builder","ast-site-content-layout":"default","site-content-style":"default","site-sidebar-style":"default","ast-global-header-display":"","ast-banner-title-visibility":"","ast-main-header-display":"","ast-hfb-above-header-display":"","ast-hfb-below-header-display":"","ast-hfb-mobile-header-display":"","site-post-title":"disabled","ast-breadcrumbs-content":"","ast-featured-img":"disabled","footer-sml-layout":"","theme-transparent-header-meta":"default","adv-header-id-meta":"","stick-header-meta":"","header-above-stick-meta":"","header-main-stick-meta":"","header-below-stick-meta":"","astra-migrate-meta-layouts":"default","ast-page-background-enabled":"default","ast-page-background-meta":{"desktop":{"background-color":"var(--ast-global-color-4)","background-image":"","background-repeat":"repeat","background-position":"center center","background-size":"auto","background-attachment":"scroll","background-type":"","background-media":"","overlay-type":"","overlay-color":"","overlay-opacity":"","overlay-gradient":""},"tablet":{"background-color":"","background-image":"","background-repeat":"repeat","background-position":"center center","background-size":"auto","background-attachment":"scroll","background-type":"","background-media":"","overlay-type":"","overlay-color":"","overlay-opacity":"","overlay-gradient":""},"mobile":{"background-color":"","background-image":"","background-repeat":"repeat","background-position":"center center","background-size":"auto","background-attachment":"scroll","background-type":"","background-media":"","overlay-type":"","overlay-color":"","overlay-opacity":"","overlay-gradient":""}},"ast-content-background-meta":{"desktop":{"background-color":"var(--ast-global-color-5)","background-image":"","background-repeat":"repeat","background-position":"center center","background-size":"auto","background-attachment":"scroll","background-type":"","background-media":"","overlay-type":"","overlay-color":"","overlay-opacity":"","overlay-gradient":""},"tablet":{"background-color":"var(--ast-global-color-5)","background-image":"","background-repeat":"repeat","background-position":"center center","background-size":"auto","background-attachment":"scroll","background-type":"","background-media":"","overlay-type":"","overlay-color":"","overlay-opacity":"","overlay-gradient":""},"mobile":{"background-color":"var(--ast-global-color-5)","background-image":"","background-repeat":"repeat","background-position":"center center","background-size":"auto","background-attachment":"scroll","background-type":"","background-media":"","overlay-type":"","overlay-color":"","overlay-opacity":"","overlay-gradient":""}},"footnotes":""},"class_list":["post-2743","page","type-page","status-publish","hentry"],"acf":[],"yoast_head":"<!-- This site is optimized with the Yoast SEO plugin v26.9 - https:\/\/yoast.com\/product\/yoast-seo-wordpress\/ -->\n<title>Urg\u00eancia e Emerg\u00eancia Nacional - Usisa\u00fade<\/title>\n<meta name=\"robots\" content=\"index, follow, max-snippet:-1, max-image-preview:large, max-video-preview:-1\" \/>\n<link rel=\"canonical\" href=\"https:\/\/www.fsfx.com.br\/usisaude\/urgencia-e-emergencia-nacional\/\" \/>\n<meta property=\"og:locale\" content=\"pt_BR\" \/>\n<meta property=\"og:type\" content=\"article\" \/>\n<meta property=\"og:title\" content=\"Urg\u00eancia e Emerg\u00eancia Nacional - Usisa\u00fade\" \/>\n<meta property=\"og:description\" content=\"Urg\u00eancia e Emerg\u00eancia Nacional Sobre Para uma maior seguran\u00e7a e comodidade dos seus clientes,\u00a0a operadora Usisa\u00fade conta com uma cobertura de atendimento nacional, por meio da\u00a0Rede Abramge \u2013\u00a0Associa\u00e7\u00e3o Brasileira de Medicina de Grupo, para\u00a0situa\u00e7\u00f5es de urg\u00eancia e emerg\u00eancia fora do domic\u00edlio do benefici\u00e1rio. A associa\u00e7\u00e3o permite o atendimento de benefici\u00e1rios da Usisa\u00fade, atrav\u00e9s da rede [&hellip;]\" \/>\n<meta property=\"og:url\" content=\"https:\/\/www.fsfx.com.br\/usisaude\/urgencia-e-emergencia-nacional\/\" \/>\n<meta property=\"og:site_name\" content=\"Usisa\u00fade\" \/>\n<meta property=\"article:modified_time\" content=\"2024-09-04T12:38:38+00:00\" \/>\n<meta property=\"og:image\" content=\"https:\/\/www.fsfx.com.br\/usisaude\/wp-content\/uploads\/sites\/6\/2022\/04\/imagem-home-1.png\" \/>\n<meta name=\"twitter:card\" content=\"summary_large_image\" \/>\n<meta name=\"twitter:label1\" content=\"Est. tempo de leitura\" \/>\n\t<meta name=\"twitter:data1\" content=\"2 minutos\" \/>\n<script type=\"application\/ld+json\" class=\"yoast-schema-graph\">{\"@context\":\"https:\/\/schema.org\",\"@graph\":[{\"@type\":\"WebPage\",\"@id\":\"https:\/\/www.fsfx.com.br\/usisaude\/urgencia-e-emergencia-nacional\/\",\"url\":\"https:\/\/www.fsfx.com.br\/usisaude\/urgencia-e-emergencia-nacional\/\",\"name\":\"Urg\u00eancia e Emerg\u00eancia Nacional - Usisa\u00fade\",\"isPartOf\":{\"@id\":\"https:\/\/www.fsfx.com.br\/usisaude\/#website\"},\"primaryImageOfPage\":{\"@id\":\"https:\/\/www.fsfx.com.br\/usisaude\/urgencia-e-emergencia-nacional\/#primaryimage\"},\"image\":{\"@id\":\"https:\/\/www.fsfx.com.br\/usisaude\/urgencia-e-emergencia-nacional\/#primaryimage\"},\"thumbnailUrl\":\"https:\/\/www.fsfx.com.br\/usisaude\/wp-content\/uploads\/sites\/6\/2022\/04\/imagem-home-1.png\",\"datePublished\":\"2022-06-13T16:31:51+00:00\",\"dateModified\":\"2024-09-04T12:38:38+00:00\",\"breadcrumb\":{\"@id\":\"https:\/\/www.fsfx.com.br\/usisaude\/urgencia-e-emergencia-nacional\/#breadcrumb\"},\"inLanguage\":\"pt-BR\",\"potentialAction\":[{\"@type\":\"ReadAction\",\"target\":[\"https:\/\/www.fsfx.com.br\/usisaude\/urgencia-e-emergencia-nacional\/\"]}]},{\"@type\":\"ImageObject\",\"inLanguage\":\"pt-BR\",\"@id\":\"https:\/\/www.fsfx.com.br\/usisaude\/urgencia-e-emergencia-nacional\/#primaryimage\",\"url\":\"https:\/\/www.fsfx.com.br\/usisaude\/wp-content\/uploads\/sites\/6\/2022\/04\/imagem-home-1.png\",\"contentUrl\":\"https:\/\/www.fsfx.com.br\/usisaude\/wp-content\/uploads\/sites\/6\/2022\/04\/imagem-home-1.png\",\"width\":600,\"height\":589},{\"@type\":\"BreadcrumbList\",\"@id\":\"https:\/\/www.fsfx.com.br\/usisaude\/urgencia-e-emergencia-nacional\/#breadcrumb\",\"itemListElement\":[{\"@type\":\"ListItem\",\"position\":1,\"name\":\"In\u00edcio\",\"item\":\"https:\/\/www.fsfx.com.br\/usisaude\/\"},{\"@type\":\"ListItem\",\"position\":2,\"name\":\"Urg\u00eancia e Emerg\u00eancia Nacional\"}]},{\"@type\":\"WebSite\",\"@id\":\"https:\/\/www.fsfx.com.br\/usisaude\/#website\",\"url\":\"https:\/\/www.fsfx.com.br\/usisaude\/\",\"name\":\"Usisa\u00fade\",\"description\":\"Somos a Usisa\u00fade, uma operadora de planos de sa\u00fade da Funda\u00e7\u00e3o S\u00e3o Francisco Xavier (FSFX), a maior em modalidade filantr\u00f3pica do pa\u00eds.\",\"publisher\":{\"@id\":\"https:\/\/www.fsfx.com.br\/usisaude\/#organization\"},\"potentialAction\":[{\"@type\":\"SearchAction\",\"target\":{\"@type\":\"EntryPoint\",\"urlTemplate\":\"https:\/\/www.fsfx.com.br\/usisaude\/?s={search_term_string}\"},\"query-input\":{\"@type\":\"PropertyValueSpecification\",\"valueRequired\":true,\"valueName\":\"search_term_string\"}}],\"inLanguage\":\"pt-BR\"},{\"@type\":\"Organization\",\"@id\":\"https:\/\/www.fsfx.com.br\/usisaude\/#organization\",\"name\":\"Usisa\u00fade\",\"url\":\"https:\/\/www.fsfx.com.br\/usisaude\/\",\"logo\":{\"@type\":\"ImageObject\",\"inLanguage\":\"pt-BR\",\"@id\":\"https:\/\/www.fsfx.com.br\/usisaude\/#\/schema\/logo\/image\/\",\"url\":\"https:\/\/www.fsfx.com.br\/usisaude\/wp-content\/uploads\/sites\/6\/2022\/03\/logo-ususaude-1.svg\",\"contentUrl\":\"https:\/\/www.fsfx.com.br\/usisaude\/wp-content\/uploads\/sites\/6\/2022\/03\/logo-ususaude-1.svg\",\"width\":445,\"height\":196,\"caption\":\"Usisa\u00fade\"},\"image\":{\"@id\":\"https:\/\/www.fsfx.com.br\/usisaude\/#\/schema\/logo\/image\/\"}}]}<\/script>\n<!-- \/ Yoast SEO plugin. -->","yoast_head_json":{"title":"Urg\u00eancia e Emerg\u00eancia Nacional - Usisa\u00fade","robots":{"index":"index","follow":"follow","max-snippet":"max-snippet:-1","max-image-preview":"max-image-preview:large","max-video-preview":"max-video-preview:-1"},"canonical":"https:\/\/www.fsfx.com.br\/usisaude\/urgencia-e-emergencia-nacional\/","og_locale":"pt_BR","og_type":"article","og_title":"Urg\u00eancia e Emerg\u00eancia Nacional - Usisa\u00fade","og_description":"Urg\u00eancia e Emerg\u00eancia Nacional Sobre Para uma maior seguran\u00e7a e comodidade dos seus clientes,\u00a0a operadora Usisa\u00fade conta com uma cobertura de atendimento nacional, por meio da\u00a0Rede Abramge \u2013\u00a0Associa\u00e7\u00e3o Brasileira de Medicina de Grupo, para\u00a0situa\u00e7\u00f5es de urg\u00eancia e emerg\u00eancia fora do domic\u00edlio do benefici\u00e1rio. A associa\u00e7\u00e3o permite o atendimento de benefici\u00e1rios da Usisa\u00fade, atrav\u00e9s da rede [&hellip;]","og_url":"https:\/\/www.fsfx.com.br\/usisaude\/urgencia-e-emergencia-nacional\/","og_site_name":"Usisa\u00fade","article_modified_time":"2024-09-04T12:38:38+00:00","og_image":[{"url":"https:\/\/www.fsfx.com.br\/usisaude\/wp-content\/uploads\/sites\/6\/2022\/04\/imagem-home-1.png","type":"","width":"","height":""}],"twitter_card":"summary_large_image","twitter_misc":{"Est. tempo de leitura":"2 minutos"},"schema":{"@context":"https:\/\/schema.org","@graph":[{"@type":"WebPage","@id":"https:\/\/www.fsfx.com.br\/usisaude\/urgencia-e-emergencia-nacional\/","url":"https:\/\/www.fsfx.com.br\/usisaude\/urgencia-e-emergencia-nacional\/","name":"Urg\u00eancia e Emerg\u00eancia Nacional - Usisa\u00fade","isPartOf":{"@id":"https:\/\/www.fsfx.com.br\/usisaude\/#website"},"primaryImageOfPage":{"@id":"https:\/\/www.fsfx.com.br\/usisaude\/urgencia-e-emergencia-nacional\/#primaryimage"},"image":{"@id":"https:\/\/www.fsfx.com.br\/usisaude\/urgencia-e-emergencia-nacional\/#primaryimage"},"thumbnailUrl":"https:\/\/www.fsfx.com.br\/usisaude\/wp-content\/uploads\/sites\/6\/2022\/04\/imagem-home-1.png","datePublished":"2022-06-13T16:31:51+00:00","dateModified":"2024-09-04T12:38:38+00:00","breadcrumb":{"@id":"https:\/\/www.fsfx.com.br\/usisaude\/urgencia-e-emergencia-nacional\/#breadcrumb"},"inLanguage":"pt-BR","potentialAction":[{"@type":"ReadAction","target":["https:\/\/www.fsfx.com.br\/usisaude\/urgencia-e-emergencia-nacional\/"]}]},{"@type":"ImageObject","inLanguage":"pt-BR","@id":"https:\/\/www.fsfx.com.br\/usisaude\/urgencia-e-emergencia-nacional\/#primaryimage","url":"https:\/\/www.fsfx.com.br\/usisaude\/wp-content\/uploads\/sites\/6\/2022\/04\/imagem-home-1.png","contentUrl":"https:\/\/www.fsfx.com.br\/usisaude\/wp-content\/uploads\/sites\/6\/2022\/04\/imagem-home-1.png","width":600,"height":589},{"@type":"BreadcrumbList","@id":"https:\/\/www.fsfx.com.br\/usisaude\/urgencia-e-emergencia-nacional\/#breadcrumb","itemListElement":[{"@type":"ListItem","position":1,"name":"In\u00edcio","item":"https:\/\/www.fsfx.com.br\/usisaude\/"},{"@type":"ListItem","position":2,"name":"Urg\u00eancia e Emerg\u00eancia Nacional"}]},{"@type":"WebSite","@id":"https:\/\/www.fsfx.com.br\/usisaude\/#website","url":"https:\/\/www.fsfx.com.br\/usisaude\/","name":"Usisa\u00fade","description":"Somos a Usisa\u00fade, uma operadora de planos de sa\u00fade da Funda\u00e7\u00e3o S\u00e3o Francisco Xavier (FSFX), a maior em modalidade filantr\u00f3pica do pa\u00eds.","publisher":{"@id":"https:\/\/www.fsfx.com.br\/usisaude\/#organization"},"potentialAction":[{"@type":"SearchAction","target":{"@type":"EntryPoint","urlTemplate":"https:\/\/www.fsfx.com.br\/usisaude\/?s={search_term_string}"},"query-input":{"@type":"PropertyValueSpecification","valueRequired":true,"valueName":"search_term_string"}}],"inLanguage":"pt-BR"},{"@type":"Organization","@id":"https:\/\/www.fsfx.com.br\/usisaude\/#organization","name":"Usisa\u00fade","url":"https:\/\/www.fsfx.com.br\/usisaude\/","logo":{"@type":"ImageObject","inLanguage":"pt-BR","@id":"https:\/\/www.fsfx.com.br\/usisaude\/#\/schema\/logo\/image\/","url":"https:\/\/www.fsfx.com.br\/usisaude\/wp-content\/uploads\/sites\/6\/2022\/03\/logo-ususaude-1.svg","contentUrl":"https:\/\/www.fsfx.com.br\/usisaude\/wp-content\/uploads\/sites\/6\/2022\/03\/logo-ususaude-1.svg","width":445,"height":196,"caption":"Usisa\u00fade"},"image":{"@id":"https:\/\/www.fsfx.com.br\/usisaude\/#\/schema\/logo\/image\/"}}]}},"_links":{"self":[{"href":"https:\/\/www.fsfx.com.br\/usisaude\/wp-json\/wp\/v2\/pages\/2743","targetHints":{"allow":["GET"]}}],"collection":[{"href":"https:\/\/www.fsfx.com.br\/usisaude\/wp-json\/wp\/v2\/pages"}],"about":[{"href":"https:\/\/www.fsfx.com.br\/usisaude\/wp-json\/wp\/v2\/types\/page"}],"author":[{"embeddable":true,"href":"https:\/\/www.fsfx.com.br\/usisaude\/wp-json\/wp\/v2\/users\/2"}],"replies":[{"embeddable":true,"href":"https:\/\/www.fsfx.com.br\/usisaude\/wp-json\/wp\/v2\/comments?post=2743"}],"version-history":[{"count":3,"href":"https:\/\/www.fsfx.com.br\/usisaude\/wp-json\/wp\/v2\/pages\/2743\/revisions"}],"predecessor-version":[{"id":10664,"href":"https:\/\/www.fsfx.com.br\/usisaude\/wp-json\/wp\/v2\/pages\/2743\/revisions\/10664"}],"wp:attachment":[{"href":"https:\/\/www.fsfx.com.br\/usisaude\/wp-json\/wp\/v2\/media?parent=2743"}],"curies":[{"name":"wp","href":"https:\/\/api.w.org\/{rel}","templated":true}]}}