{"id":2790,"date":"2022-06-13T14:43:59","date_gmt":"2022-06-13T17:43:59","guid":{"rendered":"https:\/\/www.fsfx.com.br\/usisaude\/?page_id=2790"},"modified":"2022-08-10T10:32:12","modified_gmt":"2022-08-10T13:32:12","slug":"atencao-domiciliar","status":"publish","type":"page","link":"https:\/\/www.fsfx.com.br\/usisaude\/atencao-domiciliar\/","title":{"rendered":"Aten\u00e7\u00e3o Domiciliar"},"content":{"rendered":"\t\t<div data-elementor-type=\"wp-page\" data-elementor-id=\"2790\" class=\"elementor elementor-2790\" data-elementor-post-type=\"page\">\n\t\t\t\t<div class=\"elementor-element elementor-element-39f75a9 e-flex e-con-boxed e-con e-parent\" data-id=\"39f75a9\" data-element_type=\"container\" data-settings=\"{&quot;background_background&quot;:&quot;classic&quot;,&quot;jet_parallax_layout_list&quot;:[]}\">\n\t\t\t\t\t<div class=\"e-con-inner\">\n\t\t<div class=\"elementor-element elementor-element-c7a4fcd e-con-full e-flex e-con e-child\" data-id=\"c7a4fcd\" data-element_type=\"container\" data-settings=\"{&quot;jet_parallax_layout_list&quot;:[]}\">\n\t\t\t\t<div class=\"elementor-element elementor-element-c3eee47 elementor-widget elementor-widget-image\" data-id=\"c3eee47\" data-element_type=\"widget\" data-widget_type=\"image.default\">\n\t\t\t\t<div class=\"elementor-widget-container\">\n\t\t\t\t\t\t\t\t\t\t\t\t\t\t\t<img fetchpriority=\"high\" decoding=\"async\" width=\"599\" height=\"589\" src=\"https:\/\/www.fsfx.com.br\/usisaude\/wp-content\/uploads\/sites\/6\/2022\/06\/atencao-domiciliar.png\" class=\"attachment-large size-large wp-image-4825\" alt=\"\" srcset=\"https:\/\/www.fsfx.com.br\/usisaude\/wp-content\/uploads\/sites\/6\/2022\/06\/atencao-domiciliar.png 599w, https:\/\/www.fsfx.com.br\/usisaude\/wp-content\/uploads\/sites\/6\/2022\/06\/atencao-domiciliar-300x295.png 300w\" sizes=\"(max-width: 599px) 100vw, 599px\" \/>\t\t\t\t\t\t\t\t\t\t\t\t\t\t\t<\/div>\n\t\t\t\t<\/div>\n\t\t\t\t<\/div>\n\t\t<div class=\"elementor-element elementor-element-b1069d6 e-con-full e-flex e-con e-child\" data-id=\"b1069d6\" data-element_type=\"container\" data-settings=\"{&quot;jet_parallax_layout_list&quot;:[]}\">\n\t\t\t\t<div class=\"elementor-element elementor-element-cd8d3b7 elementor-vertical-align-top elementor-widget elementor-widget-image-box\" data-id=\"cd8d3b7\" data-element_type=\"widget\" data-widget_type=\"image-box.default\">\n\t\t\t\t<div class=\"elementor-widget-container\">\n\t\t\t\t\t<div class=\"elementor-image-box-wrapper\"><div class=\"elementor-image-box-content\"><h3 class=\"elementor-image-box-title\">Aten\u00e7\u00e3o Domiciliar<\/h3><p class=\"elementor-image-box-description\">Estar mais perto de nossos benefici\u00e1rios \u00e9 um dos maiores focos da Usisa\u00fade.<\/p><\/div><\/div>\t\t\t\t<\/div>\n\t\t\t\t<\/div>\n\t\t\t\t<div class=\"elementor-element elementor-element-d1419b5 elementor-widget elementor-widget-text-editor\" data-id=\"d1419b5\" data-element_type=\"widget\" data-widget_type=\"text-editor.default\">\n\t\t\t\t<div class=\"elementor-widget-container\">\n\t\t\t\t\t\t\t\t\t<p>Dessa forma, a <strong>Aten\u00e7\u00e3o Domiciliar<\/strong> surgiu com um modelo de assist\u00eancia que envolve a\u00e7\u00f5es de promo\u00e7\u00e3o \u00e0 sa\u00fade, preven\u00e7\u00e3o, tratamento, reabilita\u00e7\u00e3o e cuidados paliativos desenvolvidas <strong>dentro da resid\u00eancia do paciente<\/strong>.<\/p><p>A implanta\u00e7\u00e3o desse <strong>modelo assistencial<\/strong> na <em>Funda\u00e7\u00e3o S\u00e3o Francisco Xavier<\/em> \u00e9 resultado do amadurecimento de uma proposta que <strong>visa agregar conforto, comodidade e uma aten\u00e7\u00e3o especial aos clientes<\/strong>, al\u00e9m de somar aos servi\u00e7os j\u00e1 prestados.<\/p><p>Diante disso, o <strong>Servi\u00e7o de Aten\u00e7\u00e3o Domiciliar \u2013 SAD<\/strong> foi implantado em agosto de 2015, com o intuito de melhorar, ainda mais a experi\u00eancia de nossos pacientes e entregar uma modalidade assistencial de car\u00e1ter substitutivo ou complementar \u00e0s interven\u00e7\u00f5es hospitalares e\/ou ambulatoriais.<\/p><p><em><strong>A Usisa\u00fade est\u00e1 sempre inovando pela sua sa\u00fade!<\/strong><\/em><\/p>\t\t\t\t\t\t\t\t<\/div>\n\t\t\t\t<\/div>\n\t\t\t\t<\/div>\n\t\t\t\t\t<\/div>\n\t\t\t\t<\/div>\n\t\t<div class=\"elementor-element elementor-element-a63b619 e-flex e-con-boxed e-con e-parent\" data-id=\"a63b619\" data-element_type=\"container\" data-settings=\"{&quot;background_background&quot;:&quot;classic&quot;,&quot;jet_parallax_layout_list&quot;:[]}\">\n\t\t\t\t\t<div class=\"e-con-inner\">\n\t\t<div class=\"elementor-element elementor-element-e0a062a e-con-full e-flex e-con e-child\" data-id=\"e0a062a\" data-element_type=\"container\" data-settings=\"{&quot;jet_parallax_layout_list&quot;:[]}\">\n\t\t\t\t<div class=\"elementor-element elementor-element-78efc87 elementor-widget elementor-widget-image\" data-id=\"78efc87\" data-element_type=\"widget\" data-widget_type=\"image.default\">\n\t\t\t\t<div class=\"elementor-widget-container\">\n\t\t\t\t\t\t\t\t\t\t\t\t\t\t\t<img decoding=\"async\" width=\"623\" height=\"761\" src=\"https:\/\/www.fsfx.com.br\/usisaude\/wp-content\/uploads\/sites\/6\/2022\/06\/isa-2.png\" class=\"attachment-large size-large wp-image-4651\" alt=\"\" srcset=\"https:\/\/www.fsfx.com.br\/usisaude\/wp-content\/uploads\/sites\/6\/2022\/06\/isa-2.png 623w, https:\/\/www.fsfx.com.br\/usisaude\/wp-content\/uploads\/sites\/6\/2022\/06\/isa-2-246x300.png 246w\" sizes=\"(max-width: 623px) 100vw, 623px\" \/>\t\t\t\t\t\t\t\t\t\t\t\t\t\t\t<\/div>\n\t\t\t\t<\/div>\n\t\t\t\t<\/div>\n\t\t<div class=\"elementor-element elementor-element-c86a3ca e-con-full e-flex e-con e-child\" data-id=\"c86a3ca\" data-element_type=\"container\" data-settings=\"{&quot;jet_parallax_layout_list&quot;:[]}\">\n\t\t\t\t<div class=\"elementor-element elementor-element-9c37b25 elementor-vertical-align-top elementor-widget elementor-widget-image-box\" data-id=\"9c37b25\" data-element_type=\"widget\" data-widget_type=\"image-box.default\">\n\t\t\t\t<div class=\"elementor-widget-container\">\n\t\t\t\t\t<div class=\"elementor-image-box-wrapper\"><div class=\"elementor-image-box-content\"><p class=\"elementor-image-box-description\">Mais informa\u00e7\u00f5es<\/p><\/div><\/div>\t\t\t\t<\/div>\n\t\t\t\t<\/div>\n\t\t\t\t<div class=\"elementor-element elementor-element-4a976a3 elementor-widget elementor-widget-text-editor\" data-id=\"4a976a3\" data-element_type=\"widget\" data-widget_type=\"text-editor.default\">\n\t\t\t\t<div class=\"elementor-widget-container\">\n\t\t\t\t\t\t\t\t\t<p>Esse \u00e9 um <strong>benef\u00edcio concedido da operadora para os usu\u00e1rios<\/strong>, garantindo a continuidade do cuidado em domic\u00edlio e integrando as redes de aten\u00e7\u00e3o \u00e0 sa\u00fade, obedecendo \u00e0 regulamenta\u00e7\u00e3o da <em>ANVISA<\/em>, atrav\u00e9s da <em>Resolu\u00e7\u00e3o da Diretoria Colegiada \u2013 RDC n\u00ba 11 de janeiro de 2006<\/em>.<\/p><p>O SAD tem por finalidade otimizar a sa\u00edda do paciente do \u00e2mbito hospitalar atrav\u00e9s da oferta de acompanhamento individualizado e diferenciado, al\u00e9m da\u00a0continuidade da assist\u00eancia multidisciplinar. Isso possibilita o tratamento no ambiente que representa o contexto social do indiv\u00edduo e de seus familiares e, assim, evitamos hospitaliza\u00e7\u00f5es desnecess\u00e1rias.<\/p><p>\u00a0Como focamos no alcance dos melhores resultados sempre, agregamos valor ao tratamento do paciente.<\/p><p>\u00a0<strong>Esse servi\u00e7o \u00e9 um avan\u00e7o necess\u00e1rio<\/strong>, e visa acima de tudo, desenvolver nos usu\u00e1rios e familiares, a capacidade para o cuidado \u00e0 sa\u00fade frente \u00e0s novas necessidades do paciente, contribuindo para a retomada da rotina domiciliar.<\/p>\t\t\t\t\t\t\t\t<\/div>\n\t\t\t\t<\/div>\n\t\t\t\t<\/div>\n\t\t\t\t\t<\/div>\n\t\t\t\t<\/div>\n\t\t\t\t<\/div>\n\t\t","protected":false},"excerpt":{"rendered":"<p>Aten\u00e7\u00e3o Domiciliar Estar mais perto de nossos benefici\u00e1rios \u00e9 um dos maiores focos da Usisa\u00fade. Dessa forma, a Aten\u00e7\u00e3o Domiciliar surgiu com um modelo de assist\u00eancia que envolve a\u00e7\u00f5es de promo\u00e7\u00e3o \u00e0 sa\u00fade, preven\u00e7\u00e3o, tratamento, reabilita\u00e7\u00e3o e cuidados paliativos desenvolvidas dentro da resid\u00eancia do paciente. A implanta\u00e7\u00e3o desse modelo assistencial na Funda\u00e7\u00e3o S\u00e3o Francisco Xavier [&hellip;]<\/p>\n","protected":false},"author":2,"featured_media":0,"parent":0,"menu_order":0,"comment_status":"closed","ping_status":"closed","template":"","meta":{"_acf_changed":false,"site-sidebar-layout":"no-sidebar","site-content-layout":"page-builder","ast-site-content-layout":"default","site-content-style":"default","site-sidebar-style":"default","ast-global-header-display":"","ast-banner-title-visibility":"","ast-main-header-display":"","ast-hfb-above-header-display":"","ast-hfb-below-header-display":"","ast-hfb-mobile-header-display":"","site-post-title":"disabled","ast-breadcrumbs-content":"","ast-featured-img":"disabled","footer-sml-layout":"","theme-transparent-header-meta":"default","adv-header-id-meta":"","stick-header-meta":"","header-above-stick-meta":"","header-main-stick-meta":"","header-below-stick-meta":"","astra-migrate-meta-layouts":"default","ast-page-background-enabled":"default","ast-page-background-meta":{"desktop":{"background-color":"var(--ast-global-color-4)","background-image":"","background-repeat":"repeat","background-position":"center center","background-size":"auto","background-attachment":"scroll","background-type":"","background-media":"","overlay-type":"","overlay-color":"","overlay-opacity":"","overlay-gradient":""},"tablet":{"background-color":"","background-image":"","background-repeat":"repeat","background-position":"center center","background-size":"auto","background-attachment":"scroll","background-type":"","background-media":"","overlay-type":"","overlay-color":"","overlay-opacity":"","overlay-gradient":""},"mobile":{"background-color":"","background-image":"","background-repeat":"repeat","background-position":"center center","background-size":"auto","background-attachment":"scroll","background-type":"","background-media":"","overlay-type":"","overlay-color":"","overlay-opacity":"","overlay-gradient":""}},"ast-content-background-meta":{"desktop":{"background-color":"var(--ast-global-color-5)","background-image":"","background-repeat":"repeat","background-position":"center center","background-size":"auto","background-attachment":"scroll","background-type":"","background-media":"","overlay-type":"","overlay-color":"","overlay-opacity":"","overlay-gradient":""},"tablet":{"background-color":"var(--ast-global-color-5)","background-image":"","background-repeat":"repeat","background-position":"center center","background-size":"auto","background-attachment":"scroll","background-type":"","background-media":"","overlay-type":"","overlay-color":"","overlay-opacity":"","overlay-gradient":""},"mobile":{"background-color":"var(--ast-global-color-5)","background-image":"","background-repeat":"repeat","background-position":"center center","background-size":"auto","background-attachment":"scroll","background-type":"","background-media":"","overlay-type":"","overlay-color":"","overlay-opacity":"","overlay-gradient":""}},"footnotes":""},"class_list":["post-2790","page","type-page","status-publish","hentry"],"acf":[],"yoast_head":"<!-- This site is optimized with the Yoast SEO plugin v26.9 - https:\/\/yoast.com\/product\/yoast-seo-wordpress\/ -->\n<title>Aten\u00e7\u00e3o Domiciliar - Usisa\u00fade<\/title>\n<meta name=\"robots\" content=\"index, follow, max-snippet:-1, max-image-preview:large, max-video-preview:-1\" \/>\n<link rel=\"canonical\" href=\"https:\/\/www.fsfx.com.br\/usisaude\/atencao-domiciliar\/\" \/>\n<meta property=\"og:locale\" content=\"pt_BR\" \/>\n<meta property=\"og:type\" content=\"article\" \/>\n<meta property=\"og:title\" content=\"Aten\u00e7\u00e3o Domiciliar - Usisa\u00fade\" \/>\n<meta property=\"og:description\" content=\"Aten\u00e7\u00e3o Domiciliar Estar mais perto de nossos benefici\u00e1rios \u00e9 um dos maiores focos da Usisa\u00fade. Dessa forma, a Aten\u00e7\u00e3o Domiciliar surgiu com um modelo de assist\u00eancia que envolve a\u00e7\u00f5es de promo\u00e7\u00e3o \u00e0 sa\u00fade, preven\u00e7\u00e3o, tratamento, reabilita\u00e7\u00e3o e cuidados paliativos desenvolvidas dentro da resid\u00eancia do paciente. A implanta\u00e7\u00e3o desse modelo assistencial na Funda\u00e7\u00e3o S\u00e3o Francisco Xavier [&hellip;]\" \/>\n<meta property=\"og:url\" content=\"https:\/\/www.fsfx.com.br\/usisaude\/atencao-domiciliar\/\" \/>\n<meta property=\"og:site_name\" content=\"Usisa\u00fade\" \/>\n<meta property=\"article:modified_time\" content=\"2022-08-10T13:32:12+00:00\" \/>\n<meta property=\"og:image\" content=\"https:\/\/www.fsfx.com.br\/usisaude\/wp-content\/uploads\/sites\/6\/2022\/06\/atencao-domiciliar.png\" \/>\n<meta name=\"twitter:card\" content=\"summary_large_image\" \/>\n<meta name=\"twitter:label1\" content=\"Est. tempo de leitura\" \/>\n\t<meta name=\"twitter:data1\" content=\"2 minutos\" \/>\n<script type=\"application\/ld+json\" class=\"yoast-schema-graph\">{\"@context\":\"https:\/\/schema.org\",\"@graph\":[{\"@type\":\"WebPage\",\"@id\":\"https:\/\/www.fsfx.com.br\/usisaude\/atencao-domiciliar\/\",\"url\":\"https:\/\/www.fsfx.com.br\/usisaude\/atencao-domiciliar\/\",\"name\":\"Aten\u00e7\u00e3o Domiciliar - Usisa\u00fade\",\"isPartOf\":{\"@id\":\"https:\/\/www.fsfx.com.br\/usisaude\/#website\"},\"primaryImageOfPage\":{\"@id\":\"https:\/\/www.fsfx.com.br\/usisaude\/atencao-domiciliar\/#primaryimage\"},\"image\":{\"@id\":\"https:\/\/www.fsfx.com.br\/usisaude\/atencao-domiciliar\/#primaryimage\"},\"thumbnailUrl\":\"https:\/\/www.fsfx.com.br\/usisaude\/wp-content\/uploads\/sites\/6\/2022\/06\/atencao-domiciliar.png\",\"datePublished\":\"2022-06-13T17:43:59+00:00\",\"dateModified\":\"2022-08-10T13:32:12+00:00\",\"breadcrumb\":{\"@id\":\"https:\/\/www.fsfx.com.br\/usisaude\/atencao-domiciliar\/#breadcrumb\"},\"inLanguage\":\"pt-BR\",\"potentialAction\":[{\"@type\":\"ReadAction\",\"target\":[\"https:\/\/www.fsfx.com.br\/usisaude\/atencao-domiciliar\/\"]}]},{\"@type\":\"ImageObject\",\"inLanguage\":\"pt-BR\",\"@id\":\"https:\/\/www.fsfx.com.br\/usisaude\/atencao-domiciliar\/#primaryimage\",\"url\":\"https:\/\/www.fsfx.com.br\/usisaude\/wp-content\/uploads\/sites\/6\/2022\/06\/atencao-domiciliar.png\",\"contentUrl\":\"https:\/\/www.fsfx.com.br\/usisaude\/wp-content\/uploads\/sites\/6\/2022\/06\/atencao-domiciliar.png\",\"width\":599,\"height\":589},{\"@type\":\"BreadcrumbList\",\"@id\":\"https:\/\/www.fsfx.com.br\/usisaude\/atencao-domiciliar\/#breadcrumb\",\"itemListElement\":[{\"@type\":\"ListItem\",\"position\":1,\"name\":\"In\u00edcio\",\"item\":\"https:\/\/www.fsfx.com.br\/usisaude\/\"},{\"@type\":\"ListItem\",\"position\":2,\"name\":\"Aten\u00e7\u00e3o Domiciliar\"}]},{\"@type\":\"WebSite\",\"@id\":\"https:\/\/www.fsfx.com.br\/usisaude\/#website\",\"url\":\"https:\/\/www.fsfx.com.br\/usisaude\/\",\"name\":\"Usisa\u00fade\",\"description\":\"Somos a Usisa\u00fade, uma operadora de planos de sa\u00fade da Funda\u00e7\u00e3o S\u00e3o Francisco Xavier (FSFX), a maior em modalidade filantr\u00f3pica do pa\u00eds.\",\"publisher\":{\"@id\":\"https:\/\/www.fsfx.com.br\/usisaude\/#organization\"},\"potentialAction\":[{\"@type\":\"SearchAction\",\"target\":{\"@type\":\"EntryPoint\",\"urlTemplate\":\"https:\/\/www.fsfx.com.br\/usisaude\/?s={search_term_string}\"},\"query-input\":{\"@type\":\"PropertyValueSpecification\",\"valueRequired\":true,\"valueName\":\"search_term_string\"}}],\"inLanguage\":\"pt-BR\"},{\"@type\":\"Organization\",\"@id\":\"https:\/\/www.fsfx.com.br\/usisaude\/#organization\",\"name\":\"Usisa\u00fade\",\"url\":\"https:\/\/www.fsfx.com.br\/usisaude\/\",\"logo\":{\"@type\":\"ImageObject\",\"inLanguage\":\"pt-BR\",\"@id\":\"https:\/\/www.fsfx.com.br\/usisaude\/#\/schema\/logo\/image\/\",\"url\":\"https:\/\/www.fsfx.com.br\/usisaude\/wp-content\/uploads\/sites\/6\/2022\/03\/logo-ususaude-1.svg\",\"contentUrl\":\"https:\/\/www.fsfx.com.br\/usisaude\/wp-content\/uploads\/sites\/6\/2022\/03\/logo-ususaude-1.svg\",\"width\":445,\"height\":196,\"caption\":\"Usisa\u00fade\"},\"image\":{\"@id\":\"https:\/\/www.fsfx.com.br\/usisaude\/#\/schema\/logo\/image\/\"}}]}<\/script>\n<!-- \/ Yoast SEO plugin. -->","yoast_head_json":{"title":"Aten\u00e7\u00e3o Domiciliar - Usisa\u00fade","robots":{"index":"index","follow":"follow","max-snippet":"max-snippet:-1","max-image-preview":"max-image-preview:large","max-video-preview":"max-video-preview:-1"},"canonical":"https:\/\/www.fsfx.com.br\/usisaude\/atencao-domiciliar\/","og_locale":"pt_BR","og_type":"article","og_title":"Aten\u00e7\u00e3o Domiciliar - Usisa\u00fade","og_description":"Aten\u00e7\u00e3o Domiciliar Estar mais perto de nossos benefici\u00e1rios \u00e9 um dos maiores focos da Usisa\u00fade. Dessa forma, a Aten\u00e7\u00e3o Domiciliar surgiu com um modelo de assist\u00eancia que envolve a\u00e7\u00f5es de promo\u00e7\u00e3o \u00e0 sa\u00fade, preven\u00e7\u00e3o, tratamento, reabilita\u00e7\u00e3o e cuidados paliativos desenvolvidas dentro da resid\u00eancia do paciente. A implanta\u00e7\u00e3o desse modelo assistencial na Funda\u00e7\u00e3o S\u00e3o Francisco Xavier [&hellip;]","og_url":"https:\/\/www.fsfx.com.br\/usisaude\/atencao-domiciliar\/","og_site_name":"Usisa\u00fade","article_modified_time":"2022-08-10T13:32:12+00:00","og_image":[{"url":"https:\/\/www.fsfx.com.br\/usisaude\/wp-content\/uploads\/sites\/6\/2022\/06\/atencao-domiciliar.png","type":"","width":"","height":""}],"twitter_card":"summary_large_image","twitter_misc":{"Est. tempo de leitura":"2 minutos"},"schema":{"@context":"https:\/\/schema.org","@graph":[{"@type":"WebPage","@id":"https:\/\/www.fsfx.com.br\/usisaude\/atencao-domiciliar\/","url":"https:\/\/www.fsfx.com.br\/usisaude\/atencao-domiciliar\/","name":"Aten\u00e7\u00e3o Domiciliar - Usisa\u00fade","isPartOf":{"@id":"https:\/\/www.fsfx.com.br\/usisaude\/#website"},"primaryImageOfPage":{"@id":"https:\/\/www.fsfx.com.br\/usisaude\/atencao-domiciliar\/#primaryimage"},"image":{"@id":"https:\/\/www.fsfx.com.br\/usisaude\/atencao-domiciliar\/#primaryimage"},"thumbnailUrl":"https:\/\/www.fsfx.com.br\/usisaude\/wp-content\/uploads\/sites\/6\/2022\/06\/atencao-domiciliar.png","datePublished":"2022-06-13T17:43:59+00:00","dateModified":"2022-08-10T13:32:12+00:00","breadcrumb":{"@id":"https:\/\/www.fsfx.com.br\/usisaude\/atencao-domiciliar\/#breadcrumb"},"inLanguage":"pt-BR","potentialAction":[{"@type":"ReadAction","target":["https:\/\/www.fsfx.com.br\/usisaude\/atencao-domiciliar\/"]}]},{"@type":"ImageObject","inLanguage":"pt-BR","@id":"https:\/\/www.fsfx.com.br\/usisaude\/atencao-domiciliar\/#primaryimage","url":"https:\/\/www.fsfx.com.br\/usisaude\/wp-content\/uploads\/sites\/6\/2022\/06\/atencao-domiciliar.png","contentUrl":"https:\/\/www.fsfx.com.br\/usisaude\/wp-content\/uploads\/sites\/6\/2022\/06\/atencao-domiciliar.png","width":599,"height":589},{"@type":"BreadcrumbList","@id":"https:\/\/www.fsfx.com.br\/usisaude\/atencao-domiciliar\/#breadcrumb","itemListElement":[{"@type":"ListItem","position":1,"name":"In\u00edcio","item":"https:\/\/www.fsfx.com.br\/usisaude\/"},{"@type":"ListItem","position":2,"name":"Aten\u00e7\u00e3o Domiciliar"}]},{"@type":"WebSite","@id":"https:\/\/www.fsfx.com.br\/usisaude\/#website","url":"https:\/\/www.fsfx.com.br\/usisaude\/","name":"Usisa\u00fade","description":"Somos a Usisa\u00fade, uma operadora de planos de sa\u00fade da Funda\u00e7\u00e3o S\u00e3o Francisco Xavier (FSFX), a maior em modalidade filantr\u00f3pica do pa\u00eds.","publisher":{"@id":"https:\/\/www.fsfx.com.br\/usisaude\/#organization"},"potentialAction":[{"@type":"SearchAction","target":{"@type":"EntryPoint","urlTemplate":"https:\/\/www.fsfx.com.br\/usisaude\/?s={search_term_string}"},"query-input":{"@type":"PropertyValueSpecification","valueRequired":true,"valueName":"search_term_string"}}],"inLanguage":"pt-BR"},{"@type":"Organization","@id":"https:\/\/www.fsfx.com.br\/usisaude\/#organization","name":"Usisa\u00fade","url":"https:\/\/www.fsfx.com.br\/usisaude\/","logo":{"@type":"ImageObject","inLanguage":"pt-BR","@id":"https:\/\/www.fsfx.com.br\/usisaude\/#\/schema\/logo\/image\/","url":"https:\/\/www.fsfx.com.br\/usisaude\/wp-content\/uploads\/sites\/6\/2022\/03\/logo-ususaude-1.svg","contentUrl":"https:\/\/www.fsfx.com.br\/usisaude\/wp-content\/uploads\/sites\/6\/2022\/03\/logo-ususaude-1.svg","width":445,"height":196,"caption":"Usisa\u00fade"},"image":{"@id":"https:\/\/www.fsfx.com.br\/usisaude\/#\/schema\/logo\/image\/"}}]}},"_links":{"self":[{"href":"https:\/\/www.fsfx.com.br\/usisaude\/wp-json\/wp\/v2\/pages\/2790","targetHints":{"allow":["GET"]}}],"collection":[{"href":"https:\/\/www.fsfx.com.br\/usisaude\/wp-json\/wp\/v2\/pages"}],"about":[{"href":"https:\/\/www.fsfx.com.br\/usisaude\/wp-json\/wp\/v2\/types\/page"}],"author":[{"embeddable":true,"href":"https:\/\/www.fsfx.com.br\/usisaude\/wp-json\/wp\/v2\/users\/2"}],"replies":[{"embeddable":true,"href":"https:\/\/www.fsfx.com.br\/usisaude\/wp-json\/wp\/v2\/comments?post=2790"}],"version-history":[{"count":0,"href":"https:\/\/www.fsfx.com.br\/usisaude\/wp-json\/wp\/v2\/pages\/2790\/revisions"}],"wp:attachment":[{"href":"https:\/\/www.fsfx.com.br\/usisaude\/wp-json\/wp\/v2\/media?parent=2790"}],"curies":[{"name":"wp","href":"https:\/\/api.w.org\/{rel}","templated":true}]}}