{"id":7040,"date":"2022-07-14T21:50:31","date_gmt":"2022-07-15T00:50:31","guid":{"rendered":"https:\/\/www.fsfx.com.br\/usisaude\/?page_id=7040"},"modified":"2022-07-14T21:53:11","modified_gmt":"2022-07-15T00:53:11","slug":"fator-de-qualidade","status":"publish","type":"page","link":"https:\/\/www.fsfx.com.br\/usisaude\/fator-de-qualidade\/","title":{"rendered":"Fator de Qualidade"},"content":{"rendered":"\t\t<div data-elementor-type=\"wp-page\" data-elementor-id=\"7040\" class=\"elementor elementor-7040\" data-elementor-post-type=\"page\">\n\t\t\t\t<div class=\"elementor-element elementor-element-ab43a19 e-flex e-con-boxed e-con e-parent\" data-id=\"ab43a19\" data-element_type=\"container\" data-settings=\"{&quot;background_background&quot;:&quot;classic&quot;,&quot;jet_parallax_layout_list&quot;:[]}\">\n\t\t\t\t\t<div class=\"e-con-inner\">\n\t\t<div class=\"elementor-element elementor-element-ed592d5 e-con-full e-flex e-con e-child\" data-id=\"ed592d5\" data-element_type=\"container\" data-settings=\"{&quot;jet_parallax_layout_list&quot;:[]}\">\n\t\t\t\t<div class=\"elementor-element elementor-element-99d391b elementor-widget elementor-widget-image\" data-id=\"99d391b\" data-element_type=\"widget\" data-widget_type=\"image.default\">\n\t\t\t\t<div class=\"elementor-widget-container\">\n\t\t\t\t\t\t\t\t\t\t\t\t\t\t\t<img fetchpriority=\"high\" decoding=\"async\" width=\"599\" height=\"589\" src=\"https:\/\/www.fsfx.com.br\/usisaude\/wp-content\/uploads\/sites\/6\/2022\/06\/img-sobre-nos.png\" class=\"attachment-large size-large wp-image-4587\" alt=\"\" srcset=\"https:\/\/www.fsfx.com.br\/usisaude\/wp-content\/uploads\/sites\/6\/2022\/06\/img-sobre-nos.png 599w, https:\/\/www.fsfx.com.br\/usisaude\/wp-content\/uploads\/sites\/6\/2022\/06\/img-sobre-nos-300x295.png 300w\" sizes=\"(max-width: 599px) 100vw, 599px\" \/>\t\t\t\t\t\t\t\t\t\t\t\t\t\t\t<\/div>\n\t\t\t\t<\/div>\n\t\t\t\t<\/div>\n\t\t<div class=\"elementor-element elementor-element-1f541ad e-con-full e-flex e-con e-child\" data-id=\"1f541ad\" data-element_type=\"container\" data-settings=\"{&quot;jet_parallax_layout_list&quot;:[]}\">\n\t\t\t\t<div class=\"elementor-element elementor-element-b783a26 elementor-vertical-align-top elementor-widget elementor-widget-image-box\" data-id=\"b783a26\" data-element_type=\"widget\" data-widget_type=\"image-box.default\">\n\t\t\t\t<div class=\"elementor-widget-container\">\n\t\t\t\t\t<div class=\"elementor-image-box-wrapper\"><div class=\"elementor-image-box-content\"><h3 class=\"elementor-image-box-title\">Credenciado<\/h3><p class=\"elementor-image-box-description\">Fator de Qualidade<\/p><\/div><\/div>\t\t\t\t<\/div>\n\t\t\t\t<\/div>\n\t\t\t\t<div class=\"elementor-element elementor-element-8c1ed24 elementor-widget elementor-widget-text-editor\" data-id=\"8c1ed24\" data-element_type=\"widget\" data-widget_type=\"text-editor.default\">\n\t\t\t\t<div class=\"elementor-widget-container\">\n\t\t\t\t\t\t\t\t\t<p><strong>O que \u00e9 o Fator de Qualidade?<\/strong><\/p><p>O Fator de Qualidade \u00e9 o elemento de c\u00e1lculo que objetiva refletir a qualifica\u00e7\u00e3o do prestador. \u00c9 aplicado ao \u00edndice de Pre\u00e7os ao Consumidor Amplo (IPCA), definido pela ANS para reajuste anual dos contratos entre operadoras de planos privados de assist\u00eancia \u00e0 sa\u00fade e prestadores de servi\u00e7os de sa\u00fade. Dependendo do cumprimento dos requisitos de qualidade previstos na Nota T\u00e9cnica 45\/2016\/DIDES\/ANS, que trata dos crit\u00e9rios para aplica\u00e7\u00e3o do Fator de Qualidade ano-base 2016, o FQ poder\u00e1 ser de 105 %, 100 % ou 85 % do IPCA.<\/p><p>O Fator de Qualidade \u00e9 aplicado apenas nas situa\u00e7\u00f5es em que h\u00e1 no contrato a previs\u00e3o de livre negocia\u00e7\u00e3o do reajuste \u2013 n\u00e3o h\u00e1 \u00edndice predefinido no contrato e n\u00e3o houve acordo entre as partes ap\u00f3s os primeiros 90 dias do ano. No entanto, todos os prestadores devem preencher o formul\u00e1rio: para quem n\u00e3o negociou, o mesmo servir\u00e1 de base para o FQ; para quem negociou, embasar\u00e1 o Qualiss e outras a\u00e7\u00f5es.<\/p><p><strong>Cadastro Fator de Qualidade<\/strong><\/p><p>Prestadores de aten\u00e7\u00e3o \u00e0 sa\u00fade, como hospitais e hospitais-dia, profissionais de sa\u00fade, cl\u00ednicas multiprofissionais e Servi\u00e7os de Apoio Diagn\u00f3stico e Terapia (SADT) t\u00eam at\u00e9 o dia 8\/3\/17 para preencher o question\u00e1rio que ser\u00e1 adotado para fins de aplica\u00e7\u00e3o do Fator de Qualidade (FQ). O formul\u00e1rio, que deve ser preenchido por todos os prestadores, tamb\u00e9m servir\u00e1 de base para a realiza\u00e7\u00e3o de uma ampla pesquisa sobre os prestadores de servi\u00e7os na sa\u00fade suplementar, dando subs\u00eddios para a elabora\u00e7\u00e3o de programas e pol\u00edticas para o setor, em particular o Qualiss \u2013 Programa de Qualifica\u00e7\u00e3o dos Prestadores de Servi\u00e7os na Sa\u00fade Suplementar. O question\u00e1rio est\u00e1 dispon\u00edvel no portal da Ag\u00eancia Nacional de Sa\u00fade Suplementar (ANS) e nos portais das associa\u00e7\u00f5es e conselhos profissionais e das entidades representativas.<\/p>\t\t\t\t\t\t\t\t<\/div>\n\t\t\t\t<\/div>\n\t\t\t\t<\/div>\n\t\t\t\t\t<\/div>\n\t\t\t\t<\/div>\n\t\t\t\t<\/div>\n\t\t","protected":false},"excerpt":{"rendered":"<p>Credenciado Fator de Qualidade O que \u00e9 o Fator de Qualidade? O Fator de Qualidade \u00e9 o elemento de c\u00e1lculo que objetiva refletir a qualifica\u00e7\u00e3o do prestador. \u00c9 aplicado ao \u00edndice de Pre\u00e7os ao Consumidor Amplo (IPCA), definido pela ANS para reajuste anual dos contratos entre operadoras de planos privados de assist\u00eancia \u00e0 sa\u00fade e [&hellip;]<\/p>\n","protected":false},"author":2,"featured_media":0,"parent":0,"menu_order":0,"comment_status":"closed","ping_status":"closed","template":"","meta":{"_acf_changed":false,"site-sidebar-layout":"no-sidebar","site-content-layout":"page-builder","ast-site-content-layout":"default","site-content-style":"default","site-sidebar-style":"default","ast-global-header-display":"","ast-banner-title-visibility":"","ast-main-header-display":"","ast-hfb-above-header-display":"","ast-hfb-below-header-display":"","ast-hfb-mobile-header-display":"","site-post-title":"disabled","ast-breadcrumbs-content":"","ast-featured-img":"disabled","footer-sml-layout":"","theme-transparent-header-meta":"default","adv-header-id-meta":"","stick-header-meta":"","header-above-stick-meta":"","header-main-stick-meta":"","header-below-stick-meta":"","astra-migrate-meta-layouts":"default","ast-page-background-enabled":"default","ast-page-background-meta":{"desktop":{"background-color":"var(--ast-global-color-4)","background-image":"","background-repeat":"repeat","background-position":"center center","background-size":"auto","background-attachment":"scroll","background-type":"","background-media":"","overlay-type":"","overlay-color":"","overlay-opacity":"","overlay-gradient":""},"tablet":{"background-color":"","background-image":"","background-repeat":"repeat","background-position":"center center","background-size":"auto","background-attachment":"scroll","background-type":"","background-media":"","overlay-type":"","overlay-color":"","overlay-opacity":"","overlay-gradient":""},"mobile":{"background-color":"","background-image":"","background-repeat":"repeat","background-position":"center center","background-size":"auto","background-attachment":"scroll","background-type":"","background-media":"","overlay-type":"","overlay-color":"","overlay-opacity":"","overlay-gradient":""}},"ast-content-background-meta":{"desktop":{"background-color":"var(--ast-global-color-5)","background-image":"","background-repeat":"repeat","background-position":"center center","background-size":"auto","background-attachment":"scroll","background-type":"","background-media":"","overlay-type":"","overlay-color":"","overlay-opacity":"","overlay-gradient":""},"tablet":{"background-color":"var(--ast-global-color-5)","background-image":"","background-repeat":"repeat","background-position":"center center","background-size":"auto","background-attachment":"scroll","background-type":"","background-media":"","overlay-type":"","overlay-color":"","overlay-opacity":"","overlay-gradient":""},"mobile":{"background-color":"var(--ast-global-color-5)","background-image":"","background-repeat":"repeat","background-position":"center center","background-size":"auto","background-attachment":"scroll","background-type":"","background-media":"","overlay-type":"","overlay-color":"","overlay-opacity":"","overlay-gradient":""}},"footnotes":""},"class_list":["post-7040","page","type-page","status-publish","hentry"],"acf":[],"yoast_head":"<!-- This site is optimized with the Yoast SEO plugin v26.9 - https:\/\/yoast.com\/product\/yoast-seo-wordpress\/ -->\n<title>Fator de Qualidade - Usisa\u00fade<\/title>\n<meta name=\"robots\" content=\"index, follow, max-snippet:-1, max-image-preview:large, max-video-preview:-1\" \/>\n<link rel=\"canonical\" href=\"https:\/\/www.fsfx.com.br\/usisaude\/fator-de-qualidade\/\" \/>\n<meta property=\"og:locale\" content=\"pt_BR\" \/>\n<meta property=\"og:type\" content=\"article\" \/>\n<meta property=\"og:title\" content=\"Fator de Qualidade - Usisa\u00fade\" \/>\n<meta property=\"og:description\" content=\"Credenciado Fator de Qualidade O que \u00e9 o Fator de Qualidade? O Fator de Qualidade \u00e9 o elemento de c\u00e1lculo que objetiva refletir a qualifica\u00e7\u00e3o do prestador. \u00c9 aplicado ao \u00edndice de Pre\u00e7os ao Consumidor Amplo (IPCA), definido pela ANS para reajuste anual dos contratos entre operadoras de planos privados de assist\u00eancia \u00e0 sa\u00fade e [&hellip;]\" \/>\n<meta property=\"og:url\" content=\"https:\/\/www.fsfx.com.br\/usisaude\/fator-de-qualidade\/\" \/>\n<meta property=\"og:site_name\" content=\"Usisa\u00fade\" \/>\n<meta property=\"article:modified_time\" content=\"2022-07-15T00:53:11+00:00\" \/>\n<meta property=\"og:image\" content=\"https:\/\/www.fsfx.com.br\/usisaude\/wp-content\/uploads\/sites\/6\/2022\/06\/img-sobre-nos.png\" \/>\n<meta name=\"twitter:card\" content=\"summary_large_image\" \/>\n<meta name=\"twitter:label1\" content=\"Est. tempo de leitura\" \/>\n\t<meta name=\"twitter:data1\" content=\"2 minutos\" \/>\n<script type=\"application\/ld+json\" class=\"yoast-schema-graph\">{\"@context\":\"https:\/\/schema.org\",\"@graph\":[{\"@type\":\"WebPage\",\"@id\":\"https:\/\/www.fsfx.com.br\/usisaude\/fator-de-qualidade\/\",\"url\":\"https:\/\/www.fsfx.com.br\/usisaude\/fator-de-qualidade\/\",\"name\":\"Fator de Qualidade - Usisa\u00fade\",\"isPartOf\":{\"@id\":\"https:\/\/www.fsfx.com.br\/usisaude\/#website\"},\"primaryImageOfPage\":{\"@id\":\"https:\/\/www.fsfx.com.br\/usisaude\/fator-de-qualidade\/#primaryimage\"},\"image\":{\"@id\":\"https:\/\/www.fsfx.com.br\/usisaude\/fator-de-qualidade\/#primaryimage\"},\"thumbnailUrl\":\"https:\/\/www.fsfx.com.br\/usisaude\/wp-content\/uploads\/sites\/6\/2022\/06\/img-sobre-nos.png\",\"datePublished\":\"2022-07-15T00:50:31+00:00\",\"dateModified\":\"2022-07-15T00:53:11+00:00\",\"breadcrumb\":{\"@id\":\"https:\/\/www.fsfx.com.br\/usisaude\/fator-de-qualidade\/#breadcrumb\"},\"inLanguage\":\"pt-BR\",\"potentialAction\":[{\"@type\":\"ReadAction\",\"target\":[\"https:\/\/www.fsfx.com.br\/usisaude\/fator-de-qualidade\/\"]}]},{\"@type\":\"ImageObject\",\"inLanguage\":\"pt-BR\",\"@id\":\"https:\/\/www.fsfx.com.br\/usisaude\/fator-de-qualidade\/#primaryimage\",\"url\":\"https:\/\/www.fsfx.com.br\/usisaude\/wp-content\/uploads\/sites\/6\/2022\/06\/img-sobre-nos.png\",\"contentUrl\":\"https:\/\/www.fsfx.com.br\/usisaude\/wp-content\/uploads\/sites\/6\/2022\/06\/img-sobre-nos.png\",\"width\":599,\"height\":589},{\"@type\":\"BreadcrumbList\",\"@id\":\"https:\/\/www.fsfx.com.br\/usisaude\/fator-de-qualidade\/#breadcrumb\",\"itemListElement\":[{\"@type\":\"ListItem\",\"position\":1,\"name\":\"In\u00edcio\",\"item\":\"https:\/\/www.fsfx.com.br\/usisaude\/\"},{\"@type\":\"ListItem\",\"position\":2,\"name\":\"Fator de Qualidade\"}]},{\"@type\":\"WebSite\",\"@id\":\"https:\/\/www.fsfx.com.br\/usisaude\/#website\",\"url\":\"https:\/\/www.fsfx.com.br\/usisaude\/\",\"name\":\"Usisa\u00fade\",\"description\":\"Somos a Usisa\u00fade, uma operadora de planos de sa\u00fade da Funda\u00e7\u00e3o S\u00e3o Francisco Xavier (FSFX), a maior em modalidade filantr\u00f3pica do pa\u00eds.\",\"publisher\":{\"@id\":\"https:\/\/www.fsfx.com.br\/usisaude\/#organization\"},\"potentialAction\":[{\"@type\":\"SearchAction\",\"target\":{\"@type\":\"EntryPoint\",\"urlTemplate\":\"https:\/\/www.fsfx.com.br\/usisaude\/?s={search_term_string}\"},\"query-input\":{\"@type\":\"PropertyValueSpecification\",\"valueRequired\":true,\"valueName\":\"search_term_string\"}}],\"inLanguage\":\"pt-BR\"},{\"@type\":\"Organization\",\"@id\":\"https:\/\/www.fsfx.com.br\/usisaude\/#organization\",\"name\":\"Usisa\u00fade\",\"url\":\"https:\/\/www.fsfx.com.br\/usisaude\/\",\"logo\":{\"@type\":\"ImageObject\",\"inLanguage\":\"pt-BR\",\"@id\":\"https:\/\/www.fsfx.com.br\/usisaude\/#\/schema\/logo\/image\/\",\"url\":\"https:\/\/www.fsfx.com.br\/usisaude\/wp-content\/uploads\/sites\/6\/2022\/03\/logo-ususaude-1.svg\",\"contentUrl\":\"https:\/\/www.fsfx.com.br\/usisaude\/wp-content\/uploads\/sites\/6\/2022\/03\/logo-ususaude-1.svg\",\"width\":445,\"height\":196,\"caption\":\"Usisa\u00fade\"},\"image\":{\"@id\":\"https:\/\/www.fsfx.com.br\/usisaude\/#\/schema\/logo\/image\/\"}}]}<\/script>\n<!-- \/ Yoast SEO plugin. -->","yoast_head_json":{"title":"Fator de Qualidade - Usisa\u00fade","robots":{"index":"index","follow":"follow","max-snippet":"max-snippet:-1","max-image-preview":"max-image-preview:large","max-video-preview":"max-video-preview:-1"},"canonical":"https:\/\/www.fsfx.com.br\/usisaude\/fator-de-qualidade\/","og_locale":"pt_BR","og_type":"article","og_title":"Fator de Qualidade - Usisa\u00fade","og_description":"Credenciado Fator de Qualidade O que \u00e9 o Fator de Qualidade? O Fator de Qualidade \u00e9 o elemento de c\u00e1lculo que objetiva refletir a qualifica\u00e7\u00e3o do prestador. \u00c9 aplicado ao \u00edndice de Pre\u00e7os ao Consumidor Amplo (IPCA), definido pela ANS para reajuste anual dos contratos entre operadoras de planos privados de assist\u00eancia \u00e0 sa\u00fade e [&hellip;]","og_url":"https:\/\/www.fsfx.com.br\/usisaude\/fator-de-qualidade\/","og_site_name":"Usisa\u00fade","article_modified_time":"2022-07-15T00:53:11+00:00","og_image":[{"url":"https:\/\/www.fsfx.com.br\/usisaude\/wp-content\/uploads\/sites\/6\/2022\/06\/img-sobre-nos.png","type":"","width":"","height":""}],"twitter_card":"summary_large_image","twitter_misc":{"Est. tempo de leitura":"2 minutos"},"schema":{"@context":"https:\/\/schema.org","@graph":[{"@type":"WebPage","@id":"https:\/\/www.fsfx.com.br\/usisaude\/fator-de-qualidade\/","url":"https:\/\/www.fsfx.com.br\/usisaude\/fator-de-qualidade\/","name":"Fator de Qualidade - Usisa\u00fade","isPartOf":{"@id":"https:\/\/www.fsfx.com.br\/usisaude\/#website"},"primaryImageOfPage":{"@id":"https:\/\/www.fsfx.com.br\/usisaude\/fator-de-qualidade\/#primaryimage"},"image":{"@id":"https:\/\/www.fsfx.com.br\/usisaude\/fator-de-qualidade\/#primaryimage"},"thumbnailUrl":"https:\/\/www.fsfx.com.br\/usisaude\/wp-content\/uploads\/sites\/6\/2022\/06\/img-sobre-nos.png","datePublished":"2022-07-15T00:50:31+00:00","dateModified":"2022-07-15T00:53:11+00:00","breadcrumb":{"@id":"https:\/\/www.fsfx.com.br\/usisaude\/fator-de-qualidade\/#breadcrumb"},"inLanguage":"pt-BR","potentialAction":[{"@type":"ReadAction","target":["https:\/\/www.fsfx.com.br\/usisaude\/fator-de-qualidade\/"]}]},{"@type":"ImageObject","inLanguage":"pt-BR","@id":"https:\/\/www.fsfx.com.br\/usisaude\/fator-de-qualidade\/#primaryimage","url":"https:\/\/www.fsfx.com.br\/usisaude\/wp-content\/uploads\/sites\/6\/2022\/06\/img-sobre-nos.png","contentUrl":"https:\/\/www.fsfx.com.br\/usisaude\/wp-content\/uploads\/sites\/6\/2022\/06\/img-sobre-nos.png","width":599,"height":589},{"@type":"BreadcrumbList","@id":"https:\/\/www.fsfx.com.br\/usisaude\/fator-de-qualidade\/#breadcrumb","itemListElement":[{"@type":"ListItem","position":1,"name":"In\u00edcio","item":"https:\/\/www.fsfx.com.br\/usisaude\/"},{"@type":"ListItem","position":2,"name":"Fator de Qualidade"}]},{"@type":"WebSite","@id":"https:\/\/www.fsfx.com.br\/usisaude\/#website","url":"https:\/\/www.fsfx.com.br\/usisaude\/","name":"Usisa\u00fade","description":"Somos a Usisa\u00fade, uma operadora de planos de sa\u00fade da Funda\u00e7\u00e3o S\u00e3o Francisco Xavier (FSFX), a maior em modalidade filantr\u00f3pica do pa\u00eds.","publisher":{"@id":"https:\/\/www.fsfx.com.br\/usisaude\/#organization"},"potentialAction":[{"@type":"SearchAction","target":{"@type":"EntryPoint","urlTemplate":"https:\/\/www.fsfx.com.br\/usisaude\/?s={search_term_string}"},"query-input":{"@type":"PropertyValueSpecification","valueRequired":true,"valueName":"search_term_string"}}],"inLanguage":"pt-BR"},{"@type":"Organization","@id":"https:\/\/www.fsfx.com.br\/usisaude\/#organization","name":"Usisa\u00fade","url":"https:\/\/www.fsfx.com.br\/usisaude\/","logo":{"@type":"ImageObject","inLanguage":"pt-BR","@id":"https:\/\/www.fsfx.com.br\/usisaude\/#\/schema\/logo\/image\/","url":"https:\/\/www.fsfx.com.br\/usisaude\/wp-content\/uploads\/sites\/6\/2022\/03\/logo-ususaude-1.svg","contentUrl":"https:\/\/www.fsfx.com.br\/usisaude\/wp-content\/uploads\/sites\/6\/2022\/03\/logo-ususaude-1.svg","width":445,"height":196,"caption":"Usisa\u00fade"},"image":{"@id":"https:\/\/www.fsfx.com.br\/usisaude\/#\/schema\/logo\/image\/"}}]}},"_links":{"self":[{"href":"https:\/\/www.fsfx.com.br\/usisaude\/wp-json\/wp\/v2\/pages\/7040","targetHints":{"allow":["GET"]}}],"collection":[{"href":"https:\/\/www.fsfx.com.br\/usisaude\/wp-json\/wp\/v2\/pages"}],"about":[{"href":"https:\/\/www.fsfx.com.br\/usisaude\/wp-json\/wp\/v2\/types\/page"}],"author":[{"embeddable":true,"href":"https:\/\/www.fsfx.com.br\/usisaude\/wp-json\/wp\/v2\/users\/2"}],"replies":[{"embeddable":true,"href":"https:\/\/www.fsfx.com.br\/usisaude\/wp-json\/wp\/v2\/comments?post=7040"}],"version-history":[{"count":0,"href":"https:\/\/www.fsfx.com.br\/usisaude\/wp-json\/wp\/v2\/pages\/7040\/revisions"}],"wp:attachment":[{"href":"https:\/\/www.fsfx.com.br\/usisaude\/wp-json\/wp\/v2\/media?parent=7040"}],"curies":[{"name":"wp","href":"https:\/\/api.w.org\/{rel}","templated":true}]}}