{"id":7080,"date":"2022-07-15T15:01:17","date_gmt":"2022-07-15T18:01:17","guid":{"rendered":"https:\/\/www.fsfx.com.br\/usisaude\/?page_id=7080"},"modified":"2025-06-23T10:54:23","modified_gmt":"2025-06-23T13:54:23","slug":"comunicado","status":"publish","type":"page","link":"https:\/\/www.fsfx.com.br\/usisaude\/comunicado\/","title":{"rendered":"Comunicado"},"content":{"rendered":"\t\t<div data-elementor-type=\"wp-page\" data-elementor-id=\"7080\" class=\"elementor elementor-7080\" data-elementor-post-type=\"page\">\n\t\t\t\t<div class=\"elementor-element elementor-element-dd58a3c e-flex e-con-boxed e-con e-parent\" data-id=\"dd58a3c\" data-element_type=\"container\" data-settings=\"{&quot;background_background&quot;:&quot;classic&quot;,&quot;jet_parallax_layout_list&quot;:[]}\">\n\t\t\t\t\t<div class=\"e-con-inner\">\n\t\t<div class=\"elementor-element elementor-element-9cc3749 e-con-full e-flex e-con e-child\" data-id=\"9cc3749\" data-element_type=\"container\" data-settings=\"{&quot;jet_parallax_layout_list&quot;:[]}\">\n\t\t\t\t<div class=\"elementor-element elementor-element-af008bd elementor-widget elementor-widget-image\" data-id=\"af008bd\" data-element_type=\"widget\" data-widget_type=\"image.default\">\n\t\t\t\t<div class=\"elementor-widget-container\">\n\t\t\t\t\t\t\t\t\t\t\t\t\t\t\t<img fetchpriority=\"high\" decoding=\"async\" width=\"623\" height=\"756\" src=\"https:\/\/www.fsfx.com.br\/usisaude\/wp-content\/uploads\/sites\/6\/2022\/06\/isa-contato.png\" class=\"attachment-large size-large wp-image-4837\" alt=\"\" srcset=\"https:\/\/www.fsfx.com.br\/usisaude\/wp-content\/uploads\/sites\/6\/2022\/06\/isa-contato.png 623w, https:\/\/www.fsfx.com.br\/usisaude\/wp-content\/uploads\/sites\/6\/2022\/06\/isa-contato-247x300.png 247w\" sizes=\"(max-width: 623px) 100vw, 623px\" \/>\t\t\t\t\t\t\t\t\t\t\t\t\t\t\t<\/div>\n\t\t\t\t<\/div>\n\t\t\t\t<\/div>\n\t\t<div class=\"elementor-element elementor-element-a1044f2 e-con-full e-flex e-con e-child\" data-id=\"a1044f2\" data-element_type=\"container\" data-settings=\"{&quot;jet_parallax_layout_list&quot;:[]}\">\n\t\t\t\t<div class=\"elementor-element elementor-element-a4346b5 elementor-vertical-align-top elementor-widget elementor-widget-image-box\" data-id=\"a4346b5\" data-element_type=\"widget\" data-widget_type=\"image-box.default\">\n\t\t\t\t<div class=\"elementor-widget-container\">\n\t\t\t\t\t<div class=\"elementor-image-box-wrapper\"><div class=\"elementor-image-box-content\"><h3 class=\"elementor-image-box-title\">Empresarial<\/h3><p class=\"elementor-image-box-description\">Comunicado<\/p><\/div><\/div>\t\t\t\t<\/div>\n\t\t\t\t<\/div>\n\t\t\t\t<div class=\"elementor-element elementor-element-5fdb1ab elementor-widget elementor-widget-text-editor\" data-id=\"5fdb1ab\" data-element_type=\"widget\" data-widget_type=\"text-editor.default\">\n\t\t\t\t<div class=\"elementor-widget-container\">\n\t\t\t\t\t\t\t\t\t<p style=\"font-weight: 400\"><strong>AMPLIA\u00c7\u00c3O POOL DE RISCO PARA AT\u00c9 79 VIDAS E \u00cdNDICE DE REAJUSTE (MAIO\/2025 A ABRIL\/2026)<\/strong><\/p><p style=\"font-weight: 400\">O agrupamento de contratos coletivos para fins de reajuste que \u00e9 denominado Pool de Risco, \u00e9 uma forma que a ANS encontrou para tentar equilibrar um pouco mais a equa\u00e7\u00e3o para contratos coletivos de pequeno porte, que apresentam maior suscetibilidade a eventos de alto custo, sendo, assim, mais vulner\u00e1veis principalmente no quesito dos reajustes. \u00c9 facultado \u00e0s operadoras a defini\u00e7\u00e3o do quantitativo de vidas, desde que superior ao m\u00ednimo estabelecido de 29 vidas.<\/p><p style=\"font-weight: 400\">Buscando assegurar o equil\u00edbrio entre as receitas e despesas, informamos que, o agrupamento por Pool de Risco ser\u00e1 para contratos com at\u00e9 79 benefici\u00e1rios a partir de Maio\/2025, conforme Resolu\u00e7\u00e3o Normativa N\u00ba 565, de Dezembro\/2022 \u2013 Trata-se do reajuste do agrupamento de contrato de empresa para o c\u00e1lculo e aplica\u00e7\u00e3o do reajuste de plano de sa\u00fade. Sendo assim, a Usisa\u00fade informa que os contratos coletivos com menos de 79 benefici\u00e1rios, regulamentados e adaptados \u00e0 Lei 9656\/98, sofrer\u00e3o um reajuste \u00fanico, em conformidade com as exig\u00eancias da Resolu\u00e7\u00e3o Normativa n\u00ba 309 de 24 de outubro de 2012, atualizada pela RN N\u00ba 565, DE 16\/12\/2022, publicada pela Ag\u00eancia Nacional de Sa\u00fade Suplementar (ANS).<\/p><p style=\"font-weight: 400\">Para o per\u00edodo entre maio de 2025 a abril de 2026, o percentual de reajuste definido para o Agrupamento de Contratos ser\u00e1 de 12,55%. Para saber se o seu contrato faz parte desse agrupamento<u>,<\/u> <a href=\"https:\/\/www.fsfx.com.br\/usisaude\/wp-content\/uploads\/sites\/6\/2025\/06\/Lista-site-Maio-a-Abril.xlsx\" target=\"_blank\" rel=\"noopener\"><strong>clique aqui<\/strong><\/a>.<\/p><p style=\"font-weight: 400\">Caso necessite de outras orienta\u00e7\u00f5es entrar em contato com nosso Setor de Relacionamento com Cliente Corporativo, atrav\u00e9s do WhatsApp <a href=\"https:\/\/wa.me\/5531982719685\" target=\"_blank\" rel=\"noopener\"><strong>31 98271-9685<\/strong><\/a> ou do e-mail: <strong><a href=\"mailto:usisaude.relacionamentocorporativo@fsfx.com.br\">usisaude.relacionamentocorporativo@fsfx.com.br<\/a><\/strong>.<\/p>\t\t\t\t\t\t\t\t<\/div>\n\t\t\t\t<\/div>\n\t\t\t\t<div class=\"elementor-element elementor-element-a78fcb1 elementor-widget elementor-widget-text-editor\" data-id=\"a78fcb1\" data-element_type=\"widget\" data-widget_type=\"text-editor.default\">\n\t\t\t\t<div class=\"elementor-widget-container\">\n\t\t\t\t\t\t\t\t\t<p><strong>Abaixo, voc\u00ea confere as tabelas dos anos anteriores:<\/strong><\/p><ul><li><a href=\"https:\/\/www.fsfx.com.br\/usisaude\/wp-content\/uploads\/sites\/6\/2025\/04\/PoolDeRisco_2024_2025-site-Atualizado1305.xlsx\" target=\"_blank\" rel=\"noopener\"><b>Tabela de contratos 2024<\/b><\/a><\/li><li><a href=\"https:\/\/www.fsfx.com.br\/usisaude\/wp-content\/uploads\/sites\/6\/2024\/05\/PoolDeRisco_2023_2024.xlsx\"><strong>Tabela de contratos 2023<\/strong> <\/a><\/li><li><a href=\"https:\/\/www.fsfx.com.br\/usisaude\/wp-content\/uploads\/sites\/6\/2024\/05\/PoolDeRisco_2022_2023_site.xlsx\"><strong>Tabela de contratos 2022<\/strong><\/a><\/li><li><strong><a href=\"https:\/\/www.fsfx.com.br\/usisaude\/wp-content\/uploads\/sites\/4\/2021\/04\/Usisaude_Pool-de-Risco_2021_2022.pdf\">Tabela de contratos 2021<\/a><br \/><\/strong><\/li><li><strong><a href=\"https:\/\/www.fsfx.com.br\/usisaude\/wp-content\/uploads\/sites\/4\/2021\/10\/PoolDeRisco_2020_2021_site.xlsx\" target=\"_blank\" rel=\"noreferrer noopener\">Tabela de contratos 2020\u00a0<\/a><br \/><\/strong><\/li><li><strong><a href=\"https:\/\/www.fsfx.com.br\/usisaude\/wp-content\/uploads\/sites\/4\/2021\/10\/PoolDeRisco_2019_2020_site.xlsx\" target=\"_blank\" rel=\"noreferrer noopener\">Tabela de contratos 2019<\/a><br \/><\/strong><\/li><li><strong><a href=\"https:\/\/www.fsfx.com.br\/usisaude\/wp-content\/uploads\/sites\/4\/2021\/10\/PoolDeRisco_2018_2019_site.xlsx\" target=\"_blank\" rel=\"noreferrer noopener\">Tabela de contratos 2018<\/a><br \/><\/strong><\/li><li><strong><a href=\"https:\/\/www.fsfx.com.br\/usisaude\/wp-content\/uploads\/sites\/4\/2021\/10\/PoolDeRisco_2017_2018_site.xlsx\" target=\"_blank\" rel=\"noreferrer noopener\">Tabela de contratos 2017<\/a><\/strong><\/li><li><strong><a href=\"https:\/\/www.fsfx.com.br\/usisaude\/wp-content\/uploads\/sites\/4\/2021\/10\/PoolDeRisco_2016_2017_site.xlsx\" target=\"_blank\" rel=\"noreferrer noopener\">Tabela de contratos 2016<\/a><br \/><\/strong><\/li><\/ul>\t\t\t\t\t\t\t\t<\/div>\n\t\t\t\t<\/div>\n\t\t\t\t<\/div>\n\t\t\t\t\t<\/div>\n\t\t\t\t<\/div>\n\t\t\t\t<\/div>\n\t\t","protected":false},"excerpt":{"rendered":"<p>Empresarial Comunicado AMPLIA\u00c7\u00c3O POOL DE RISCO PARA AT\u00c9 79 VIDAS E \u00cdNDICE DE REAJUSTE (MAIO\/2025 A ABRIL\/2026) O agrupamento de contratos coletivos para fins de reajuste que \u00e9 denominado Pool de Risco, \u00e9 uma forma que a ANS encontrou para tentar equilibrar um pouco mais a equa\u00e7\u00e3o para contratos coletivos de pequeno porte, que apresentam [&hellip;]<\/p>\n","protected":false},"author":2,"featured_media":0,"parent":0,"menu_order":0,"comment_status":"closed","ping_status":"closed","template":"","meta":{"_acf_changed":false,"site-sidebar-layout":"no-sidebar","site-content-layout":"page-builder","ast-site-content-layout":"default","site-content-style":"default","site-sidebar-style":"default","ast-global-header-display":"","ast-banner-title-visibility":"","ast-main-header-display":"","ast-hfb-above-header-display":"","ast-hfb-below-header-display":"","ast-hfb-mobile-header-display":"","site-post-title":"disabled","ast-breadcrumbs-content":"","ast-featured-img":"disabled","footer-sml-layout":"","theme-transparent-header-meta":"default","adv-header-id-meta":"","stick-header-meta":"","header-above-stick-meta":"","header-main-stick-meta":"","header-below-stick-meta":"","astra-migrate-meta-layouts":"default","ast-page-background-enabled":"default","ast-page-background-meta":{"desktop":{"background-color":"var(--ast-global-color-4)","background-image":"","background-repeat":"repeat","background-position":"center center","background-size":"auto","background-attachment":"scroll","background-type":"","background-media":"","overlay-type":"","overlay-color":"","overlay-opacity":"","overlay-gradient":""},"tablet":{"background-color":"","background-image":"","background-repeat":"repeat","background-position":"center center","background-size":"auto","background-attachment":"scroll","background-type":"","background-media":"","overlay-type":"","overlay-color":"","overlay-opacity":"","overlay-gradient":""},"mobile":{"background-color":"","background-image":"","background-repeat":"repeat","background-position":"center center","background-size":"auto","background-attachment":"scroll","background-type":"","background-media":"","overlay-type":"","overlay-color":"","overlay-opacity":"","overlay-gradient":""}},"ast-content-background-meta":{"desktop":{"background-color":"var(--ast-global-color-5)","background-image":"","background-repeat":"repeat","background-position":"center center","background-size":"auto","background-attachment":"scroll","background-type":"","background-media":"","overlay-type":"","overlay-color":"","overlay-opacity":"","overlay-gradient":""},"tablet":{"background-color":"var(--ast-global-color-5)","background-image":"","background-repeat":"repeat","background-position":"center center","background-size":"auto","background-attachment":"scroll","background-type":"","background-media":"","overlay-type":"","overlay-color":"","overlay-opacity":"","overlay-gradient":""},"mobile":{"background-color":"var(--ast-global-color-5)","background-image":"","background-repeat":"repeat","background-position":"center center","background-size":"auto","background-attachment":"scroll","background-type":"","background-media":"","overlay-type":"","overlay-color":"","overlay-opacity":"","overlay-gradient":""}},"footnotes":""},"class_list":["post-7080","page","type-page","status-publish","hentry"],"acf":[],"yoast_head":"<!-- This site is optimized with the Yoast SEO plugin v26.9 - https:\/\/yoast.com\/product\/yoast-seo-wordpress\/ -->\n<title>Comunicado - Usisa\u00fade<\/title>\n<meta name=\"robots\" content=\"index, follow, max-snippet:-1, max-image-preview:large, max-video-preview:-1\" \/>\n<link rel=\"canonical\" href=\"https:\/\/www.fsfx.com.br\/usisaude\/comunicado\/\" \/>\n<meta property=\"og:locale\" content=\"pt_BR\" \/>\n<meta property=\"og:type\" content=\"article\" \/>\n<meta property=\"og:title\" content=\"Comunicado - Usisa\u00fade\" \/>\n<meta property=\"og:description\" content=\"Empresarial Comunicado AMPLIA\u00c7\u00c3O POOL DE RISCO PARA AT\u00c9 79 VIDAS E \u00cdNDICE DE REAJUSTE (MAIO\/2025 A ABRIL\/2026) O agrupamento de contratos coletivos para fins de reajuste que \u00e9 denominado Pool de Risco, \u00e9 uma forma que a ANS encontrou para tentar equilibrar um pouco mais a equa\u00e7\u00e3o para contratos coletivos de pequeno porte, que apresentam [&hellip;]\" \/>\n<meta property=\"og:url\" content=\"https:\/\/www.fsfx.com.br\/usisaude\/comunicado\/\" \/>\n<meta property=\"og:site_name\" content=\"Usisa\u00fade\" \/>\n<meta property=\"article:modified_time\" content=\"2025-06-23T13:54:23+00:00\" \/>\n<meta property=\"og:image\" content=\"https:\/\/www.fsfx.com.br\/usisaude\/wp-content\/uploads\/sites\/6\/2022\/06\/isa-contato.png\" \/>\n\t<meta property=\"og:image:width\" content=\"623\" \/>\n\t<meta property=\"og:image:height\" content=\"756\" \/>\n\t<meta property=\"og:image:type\" content=\"image\/png\" \/>\n<meta name=\"twitter:card\" content=\"summary_large_image\" \/>\n<meta name=\"twitter:label1\" content=\"Est. tempo de leitura\" \/>\n\t<meta name=\"twitter:data1\" content=\"2 minutos\" \/>\n<script type=\"application\/ld+json\" class=\"yoast-schema-graph\">{\"@context\":\"https:\/\/schema.org\",\"@graph\":[{\"@type\":\"WebPage\",\"@id\":\"https:\/\/www.fsfx.com.br\/usisaude\/comunicado\/\",\"url\":\"https:\/\/www.fsfx.com.br\/usisaude\/comunicado\/\",\"name\":\"Comunicado - Usisa\u00fade\",\"isPartOf\":{\"@id\":\"https:\/\/www.fsfx.com.br\/usisaude\/#website\"},\"primaryImageOfPage\":{\"@id\":\"https:\/\/www.fsfx.com.br\/usisaude\/comunicado\/#primaryimage\"},\"image\":{\"@id\":\"https:\/\/www.fsfx.com.br\/usisaude\/comunicado\/#primaryimage\"},\"thumbnailUrl\":\"https:\/\/www.fsfx.com.br\/usisaude\/wp-content\/uploads\/sites\/6\/2022\/06\/isa-contato.png\",\"datePublished\":\"2022-07-15T18:01:17+00:00\",\"dateModified\":\"2025-06-23T13:54:23+00:00\",\"breadcrumb\":{\"@id\":\"https:\/\/www.fsfx.com.br\/usisaude\/comunicado\/#breadcrumb\"},\"inLanguage\":\"pt-BR\",\"potentialAction\":[{\"@type\":\"ReadAction\",\"target\":[\"https:\/\/www.fsfx.com.br\/usisaude\/comunicado\/\"]}]},{\"@type\":\"ImageObject\",\"inLanguage\":\"pt-BR\",\"@id\":\"https:\/\/www.fsfx.com.br\/usisaude\/comunicado\/#primaryimage\",\"url\":\"https:\/\/www.fsfx.com.br\/usisaude\/wp-content\/uploads\/sites\/6\/2022\/06\/isa-contato.png\",\"contentUrl\":\"https:\/\/www.fsfx.com.br\/usisaude\/wp-content\/uploads\/sites\/6\/2022\/06\/isa-contato.png\",\"width\":623,\"height\":756},{\"@type\":\"BreadcrumbList\",\"@id\":\"https:\/\/www.fsfx.com.br\/usisaude\/comunicado\/#breadcrumb\",\"itemListElement\":[{\"@type\":\"ListItem\",\"position\":1,\"name\":\"In\u00edcio\",\"item\":\"https:\/\/www.fsfx.com.br\/usisaude\/\"},{\"@type\":\"ListItem\",\"position\":2,\"name\":\"Comunicado\"}]},{\"@type\":\"WebSite\",\"@id\":\"https:\/\/www.fsfx.com.br\/usisaude\/#website\",\"url\":\"https:\/\/www.fsfx.com.br\/usisaude\/\",\"name\":\"Usisa\u00fade\",\"description\":\"Somos a Usisa\u00fade, uma operadora de planos de sa\u00fade da Funda\u00e7\u00e3o S\u00e3o Francisco Xavier (FSFX), a maior em modalidade filantr\u00f3pica do pa\u00eds.\",\"publisher\":{\"@id\":\"https:\/\/www.fsfx.com.br\/usisaude\/#organization\"},\"potentialAction\":[{\"@type\":\"SearchAction\",\"target\":{\"@type\":\"EntryPoint\",\"urlTemplate\":\"https:\/\/www.fsfx.com.br\/usisaude\/?s={search_term_string}\"},\"query-input\":{\"@type\":\"PropertyValueSpecification\",\"valueRequired\":true,\"valueName\":\"search_term_string\"}}],\"inLanguage\":\"pt-BR\"},{\"@type\":\"Organization\",\"@id\":\"https:\/\/www.fsfx.com.br\/usisaude\/#organization\",\"name\":\"Usisa\u00fade\",\"url\":\"https:\/\/www.fsfx.com.br\/usisaude\/\",\"logo\":{\"@type\":\"ImageObject\",\"inLanguage\":\"pt-BR\",\"@id\":\"https:\/\/www.fsfx.com.br\/usisaude\/#\/schema\/logo\/image\/\",\"url\":\"https:\/\/www.fsfx.com.br\/usisaude\/wp-content\/uploads\/sites\/6\/2022\/03\/logo-ususaude-1.svg\",\"contentUrl\":\"https:\/\/www.fsfx.com.br\/usisaude\/wp-content\/uploads\/sites\/6\/2022\/03\/logo-ususaude-1.svg\",\"width\":445,\"height\":196,\"caption\":\"Usisa\u00fade\"},\"image\":{\"@id\":\"https:\/\/www.fsfx.com.br\/usisaude\/#\/schema\/logo\/image\/\"}}]}<\/script>\n<!-- \/ Yoast SEO plugin. -->","yoast_head_json":{"title":"Comunicado - Usisa\u00fade","robots":{"index":"index","follow":"follow","max-snippet":"max-snippet:-1","max-image-preview":"max-image-preview:large","max-video-preview":"max-video-preview:-1"},"canonical":"https:\/\/www.fsfx.com.br\/usisaude\/comunicado\/","og_locale":"pt_BR","og_type":"article","og_title":"Comunicado - Usisa\u00fade","og_description":"Empresarial Comunicado AMPLIA\u00c7\u00c3O POOL DE RISCO PARA AT\u00c9 79 VIDAS E \u00cdNDICE DE REAJUSTE (MAIO\/2025 A ABRIL\/2026) O agrupamento de contratos coletivos para fins de reajuste que \u00e9 denominado Pool de Risco, \u00e9 uma forma que a ANS encontrou para tentar equilibrar um pouco mais a equa\u00e7\u00e3o para contratos coletivos de pequeno porte, que apresentam [&hellip;]","og_url":"https:\/\/www.fsfx.com.br\/usisaude\/comunicado\/","og_site_name":"Usisa\u00fade","article_modified_time":"2025-06-23T13:54:23+00:00","og_image":[{"width":623,"height":756,"url":"https:\/\/www.fsfx.com.br\/usisaude\/wp-content\/uploads\/sites\/6\/2022\/06\/isa-contato.png","type":"image\/png"}],"twitter_card":"summary_large_image","twitter_misc":{"Est. tempo de leitura":"2 minutos"},"schema":{"@context":"https:\/\/schema.org","@graph":[{"@type":"WebPage","@id":"https:\/\/www.fsfx.com.br\/usisaude\/comunicado\/","url":"https:\/\/www.fsfx.com.br\/usisaude\/comunicado\/","name":"Comunicado - Usisa\u00fade","isPartOf":{"@id":"https:\/\/www.fsfx.com.br\/usisaude\/#website"},"primaryImageOfPage":{"@id":"https:\/\/www.fsfx.com.br\/usisaude\/comunicado\/#primaryimage"},"image":{"@id":"https:\/\/www.fsfx.com.br\/usisaude\/comunicado\/#primaryimage"},"thumbnailUrl":"https:\/\/www.fsfx.com.br\/usisaude\/wp-content\/uploads\/sites\/6\/2022\/06\/isa-contato.png","datePublished":"2022-07-15T18:01:17+00:00","dateModified":"2025-06-23T13:54:23+00:00","breadcrumb":{"@id":"https:\/\/www.fsfx.com.br\/usisaude\/comunicado\/#breadcrumb"},"inLanguage":"pt-BR","potentialAction":[{"@type":"ReadAction","target":["https:\/\/www.fsfx.com.br\/usisaude\/comunicado\/"]}]},{"@type":"ImageObject","inLanguage":"pt-BR","@id":"https:\/\/www.fsfx.com.br\/usisaude\/comunicado\/#primaryimage","url":"https:\/\/www.fsfx.com.br\/usisaude\/wp-content\/uploads\/sites\/6\/2022\/06\/isa-contato.png","contentUrl":"https:\/\/www.fsfx.com.br\/usisaude\/wp-content\/uploads\/sites\/6\/2022\/06\/isa-contato.png","width":623,"height":756},{"@type":"BreadcrumbList","@id":"https:\/\/www.fsfx.com.br\/usisaude\/comunicado\/#breadcrumb","itemListElement":[{"@type":"ListItem","position":1,"name":"In\u00edcio","item":"https:\/\/www.fsfx.com.br\/usisaude\/"},{"@type":"ListItem","position":2,"name":"Comunicado"}]},{"@type":"WebSite","@id":"https:\/\/www.fsfx.com.br\/usisaude\/#website","url":"https:\/\/www.fsfx.com.br\/usisaude\/","name":"Usisa\u00fade","description":"Somos a Usisa\u00fade, uma operadora de planos de sa\u00fade da Funda\u00e7\u00e3o S\u00e3o Francisco Xavier (FSFX), a maior em modalidade filantr\u00f3pica do pa\u00eds.","publisher":{"@id":"https:\/\/www.fsfx.com.br\/usisaude\/#organization"},"potentialAction":[{"@type":"SearchAction","target":{"@type":"EntryPoint","urlTemplate":"https:\/\/www.fsfx.com.br\/usisaude\/?s={search_term_string}"},"query-input":{"@type":"PropertyValueSpecification","valueRequired":true,"valueName":"search_term_string"}}],"inLanguage":"pt-BR"},{"@type":"Organization","@id":"https:\/\/www.fsfx.com.br\/usisaude\/#organization","name":"Usisa\u00fade","url":"https:\/\/www.fsfx.com.br\/usisaude\/","logo":{"@type":"ImageObject","inLanguage":"pt-BR","@id":"https:\/\/www.fsfx.com.br\/usisaude\/#\/schema\/logo\/image\/","url":"https:\/\/www.fsfx.com.br\/usisaude\/wp-content\/uploads\/sites\/6\/2022\/03\/logo-ususaude-1.svg","contentUrl":"https:\/\/www.fsfx.com.br\/usisaude\/wp-content\/uploads\/sites\/6\/2022\/03\/logo-ususaude-1.svg","width":445,"height":196,"caption":"Usisa\u00fade"},"image":{"@id":"https:\/\/www.fsfx.com.br\/usisaude\/#\/schema\/logo\/image\/"}}]}},"_links":{"self":[{"href":"https:\/\/www.fsfx.com.br\/usisaude\/wp-json\/wp\/v2\/pages\/7080","targetHints":{"allow":["GET"]}}],"collection":[{"href":"https:\/\/www.fsfx.com.br\/usisaude\/wp-json\/wp\/v2\/pages"}],"about":[{"href":"https:\/\/www.fsfx.com.br\/usisaude\/wp-json\/wp\/v2\/types\/page"}],"author":[{"embeddable":true,"href":"https:\/\/www.fsfx.com.br\/usisaude\/wp-json\/wp\/v2\/users\/2"}],"replies":[{"embeddable":true,"href":"https:\/\/www.fsfx.com.br\/usisaude\/wp-json\/wp\/v2\/comments?post=7080"}],"version-history":[{"count":42,"href":"https:\/\/www.fsfx.com.br\/usisaude\/wp-json\/wp\/v2\/pages\/7080\/revisions"}],"predecessor-version":[{"id":11908,"href":"https:\/\/www.fsfx.com.br\/usisaude\/wp-json\/wp\/v2\/pages\/7080\/revisions\/11908"}],"wp:attachment":[{"href":"https:\/\/www.fsfx.com.br\/usisaude\/wp-json\/wp\/v2\/media?parent=7080"}],"curies":[{"name":"wp","href":"https:\/\/api.w.org\/{rel}","templated":true}]}}