{"id":7088,"date":"2022-07-15T15:02:08","date_gmt":"2022-07-15T18:02:08","guid":{"rendered":"https:\/\/www.fsfx.com.br\/usisaude\/?page_id=7088"},"modified":"2025-07-22T08:16:43","modified_gmt":"2025-07-22T11:16:43","slug":"formularios","status":"publish","type":"page","link":"https:\/\/www.fsfx.com.br\/usisaude\/formularios\/","title":{"rendered":"Formul\u00e1rios"},"content":{"rendered":"\t\t<div data-elementor-type=\"wp-page\" data-elementor-id=\"7088\" class=\"elementor elementor-7088\" data-elementor-post-type=\"page\">\n\t\t\t\t<div class=\"elementor-element elementor-element-aaac0ff e-flex e-con-boxed e-con e-parent\" data-id=\"aaac0ff\" data-element_type=\"container\" data-settings=\"{&quot;background_background&quot;:&quot;classic&quot;,&quot;jet_parallax_layout_list&quot;:[]}\">\n\t\t\t\t\t<div class=\"e-con-inner\">\n\t\t<div class=\"elementor-element elementor-element-fa232f9 e-con-full e-flex e-con e-child\" data-id=\"fa232f9\" data-element_type=\"container\" data-settings=\"{&quot;jet_parallax_layout_list&quot;:[]}\">\n\t\t\t\t<div class=\"elementor-element elementor-element-3c5b0ed elementor-widget elementor-widget-image\" data-id=\"3c5b0ed\" data-element_type=\"widget\" data-widget_type=\"image.default\">\n\t\t\t\t<div class=\"elementor-widget-container\">\n\t\t\t\t\t\t\t\t\t\t\t\t\t\t\t<img fetchpriority=\"high\" decoding=\"async\" width=\"623\" height=\"761\" src=\"https:\/\/www.fsfx.com.br\/usisaude\/wp-content\/uploads\/sites\/6\/2022\/06\/isa-2.png\" class=\"attachment-large size-large wp-image-4651\" alt=\"\" srcset=\"https:\/\/www.fsfx.com.br\/usisaude\/wp-content\/uploads\/sites\/6\/2022\/06\/isa-2.png 623w, https:\/\/www.fsfx.com.br\/usisaude\/wp-content\/uploads\/sites\/6\/2022\/06\/isa-2-246x300.png 246w\" sizes=\"(max-width: 623px) 100vw, 623px\" \/>\t\t\t\t\t\t\t\t\t\t\t\t\t\t\t<\/div>\n\t\t\t\t<\/div>\n\t\t\t\t<\/div>\n\t\t<div class=\"elementor-element elementor-element-c29ca60 e-con-full e-flex e-con e-child\" data-id=\"c29ca60\" data-element_type=\"container\" data-settings=\"{&quot;jet_parallax_layout_list&quot;:[]}\">\n\t\t\t\t<div class=\"elementor-element elementor-element-62e6c13 elementor-vertical-align-top elementor-widget elementor-widget-image-box\" data-id=\"62e6c13\" data-element_type=\"widget\" data-widget_type=\"image-box.default\">\n\t\t\t\t<div class=\"elementor-widget-container\">\n\t\t\t\t\t<div class=\"elementor-image-box-wrapper\"><div class=\"elementor-image-box-content\"><h3 class=\"elementor-image-box-title\">Empresarial<\/h3><p class=\"elementor-image-box-description\">Formul\u00e1rios<\/p><\/div><\/div>\t\t\t\t<\/div>\n\t\t\t\t<\/div>\n\t\t\t\t<div class=\"elementor-element elementor-element-d9e318f elementor-widget elementor-widget-text-editor\" data-id=\"d9e318f\" data-element_type=\"widget\" data-widget_type=\"text-editor.default\">\n\t\t\t\t<div class=\"elementor-widget-container\">\n\t\t\t\t\t\t\t\t\t<ul><li><a href=\"https:\/\/www.fsfx.com.br\/usisaude\/wp-content\/uploads\/sites\/6\/2024\/10\/Carta-de-Orientacao-Declaracao-de-Saude-24.pdf\" target=\"_blank\" rel=\"noreferrer noopener\" aria-label=\"undefined (opens in a new tab)\">Carta de Orienta\u00e7\u00e3o e Declara\u00e7\u00e3o da Sa\u00fade<\/a><\/li><li><a href=\"https:\/\/www.fsfx.com.br\/usisaude\/wp-content\/uploads\/sites\/6\/2024\/10\/CANCELAMENTO_EXCLUSAO_OU_MANUTENCAO_CONTRATUAL-24.pdf\" target=\"_blank\" rel=\"noreferrer noopener\" aria-label=\"Formul\u00e1rio Usisa\u00fade Cancelamento Exclus\u00e3o ou Manuten\u00e7\u00e3o Contratual (abre numa nova aba)\">Formul\u00e1rio Usisa\u00fade Cancelamento Exclus\u00e3o ou Manuten\u00e7\u00e3o Contratual<\/a><\/li><li><a href=\"https:\/\/www.fsfx.com.br\/usisaude\/wp-content\/uploads\/sites\/6\/2024\/10\/INCLUSAO_ALTERACAO_CADASTRAL_APARTAMENTO_AEROMEDICO.pdf\" target=\"_blank\" rel=\"noreferrer noopener\" aria-label=\"Inclus\u00e3o\/Altera\u00e7\u00e3o Cadastral \u2013 Apartamento (abre numa nova aba)\">Inclus\u00e3o\/Altera\u00e7\u00e3o Cadastral \u2013 Apartamento<\/a><\/li><li><a href=\"https:\/\/www.fsfx.com.br\/usisaude\/wp-content\/uploads\/sites\/6\/2024\/10\/INCLUSAO_ALTERACAO_CADASTRAL_ENFERMARIA_AEROMEDICO.pdf\" target=\"_blank\" rel=\"noreferrer noopener\" aria-label=\"Inclus\u00e3o\/Altera\u00e7\u00e3o Cadastral \u2013 Enfermaria (abre numa nova aba)\">Inclus\u00e3o\/Altera\u00e7\u00e3o Cadastral \u2013 Enfermaria<\/a><\/li><li><a href=\"https:\/\/www.fsfx.com.br\/usisaude\/wp-content\/uploads\/sites\/6\/2024\/10\/Usisaude-Dental_Empresarial.pdf\" target=\"_blank\" rel=\"noopener\">Inclus\u00e3o Usisa\u00fade Dental Empresarial<\/a><\/li><li><a href=\"https:\/\/www.fsfx.com.br\/usisaude\/wp-content\/uploads\/sites\/6\/2024\/10\/MPS-\u2013-Manual-de-Orientacao-para-Contratacao-de-Planos-de-Saude.pdf\" target=\"_blank\" rel=\"noreferrer noopener\" aria-label=\"MPS \u2013 Manual de Orienta\u00e7\u00e3o para Contrata\u00e7\u00e3o de Planos de Sa\u00fade (abre numa nova aba)\">MPS \u2013 Manual de Orienta\u00e7\u00e3o para Contrata\u00e7\u00e3o de Planos de Sa\u00fade<\/a><\/li><li><p><a href=\"https:\/\/www.fsfx.com.br\/usisaude\/wp-content\/uploads\/sites\/6\/2025\/07\/MANUAL_EMPRESA_CONTRATANTE_USISAUDE_2025_ALT.pdf\">Manual Empresarial<\/a><\/p><\/li><\/ul><h3>Documenta\u00e7\u00e3o Necess\u00e1ria<\/h3><p><strong>Para o Empregado:<\/strong><\/p><ul><li>C\u00f3pia da carteira de trabalho.<\/li><li>GFIP.<\/li><li>RAIS.<\/li><\/ul><p><strong>Para os Dependentes:<\/strong><\/p><ul><li>C\u00f3pia do CPF.<\/li><li>C\u00f3pia do documento de identidade ou da certid\u00e3o de nascimento.<\/li><li>C\u00f3pia da certid\u00e3o de casamento ou uni\u00e3o est\u00e1vel (para inclus\u00e3o do c\u00f4njuge e enteado como dependentes).<\/li><li>Uma via da declara\u00e7\u00e3o de sa\u00fade e carta de orienta\u00e7\u00e3o devidamente preenchida e assinada em todas as p\u00e1ginas.<\/li><\/ul><p><strong>Declara\u00e7\u00e3o de Sa\u00fade:<\/strong><\/p><ul><li>Todas as perguntas da declara\u00e7\u00e3o de sa\u00fade dever\u00e3o ser respondidas por extenso.<\/li><li>Toda resposta positiva dever\u00e1 ser justificada.<\/li><li>A assinatura na declara\u00e7\u00e3o de sa\u00fade dever\u00e1 ser igual a do documento apresentado.<\/li><li>Para dependentes menores de 18 anos, a declara\u00e7\u00e3o de sa\u00fade dever\u00e1 ser preenchida e assinada pelo respons\u00e1vel legal.<\/li><\/ul>\t\t\t\t\t\t\t\t<\/div>\n\t\t\t\t<\/div>\n\t\t\t\t<\/div>\n\t\t\t\t\t<\/div>\n\t\t\t\t<\/div>\n\t\t\t\t<\/div>\n\t\t","protected":false},"excerpt":{"rendered":"<p>Empresarial Formul\u00e1rios Carta de Orienta\u00e7\u00e3o e Declara\u00e7\u00e3o da Sa\u00fade Formul\u00e1rio Usisa\u00fade Cancelamento Exclus\u00e3o ou Manuten\u00e7\u00e3o Contratual Inclus\u00e3o\/Altera\u00e7\u00e3o Cadastral \u2013 Apartamento Inclus\u00e3o\/Altera\u00e7\u00e3o Cadastral \u2013 Enfermaria Inclus\u00e3o Usisa\u00fade Dental Empresarial MPS \u2013 Manual de Orienta\u00e7\u00e3o para Contrata\u00e7\u00e3o de Planos de Sa\u00fade Manual Empresarial Documenta\u00e7\u00e3o Necess\u00e1ria Para o Empregado: C\u00f3pia da carteira de trabalho. GFIP. RAIS. Para os [&hellip;]<\/p>\n","protected":false},"author":2,"featured_media":0,"parent":0,"menu_order":0,"comment_status":"closed","ping_status":"closed","template":"","meta":{"_acf_changed":false,"site-sidebar-layout":"no-sidebar","site-content-layout":"page-builder","ast-site-content-layout":"default","site-content-style":"default","site-sidebar-style":"default","ast-global-header-display":"","ast-banner-title-visibility":"","ast-main-header-display":"","ast-hfb-above-header-display":"","ast-hfb-below-header-display":"","ast-hfb-mobile-header-display":"","site-post-title":"disabled","ast-breadcrumbs-content":"","ast-featured-img":"disabled","footer-sml-layout":"","theme-transparent-header-meta":"default","adv-header-id-meta":"","stick-header-meta":"","header-above-stick-meta":"","header-main-stick-meta":"","header-below-stick-meta":"","astra-migrate-meta-layouts":"default","ast-page-background-enabled":"default","ast-page-background-meta":{"desktop":{"background-color":"var(--ast-global-color-4)","background-image":"","background-repeat":"repeat","background-position":"center center","background-size":"auto","background-attachment":"scroll","background-type":"","background-media":"","overlay-type":"","overlay-color":"","overlay-opacity":"","overlay-gradient":""},"tablet":{"background-color":"","background-image":"","background-repeat":"repeat","background-position":"center center","background-size":"auto","background-attachment":"scroll","background-type":"","background-media":"","overlay-type":"","overlay-color":"","overlay-opacity":"","overlay-gradient":""},"mobile":{"background-color":"","background-image":"","background-repeat":"repeat","background-position":"center center","background-size":"auto","background-attachment":"scroll","background-type":"","background-media":"","overlay-type":"","overlay-color":"","overlay-opacity":"","overlay-gradient":""}},"ast-content-background-meta":{"desktop":{"background-color":"var(--ast-global-color-5)","background-image":"","background-repeat":"repeat","background-position":"center center","background-size":"auto","background-attachment":"scroll","background-type":"","background-media":"","overlay-type":"","overlay-color":"","overlay-opacity":"","overlay-gradient":""},"tablet":{"background-color":"var(--ast-global-color-5)","background-image":"","background-repeat":"repeat","background-position":"center center","background-size":"auto","background-attachment":"scroll","background-type":"","background-media":"","overlay-type":"","overlay-color":"","overlay-opacity":"","overlay-gradient":""},"mobile":{"background-color":"var(--ast-global-color-5)","background-image":"","background-repeat":"repeat","background-position":"center center","background-size":"auto","background-attachment":"scroll","background-type":"","background-media":"","overlay-type":"","overlay-color":"","overlay-opacity":"","overlay-gradient":""}},"footnotes":""},"class_list":["post-7088","page","type-page","status-publish","hentry"],"acf":[],"yoast_head":"<!-- This site is optimized with the Yoast SEO plugin v26.9 - https:\/\/yoast.com\/product\/yoast-seo-wordpress\/ -->\n<title>Formul\u00e1rios - Usisa\u00fade<\/title>\n<meta name=\"robots\" content=\"index, follow, max-snippet:-1, max-image-preview:large, max-video-preview:-1\" \/>\n<link rel=\"canonical\" href=\"https:\/\/www.fsfx.com.br\/usisaude\/formularios\/\" \/>\n<meta property=\"og:locale\" content=\"pt_BR\" \/>\n<meta property=\"og:type\" content=\"article\" \/>\n<meta property=\"og:title\" content=\"Formul\u00e1rios - Usisa\u00fade\" \/>\n<meta property=\"og:description\" content=\"Empresarial Formul\u00e1rios Carta de Orienta\u00e7\u00e3o e Declara\u00e7\u00e3o da Sa\u00fade Formul\u00e1rio Usisa\u00fade Cancelamento Exclus\u00e3o ou Manuten\u00e7\u00e3o Contratual Inclus\u00e3o\/Altera\u00e7\u00e3o Cadastral \u2013 Apartamento Inclus\u00e3o\/Altera\u00e7\u00e3o Cadastral \u2013 Enfermaria Inclus\u00e3o Usisa\u00fade Dental Empresarial MPS \u2013 Manual de Orienta\u00e7\u00e3o para Contrata\u00e7\u00e3o de Planos de Sa\u00fade Manual Empresarial Documenta\u00e7\u00e3o Necess\u00e1ria Para o Empregado: C\u00f3pia da carteira de trabalho. GFIP. RAIS. Para os [&hellip;]\" \/>\n<meta property=\"og:url\" content=\"https:\/\/www.fsfx.com.br\/usisaude\/formularios\/\" \/>\n<meta property=\"og:site_name\" content=\"Usisa\u00fade\" \/>\n<meta property=\"article:modified_time\" content=\"2025-07-22T11:16:43+00:00\" \/>\n<meta property=\"og:image\" content=\"https:\/\/www.fsfx.com.br\/usisaude\/wp-content\/uploads\/sites\/6\/2022\/06\/isa-2.png\" \/>\n\t<meta property=\"og:image:width\" content=\"623\" \/>\n\t<meta property=\"og:image:height\" content=\"761\" \/>\n\t<meta property=\"og:image:type\" content=\"image\/png\" \/>\n<meta name=\"twitter:card\" content=\"summary_large_image\" \/>\n<meta name=\"twitter:label1\" content=\"Est. tempo de leitura\" \/>\n\t<meta name=\"twitter:data1\" content=\"2 minutos\" \/>\n<script type=\"application\/ld+json\" class=\"yoast-schema-graph\">{\"@context\":\"https:\/\/schema.org\",\"@graph\":[{\"@type\":\"WebPage\",\"@id\":\"https:\/\/www.fsfx.com.br\/usisaude\/formularios\/\",\"url\":\"https:\/\/www.fsfx.com.br\/usisaude\/formularios\/\",\"name\":\"Formul\u00e1rios - Usisa\u00fade\",\"isPartOf\":{\"@id\":\"https:\/\/www.fsfx.com.br\/usisaude\/#website\"},\"primaryImageOfPage\":{\"@id\":\"https:\/\/www.fsfx.com.br\/usisaude\/formularios\/#primaryimage\"},\"image\":{\"@id\":\"https:\/\/www.fsfx.com.br\/usisaude\/formularios\/#primaryimage\"},\"thumbnailUrl\":\"https:\/\/www.fsfx.com.br\/usisaude\/wp-content\/uploads\/sites\/6\/2022\/06\/isa-2.png\",\"datePublished\":\"2022-07-15T18:02:08+00:00\",\"dateModified\":\"2025-07-22T11:16:43+00:00\",\"breadcrumb\":{\"@id\":\"https:\/\/www.fsfx.com.br\/usisaude\/formularios\/#breadcrumb\"},\"inLanguage\":\"pt-BR\",\"potentialAction\":[{\"@type\":\"ReadAction\",\"target\":[\"https:\/\/www.fsfx.com.br\/usisaude\/formularios\/\"]}]},{\"@type\":\"ImageObject\",\"inLanguage\":\"pt-BR\",\"@id\":\"https:\/\/www.fsfx.com.br\/usisaude\/formularios\/#primaryimage\",\"url\":\"https:\/\/www.fsfx.com.br\/usisaude\/wp-content\/uploads\/sites\/6\/2022\/06\/isa-2.png\",\"contentUrl\":\"https:\/\/www.fsfx.com.br\/usisaude\/wp-content\/uploads\/sites\/6\/2022\/06\/isa-2.png\",\"width\":623,\"height\":761},{\"@type\":\"BreadcrumbList\",\"@id\":\"https:\/\/www.fsfx.com.br\/usisaude\/formularios\/#breadcrumb\",\"itemListElement\":[{\"@type\":\"ListItem\",\"position\":1,\"name\":\"In\u00edcio\",\"item\":\"https:\/\/www.fsfx.com.br\/usisaude\/\"},{\"@type\":\"ListItem\",\"position\":2,\"name\":\"Formul\u00e1rios\"}]},{\"@type\":\"WebSite\",\"@id\":\"https:\/\/www.fsfx.com.br\/usisaude\/#website\",\"url\":\"https:\/\/www.fsfx.com.br\/usisaude\/\",\"name\":\"Usisa\u00fade\",\"description\":\"Somos a Usisa\u00fade, uma operadora de planos de sa\u00fade da Funda\u00e7\u00e3o S\u00e3o Francisco Xavier (FSFX), a maior em modalidade filantr\u00f3pica do pa\u00eds.\",\"publisher\":{\"@id\":\"https:\/\/www.fsfx.com.br\/usisaude\/#organization\"},\"potentialAction\":[{\"@type\":\"SearchAction\",\"target\":{\"@type\":\"EntryPoint\",\"urlTemplate\":\"https:\/\/www.fsfx.com.br\/usisaude\/?s={search_term_string}\"},\"query-input\":{\"@type\":\"PropertyValueSpecification\",\"valueRequired\":true,\"valueName\":\"search_term_string\"}}],\"inLanguage\":\"pt-BR\"},{\"@type\":\"Organization\",\"@id\":\"https:\/\/www.fsfx.com.br\/usisaude\/#organization\",\"name\":\"Usisa\u00fade\",\"url\":\"https:\/\/www.fsfx.com.br\/usisaude\/\",\"logo\":{\"@type\":\"ImageObject\",\"inLanguage\":\"pt-BR\",\"@id\":\"https:\/\/www.fsfx.com.br\/usisaude\/#\/schema\/logo\/image\/\",\"url\":\"https:\/\/www.fsfx.com.br\/usisaude\/wp-content\/uploads\/sites\/6\/2022\/03\/logo-ususaude-1.svg\",\"contentUrl\":\"https:\/\/www.fsfx.com.br\/usisaude\/wp-content\/uploads\/sites\/6\/2022\/03\/logo-ususaude-1.svg\",\"width\":445,\"height\":196,\"caption\":\"Usisa\u00fade\"},\"image\":{\"@id\":\"https:\/\/www.fsfx.com.br\/usisaude\/#\/schema\/logo\/image\/\"}}]}<\/script>\n<!-- \/ Yoast SEO plugin. -->","yoast_head_json":{"title":"Formul\u00e1rios - Usisa\u00fade","robots":{"index":"index","follow":"follow","max-snippet":"max-snippet:-1","max-image-preview":"max-image-preview:large","max-video-preview":"max-video-preview:-1"},"canonical":"https:\/\/www.fsfx.com.br\/usisaude\/formularios\/","og_locale":"pt_BR","og_type":"article","og_title":"Formul\u00e1rios - Usisa\u00fade","og_description":"Empresarial Formul\u00e1rios Carta de Orienta\u00e7\u00e3o e Declara\u00e7\u00e3o da Sa\u00fade Formul\u00e1rio Usisa\u00fade Cancelamento Exclus\u00e3o ou Manuten\u00e7\u00e3o Contratual Inclus\u00e3o\/Altera\u00e7\u00e3o Cadastral \u2013 Apartamento Inclus\u00e3o\/Altera\u00e7\u00e3o Cadastral \u2013 Enfermaria Inclus\u00e3o Usisa\u00fade Dental Empresarial MPS \u2013 Manual de Orienta\u00e7\u00e3o para Contrata\u00e7\u00e3o de Planos de Sa\u00fade Manual Empresarial Documenta\u00e7\u00e3o Necess\u00e1ria Para o Empregado: C\u00f3pia da carteira de trabalho. GFIP. RAIS. Para os [&hellip;]","og_url":"https:\/\/www.fsfx.com.br\/usisaude\/formularios\/","og_site_name":"Usisa\u00fade","article_modified_time":"2025-07-22T11:16:43+00:00","og_image":[{"width":623,"height":761,"url":"https:\/\/www.fsfx.com.br\/usisaude\/wp-content\/uploads\/sites\/6\/2022\/06\/isa-2.png","type":"image\/png"}],"twitter_card":"summary_large_image","twitter_misc":{"Est. tempo de leitura":"2 minutos"},"schema":{"@context":"https:\/\/schema.org","@graph":[{"@type":"WebPage","@id":"https:\/\/www.fsfx.com.br\/usisaude\/formularios\/","url":"https:\/\/www.fsfx.com.br\/usisaude\/formularios\/","name":"Formul\u00e1rios - Usisa\u00fade","isPartOf":{"@id":"https:\/\/www.fsfx.com.br\/usisaude\/#website"},"primaryImageOfPage":{"@id":"https:\/\/www.fsfx.com.br\/usisaude\/formularios\/#primaryimage"},"image":{"@id":"https:\/\/www.fsfx.com.br\/usisaude\/formularios\/#primaryimage"},"thumbnailUrl":"https:\/\/www.fsfx.com.br\/usisaude\/wp-content\/uploads\/sites\/6\/2022\/06\/isa-2.png","datePublished":"2022-07-15T18:02:08+00:00","dateModified":"2025-07-22T11:16:43+00:00","breadcrumb":{"@id":"https:\/\/www.fsfx.com.br\/usisaude\/formularios\/#breadcrumb"},"inLanguage":"pt-BR","potentialAction":[{"@type":"ReadAction","target":["https:\/\/www.fsfx.com.br\/usisaude\/formularios\/"]}]},{"@type":"ImageObject","inLanguage":"pt-BR","@id":"https:\/\/www.fsfx.com.br\/usisaude\/formularios\/#primaryimage","url":"https:\/\/www.fsfx.com.br\/usisaude\/wp-content\/uploads\/sites\/6\/2022\/06\/isa-2.png","contentUrl":"https:\/\/www.fsfx.com.br\/usisaude\/wp-content\/uploads\/sites\/6\/2022\/06\/isa-2.png","width":623,"height":761},{"@type":"BreadcrumbList","@id":"https:\/\/www.fsfx.com.br\/usisaude\/formularios\/#breadcrumb","itemListElement":[{"@type":"ListItem","position":1,"name":"In\u00edcio","item":"https:\/\/www.fsfx.com.br\/usisaude\/"},{"@type":"ListItem","position":2,"name":"Formul\u00e1rios"}]},{"@type":"WebSite","@id":"https:\/\/www.fsfx.com.br\/usisaude\/#website","url":"https:\/\/www.fsfx.com.br\/usisaude\/","name":"Usisa\u00fade","description":"Somos a Usisa\u00fade, uma operadora de planos de sa\u00fade da Funda\u00e7\u00e3o S\u00e3o Francisco Xavier (FSFX), a maior em modalidade filantr\u00f3pica do pa\u00eds.","publisher":{"@id":"https:\/\/www.fsfx.com.br\/usisaude\/#organization"},"potentialAction":[{"@type":"SearchAction","target":{"@type":"EntryPoint","urlTemplate":"https:\/\/www.fsfx.com.br\/usisaude\/?s={search_term_string}"},"query-input":{"@type":"PropertyValueSpecification","valueRequired":true,"valueName":"search_term_string"}}],"inLanguage":"pt-BR"},{"@type":"Organization","@id":"https:\/\/www.fsfx.com.br\/usisaude\/#organization","name":"Usisa\u00fade","url":"https:\/\/www.fsfx.com.br\/usisaude\/","logo":{"@type":"ImageObject","inLanguage":"pt-BR","@id":"https:\/\/www.fsfx.com.br\/usisaude\/#\/schema\/logo\/image\/","url":"https:\/\/www.fsfx.com.br\/usisaude\/wp-content\/uploads\/sites\/6\/2022\/03\/logo-ususaude-1.svg","contentUrl":"https:\/\/www.fsfx.com.br\/usisaude\/wp-content\/uploads\/sites\/6\/2022\/03\/logo-ususaude-1.svg","width":445,"height":196,"caption":"Usisa\u00fade"},"image":{"@id":"https:\/\/www.fsfx.com.br\/usisaude\/#\/schema\/logo\/image\/"}}]}},"_links":{"self":[{"href":"https:\/\/www.fsfx.com.br\/usisaude\/wp-json\/wp\/v2\/pages\/7088","targetHints":{"allow":["GET"]}}],"collection":[{"href":"https:\/\/www.fsfx.com.br\/usisaude\/wp-json\/wp\/v2\/pages"}],"about":[{"href":"https:\/\/www.fsfx.com.br\/usisaude\/wp-json\/wp\/v2\/types\/page"}],"author":[{"embeddable":true,"href":"https:\/\/www.fsfx.com.br\/usisaude\/wp-json\/wp\/v2\/users\/2"}],"replies":[{"embeddable":true,"href":"https:\/\/www.fsfx.com.br\/usisaude\/wp-json\/wp\/v2\/comments?post=7088"}],"version-history":[{"count":15,"href":"https:\/\/www.fsfx.com.br\/usisaude\/wp-json\/wp\/v2\/pages\/7088\/revisions"}],"predecessor-version":[{"id":12044,"href":"https:\/\/www.fsfx.com.br\/usisaude\/wp-json\/wp\/v2\/pages\/7088\/revisions\/12044"}],"wp:attachment":[{"href":"https:\/\/www.fsfx.com.br\/usisaude\/wp-json\/wp\/v2\/media?parent=7088"}],"curies":[{"name":"wp","href":"https:\/\/api.w.org\/{rel}","templated":true}]}}