{"id":8009,"date":"2022-12-26T08:58:20","date_gmt":"2022-12-26T11:58:20","guid":{"rendered":"https:\/\/www.fsfx.com.br\/usisaude\/?page_id=8009"},"modified":"2026-03-13T08:01:12","modified_gmt":"2026-03-13T11:01:12","slug":"nossas-unidades-cac","status":"publish","type":"page","link":"https:\/\/www.fsfx.com.br\/usisaude\/nossas-unidades-cac\/","title":{"rendered":"Nossas Unidades &#8211; CAC"},"content":{"rendered":"\t\t<div data-elementor-type=\"wp-page\" data-elementor-id=\"8009\" class=\"elementor elementor-8009\" data-elementor-post-type=\"page\">\n\t\t\t\t<div class=\"elementor-element elementor-element-f8e6312 e-flex e-con-boxed e-con e-parent\" data-id=\"f8e6312\" data-element_type=\"container\" data-settings=\"{&quot;jet_parallax_layout_list&quot;:[]}\">\n\t\t\t\t\t<div class=\"e-con-inner\">\n\t\t<div class=\"elementor-element elementor-element-f70f349 e-flex e-con-boxed e-con e-child\" data-id=\"f70f349\" data-element_type=\"container\" data-settings=\"{&quot;jet_parallax_layout_list&quot;:[]}\">\n\t\t\t\t\t<div class=\"e-con-inner\">\n\t\t\t\t<div class=\"elementor-element elementor-element-b072a63 elementor-vertical-align-top elementor-widget elementor-widget-image-box\" data-id=\"b072a63\" data-element_type=\"widget\" data-widget_type=\"image-box.default\">\n\t\t\t\t<div class=\"elementor-widget-container\">\n\t\t\t\t\t<div class=\"elementor-image-box-wrapper\"><div class=\"elementor-image-box-content\"><h3 class=\"elementor-image-box-title\">Usisa\u00fade<\/h3><p class=\"elementor-image-box-description\">Nossas Unidades - CAC<\/p><\/div><\/div>\t\t\t\t<\/div>\n\t\t\t\t<\/div>\n\t\t\t\t<div class=\"elementor-element elementor-element-61de024 elementor-widget elementor-widget-accordion\" data-id=\"61de024\" data-element_type=\"widget\" data-widget_type=\"accordion.default\">\n\t\t\t\t<div class=\"elementor-widget-container\">\n\t\t\t\t\t\t\t<div class=\"elementor-accordion\">\n\t\t\t\t\t\t\t<div class=\"elementor-accordion-item\">\n\t\t\t\t\t<div id=\"elementor-tab-title-1021\" class=\"elementor-tab-title\" data-tab=\"1\" role=\"button\" aria-controls=\"elementor-tab-content-1021\" aria-expanded=\"false\">\n\t\t\t\t\t\t\t\t\t\t\t\t\t<span class=\"elementor-accordion-icon elementor-accordion-icon-left\" aria-hidden=\"true\">\n\t\t\t\t\t\t\t\t\t\t\t\t\t\t\t<span class=\"elementor-accordion-icon-closed\"><i class=\"fas fa-chevron-down\"><\/i><\/span>\n\t\t\t\t\t\t\t\t<span class=\"elementor-accordion-icon-opened\"><i class=\"fas fa-chevron-up\"><\/i><\/span>\n\t\t\t\t\t\t\t\t\t\t\t\t\t\t<\/span>\n\t\t\t\t\t\t\t\t\t\t\t\t<a class=\"elementor-accordion-title\" tabindex=\"0\">IPATINGA<\/a>\n\t\t\t\t\t<\/div>\n\t\t\t\t\t<div id=\"elementor-tab-content-1021\" class=\"elementor-tab-content elementor-clearfix\" data-tab=\"1\" role=\"region\" aria-labelledby=\"elementor-tab-title-1021\"><p><strong>CAC &#8211; Centro<\/strong><br \/>\u2794\u00a0 \u00a0<span class=\"xxxcontentpasted0\"><span style=\"color: black; background: white;\">Av. Jo\u00e3o Valentim Pascoal, 414 &#8211; loja 03\u00a0&#8211; Centro &#8211; Ipatinga\u00a0\/ MG<\/span><\/span><\/p><p class=\"xxxmsonormal\"><span class=\"xxxcontentpasted0\"><span style=\"color: black; background: white;\">\u2794\u00a0 \u00a0Hor\u00e1rio de atendimento: 8h \u00e0s 18h \u2013 de segunda a sexta-feira<\/span><\/span><span style=\"color: black; background: white;\">\u00a0<\/span><\/p><p><strong><br \/>CAC &#8211; Horto<\/strong><br \/>\u2794\u00a0 \u00a0<span class=\"xxxcontentpasted0\"><span style=\"color: black; background: white;\">Av. Castelo Branco, 610, Horto &#8211; Ipatinga \/ MG<\/span><\/span><\/p><p class=\"xxxmsonormal\"><span class=\"xxxcontentpasted0\"><span style=\"color: black; background: white;\">\u2794\u00a0 \u00a0Hor\u00e1rio de atendimento: 8h \u00e0s 18h \u2013 de segunda a sexta-feira<\/span><\/span><span style=\"color: black; background: white;\">\u00a0<\/span><\/p><p class=\"xxxmsonormal\"><span style=\"color: black; background: white;\">\u00a0<\/span><\/p><\/div>\n\t\t\t\t<\/div>\n\t\t\t\t\t\t\t<div class=\"elementor-accordion-item\">\n\t\t\t\t\t<div id=\"elementor-tab-title-1022\" class=\"elementor-tab-title\" data-tab=\"2\" role=\"button\" aria-controls=\"elementor-tab-content-1022\" aria-expanded=\"false\">\n\t\t\t\t\t\t\t\t\t\t\t\t\t<span class=\"elementor-accordion-icon elementor-accordion-icon-left\" aria-hidden=\"true\">\n\t\t\t\t\t\t\t\t\t\t\t\t\t\t\t<span class=\"elementor-accordion-icon-closed\"><i class=\"fas fa-chevron-down\"><\/i><\/span>\n\t\t\t\t\t\t\t\t<span class=\"elementor-accordion-icon-opened\"><i class=\"fas fa-chevron-up\"><\/i><\/span>\n\t\t\t\t\t\t\t\t\t\t\t\t\t\t<\/span>\n\t\t\t\t\t\t\t\t\t\t\t\t<a class=\"elementor-accordion-title\" tabindex=\"0\">BELO HORIZONTE<\/a>\n\t\t\t\t\t<\/div>\n\t\t\t\t\t<div id=\"elementor-tab-content-1022\" class=\"elementor-tab-content elementor-clearfix\" data-tab=\"2\" role=\"region\" aria-labelledby=\"elementor-tab-title-1022\"><p><span class=\"xxxcontentpasted1\"><span style=\"color: black; background: white;\">\u2794\u00a0\u00a0 Rua dos Otoni, 881 &#8211; 11\u00ba andar<\/span><\/span><span style=\"color: black; background: white;\">\u00a0&#8211; <span class=\"xxxcontentpasted1\">Santa Efig\u00eania\u00a0\u2013 Belo Horizonte \/ MG<\/span><\/span><\/p><p class=\"xxxmsonormal\"><span class=\"xxxcontentpasted1\"><span style=\"color: black; background: white;\">\u2794\u00a0\u00a0 Hor\u00e1rio de atendimento: 8h \u00e0s 17h30 &#8211; <\/span><\/span><span class=\"xxxcontentpasted0\"><span style=\"color: black; background: white;\">de segunda a sexta-feira<\/span><\/span><\/p><\/div>\n\t\t\t\t<\/div>\n\t\t\t\t\t\t\t<div class=\"elementor-accordion-item\">\n\t\t\t\t\t<div id=\"elementor-tab-title-1023\" class=\"elementor-tab-title\" data-tab=\"3\" role=\"button\" aria-controls=\"elementor-tab-content-1023\" aria-expanded=\"false\">\n\t\t\t\t\t\t\t\t\t\t\t\t\t<span class=\"elementor-accordion-icon elementor-accordion-icon-left\" aria-hidden=\"true\">\n\t\t\t\t\t\t\t\t\t\t\t\t\t\t\t<span class=\"elementor-accordion-icon-closed\"><i class=\"fas fa-chevron-down\"><\/i><\/span>\n\t\t\t\t\t\t\t\t<span class=\"elementor-accordion-icon-opened\"><i class=\"fas fa-chevron-up\"><\/i><\/span>\n\t\t\t\t\t\t\t\t\t\t\t\t\t\t<\/span>\n\t\t\t\t\t\t\t\t\t\t\t\t<a class=\"elementor-accordion-title\" tabindex=\"0\">UBERABA<\/a>\n\t\t\t\t\t<\/div>\n\t\t\t\t\t<div id=\"elementor-tab-content-1023\" class=\"elementor-tab-content elementor-clearfix\" data-tab=\"3\" role=\"region\" aria-labelledby=\"elementor-tab-title-1023\"><p>\u2794\u00a0\u00a0 Av. Leopoldino de Oliveira, 4709, Centro \u2013 Uberaba \/ MG\u00a0<\/p><p>\u2794\u00a0\u00a0 Hor\u00e1rio de atendimento: 8h \u00e0s 16h30 &#8211; de segunda a sexta-feira\u00a0<\/p><\/div>\n\t\t\t\t<\/div>\n\t\t\t\t\t\t\t<div class=\"elementor-accordion-item\">\n\t\t\t\t\t<div id=\"elementor-tab-title-1024\" class=\"elementor-tab-title\" data-tab=\"4\" role=\"button\" aria-controls=\"elementor-tab-content-1024\" aria-expanded=\"false\">\n\t\t\t\t\t\t\t\t\t\t\t\t\t<span class=\"elementor-accordion-icon elementor-accordion-icon-left\" aria-hidden=\"true\">\n\t\t\t\t\t\t\t\t\t\t\t\t\t\t\t<span class=\"elementor-accordion-icon-closed\"><i class=\"fas fa-chevron-down\"><\/i><\/span>\n\t\t\t\t\t\t\t\t<span class=\"elementor-accordion-icon-opened\"><i class=\"fas fa-chevron-up\"><\/i><\/span>\n\t\t\t\t\t\t\t\t\t\t\t\t\t\t<\/span>\n\t\t\t\t\t\t\t\t\t\t\t\t<a class=\"elementor-accordion-title\" tabindex=\"0\">ITA\u00daNA<\/a>\n\t\t\t\t\t<\/div>\n\t\t\t\t\t<div id=\"elementor-tab-content-1024\" class=\"elementor-tab-content elementor-clearfix\" data-tab=\"4\" role=\"region\" aria-labelledby=\"elementor-tab-title-1024\"><p>\u2794\u00a0\u00a0 Pra\u00e7a Dr. Augusto Gon\u00e7alves, 146 &#8211; sala 1301 &#8211; Centro (Edif\u00edcio Benfica) \u2013 Ita\u00fana \/ MG<\/p><p>\u2794\u00a0\u00a0 Hor\u00e1rio de atendimento: 8h \u00e0s 12h e 13h \u00e0s 17h \u2013 de segunda a sexta-feira<\/p><\/div>\n\t\t\t\t<\/div>\n\t\t\t\t\t\t\t\t<\/div>\n\t\t\t\t\t\t<\/div>\n\t\t\t\t<\/div>\n\t\t\t\t\t<\/div>\n\t\t\t\t<\/div>\n\t\t\t\t\t<\/div>\n\t\t\t\t<\/div>\n\t\t\t\t<\/div>\n\t\t","protected":false},"excerpt":{"rendered":"<p>Usisa\u00fade Nossas Unidades &#8211; CAC IPATINGA CAC &#8211; Centro\u2794\u00a0 \u00a0Av. Jo\u00e3o Valentim Pascoal, 414 &#8211; loja 03\u00a0&#8211; Centro &#8211; Ipatinga\u00a0\/ MG \u2794\u00a0 \u00a0Hor\u00e1rio de atendimento: 8h \u00e0s 18h \u2013 de segunda a sexta-feira\u00a0 CAC &#8211; Horto\u2794\u00a0 \u00a0Av. Castelo Branco, 610, Horto &#8211; Ipatinga \/ MG \u2794\u00a0 \u00a0Hor\u00e1rio de atendimento: 8h \u00e0s 18h \u2013 de segunda [&hellip;]<\/p>\n","protected":false},"author":2,"featured_media":0,"parent":0,"menu_order":0,"comment_status":"closed","ping_status":"closed","template":"","meta":{"_acf_changed":false,"site-sidebar-layout":"no-sidebar","site-content-layout":"page-builder","ast-site-content-layout":"default","site-content-style":"default","site-sidebar-style":"default","ast-global-header-display":"","ast-banner-title-visibility":"","ast-main-header-display":"","ast-hfb-above-header-display":"","ast-hfb-below-header-display":"","ast-hfb-mobile-header-display":"","site-post-title":"disabled","ast-breadcrumbs-content":"","ast-featured-img":"disabled","footer-sml-layout":"","theme-transparent-header-meta":"default","adv-header-id-meta":"","stick-header-meta":"","header-above-stick-meta":"","header-main-stick-meta":"","header-below-stick-meta":"","astra-migrate-meta-layouts":"default","ast-page-background-enabled":"default","ast-page-background-meta":{"desktop":{"background-color":"var(--ast-global-color-4)","background-image":"","background-repeat":"repeat","background-position":"center center","background-size":"auto","background-attachment":"scroll","background-type":"","background-media":"","overlay-type":"","overlay-color":"","overlay-opacity":"","overlay-gradient":""},"tablet":{"background-color":"","background-image":"","background-repeat":"repeat","background-position":"center center","background-size":"auto","background-attachment":"scroll","background-type":"","background-media":"","overlay-type":"","overlay-color":"","overlay-opacity":"","overlay-gradient":""},"mobile":{"background-color":"","background-image":"","background-repeat":"repeat","background-position":"center center","background-size":"auto","background-attachment":"scroll","background-type":"","background-media":"","overlay-type":"","overlay-color":"","overlay-opacity":"","overlay-gradient":""}},"ast-content-background-meta":{"desktop":{"background-color":"var(--ast-global-color-5)","background-image":"","background-repeat":"repeat","background-position":"center center","background-size":"auto","background-attachment":"scroll","background-type":"","background-media":"","overlay-type":"","overlay-color":"","overlay-opacity":"","overlay-gradient":""},"tablet":{"background-color":"var(--ast-global-color-5)","background-image":"","background-repeat":"repeat","background-position":"center center","background-size":"auto","background-attachment":"scroll","background-type":"","background-media":"","overlay-type":"","overlay-color":"","overlay-opacity":"","overlay-gradient":""},"mobile":{"background-color":"var(--ast-global-color-5)","background-image":"","background-repeat":"repeat","background-position":"center center","background-size":"auto","background-attachment":"scroll","background-type":"","background-media":"","overlay-type":"","overlay-color":"","overlay-opacity":"","overlay-gradient":""}},"footnotes":""},"class_list":["post-8009","page","type-page","status-publish","hentry"],"acf":[],"yoast_head":"<!-- This site is optimized with the Yoast SEO plugin v26.9 - https:\/\/yoast.com\/product\/yoast-seo-wordpress\/ -->\n<title>Nossas Unidades - CAC - Usisa\u00fade<\/title>\n<meta name=\"robots\" content=\"index, follow, max-snippet:-1, max-image-preview:large, max-video-preview:-1\" \/>\n<link rel=\"canonical\" href=\"https:\/\/www.fsfx.com.br\/usisaude\/nossas-unidades-cac\/\" \/>\n<meta property=\"og:locale\" content=\"pt_BR\" \/>\n<meta property=\"og:type\" content=\"article\" \/>\n<meta property=\"og:title\" content=\"Nossas Unidades - CAC - Usisa\u00fade\" \/>\n<meta property=\"og:description\" content=\"Usisa\u00fade Nossas Unidades &#8211; CAC IPATINGA CAC &#8211; Centro\u2794\u00a0 \u00a0Av. Jo\u00e3o Valentim Pascoal, 414 &#8211; loja 03\u00a0&#8211; Centro &#8211; Ipatinga\u00a0\/ MG \u2794\u00a0 \u00a0Hor\u00e1rio de atendimento: 8h \u00e0s 18h \u2013 de segunda a sexta-feira\u00a0 CAC &#8211; Horto\u2794\u00a0 \u00a0Av. Castelo Branco, 610, Horto &#8211; Ipatinga \/ MG \u2794\u00a0 \u00a0Hor\u00e1rio de atendimento: 8h \u00e0s 18h \u2013 de segunda [&hellip;]\" \/>\n<meta property=\"og:url\" content=\"https:\/\/www.fsfx.com.br\/usisaude\/nossas-unidades-cac\/\" \/>\n<meta property=\"og:site_name\" content=\"Usisa\u00fade\" \/>\n<meta property=\"article:modified_time\" content=\"2026-03-13T11:01:12+00:00\" \/>\n<meta name=\"twitter:card\" content=\"summary_large_image\" \/>\n<meta name=\"twitter:label1\" content=\"Est. tempo de leitura\" \/>\n\t<meta name=\"twitter:data1\" content=\"1 minuto\" \/>\n<script type=\"application\/ld+json\" class=\"yoast-schema-graph\">{\"@context\":\"https:\/\/schema.org\",\"@graph\":[{\"@type\":\"WebPage\",\"@id\":\"https:\/\/www.fsfx.com.br\/usisaude\/nossas-unidades-cac\/\",\"url\":\"https:\/\/www.fsfx.com.br\/usisaude\/nossas-unidades-cac\/\",\"name\":\"Nossas Unidades - CAC - Usisa\u00fade\",\"isPartOf\":{\"@id\":\"https:\/\/www.fsfx.com.br\/usisaude\/#website\"},\"datePublished\":\"2022-12-26T11:58:20+00:00\",\"dateModified\":\"2026-03-13T11:01:12+00:00\",\"breadcrumb\":{\"@id\":\"https:\/\/www.fsfx.com.br\/usisaude\/nossas-unidades-cac\/#breadcrumb\"},\"inLanguage\":\"pt-BR\",\"potentialAction\":[{\"@type\":\"ReadAction\",\"target\":[\"https:\/\/www.fsfx.com.br\/usisaude\/nossas-unidades-cac\/\"]}]},{\"@type\":\"BreadcrumbList\",\"@id\":\"https:\/\/www.fsfx.com.br\/usisaude\/nossas-unidades-cac\/#breadcrumb\",\"itemListElement\":[{\"@type\":\"ListItem\",\"position\":1,\"name\":\"In\u00edcio\",\"item\":\"https:\/\/www.fsfx.com.br\/usisaude\/\"},{\"@type\":\"ListItem\",\"position\":2,\"name\":\"Nossas Unidades &#8211; CAC\"}]},{\"@type\":\"WebSite\",\"@id\":\"https:\/\/www.fsfx.com.br\/usisaude\/#website\",\"url\":\"https:\/\/www.fsfx.com.br\/usisaude\/\",\"name\":\"Usisa\u00fade\",\"description\":\"Somos a Usisa\u00fade, uma operadora de planos de sa\u00fade da Funda\u00e7\u00e3o S\u00e3o Francisco Xavier (FSFX), a maior em modalidade filantr\u00f3pica do pa\u00eds.\",\"publisher\":{\"@id\":\"https:\/\/www.fsfx.com.br\/usisaude\/#organization\"},\"potentialAction\":[{\"@type\":\"SearchAction\",\"target\":{\"@type\":\"EntryPoint\",\"urlTemplate\":\"https:\/\/www.fsfx.com.br\/usisaude\/?s={search_term_string}\"},\"query-input\":{\"@type\":\"PropertyValueSpecification\",\"valueRequired\":true,\"valueName\":\"search_term_string\"}}],\"inLanguage\":\"pt-BR\"},{\"@type\":\"Organization\",\"@id\":\"https:\/\/www.fsfx.com.br\/usisaude\/#organization\",\"name\":\"Usisa\u00fade\",\"url\":\"https:\/\/www.fsfx.com.br\/usisaude\/\",\"logo\":{\"@type\":\"ImageObject\",\"inLanguage\":\"pt-BR\",\"@id\":\"https:\/\/www.fsfx.com.br\/usisaude\/#\/schema\/logo\/image\/\",\"url\":\"https:\/\/www.fsfx.com.br\/usisaude\/wp-content\/uploads\/sites\/6\/2022\/03\/logo-ususaude-1.svg\",\"contentUrl\":\"https:\/\/www.fsfx.com.br\/usisaude\/wp-content\/uploads\/sites\/6\/2022\/03\/logo-ususaude-1.svg\",\"width\":445,\"height\":196,\"caption\":\"Usisa\u00fade\"},\"image\":{\"@id\":\"https:\/\/www.fsfx.com.br\/usisaude\/#\/schema\/logo\/image\/\"}}]}<\/script>\n<!-- \/ Yoast SEO plugin. -->","yoast_head_json":{"title":"Nossas Unidades - CAC - Usisa\u00fade","robots":{"index":"index","follow":"follow","max-snippet":"max-snippet:-1","max-image-preview":"max-image-preview:large","max-video-preview":"max-video-preview:-1"},"canonical":"https:\/\/www.fsfx.com.br\/usisaude\/nossas-unidades-cac\/","og_locale":"pt_BR","og_type":"article","og_title":"Nossas Unidades - CAC - Usisa\u00fade","og_description":"Usisa\u00fade Nossas Unidades &#8211; CAC IPATINGA CAC &#8211; Centro\u2794\u00a0 \u00a0Av. Jo\u00e3o Valentim Pascoal, 414 &#8211; loja 03\u00a0&#8211; Centro &#8211; Ipatinga\u00a0\/ MG \u2794\u00a0 \u00a0Hor\u00e1rio de atendimento: 8h \u00e0s 18h \u2013 de segunda a sexta-feira\u00a0 CAC &#8211; Horto\u2794\u00a0 \u00a0Av. Castelo Branco, 610, Horto &#8211; Ipatinga \/ MG \u2794\u00a0 \u00a0Hor\u00e1rio de atendimento: 8h \u00e0s 18h \u2013 de segunda [&hellip;]","og_url":"https:\/\/www.fsfx.com.br\/usisaude\/nossas-unidades-cac\/","og_site_name":"Usisa\u00fade","article_modified_time":"2026-03-13T11:01:12+00:00","twitter_card":"summary_large_image","twitter_misc":{"Est. tempo de leitura":"1 minuto"},"schema":{"@context":"https:\/\/schema.org","@graph":[{"@type":"WebPage","@id":"https:\/\/www.fsfx.com.br\/usisaude\/nossas-unidades-cac\/","url":"https:\/\/www.fsfx.com.br\/usisaude\/nossas-unidades-cac\/","name":"Nossas Unidades - CAC - Usisa\u00fade","isPartOf":{"@id":"https:\/\/www.fsfx.com.br\/usisaude\/#website"},"datePublished":"2022-12-26T11:58:20+00:00","dateModified":"2026-03-13T11:01:12+00:00","breadcrumb":{"@id":"https:\/\/www.fsfx.com.br\/usisaude\/nossas-unidades-cac\/#breadcrumb"},"inLanguage":"pt-BR","potentialAction":[{"@type":"ReadAction","target":["https:\/\/www.fsfx.com.br\/usisaude\/nossas-unidades-cac\/"]}]},{"@type":"BreadcrumbList","@id":"https:\/\/www.fsfx.com.br\/usisaude\/nossas-unidades-cac\/#breadcrumb","itemListElement":[{"@type":"ListItem","position":1,"name":"In\u00edcio","item":"https:\/\/www.fsfx.com.br\/usisaude\/"},{"@type":"ListItem","position":2,"name":"Nossas Unidades &#8211; CAC"}]},{"@type":"WebSite","@id":"https:\/\/www.fsfx.com.br\/usisaude\/#website","url":"https:\/\/www.fsfx.com.br\/usisaude\/","name":"Usisa\u00fade","description":"Somos a Usisa\u00fade, uma operadora de planos de sa\u00fade da Funda\u00e7\u00e3o S\u00e3o Francisco Xavier (FSFX), a maior em modalidade filantr\u00f3pica do pa\u00eds.","publisher":{"@id":"https:\/\/www.fsfx.com.br\/usisaude\/#organization"},"potentialAction":[{"@type":"SearchAction","target":{"@type":"EntryPoint","urlTemplate":"https:\/\/www.fsfx.com.br\/usisaude\/?s={search_term_string}"},"query-input":{"@type":"PropertyValueSpecification","valueRequired":true,"valueName":"search_term_string"}}],"inLanguage":"pt-BR"},{"@type":"Organization","@id":"https:\/\/www.fsfx.com.br\/usisaude\/#organization","name":"Usisa\u00fade","url":"https:\/\/www.fsfx.com.br\/usisaude\/","logo":{"@type":"ImageObject","inLanguage":"pt-BR","@id":"https:\/\/www.fsfx.com.br\/usisaude\/#\/schema\/logo\/image\/","url":"https:\/\/www.fsfx.com.br\/usisaude\/wp-content\/uploads\/sites\/6\/2022\/03\/logo-ususaude-1.svg","contentUrl":"https:\/\/www.fsfx.com.br\/usisaude\/wp-content\/uploads\/sites\/6\/2022\/03\/logo-ususaude-1.svg","width":445,"height":196,"caption":"Usisa\u00fade"},"image":{"@id":"https:\/\/www.fsfx.com.br\/usisaude\/#\/schema\/logo\/image\/"}}]}},"_links":{"self":[{"href":"https:\/\/www.fsfx.com.br\/usisaude\/wp-json\/wp\/v2\/pages\/8009","targetHints":{"allow":["GET"]}}],"collection":[{"href":"https:\/\/www.fsfx.com.br\/usisaude\/wp-json\/wp\/v2\/pages"}],"about":[{"href":"https:\/\/www.fsfx.com.br\/usisaude\/wp-json\/wp\/v2\/types\/page"}],"author":[{"embeddable":true,"href":"https:\/\/www.fsfx.com.br\/usisaude\/wp-json\/wp\/v2\/users\/2"}],"replies":[{"embeddable":true,"href":"https:\/\/www.fsfx.com.br\/usisaude\/wp-json\/wp\/v2\/comments?post=8009"}],"version-history":[{"count":24,"href":"https:\/\/www.fsfx.com.br\/usisaude\/wp-json\/wp\/v2\/pages\/8009\/revisions"}],"predecessor-version":[{"id":12664,"href":"https:\/\/www.fsfx.com.br\/usisaude\/wp-json\/wp\/v2\/pages\/8009\/revisions\/12664"}],"wp:attachment":[{"href":"https:\/\/www.fsfx.com.br\/usisaude\/wp-json\/wp\/v2\/media?parent=8009"}],"curies":[{"name":"wp","href":"https:\/\/api.w.org\/{rel}","templated":true}]}}